{"id":50704,"date":"2023-08-07T10:40:00","date_gmt":"2023-08-07T10:40:00","guid":{"rendered":"https:\/\/www.ncheurope.com\/gizlilik-cerezler\/"},"modified":"2025-03-05T14:15:53","modified_gmt":"2025-03-05T14:15:53","slug":"gizlilik-cerezler","status":"publish","type":"page","link":"https:\/\/www.ncheurope.com\/tr\/gizlilik-cerezler\/","title":{"rendered":"Gizlilik &amp;amp; \u00c7erezler"},"content":{"rendered":"\n<div class=\"internal-banner-block relative primaryBlue paddingBottomXSmall bg-no-repeat pt-[128px] bg-white bg-[url('assets\/images\/background-shape.png')] bg-right-bottom bg-contain\" >\n        <div class=\"container relative z-10\">\n        <div class=\"breadcrumb-container mb-[60px] md:mb-[103px] hidden md:block\">\n            <p class=\"text-darkXs !mb-0 !text-[12px] flex flex-row items-center\">You are here: <a class=\"!font-regular mx-2\" href=\"https:\/\/www.ncheurope.com\/tr\/\">Giri\u015f<\/a> \/ <span class=\"ml-2 font-semibold\">Gizlilik &amp;amp; \u00c7erezler<\/span><\/p>\n        <\/div>\n\n        <div class=\"content-container flex flex-col-reverse md:flex-row flex-wrap justify-between\">\n\n                            <div class=\"text-container md:basis-8\/12\">\n                    <h1 class=\"heading-1 text-primaryBlue\">\u00c7erez Politikas\u0131<\/h1>                    <p class=\"text-darkBase !mb-0\">\u00c7EREZ AYARLARINI Y\u00d6NETME\n\nKesinlikle gerekli:\nBu \u00e7erezler, g\u00fcvenli oturum a\u00e7ma gibi temel \u00f6zellikleri etkinle\u015ftirir. Ayr\u0131ca web sitemizi nas\u0131l kulland\u0131\u011f\u0131n\u0131z ve kar\u015f\u0131la\u015fabilece\u011finiz hatalar hakk\u0131nda bilgi toplarlar.\nSizin hakk\u0131n\u0131zda pazarlama i\u00e7in kullan\u0131labilecek veya internette nerede oldu\u011funuzu hat\u0131rlayabilecek herhangi bir bilgi TOPLAMAZLAR.\n\nFonksiyonel ve Analitik:\nAnonim olarak sitemizi kullan\u0131m\u0131n\u0131z\u0131 analiz etmemizi, hizmetlerimizi geli\u015ftirmemizi, video oynatmay\u0131 (YouTube) etkinle\u015ftirmemizi ve kullan\u0131c\u0131 deneyiminizi iyile\u015ftirmek i\u00e7in ayarlar\u0131 hat\u0131rlamam\u0131z\u0131 sa\u011flayan \u00e7erezler.\nBunlar\u0131 a\u00e7\u0131k tutmak, sitemizi kullan\u0131rken size verdi\u011fimiz deste\u011fi geli\u015ftirebilece\u011fimiz anlam\u0131na gelir.<\/p>                                    <\/div>\n            \n                    <\/div>\n    <\/div>\n<\/div>\n<div class=\"accordion-block relative primaryBlue paddingTopLarge paddingBottomNone bg-primaryOffWhite\">\n    <div class=\"container flex flex-row flex-wrap\">\n                    <div class=\"text-container flex flex-row flex-wrap items-start justify-between basis-full pb-[60px]\">\n                <h2 class=\"heading-2 text-primaryBlue basis-full\">Gizlilik &amp; \u00c7erezler<\/h2>                <p class=\"text-darkBase basis-full lg:basis-8\/12 !mb-0\"><p>Gizlilik ve \u00e7erez politikam\u0131z hakk\u0131nda daha fazla bilgi edinin.<\/p>\n<\/p>            <\/div>\n        \n        <!-- Accordion Start -->       \n                    <div class=\"accordion-container flex flex-row flex-wrap basis-full\">     \n                                <div class=\"accordion-item border border-primaryOffWhite bg-white basis-full mb-2\">\n                    <div class=\"accordion-header hover:cursor-pointer py-[28px] px-[40px] flex flex-row justify-between items-center\">\n                        <h5 class=\"text-primaryBlue heading-5 !mb-0\">Veri Sorumlusu<\/h5>\n                        <i class=\"bg-[url('assets\/images\/upwards-arrow-white.png')] bg-center bg-[length:11px_11px] bg-no-repeat bg-primaryBlue block rounded-full min-w-[30px] w-[30px] h-[30px] rotate-[135deg]\"><\/i>\n                    <\/div>\n\n                    <div class=\"accordion-content hidden pb-[28px] px-[40px]\">\n                        <p class=\"text-darkBase !mb-0\"><p>Web sitesi:&nbsp;<a href=\"https:\/\/www.ncheurope.com\/\">https:\/\/www.ncheurope.com\/<\/a>&nbsp;aittir:<\/p>\n<p>NCH UK Ltd.<br \/>\nArrowmere House, Springvale Avenue, West Midlands, Bilston, WV14 0QL<\/p>\n<p><strong>\u015eirket numaras\u0131:<\/strong>&nbsp;00816221<\/p>\n<p><strong>KDV numaras\u0131:<\/strong>&nbsp;GB276859006<\/p>\n<p>&nbsp;<\/p>\n<p>Pure Solve:<\/p>\n<p>Arrowmere House, Springvale Avenue, West Midlands, Bilston, WV14 0QL<\/p>\n<p><strong>\u015eirket numaras\u0131:<\/strong>&nbsp;03294328<\/p>\n<p><strong>KDV numaras\u0131:<\/strong>&nbsp;GB677417108<\/p>\n<p>&nbsp;<\/p>\n<p>CPS Industries Limited:<\/p>\n<p>Arrowmere House, Springvale Avenue, West Midlands, Bilston, WV14 0QL<\/p>\n<p><strong>\u015eirket numaras\u0131:<\/strong>&nbsp;00940472<\/p>\n<p>&nbsp;<\/p>\n<p>NCH Ireland Limited:<\/p>\n<p>c\/o Whitney Moore Solicitors, 2 Shelbourne Buildings, Crampton Avenue, Shelbourne Road, Ballsbridge, Dublin 4, D04 W3V6, \u0130rlanda<\/p>\n<p><strong>\u015eirket numaras\u0131:&nbsp;<\/strong>32633<\/p>\n<\/p>\n                                            <\/div>\n                <\/div>\n\n                                <div class=\"accordion-item border border-primaryOffWhite bg-white basis-full mb-2\">\n                    <div class=\"accordion-header hover:cursor-pointer py-[28px] px-[40px] flex flex-row justify-between items-center\">\n                        <h5 class=\"text-primaryBlue heading-5 !mb-0\">Veri \u0130\u015fleyici<\/h5>\n                        <i class=\"bg-[url('assets\/images\/upwards-arrow-white.png')] bg-center bg-[length:11px_11px] bg-no-repeat bg-primaryBlue block rounded-full min-w-[30px] w-[30px] h-[30px] rotate-[135deg]\"><\/i>\n                    <\/div>\n\n                    <div class=\"accordion-content hidden pb-[28px] px-[40px]\">\n                        <p class=\"text-darkBase !mb-0\"><p>ExtraMile \u0130leti\u015fim&nbsp;<a href=\"https:\/\/www.extramilecommunications.com\/\">https:\/\/www.extramilecommunications.com\/<\/a>&nbsp;<br \/>\nStone Business Park, Kern House, Stone, ST15 0TL<\/p>\n<\/p>\n                                            <\/div>\n                <\/div>\n\n                            <\/div>\n                <!-- Accordion End -->\n    <\/div>\n<\/div><div class=\"data-table bg-primaryOffWhite primaryBlue paddingBottomLarge paddingTopLarge\">\n\t<div class=\"container\">\n\t\t<table border=\"0\" class=\"\"><thead><tr><th class=\"headers\">Provider<\/th><th class=\"headers\">\tCookie Name<\/th><th class=\"headers\">Cookie Lifetime<\/th><th class=\"headers\">\tCookie Description<\/th><\/tr><\/thead><tbody><tr><td>NCH Europe<\/td><td>Session cookies<\/td><td>session duration<\/td><td>\t\nSet by Joomla to remember a users chosen language and account details (if logged in)<\/td><\/tr><tr><td>NCH Europe<\/td><td>cookieaccept<\/td><td>\t\n1 year<\/td><td>\t\nUsed to track if the cookie popup window has been displayed or not.<\/td><\/tr><tr><td>NCH Europe<\/td><td>\t\ngdpr_analytics<\/td><td>\t\n3 months<\/td><td>\t\nUsed to track analytics cookie preference.<\/td><\/tr><tr><td>NCH Europe<\/td><td>\t\ngdpr_video<\/td><td>\t\n3 months<\/td><td>Used to track video cookie preference.<\/td><\/tr><\/tbody><\/table>\t<\/div>\n<\/div>","protected":false},"excerpt":{"rendered":"","protected":false},"author":1,"featured_media":0,"parent":0,"menu_order":0,"comment_status":"closed","ping_status":"closed","template":"","meta":{"_acf_changed":false,"footnotes":""},"class_list":["post-50704","page","type-page","status-publish","hentry"],"acf":[],"yoast_head":"<!-- This site is optimized with the Yoast SEO Premium plugin v21.7 (Yoast SEO v27.2) - https:\/\/yoast.com\/product\/yoast-seo-premium-wordpress\/ -->\n<title>Gizlilik ve \u00c7erezler | NCH T\u00fcrkiye<\/title>\n<meta name=\"description\" content=\"NCH T\u00fcrkiye&#039;nin gizlilik ve \u00e7erez politikas\u0131n\u0131 \u00f6\u011frenin. Ki\u015fisel verilerinizin korunmas\u0131 ve \u00e7erez kullan\u0131m\u0131 hakk\u0131nda bilgi al\u0131n.\" class=\"yoast-seo-meta-tag\" \/>\n<meta name=\"robots\" content=\"index, follow, max-snippet:-1, max-image-preview:large, max-video-preview:-1\" \/>\n<link rel=\"canonical\" href=\"https:\/\/www.ncheurope.com\/tr\/gizlilik-cerezler\/\" class=\"yoast-seo-meta-tag\" \/>\n<meta property=\"og:locale\" content=\"tr_TR\" class=\"yoast-seo-meta-tag\" \/>\n<meta property=\"og:type\" content=\"article\" class=\"yoast-seo-meta-tag\" \/>\n<meta property=\"og:title\" content=\"Gizlilik &amp; \u00c7erezler\" class=\"yoast-seo-meta-tag\" \/>\n<meta property=\"og:description\" content=\"NCH T\u00fcrkiye&#039;nin gizlilik ve \u00e7erez politikas\u0131n\u0131 \u00f6\u011frenin. Ki\u015fisel verilerinizin korunmas\u0131 ve \u00e7erez kullan\u0131m\u0131 hakk\u0131nda bilgi al\u0131n.\" class=\"yoast-seo-meta-tag\" \/>\n<meta property=\"og:url\" content=\"https:\/\/www.ncheurope.com\/tr\/gizlilik-cerezler\/\" class=\"yoast-seo-meta-tag\" \/>\n<meta property=\"og:site_name\" content=\"NCH Europe\" class=\"yoast-seo-meta-tag\" \/>\n<meta property=\"article:publisher\" content=\"https:\/\/www.facebook.com\/ncheurope\" class=\"yoast-seo-meta-tag\" \/>\n<meta property=\"article:modified_time\" content=\"2025-03-05T14:15:53+00:00\" class=\"yoast-seo-meta-tag\" \/>\n<meta name=\"twitter:card\" content=\"summary_large_image\" class=\"yoast-seo-meta-tag\" \/>\n<meta name=\"twitter:site\" content=\"@NCH_Europe\" class=\"yoast-seo-meta-tag\" \/>\n<script type=\"application\/ld+json\" class=\"yoast-schema-graph\">{\"@context\":\"https:\/\/schema.org\",\"@graph\":[{\"@type\":\"WebPage\",\"@id\":\"https:\/\/www.ncheurope.com\/tr\/gizlilik-cerezler\/\",\"url\":\"https:\/\/www.ncheurope.com\/tr\/gizlilik-cerezler\/\",\"name\":\"Gizlilik ve \u00c7erezler | NCH T\u00fcrkiye\",\"isPartOf\":{\"@id\":\"https:\/\/www.ncheurope.com\/en\/#website\"},\"datePublished\":\"2023-08-07T10:40:00+00:00\",\"dateModified\":\"2025-03-05T14:15:53+00:00\",\"description\":\"NCH T\u00fcrkiye'nin gizlilik ve \u00e7erez politikas\u0131n\u0131 \u00f6\u011frenin. Ki\u015fisel verilerinizin korunmas\u0131 ve \u00e7erez kullan\u0131m\u0131 hakk\u0131nda bilgi al\u0131n.\",\"breadcrumb\":{\"@id\":\"https:\/\/www.ncheurope.com\/tr\/gizlilik-cerezler\/#breadcrumb\"},\"inLanguage\":\"tr\",\"potentialAction\":[{\"@type\":\"ReadAction\",\"target\":[\"https:\/\/www.ncheurope.com\/tr\/gizlilik-cerezler\/\"]}]},{\"@type\":\"BreadcrumbList\",\"@id\":\"https:\/\/www.ncheurope.com\/tr\/gizlilik-cerezler\/#breadcrumb\",\"itemListElement\":[{\"@type\":\"ListItem\",\"position\":1,\"name\":\"Anasayfa\",\"item\":\"https:\/\/www.ncheurope.com\/tr\/\"},{\"@type\":\"ListItem\",\"position\":2,\"name\":\"Gizlilik &amp;amp; \u00c7erezler\"}]},{\"@type\":\"WebSite\",\"@id\":\"https:\/\/www.ncheurope.com\/en\/#website\",\"url\":\"https:\/\/www.ncheurope.com\/en\/\",\"name\":\"NCH Europe\",\"description\":\"\",\"publisher\":{\"@id\":\"https:\/\/www.ncheurope.com\/en\/#organization\"},\"potentialAction\":[{\"@type\":\"SearchAction\",\"target\":{\"@type\":\"EntryPoint\",\"urlTemplate\":\"https:\/\/www.ncheurope.com\/en\/?s={search_term_string}\"},\"query-input\":{\"@type\":\"PropertyValueSpecification\",\"valueRequired\":true,\"valueName\":\"search_term_string\"}}],\"inLanguage\":\"tr\"},{\"@type\":\"Organization\",\"@id\":\"https:\/\/www.ncheurope.com\/en\/#organization\",\"name\":\"NCH Europe\",\"url\":\"https:\/\/www.ncheurope.com\/en\/\",\"logo\":{\"@type\":\"ImageObject\",\"inLanguage\":\"tr\",\"@id\":\"https:\/\/www.ncheurope.com\/en\/#\/schema\/logo\/image\/\",\"url\":\"https:\/\/www.ncheurope.com\/wp-content\/uploads\/2023\/11\/nch-logo-gradient.webp\",\"contentUrl\":\"https:\/\/www.ncheurope.com\/wp-content\/uploads\/2023\/11\/nch-logo-gradient.webp\",\"width\":120,\"height\":120,\"caption\":\"NCH Europe\"},\"image\":{\"@id\":\"https:\/\/www.ncheurope.com\/en\/#\/schema\/logo\/image\/\"},\"sameAs\":[\"https:\/\/www.facebook.com\/ncheurope\",\"https:\/\/x.com\/NCH_Europe\"]}]}<\/script>\n<!-- \/ Yoast SEO Premium plugin. -->","yoast_head_json":{"title":"Gizlilik ve \u00c7erezler | NCH T\u00fcrkiye","description":"NCH T\u00fcrkiye'nin gizlilik ve \u00e7erez politikas\u0131n\u0131 \u00f6\u011frenin. Ki\u015fisel verilerinizin korunmas\u0131 ve \u00e7erez kullan\u0131m\u0131 hakk\u0131nda bilgi al\u0131n.","robots":{"index":"index","follow":"follow","max-snippet":"max-snippet:-1","max-image-preview":"max-image-preview:large","max-video-preview":"max-video-preview:-1"},"canonical":"https:\/\/www.ncheurope.com\/tr\/gizlilik-cerezler\/","og_locale":"tr_TR","og_type":"article","og_title":"Gizlilik &amp; \u00c7erezler","og_description":"NCH T\u00fcrkiye'nin gizlilik ve \u00e7erez politikas\u0131n\u0131 \u00f6\u011frenin. Ki\u015fisel verilerinizin korunmas\u0131 ve \u00e7erez kullan\u0131m\u0131 hakk\u0131nda bilgi al\u0131n.","og_url":"https:\/\/www.ncheurope.com\/tr\/gizlilik-cerezler\/","og_site_name":"NCH Europe","article_publisher":"https:\/\/www.facebook.com\/ncheurope","article_modified_time":"2025-03-05T14:15:53+00:00","twitter_card":"summary_large_image","twitter_site":"@NCH_Europe","schema":{"@context":"https:\/\/schema.org","@graph":[{"@type":"WebPage","@id":"https:\/\/www.ncheurope.com\/tr\/gizlilik-cerezler\/","url":"https:\/\/www.ncheurope.com\/tr\/gizlilik-cerezler\/","name":"Gizlilik ve \u00c7erezler | NCH T\u00fcrkiye","isPartOf":{"@id":"https:\/\/www.ncheurope.com\/en\/#website"},"datePublished":"2023-08-07T10:40:00+00:00","dateModified":"2025-03-05T14:15:53+00:00","description":"NCH T\u00fcrkiye'nin gizlilik ve \u00e7erez politikas\u0131n\u0131 \u00f6\u011frenin. Ki\u015fisel verilerinizin korunmas\u0131 ve \u00e7erez kullan\u0131m\u0131 hakk\u0131nda bilgi al\u0131n.","breadcrumb":{"@id":"https:\/\/www.ncheurope.com\/tr\/gizlilik-cerezler\/#breadcrumb"},"inLanguage":"tr","potentialAction":[{"@type":"ReadAction","target":["https:\/\/www.ncheurope.com\/tr\/gizlilik-cerezler\/"]}]},{"@type":"BreadcrumbList","@id":"https:\/\/www.ncheurope.com\/tr\/gizlilik-cerezler\/#breadcrumb","itemListElement":[{"@type":"ListItem","position":1,"name":"Anasayfa","item":"https:\/\/www.ncheurope.com\/tr\/"},{"@type":"ListItem","position":2,"name":"Gizlilik &amp;amp; \u00c7erezler"}]},{"@type":"WebSite","@id":"https:\/\/www.ncheurope.com\/en\/#website","url":"https:\/\/www.ncheurope.com\/en\/","name":"NCH Europe","description":"","publisher":{"@id":"https:\/\/www.ncheurope.com\/en\/#organization"},"potentialAction":[{"@type":"SearchAction","target":{"@type":"EntryPoint","urlTemplate":"https:\/\/www.ncheurope.com\/en\/?s={search_term_string}"},"query-input":{"@type":"PropertyValueSpecification","valueRequired":true,"valueName":"search_term_string"}}],"inLanguage":"tr"},{"@type":"Organization","@id":"https:\/\/www.ncheurope.com\/en\/#organization","name":"NCH Europe","url":"https:\/\/www.ncheurope.com\/en\/","logo":{"@type":"ImageObject","inLanguage":"tr","@id":"https:\/\/www.ncheurope.com\/en\/#\/schema\/logo\/image\/","url":"https:\/\/www.ncheurope.com\/wp-content\/uploads\/2023\/11\/nch-logo-gradient.webp","contentUrl":"https:\/\/www.ncheurope.com\/wp-content\/uploads\/2023\/11\/nch-logo-gradient.webp","width":120,"height":120,"caption":"NCH Europe"},"image":{"@id":"https:\/\/www.ncheurope.com\/en\/#\/schema\/logo\/image\/"},"sameAs":["https:\/\/www.facebook.com\/ncheurope","https:\/\/x.com\/NCH_Europe"]}]}},"_links":{"self":[{"href":"https:\/\/www.ncheurope.com\/tr\/wp-json\/wp\/v2\/pages\/50704","targetHints":{"allow":["GET"]}}],"collection":[{"href":"https:\/\/www.ncheurope.com\/tr\/wp-json\/wp\/v2\/pages"}],"about":[{"href":"https:\/\/www.ncheurope.com\/tr\/wp-json\/wp\/v2\/types\/page"}],"author":[{"embeddable":true,"href":"https:\/\/www.ncheurope.com\/tr\/wp-json\/wp\/v2\/users\/1"}],"replies":[{"embeddable":true,"href":"https:\/\/www.ncheurope.com\/tr\/wp-json\/wp\/v2\/comments?post=50704"}],"version-history":[{"count":1,"href":"https:\/\/www.ncheurope.com\/tr\/wp-json\/wp\/v2\/pages\/50704\/revisions"}],"predecessor-version":[{"id":50706,"href":"https:\/\/www.ncheurope.com\/tr\/wp-json\/wp\/v2\/pages\/50704\/revisions\/50706"}],"wp:attachment":[{"href":"https:\/\/www.ncheurope.com\/tr\/wp-json\/wp\/v2\/media?parent=50704"}],"curies":[{"name":"wp","href":"https:\/\/api.w.org\/{rel}","templated":true}]}}