{"id":50699,"date":"2023-08-07T10:40:00","date_gmt":"2023-08-07T10:40:00","guid":{"rendered":"https:\/\/www.ncheurope.com\/sekretess-och-cookies\/"},"modified":"2024-04-10T09:36:38","modified_gmt":"2024-04-10T09:36:38","slug":"sekretess-och-cookies","status":"publish","type":"page","link":"https:\/\/www.ncheurope.com\/sv\/sekretess-och-cookies\/","title":{"rendered":"Sekretess och cookies"},"content":{"rendered":"\n<div class=\"internal-banner-block relative primaryBlue paddingBottomXSmall bg-no-repeat pt-[128px] bg-white bg-[url('assets\/images\/background-shape.png')] bg-right-bottom bg-contain\" >\n        <div class=\"container relative z-10\">\n        <div class=\"breadcrumb-container mb-[60px] md:mb-[103px] hidden md:block\">\n            <p class=\"text-darkXs !mb-0 !text-[12px] flex flex-row items-center\">You are here: <a class=\"!font-regular mx-2\" href=\"https:\/\/www.ncheurope.com\/sv\/\">Hem<\/a> \/ <span class=\"ml-2 font-semibold\">Sekretess och cookies<\/span><\/p>\n        <\/div>\n\n        <div class=\"content-container flex flex-col-reverse md:flex-row flex-wrap justify-between\">\n\n                            <div class=\"text-container md:basis-8\/12\">\n                    <h1 class=\"heading-1 text-primaryBlue\">Policy f\u00f6r kakor<\/h1>                    <p class=\"text-darkBase !mb-0\">HANTERA COOKIE-INST\u00c4LLNINGAR\n\nAbsolut n\u00f6dv\u00e4ndigt:\nDessa cookies m\u00f6jligg\u00f6r viktiga funktioner som s\u00e4ker inloggning. De samlar ocks\u00e5 in information om hur du anv\u00e4nder v\u00e5r webbplats och eventuella fel som du kan uppleva.\nDe samlar INTE in n\u00e5gon information om dig som kan anv\u00e4ndas f\u00f6r marknadsf\u00f6ring eller f\u00f6r att komma ih\u00e5g var du har varit p\u00e5 internet.\n\nFunktionell och analytisk:\nCookies som anonymt till\u00e5ter oss att analysera din anv\u00e4ndning av v\u00e5r webbplats, f\u00f6rb\u00e4ttra v\u00e5ra tj\u00e4nster, m\u00f6jligg\u00f6ra videouppspelning (YouTube) och komma ih\u00e5g inst\u00e4llningar f\u00f6r att f\u00f6rb\u00e4ttra din anv\u00e4ndarupplevelse.\nOm du l\u00e5ter dessa vara aktiverade kan vi f\u00f6rb\u00e4ttra det st\u00f6d vi ger dig n\u00e4r du anv\u00e4nder v\u00e5r webbplats.<\/p>                                    <\/div>\n            \n                    <\/div>\n    <\/div>\n<\/div>\n<div class=\"accordion-block relative primaryBlue paddingTopLarge paddingBottomNone bg-primaryOffWhite\">\n    <div class=\"container flex flex-row flex-wrap\">\n                    <div class=\"text-container flex flex-row flex-wrap items-start justify-between basis-full pb-[60px]\">\n                <h2 class=\"heading-2 text-primaryBlue basis-full\">Sekretess och cookies<\/h2>                <p class=\"text-darkBase basis-full lg:basis-8\/12 !mb-0\"><p>L\u00e4s mer om v\u00e5r policy f\u00f6r integritet och cookies.<\/p>\n<\/p>            <\/div>\n        \n        <!-- Accordion Start -->       \n                    <div class=\"accordion-container flex flex-row flex-wrap basis-full\">     \n                                <div class=\"accordion-item border border-primaryOffWhite bg-white basis-full mb-2\">\n                    <div class=\"accordion-header hover:cursor-pointer py-[28px] px-[40px] flex flex-row justify-between items-center\">\n                        <h5 class=\"text-primaryBlue heading-5 !mb-0\">Personuppgiftsansvarig<\/h5>\n                        <i class=\"bg-[url('assets\/images\/upwards-arrow-white.png')] bg-center bg-[length:11px_11px] bg-no-repeat bg-primaryBlue block rounded-full min-w-[30px] w-[30px] h-[30px] rotate-[135deg]\"><\/i>\n                    <\/div>\n\n                    <div class=\"accordion-content hidden pb-[28px] px-[40px]\">\n                        <p class=\"text-darkBase !mb-0\"><p>Webbplatsen:&nbsp;<a href=\"https:\/\/www.ncheurope.com\/\">https:\/\/www.ncheurope.com\/<\/a>&nbsp;tillh\u00f6r:<\/p>\n<p>NCH UK Ltd.<br \/>\nArrowmere House, Springvale Avenue, West Midlands, Bilston, WV14 0QL<\/p>\n<p><strong>F\u00f6retagsnummer:<\/strong>&nbsp;00816221<\/p>\n<p><strong>Momsregistreringsnummer:<\/strong>&nbsp;GB276859006<\/p>\n<p>&nbsp;<\/p>\n<p>Ren l\u00f6sning:<\/p>\n<p>Arrowmere House, Springvale Avenue, West Midlands, Bilston, WV14 0QL<\/p>\n<p><strong>F\u00f6retagsnummer:<\/strong>&nbsp;03294328<\/p>\n<p><strong>Momsregistreringsnummer:<\/strong>&nbsp;GB677417108<\/p>\n<p>&nbsp;<\/p>\n<p>CPS Industries Limited:<\/p>\n<p>Arrowmere House, Springvale Avenue, West Midlands, Bilston, WV14 0QL<\/p>\n<p><strong>F\u00f6retagsnummer:<\/strong>&nbsp;00940472<\/p>\n<p>&nbsp;<\/p>\n<p>NCH Ireland Limited:<\/p>\n<p>c\/o Whitney Moore Solicitors, 2 Shelbourne Buildings, Crampton Avenue, Shelbourne Road, Ballsbridge, Dublin 4, D04 W3V6, Irland<\/p>\n<p><strong>F\u00f6retagsnummer:&nbsp;<\/strong>32633<\/p>\n<\/p>\n                                            <\/div>\n                <\/div>\n\n                                <div class=\"accordion-item border border-primaryOffWhite bg-white basis-full mb-2\">\n                    <div class=\"accordion-header hover:cursor-pointer py-[28px] px-[40px] flex flex-row justify-between items-center\">\n                        <h5 class=\"text-primaryBlue heading-5 !mb-0\">Uppgiftsl\u00e4mnare<\/h5>\n                        <i class=\"bg-[url('assets\/images\/upwards-arrow-white.png')] bg-center bg-[length:11px_11px] bg-no-repeat bg-primaryBlue block rounded-full min-w-[30px] w-[30px] h-[30px] rotate-[135deg]\"><\/i>\n                    <\/div>\n\n                    <div class=\"accordion-content hidden pb-[28px] px-[40px]\">\n                        <p class=\"text-darkBase !mb-0\"><p>ExtraMile Kommunikation&nbsp;<a href=\"https:\/\/www.extramilecommunications.com\/\">https:\/\/www.extramilecommunications.com\/<\/a>&nbsp;<br \/>\nStone Business Park, Kern House, Stone, ST15 0TL<\/p>\n<\/p>\n                                            <\/div>\n                <\/div>\n\n                            <\/div>\n                <!-- Accordion End -->\n    <\/div>\n<\/div><div class=\"data-table bg-primaryOffWhite primaryBlue paddingBottomLarge paddingTopLarge\">\n\t<div class=\"container\">\n\t\t<table border=\"0\" class=\"\"><thead><tr><th class=\"headers\">Provider<\/th><th class=\"headers\">\tCookie Name<\/th><th class=\"headers\">Cookie Lifetime<\/th><th class=\"headers\">\tCookie Description<\/th><\/tr><\/thead><tbody><tr><td>NCH Europe<\/td><td>Session cookies<\/td><td>session duration<\/td><td>\t\nSet by Joomla to remember a users chosen language and account details (if logged in)<\/td><\/tr><tr><td>NCH Europe<\/td><td>cookieaccept<\/td><td>\t\n1 year<\/td><td>\t\nUsed to track if the cookie popup window has been displayed or not.<\/td><\/tr><tr><td>NCH Europe<\/td><td>\t\ngdpr_analytics<\/td><td>\t\n3 months<\/td><td>\t\nUsed to track analytics cookie preference.<\/td><\/tr><tr><td>NCH Europe<\/td><td>\t\ngdpr_video<\/td><td>\t\n3 months<\/td><td>Used to track video cookie preference.<\/td><\/tr><\/tbody><\/table>\t<\/div>\n<\/div>","protected":false},"excerpt":{"rendered":"","protected":false},"author":1,"featured_media":0,"parent":0,"menu_order":0,"comment_status":"closed","ping_status":"closed","template":"","meta":{"_acf_changed":false,"footnotes":""},"class_list":["post-50699","page","type-page","status-publish","hentry"],"acf":[],"yoast_head":"<!-- This site is optimized with the Yoast SEO Premium plugin v21.7 (Yoast SEO v27.2) - https:\/\/yoast.com\/product\/yoast-seo-premium-wordpress\/ -->\n<title>Sekretess och cookies - NCH Europe<\/title>\n<meta name=\"robots\" content=\"index, follow, max-snippet:-1, max-image-preview:large, max-video-preview:-1\" \/>\n<link rel=\"canonical\" href=\"https:\/\/www.ncheurope.com\/sv\/sekretess-och-cookies\/\" class=\"yoast-seo-meta-tag\" \/>\n<meta property=\"og:locale\" content=\"sv_SE\" class=\"yoast-seo-meta-tag\" \/>\n<meta property=\"og:type\" content=\"article\" class=\"yoast-seo-meta-tag\" \/>\n<meta property=\"og:title\" content=\"Sekretess och cookies\" class=\"yoast-seo-meta-tag\" \/>\n<meta property=\"og:url\" content=\"https:\/\/www.ncheurope.com\/sv\/sekretess-och-cookies\/\" class=\"yoast-seo-meta-tag\" \/>\n<meta property=\"og:site_name\" content=\"NCH Europe\" class=\"yoast-seo-meta-tag\" \/>\n<meta property=\"article:publisher\" content=\"https:\/\/www.facebook.com\/ncheurope\" class=\"yoast-seo-meta-tag\" \/>\n<meta property=\"article:modified_time\" content=\"2024-04-10T09:36:38+00:00\" class=\"yoast-seo-meta-tag\" \/>\n<meta name=\"twitter:card\" content=\"summary_large_image\" class=\"yoast-seo-meta-tag\" \/>\n<meta name=\"twitter:site\" content=\"@NCH_Europe\" class=\"yoast-seo-meta-tag\" \/>\n<script type=\"application\/ld+json\" class=\"yoast-schema-graph\">{\"@context\":\"https:\/\/schema.org\",\"@graph\":[{\"@type\":\"WebPage\",\"@id\":\"https:\/\/www.ncheurope.com\/sv\/sekretess-och-cookies\/\",\"url\":\"https:\/\/www.ncheurope.com\/sv\/sekretess-och-cookies\/\",\"name\":\"Sekretess och cookies - NCH Europe\",\"isPartOf\":{\"@id\":\"https:\/\/www.ncheurope.com\/en\/#website\"},\"datePublished\":\"2023-08-07T10:40:00+00:00\",\"dateModified\":\"2024-04-10T09:36:38+00:00\",\"breadcrumb\":{\"@id\":\"https:\/\/www.ncheurope.com\/sv\/sekretess-och-cookies\/#breadcrumb\"},\"inLanguage\":\"sv-SE\",\"potentialAction\":[{\"@type\":\"ReadAction\",\"target\":[\"https:\/\/www.ncheurope.com\/sv\/sekretess-och-cookies\/\"]}]},{\"@type\":\"BreadcrumbList\",\"@id\":\"https:\/\/www.ncheurope.com\/sv\/sekretess-och-cookies\/#breadcrumb\",\"itemListElement\":[{\"@type\":\"ListItem\",\"position\":1,\"name\":\"Hemsida\",\"item\":\"https:\/\/www.ncheurope.com\/sv\/\"},{\"@type\":\"ListItem\",\"position\":2,\"name\":\"Sekretess och cookies\"}]},{\"@type\":\"WebSite\",\"@id\":\"https:\/\/www.ncheurope.com\/en\/#website\",\"url\":\"https:\/\/www.ncheurope.com\/en\/\",\"name\":\"NCH Europe\",\"description\":\"\",\"publisher\":{\"@id\":\"https:\/\/www.ncheurope.com\/en\/#organization\"},\"potentialAction\":[{\"@type\":\"SearchAction\",\"target\":{\"@type\":\"EntryPoint\",\"urlTemplate\":\"https:\/\/www.ncheurope.com\/en\/?s={search_term_string}\"},\"query-input\":{\"@type\":\"PropertyValueSpecification\",\"valueRequired\":true,\"valueName\":\"search_term_string\"}}],\"inLanguage\":\"sv-SE\"},{\"@type\":\"Organization\",\"@id\":\"https:\/\/www.ncheurope.com\/en\/#organization\",\"name\":\"NCH Europe\",\"url\":\"https:\/\/www.ncheurope.com\/en\/\",\"logo\":{\"@type\":\"ImageObject\",\"inLanguage\":\"sv-SE\",\"@id\":\"https:\/\/www.ncheurope.com\/en\/#\/schema\/logo\/image\/\",\"url\":\"https:\/\/www.ncheurope.com\/wp-content\/uploads\/2023\/11\/nch-logo-gradient.webp\",\"contentUrl\":\"https:\/\/www.ncheurope.com\/wp-content\/uploads\/2023\/11\/nch-logo-gradient.webp\",\"width\":120,\"height\":120,\"caption\":\"NCH Europe\"},\"image\":{\"@id\":\"https:\/\/www.ncheurope.com\/en\/#\/schema\/logo\/image\/\"},\"sameAs\":[\"https:\/\/www.facebook.com\/ncheurope\",\"https:\/\/x.com\/NCH_Europe\"]}]}<\/script>\n<!-- \/ Yoast SEO Premium plugin. -->","yoast_head_json":{"title":"Sekretess och cookies - NCH Europe","robots":{"index":"index","follow":"follow","max-snippet":"max-snippet:-1","max-image-preview":"max-image-preview:large","max-video-preview":"max-video-preview:-1"},"canonical":"https:\/\/www.ncheurope.com\/sv\/sekretess-och-cookies\/","og_locale":"sv_SE","og_type":"article","og_title":"Sekretess och cookies","og_url":"https:\/\/www.ncheurope.com\/sv\/sekretess-och-cookies\/","og_site_name":"NCH Europe","article_publisher":"https:\/\/www.facebook.com\/ncheurope","article_modified_time":"2024-04-10T09:36:38+00:00","twitter_card":"summary_large_image","twitter_site":"@NCH_Europe","schema":{"@context":"https:\/\/schema.org","@graph":[{"@type":"WebPage","@id":"https:\/\/www.ncheurope.com\/sv\/sekretess-och-cookies\/","url":"https:\/\/www.ncheurope.com\/sv\/sekretess-och-cookies\/","name":"Sekretess och cookies - NCH Europe","isPartOf":{"@id":"https:\/\/www.ncheurope.com\/en\/#website"},"datePublished":"2023-08-07T10:40:00+00:00","dateModified":"2024-04-10T09:36:38+00:00","breadcrumb":{"@id":"https:\/\/www.ncheurope.com\/sv\/sekretess-och-cookies\/#breadcrumb"},"inLanguage":"sv-SE","potentialAction":[{"@type":"ReadAction","target":["https:\/\/www.ncheurope.com\/sv\/sekretess-och-cookies\/"]}]},{"@type":"BreadcrumbList","@id":"https:\/\/www.ncheurope.com\/sv\/sekretess-och-cookies\/#breadcrumb","itemListElement":[{"@type":"ListItem","position":1,"name":"Hemsida","item":"https:\/\/www.ncheurope.com\/sv\/"},{"@type":"ListItem","position":2,"name":"Sekretess och cookies"}]},{"@type":"WebSite","@id":"https:\/\/www.ncheurope.com\/en\/#website","url":"https:\/\/www.ncheurope.com\/en\/","name":"NCH Europe","description":"","publisher":{"@id":"https:\/\/www.ncheurope.com\/en\/#organization"},"potentialAction":[{"@type":"SearchAction","target":{"@type":"EntryPoint","urlTemplate":"https:\/\/www.ncheurope.com\/en\/?s={search_term_string}"},"query-input":{"@type":"PropertyValueSpecification","valueRequired":true,"valueName":"search_term_string"}}],"inLanguage":"sv-SE"},{"@type":"Organization","@id":"https:\/\/www.ncheurope.com\/en\/#organization","name":"NCH Europe","url":"https:\/\/www.ncheurope.com\/en\/","logo":{"@type":"ImageObject","inLanguage":"sv-SE","@id":"https:\/\/www.ncheurope.com\/en\/#\/schema\/logo\/image\/","url":"https:\/\/www.ncheurope.com\/wp-content\/uploads\/2023\/11\/nch-logo-gradient.webp","contentUrl":"https:\/\/www.ncheurope.com\/wp-content\/uploads\/2023\/11\/nch-logo-gradient.webp","width":120,"height":120,"caption":"NCH Europe"},"image":{"@id":"https:\/\/www.ncheurope.com\/en\/#\/schema\/logo\/image\/"},"sameAs":["https:\/\/www.facebook.com\/ncheurope","https:\/\/x.com\/NCH_Europe"]}]}},"_links":{"self":[{"href":"https:\/\/www.ncheurope.com\/sv\/wp-json\/wp\/v2\/pages\/50699","targetHints":{"allow":["GET"]}}],"collection":[{"href":"https:\/\/www.ncheurope.com\/sv\/wp-json\/wp\/v2\/pages"}],"about":[{"href":"https:\/\/www.ncheurope.com\/sv\/wp-json\/wp\/v2\/types\/page"}],"author":[{"embeddable":true,"href":"https:\/\/www.ncheurope.com\/sv\/wp-json\/wp\/v2\/users\/1"}],"replies":[{"embeddable":true,"href":"https:\/\/www.ncheurope.com\/sv\/wp-json\/wp\/v2\/comments?post=50699"}],"version-history":[{"count":1,"href":"https:\/\/www.ncheurope.com\/sv\/wp-json\/wp\/v2\/pages\/50699\/revisions"}],"predecessor-version":[{"id":50703,"href":"https:\/\/www.ncheurope.com\/sv\/wp-json\/wp\/v2\/pages\/50699\/revisions\/50703"}],"wp:attachment":[{"href":"https:\/\/www.ncheurope.com\/sv\/wp-json\/wp\/v2\/media?parent=50699"}],"curies":[{"name":"wp","href":"https:\/\/api.w.org\/{rel}","templated":true}]}}