{"id":50619,"date":"2023-08-04T12:18:02","date_gmt":"2023-08-04T12:18:02","guid":{"rendered":"https:\/\/www.ncheurope.com\/nch-corporation-uttalande-om-efterlevnad-lagen-om-modernt-slaveri-2015\/"},"modified":"2024-04-10T09:24:25","modified_gmt":"2024-04-10T09:24:25","slug":"nch-corporation-uttalande-om-efterlevnad-lagen-om-modernt-slaveri-2015","status":"publish","type":"page","link":"https:\/\/www.ncheurope.com\/sv\/nch-corporation-uttalande-om-efterlevnad-lagen-om-modernt-slaveri-2015\/","title":{"rendered":"NCH Corporation uttalande om efterlevnad: Lagen om modernt slaveri 2015"},"content":{"rendered":"\n<div class=\"internal-banner-block relative primaryBlue paddingBottomLarge bg-no-repeat pt-[128px] bg-white bg-[url('assets\/images\/background-shape.png')] bg-right-bottom bg-contain\" >\n        <div class=\"container relative z-10\">\n        <div class=\"breadcrumb-container mb-[60px] md:mb-[103px] hidden md:block\">\n            <p class=\"text-darkXs !mb-0 !text-[12px] flex flex-row items-center\">You are here: <a class=\"!font-regular mx-2\" href=\"https:\/\/www.ncheurope.com\/sv\/\">Hem<\/a> \/ <span class=\"ml-2 font-semibold\">NCH Corporation uttalande om efterlevnad: Lagen om modernt slaveri 2015<\/span><\/p>\n        <\/div>\n\n        <div class=\"content-container flex flex-col-reverse md:flex-row flex-wrap justify-between\">\n\n                            <div class=\"text-container md:basis-8\/12\">\n                    <h1 class=\"heading-1 text-primaryBlue\">NCH Corporation uttalande om efterlevnad: Lagen om modernt slaveri 2015<\/h1>                                                        <\/div>\n            \n                    <\/div>\n    <\/div>\n<\/div>\n<div class=\"accordion-block relative primaryBlue paddingTopLarge paddingBottomLarge bg-primaryOffWhite\">\n    <div class=\"container flex flex-row flex-wrap\">\n                    <div class=\"text-container flex flex-row flex-wrap items-start justify-between basis-full pb-[60px]\">\n                <h2 class=\"heading-2 text-primaryBlue basis-full\">NCH (UK) LIMITED &#8211; Uttalande om modernt slaveri och m\u00e4nniskohandel<\/h2>                <p class=\"text-darkBase basis-full lg:basis-8\/12 !mb-0\"><p>P\u00e5 NCH (UK) Limited (f\u00f6retaget) \u00e4r vi engagerade i att skydda och respektera m\u00e4nskliga r\u00e4ttigheter och har en nolltolerans mot slaveri och m\u00e4nniskohandel i alla dess former. Detta uttalande g\u00f6rs i enlighet med avsnitt 54 (1) i Modern Slavery Act 2015. Vi har implementerat NCH:s policy mot slaveri (policyn) f\u00f6r att s\u00e4kerst\u00e4lla att vi strikt f\u00f6rbjuder anv\u00e4ndningen av modernt slaveri och m\u00e4nniskohandel i v\u00e5r verksamhet och v\u00e5r leveranskedja. Vi har och kommer att forts\u00e4tta att vara fast beslutna att implementera system och kontroller som syftar till att s\u00e4kerst\u00e4lla att modernt slaveri inte f\u00f6rekommer n\u00e5gonstans inom v\u00e5r organisation eller i n\u00e5gon av v\u00e5ra leveranskedjor. Detta uttalande kommer att ses \u00f6ver \u00e5rligen.<\/p>\n<\/p>            <\/div>\n        \n        <!-- Accordion Start -->       \n                    <div class=\"accordion-container flex flex-row flex-wrap basis-full\">     \n                                <div class=\"accordion-item border border-primaryOffWhite bg-white basis-full mb-2\">\n                    <div class=\"accordion-header hover:cursor-pointer py-[28px] px-[40px] flex flex-row justify-between items-center\">\n                        <h5 class=\"text-primaryBlue heading-5 !mb-0\">Organisationens struktur<\/h5>\n                        <i class=\"bg-[url('assets\/images\/upwards-arrow-white.png')] bg-center bg-[length:11px_11px] bg-no-repeat bg-primaryBlue block rounded-full min-w-[30px] w-[30px] h-[30px] rotate-[135deg]\"><\/i>\n                    <\/div>\n\n                    <div class=\"accordion-content hidden pb-[28px] px-[40px]\">\n                        <p class=\"text-darkBase !mb-0\"><p>Vi \u00e4r en kemikalietillverkare och leverant\u00f6r av vattenrening. Vi \u00e4r en del av NCH Group (Group), och v\u00e5rt yttersta moderbolag \u00e4r NCH Corporation som har sitt huvudkontor i USA. Koncernen har \u00f6ver 8.500 anst\u00e4llda \u00f6ver hela v\u00e4rlden och bedriver verksamhet i 50 l\u00e4nder.  <\/p>\n<p>Koncernen har en global \u00e5rlig oms\u00e4ttning p\u00e5 665 miljoner pund.  <\/p>\n<\/p>\n                                            <\/div>\n                <\/div>\n\n                                <div class=\"accordion-item border border-primaryOffWhite bg-white basis-full mb-2\">\n                    <div class=\"accordion-header hover:cursor-pointer py-[28px] px-[40px] flex flex-row justify-between items-center\">\n                        <h5 class=\"text-primaryBlue heading-5 !mb-0\">V\u00e5r policy om slaveri och m\u00e4nniskohandel<\/h5>\n                        <i class=\"bg-[url('assets\/images\/upwards-arrow-white.png')] bg-center bg-[length:11px_11px] bg-no-repeat bg-primaryBlue block rounded-full min-w-[30px] w-[30px] h-[30px] rotate-[135deg]\"><\/i>\n                    <\/div>\n\n                    <div class=\"accordion-content hidden pb-[28px] px-[40px]\">\n                        <p class=\"text-darkBase !mb-0\"><p>Vi \u00e4r fast beslutna att se till att det inte f\u00f6rekommer modernt slaveri eller m\u00e4nniskohandel i v\u00e5ra leveranskedjor eller i n\u00e5gon del av v\u00e5r verksamhet. V\u00e5r policy \u00e5terspeglar v\u00e5rt \u00e5tagande att agera etiskt och med integritet i alla v\u00e5ra aff\u00e4rsrelationer och att implementera och uppr\u00e4tth\u00e5lla effektiva system och kontroller f\u00f6r att s\u00e4kerst\u00e4lla att slaveri och m\u00e4nniskohandel inte f\u00f6rekommer n\u00e5gonstans i v\u00e5ra leveranskedjor.  <\/p>\n<p>Som en del av v\u00e5rt initiativ f\u00f6r att identifiera och minska risker har vi rutiner f\u00f6r att:<\/p>\n<li>se \u00f6ver v\u00e5r policy p\u00e5 \u00e5rlig basis, och  <\/li>\n<li>Identifiera f\u00f6r\u00e4ndringar som kan f\u00f6rb\u00e4ttra v\u00e5r policy.  <\/li>\n<p><\/p>\n<p>Due diligence-processer f\u00f6r slaveri och m\u00e4nniskohandel  <\/p>\n<p>Som en del av v\u00e5rt initiativ f\u00f6r att identifiera och minska risker inf\u00f6r vi system f\u00f6r att:<\/p>\n<li>Identifiera och bed\u00f6ma potentiella riskomr\u00e5den i v\u00e5ra leveranskedjor.<\/li>\n<li>Minska risken f\u00f6r att slaveri och m\u00e4nniskohandel f\u00f6rekommer i v\u00e5ra leveranskedjor.  <\/li>\n<li>\u00d6vervaka potentiella riskomr\u00e5den i v\u00e5ra leveranskedjor.<\/li>\n<li>Skydda visselbl\u00e5sare.  <\/li>\n<p><\/p>\n<p>Vi har internt tilldelat en av v\u00e5ra avdelningar ansvaret f\u00f6r att s\u00e4kerst\u00e4lla att v\u00e5ra due diligence-processer \u00e4r s\u00e5 robusta som de kan vara och att identifiera eventuella f\u00f6r\u00e4ndringar som kan g\u00f6ras f\u00f6r att f\u00f6rb\u00e4ttra v\u00e5ra processer \u00f6ver tiden.  <\/p>\n<\/p>\n                                            <\/div>\n                <\/div>\n\n                                <div class=\"accordion-item border border-primaryOffWhite bg-white basis-full mb-2\">\n                    <div class=\"accordion-header hover:cursor-pointer py-[28px] px-[40px] flex flex-row justify-between items-center\">\n                        <h5 class=\"text-primaryBlue heading-5 !mb-0\">Leverant\u00f6rers, entrepren\u00f6rers och andra aff\u00e4rspartners efterlevnad av v\u00e5ra v\u00e4rderingar och v\u00e5r etik<\/h5>\n                        <i class=\"bg-[url('assets\/images\/upwards-arrow-white.png')] bg-center bg-[length:11px_11px] bg-no-repeat bg-primaryBlue block rounded-full min-w-[30px] w-[30px] h-[30px] rotate-[135deg]\"><\/i>\n                    <\/div>\n\n                    <div class=\"accordion-content hidden pb-[28px] px-[40px]\">\n                        <p class=\"text-darkBase !mb-0\"><p>Vi har nolltolerans mot slaveri och m\u00e4nniskohandel. V\u00e5ra leverant\u00f6rer, entrepren\u00f6rer och andra aff\u00e4rspartners \u00e4r skyldiga att h\u00e5lla samma h\u00f6ga standard f\u00f6r sina egna leverant\u00f6rer.  <\/p>\n<p>Vi anser att den st\u00f6rsta risken f\u00f6r modernt slaveri i v\u00e5ra leverant\u00f6rskedjor \u00e4r n\u00e4r vi handlar med f\u00f6retag som \u00e4r baserade i jurisdiktioner som inte har motsvarande standarder och lagstiftning som i Storbritannien.  <\/p>\n<p>Som en del av v\u00e5r l\u00f6pande riskbed\u00f6mning och due diligence-processer \u00f6verv\u00e4ger vi om omst\u00e4ndigheterna motiverar att vi genomf\u00f6r revisioner av leverant\u00f6rer f\u00f6r att kontrollera att de f\u00f6ljer v\u00e5r policy. Vi bed\u00f6mer ocks\u00e5 om omst\u00e4ndigheterna motiverar att vi inkluderar specifika f\u00f6rbud mot anv\u00e4ndning av modernt slaveri och arbetskraft fr\u00e5n m\u00e4nniskohandel i v\u00e5ra avtal med tredje part. Med hj\u00e4lp av v\u00e5r riskbaserade metod kommer vi ocks\u00e5 att bed\u00f6ma f\u00f6rdelarna med att skriva till leverant\u00f6rer och kr\u00e4va att de f\u00f6ljer v\u00e5r policy, som anger de minimistandarder som kr\u00e4vs f\u00f6r att bek\u00e4mpa modernt slaveri och m\u00e4nniskohandel.  <\/p>\n<p>Om vi uppt\u00e4cker att andra personer eller organisationer som arbetar f\u00f6r v\u00e5r r\u00e4kning har brutit mot v\u00e5r policy kommer vi att se till att vi vidtar l\u00e4mpliga \u00e5tg\u00e4rder. Det kan handla om allt fr\u00e5n att \u00f6verv\u00e4ga m\u00f6jligheten att avhj\u00e4lpa \u00f6vertr\u00e4delser och om detta kan vara det b\u00e4sta resultatet f\u00f6r de personer som p\u00e5verkats av \u00f6vertr\u00e4delsen, till att avsluta s\u00e5dana relationer.  <\/p>\n<\/p>\n                                            <\/div>\n                <\/div>\n\n                                <div class=\"accordion-item border border-primaryOffWhite bg-white basis-full mb-2\">\n                    <div class=\"accordion-header hover:cursor-pointer py-[28px] px-[40px] flex flex-row justify-between items-center\">\n                        <h5 class=\"text-primaryBlue heading-5 !mb-0\">Utbildning<\/h5>\n                        <i class=\"bg-[url('assets\/images\/upwards-arrow-white.png')] bg-center bg-[length:11px_11px] bg-no-repeat bg-primaryBlue block rounded-full min-w-[30px] w-[30px] h-[30px] rotate-[135deg]\"><\/i>\n                    <\/div>\n\n                    <div class=\"accordion-content hidden pb-[28px] px-[40px]\">\n                        <p class=\"text-darkBase !mb-0\"><p>F\u00f6r att s\u00e4kerst\u00e4lla en h\u00f6g niv\u00e5 av f\u00f6rst\u00e5else f\u00f6r riskerna med modernt slaveri och m\u00e4nniskohandel i v\u00e5ra leveranskedjor och v\u00e5r verksamhet erbjuder vi fortl\u00f6pande utbildning till v\u00e5r personal.  <\/p>\n<p>Vi investerar i att utbilda v\u00e5r personal s\u00e5 att de kan k\u00e4nna igen riskerna med modernt slaveri och m\u00e4nniskohandel i v\u00e5r verksamhet och v\u00e5ra leveranskedjor. Genom v\u00e5ra utbildningsprogram uppmuntras medarbetarna att identifiera och rapportera eventuella \u00f6vertr\u00e4delser av v\u00e5r policy. Medarbetarna f\u00e5r l\u00e4ra sig f\u00f6rdelarna med strikta \u00e5tg\u00e4rder f\u00f6r att ta bort slaveri och m\u00e4nniskohandel fr\u00e5n v\u00e5r verksamhet och v\u00e5ra leveranskedjor.  <\/p>\n<\/p>\n                                            <\/div>\n                <\/div>\n\n                                <div class=\"accordion-item border border-primaryOffWhite bg-white basis-full mb-2\">\n                    <div class=\"accordion-header hover:cursor-pointer py-[28px] px-[40px] flex flex-row justify-between items-center\">\n                        <h5 class=\"text-primaryBlue heading-5 !mb-0\">Ytterligare steg<\/h5>\n                        <i class=\"bg-[url('assets\/images\/upwards-arrow-white.png')] bg-center bg-[length:11px_11px] bg-no-repeat bg-primaryBlue block rounded-full min-w-[30px] w-[30px] h-[30px] rotate-[135deg]\"><\/i>\n                    <\/div>\n\n                    <div class=\"accordion-content hidden pb-[28px] px-[40px]\">\n                        <p class=\"text-darkBase !mb-0\"><p>Efter en granskning av effektiviteten i de \u00e5tg\u00e4rder vi har vidtagit f\u00f6r att s\u00e4kerst\u00e4lla att det inte f\u00f6rekommer slaveri eller m\u00e4nniskohandel i v\u00e5ra leveranskedjor avser vi att vidta f\u00f6ljande ytterligare \u00e5tg\u00e4rder f\u00f6r att bek\u00e4mpa slaveri och m\u00e4nniskohandel:  <\/p>\n<li>Genomf\u00f6ra en granskning av v\u00e5r efterlevnad av best\u00e4mmelserna om modernt slaveri.  <\/li>\n<li>\u00d6versyn av v\u00e5r policy.  <\/li>\n<li>Ge utbildning till nya medarbetare.  <\/li>\n<p><\/p>\n<p>Detta uttalande g\u00f6rs i enlighet med avsnitt 54(1) i Modern Slavery Act 2015 och utg\u00f6r v\u00e5rt uttalande om slaveri och m\u00e4nniskohandel f\u00f6r r\u00e4kenskaps\u00e5ret som slutar den 30 april 2022.  <\/p>\n<p>Den godk\u00e4ndes av styrelsen den 7 mars 2023.  <\/p>\n<p>Martyn Ruscoe  <\/p>\n<\/p>\n                                            <\/div>\n                <\/div>\n\n                            <\/div>\n                <!-- Accordion End -->\n    <\/div>\n<\/div>","protected":false},"excerpt":{"rendered":"","protected":false},"author":1,"featured_media":0,"parent":0,"menu_order":0,"comment_status":"closed","ping_status":"closed","template":"","meta":{"_acf_changed":false,"footnotes":""},"class_list":["post-50619","page","type-page","status-publish","hentry"],"acf":[],"yoast_head":"<!-- This site is optimized with the Yoast SEO Premium plugin v21.7 (Yoast SEO v27.2) - https:\/\/yoast.com\/product\/yoast-seo-premium-wordpress\/ -->\n<title>NCH Corporation uttalande om efterlevnad: Lagen om modernt slaveri 2015 - NCH Europe<\/title>\n<meta name=\"robots\" content=\"index, follow, max-snippet:-1, max-image-preview:large, max-video-preview:-1\" \/>\n<link rel=\"canonical\" href=\"https:\/\/www.ncheurope.com\/sv\/nch-corporation-uttalande-om-efterlevnad-lagen-om-modernt-slaveri-2015\/\" class=\"yoast-seo-meta-tag\" \/>\n<meta property=\"og:locale\" content=\"sv_SE\" class=\"yoast-seo-meta-tag\" \/>\n<meta property=\"og:type\" content=\"article\" class=\"yoast-seo-meta-tag\" \/>\n<meta property=\"og:title\" content=\"NCH Corporation uttalande om efterlevnad: Lagen om modernt slaveri 2015\" class=\"yoast-seo-meta-tag\" \/>\n<meta property=\"og:url\" content=\"https:\/\/www.ncheurope.com\/sv\/nch-corporation-uttalande-om-efterlevnad-lagen-om-modernt-slaveri-2015\/\" class=\"yoast-seo-meta-tag\" \/>\n<meta property=\"og:site_name\" content=\"NCH Europe\" class=\"yoast-seo-meta-tag\" \/>\n<meta property=\"article:publisher\" content=\"https:\/\/www.facebook.com\/ncheurope\" class=\"yoast-seo-meta-tag\" \/>\n<meta property=\"article:modified_time\" content=\"2024-04-10T09:24:25+00:00\" class=\"yoast-seo-meta-tag\" \/>\n<meta name=\"twitter:card\" content=\"summary_large_image\" class=\"yoast-seo-meta-tag\" \/>\n<meta name=\"twitter:site\" content=\"@NCH_Europe\" class=\"yoast-seo-meta-tag\" \/>\n<script type=\"application\/ld+json\" class=\"yoast-schema-graph\">{\"@context\":\"https:\/\/schema.org\",\"@graph\":[{\"@type\":\"WebPage\",\"@id\":\"https:\/\/www.ncheurope.com\/sv\/nch-corporation-uttalande-om-efterlevnad-lagen-om-modernt-slaveri-2015\/\",\"url\":\"https:\/\/www.ncheurope.com\/sv\/nch-corporation-uttalande-om-efterlevnad-lagen-om-modernt-slaveri-2015\/\",\"name\":\"NCH Corporation uttalande om efterlevnad: Lagen om modernt slaveri 2015 - NCH Europe\",\"isPartOf\":{\"@id\":\"https:\/\/www.ncheurope.com\/en\/#website\"},\"datePublished\":\"2023-08-04T12:18:02+00:00\",\"dateModified\":\"2024-04-10T09:24:25+00:00\",\"breadcrumb\":{\"@id\":\"https:\/\/www.ncheurope.com\/sv\/nch-corporation-uttalande-om-efterlevnad-lagen-om-modernt-slaveri-2015\/#breadcrumb\"},\"inLanguage\":\"sv-SE\",\"potentialAction\":[{\"@type\":\"ReadAction\",\"target\":[\"https:\/\/www.ncheurope.com\/sv\/nch-corporation-uttalande-om-efterlevnad-lagen-om-modernt-slaveri-2015\/\"]}]},{\"@type\":\"BreadcrumbList\",\"@id\":\"https:\/\/www.ncheurope.com\/sv\/nch-corporation-uttalande-om-efterlevnad-lagen-om-modernt-slaveri-2015\/#breadcrumb\",\"itemListElement\":[{\"@type\":\"ListItem\",\"position\":1,\"name\":\"Hemsida\",\"item\":\"https:\/\/www.ncheurope.com\/sv\/\"},{\"@type\":\"ListItem\",\"position\":2,\"name\":\"NCH Corporation uttalande om efterlevnad: Lagen om modernt slaveri 2015\"}]},{\"@type\":\"WebSite\",\"@id\":\"https:\/\/www.ncheurope.com\/en\/#website\",\"url\":\"https:\/\/www.ncheurope.com\/en\/\",\"name\":\"NCH Europe\",\"description\":\"\",\"publisher\":{\"@id\":\"https:\/\/www.ncheurope.com\/en\/#organization\"},\"potentialAction\":[{\"@type\":\"SearchAction\",\"target\":{\"@type\":\"EntryPoint\",\"urlTemplate\":\"https:\/\/www.ncheurope.com\/en\/?s={search_term_string}\"},\"query-input\":{\"@type\":\"PropertyValueSpecification\",\"valueRequired\":true,\"valueName\":\"search_term_string\"}}],\"inLanguage\":\"sv-SE\"},{\"@type\":\"Organization\",\"@id\":\"https:\/\/www.ncheurope.com\/en\/#organization\",\"name\":\"NCH Europe\",\"url\":\"https:\/\/www.ncheurope.com\/en\/\",\"logo\":{\"@type\":\"ImageObject\",\"inLanguage\":\"sv-SE\",\"@id\":\"https:\/\/www.ncheurope.com\/en\/#\/schema\/logo\/image\/\",\"url\":\"https:\/\/www.ncheurope.com\/wp-content\/uploads\/2023\/11\/nch-logo-gradient.webp\",\"contentUrl\":\"https:\/\/www.ncheurope.com\/wp-content\/uploads\/2023\/11\/nch-logo-gradient.webp\",\"width\":120,\"height\":120,\"caption\":\"NCH Europe\"},\"image\":{\"@id\":\"https:\/\/www.ncheurope.com\/en\/#\/schema\/logo\/image\/\"},\"sameAs\":[\"https:\/\/www.facebook.com\/ncheurope\",\"https:\/\/x.com\/NCH_Europe\"]}]}<\/script>\n<!-- \/ Yoast SEO Premium plugin. -->","yoast_head_json":{"title":"NCH Corporation uttalande om efterlevnad: Lagen om modernt slaveri 2015 - NCH Europe","robots":{"index":"index","follow":"follow","max-snippet":"max-snippet:-1","max-image-preview":"max-image-preview:large","max-video-preview":"max-video-preview:-1"},"canonical":"https:\/\/www.ncheurope.com\/sv\/nch-corporation-uttalande-om-efterlevnad-lagen-om-modernt-slaveri-2015\/","og_locale":"sv_SE","og_type":"article","og_title":"NCH Corporation uttalande om efterlevnad: Lagen om modernt slaveri 2015","og_url":"https:\/\/www.ncheurope.com\/sv\/nch-corporation-uttalande-om-efterlevnad-lagen-om-modernt-slaveri-2015\/","og_site_name":"NCH Europe","article_publisher":"https:\/\/www.facebook.com\/ncheurope","article_modified_time":"2024-04-10T09:24:25+00:00","twitter_card":"summary_large_image","twitter_site":"@NCH_Europe","schema":{"@context":"https:\/\/schema.org","@graph":[{"@type":"WebPage","@id":"https:\/\/www.ncheurope.com\/sv\/nch-corporation-uttalande-om-efterlevnad-lagen-om-modernt-slaveri-2015\/","url":"https:\/\/www.ncheurope.com\/sv\/nch-corporation-uttalande-om-efterlevnad-lagen-om-modernt-slaveri-2015\/","name":"NCH Corporation uttalande om efterlevnad: Lagen om modernt slaveri 2015 - NCH Europe","isPartOf":{"@id":"https:\/\/www.ncheurope.com\/en\/#website"},"datePublished":"2023-08-04T12:18:02+00:00","dateModified":"2024-04-10T09:24:25+00:00","breadcrumb":{"@id":"https:\/\/www.ncheurope.com\/sv\/nch-corporation-uttalande-om-efterlevnad-lagen-om-modernt-slaveri-2015\/#breadcrumb"},"inLanguage":"sv-SE","potentialAction":[{"@type":"ReadAction","target":["https:\/\/www.ncheurope.com\/sv\/nch-corporation-uttalande-om-efterlevnad-lagen-om-modernt-slaveri-2015\/"]}]},{"@type":"BreadcrumbList","@id":"https:\/\/www.ncheurope.com\/sv\/nch-corporation-uttalande-om-efterlevnad-lagen-om-modernt-slaveri-2015\/#breadcrumb","itemListElement":[{"@type":"ListItem","position":1,"name":"Hemsida","item":"https:\/\/www.ncheurope.com\/sv\/"},{"@type":"ListItem","position":2,"name":"NCH Corporation uttalande om efterlevnad: Lagen om modernt slaveri 2015"}]},{"@type":"WebSite","@id":"https:\/\/www.ncheurope.com\/en\/#website","url":"https:\/\/www.ncheurope.com\/en\/","name":"NCH Europe","description":"","publisher":{"@id":"https:\/\/www.ncheurope.com\/en\/#organization"},"potentialAction":[{"@type":"SearchAction","target":{"@type":"EntryPoint","urlTemplate":"https:\/\/www.ncheurope.com\/en\/?s={search_term_string}"},"query-input":{"@type":"PropertyValueSpecification","valueRequired":true,"valueName":"search_term_string"}}],"inLanguage":"sv-SE"},{"@type":"Organization","@id":"https:\/\/www.ncheurope.com\/en\/#organization","name":"NCH Europe","url":"https:\/\/www.ncheurope.com\/en\/","logo":{"@type":"ImageObject","inLanguage":"sv-SE","@id":"https:\/\/www.ncheurope.com\/en\/#\/schema\/logo\/image\/","url":"https:\/\/www.ncheurope.com\/wp-content\/uploads\/2023\/11\/nch-logo-gradient.webp","contentUrl":"https:\/\/www.ncheurope.com\/wp-content\/uploads\/2023\/11\/nch-logo-gradient.webp","width":120,"height":120,"caption":"NCH Europe"},"image":{"@id":"https:\/\/www.ncheurope.com\/en\/#\/schema\/logo\/image\/"},"sameAs":["https:\/\/www.facebook.com\/ncheurope","https:\/\/x.com\/NCH_Europe"]}]}},"_links":{"self":[{"href":"https:\/\/www.ncheurope.com\/sv\/wp-json\/wp\/v2\/pages\/50619","targetHints":{"allow":["GET"]}}],"collection":[{"href":"https:\/\/www.ncheurope.com\/sv\/wp-json\/wp\/v2\/pages"}],"about":[{"href":"https:\/\/www.ncheurope.com\/sv\/wp-json\/wp\/v2\/types\/page"}],"author":[{"embeddable":true,"href":"https:\/\/www.ncheurope.com\/sv\/wp-json\/wp\/v2\/users\/1"}],"replies":[{"embeddable":true,"href":"https:\/\/www.ncheurope.com\/sv\/wp-json\/wp\/v2\/comments?post=50619"}],"version-history":[{"count":3,"href":"https:\/\/www.ncheurope.com\/sv\/wp-json\/wp\/v2\/pages\/50619\/revisions"}],"predecessor-version":[{"id":50640,"href":"https:\/\/www.ncheurope.com\/sv\/wp-json\/wp\/v2\/pages\/50619\/revisions\/50640"}],"wp:attachment":[{"href":"https:\/\/www.ncheurope.com\/sv\/wp-json\/wp\/v2\/media?parent=50619"}],"curies":[{"name":"wp","href":"https:\/\/api.w.org\/{rel}","templated":true}]}}