{"id":50618,"date":"2023-08-04T11:54:48","date_gmt":"2023-08-04T11:54:48","guid":{"rendered":"https:\/\/www.ncheurope.com\/policy-for-bekampning-av-slaveri-och-manniskohandel\/"},"modified":"2024-04-10T09:24:27","modified_gmt":"2024-04-10T09:24:27","slug":"policy-for-bekampning-av-slaveri-och-manniskohandel","status":"publish","type":"page","link":"https:\/\/www.ncheurope.com\/sv\/policy-for-bekampning-av-slaveri-och-manniskohandel\/","title":{"rendered":"Policy f\u00f6r bek\u00e4mpning av slaveri och m\u00e4nniskohandel"},"content":{"rendered":"\n<div class=\"internal-banner-block relative primaryBlue paddingBottomLarge bg-no-repeat pt-[128px] bg-white bg-[url('assets\/images\/background-shape.png')] bg-right-bottom bg-contain\" >\n        <div class=\"container relative z-10\">\n        <div class=\"breadcrumb-container mb-[60px] md:mb-[103px] hidden md:block\">\n            <p class=\"text-darkXs !mb-0 !text-[12px] flex flex-row items-center\">You are here: <a class=\"!font-regular mx-2\" href=\"https:\/\/www.ncheurope.com\/sv\/\">Hem<\/a> \/ <span class=\"ml-2 font-semibold\">Policy f\u00f6r bek\u00e4mpning av slaveri och m\u00e4nniskohandel<\/span><\/p>\n        <\/div>\n\n        <div class=\"content-container flex flex-col-reverse md:flex-row flex-wrap justify-between\">\n\n                            <div class=\"text-container md:basis-8\/12\">\n                    <h1 class=\"heading-1 text-primaryBlue\">Policy f\u00f6r bek\u00e4mpning av slaveri och m\u00e4nniskohandel<\/h1>                                                        <\/div>\n            \n                    <\/div>\n    <\/div>\n<\/div>\n<div class=\"accordion-block relative primaryBlue paddingTopLarge paddingBottomLarge bg-primaryOffWhite\">\n    <div class=\"container flex flex-row flex-wrap\">\n        \n        <!-- Accordion Start -->       \n                    <div class=\"accordion-container flex flex-row flex-wrap basis-full\">     \n                                <div class=\"accordion-item border border-primaryOffWhite bg-white basis-full mb-2\">\n                    <div class=\"accordion-header hover:cursor-pointer py-[28px] px-[40px] flex flex-row justify-between items-center\">\n                        <h5 class=\"text-primaryBlue heading-5 !mb-0\">POLICYUTTALANDE<\/h5>\n                        <i class=\"bg-[url('assets\/images\/upwards-arrow-white.png')] bg-center bg-[length:11px_11px] bg-no-repeat bg-primaryBlue block rounded-full min-w-[30px] w-[30px] h-[30px] rotate-[135deg]\"><\/i>\n                    <\/div>\n\n                    <div class=\"accordion-content hidden pb-[28px] px-[40px]\">\n                        <p class=\"text-darkBase !mb-0\"><p>Modernt slaveri \u00e4r ett brott och en kr\u00e4nkning av grundl\u00e4ggande m\u00e4nskliga r\u00e4ttigheter. Det tar sig olika uttryck, s\u00e5som slaveri, tr\u00e4ldom, tv\u00e5ngsarbete och m\u00e4nniskohandel, som alla har det gemensamt att en person ber\u00f6vas sin frihet av en annan person i syfte att utnyttja honom eller henne f\u00f6r personlig eller kommersiell vinning. NCH Corporation och dess dotterbolag (tillsammans &#8221;NCH&#8221;, &#8221;vi&#8221; eller &#8221;v\u00e5r&#8221;) har en nolltolerans mot modernt slaveri och vi \u00e4r fast beslutna att agera etiskt och med integritet i alla v\u00e5ra aff\u00e4rsf\u00f6rbindelser och relationer och att implementera och uppr\u00e4tth\u00e5lla effektiva system och kontroller f\u00f6r att s\u00e4kerst\u00e4lla att modernt slaveri inte \u00e4ger rum n\u00e5gonstans i v\u00e5r egen verksamhet eller i n\u00e5gon av v\u00e5ra leveranskedjor.  <\/p>\n<p>NCH har ocks\u00e5 \u00e5tagit sig att s\u00e4kerst\u00e4lla att det finns transparens i v\u00e5r egen verksamhet och i v\u00e5r strategi f\u00f6r att hantera modernt slaveri i v\u00e5ra leveranskedjor, i enlighet med v\u00e5ra informationsskyldigheter enligt UK Modern Slavery Act 2015. Vi f\u00f6rv\u00e4ntar oss samma h\u00f6ga standard fr\u00e5n alla v\u00e5ra entrepren\u00f6rer, leverant\u00f6rer och andra aff\u00e4rspartners, och som en del av v\u00e5ra avtalsprocesser inkluderar vi specifika f\u00f6rbud mot anv\u00e4ndning av tv\u00e5ngsarbete, obligatoriskt arbete eller trafficking, eller n\u00e5gon som h\u00e5lls i slaveri eller tr\u00e4ldom, vare sig vuxna eller barn, och vi f\u00f6rv\u00e4ntar oss att v\u00e5ra leverant\u00f6rer ska h\u00e5lla sina egna leverant\u00f6rer till samma h\u00f6ga standard.  <\/p>\n<p>Denna policy g\u00e4ller f\u00f6r alla personer som arbetar f\u00f6r oss eller f\u00f6r v\u00e5r r\u00e4kning i n\u00e5gon egenskap, inklusive anst\u00e4llda p\u00e5 alla niv\u00e5er, direkt\u00f6rer, tj\u00e4nstem\u00e4n, inhyrd personal, utstationerad personal, volont\u00e4rer, praktikanter, ombud, entrepren\u00f6rer, externa konsulter, representanter f\u00f6r tredje part och aff\u00e4rspartner.  <\/p>\n<p>Denna policy utg\u00f6r inte en del av n\u00e5gon medarbetares anst\u00e4llningsavtal och vi kan komma att \u00e4ndra den fr\u00e5n tid till annan.  <\/p>\n<\/p>\n                                            <\/div>\n                <\/div>\n\n                                <div class=\"accordion-item border border-primaryOffWhite bg-white basis-full mb-2\">\n                    <div class=\"accordion-header hover:cursor-pointer py-[28px] px-[40px] flex flex-row justify-between items-center\">\n                        <h5 class=\"text-primaryBlue heading-5 !mb-0\">ANSVAR F\u00d6R POLICYN<\/h5>\n                        <i class=\"bg-[url('assets\/images\/upwards-arrow-white.png')] bg-center bg-[length:11px_11px] bg-no-repeat bg-primaryBlue block rounded-full min-w-[30px] w-[30px] h-[30px] rotate-[135deg]\"><\/i>\n                    <\/div>\n\n                    <div class=\"accordion-content hidden pb-[28px] px-[40px]\">\n                        <p class=\"text-darkBase !mb-0\"><p>Styrelsen har det \u00f6vergripande ansvaret f\u00f6r att denna policy \u00f6verensst\u00e4mmer med v\u00e5ra juridiska och etiska skyldigheter, och att alla som st\u00e5r under deras kontroll f\u00f6ljer den.  <\/p>\n<p>NCH Legal Team och Heads of Supply Chain har det prim\u00e4ra och dagliga ansvaret f\u00f6r att implementera denna policy, \u00f6vervaka dess anv\u00e4ndning och effektivitet, hantera eventuella fr\u00e5gor om den och granska interna kontrollsystem och f\u00f6rfaranden f\u00f6r att s\u00e4kerst\u00e4lla att de \u00e4r effektiva f\u00f6r att motverka modernt slaveri.  <\/p>\n<p>Ledningen p\u00e5 alla niv\u00e5er ansvarar f\u00f6r att de som rapporterar till dem f\u00f6rst\u00e5r och f\u00f6ljer denna policy och f\u00e5r l\u00e4mplig och regelbunden utbildning om den och fr\u00e5gan om modernt slaveri i leverant\u00f6rskedjor.  <\/p>\n<p>Du \u00e4r v\u00e4lkommen att kommentera denna policy och f\u00f6resl\u00e5 hur den kan f\u00f6rb\u00e4ttras. Kommentarer, f\u00f6rslag och fr\u00e5gor uppmuntras och ska skickas till compliance@nch.com.  <\/p>\n<\/p>\n                                            <\/div>\n                <\/div>\n\n                                <div class=\"accordion-item border border-primaryOffWhite bg-white basis-full mb-2\">\n                    <div class=\"accordion-header hover:cursor-pointer py-[28px] px-[40px] flex flex-row justify-between items-center\">\n                        <h5 class=\"text-primaryBlue heading-5 !mb-0\">EFTERLEVNAD AV POLICYN<\/h5>\n                        <i class=\"bg-[url('assets\/images\/upwards-arrow-white.png')] bg-center bg-[length:11px_11px] bg-no-repeat bg-primaryBlue block rounded-full min-w-[30px] w-[30px] h-[30px] rotate-[135deg]\"><\/i>\n                    <\/div>\n\n                    <div class=\"accordion-content hidden pb-[28px] px-[40px]\">\n                        <p class=\"text-darkBase !mb-0\"><p>Du m\u00e5ste se till att du l\u00e4ser, f\u00f6rst\u00e5r och f\u00f6ljer denna policy. Att f\u00f6rebygga, uppt\u00e4cka och rapportera om modernt slaveri i n\u00e5gon del av v\u00e5r verksamhet eller v\u00e5ra leveranskedjor \u00e4r ett ansvar f\u00f6r alla som arbetar f\u00f6r oss eller st\u00e5r under v\u00e5r kontroll. Du \u00e4r skyldig att undvika alla aktiviteter som kan leda till, eller antyda, ett brott mot denna policy.  <\/p>\n<p>Du m\u00e5ste s\u00e5 snart som m\u00f6jligt meddela din n\u00e4rmaste chef, en viktig aff\u00e4rskontakt eller den konfidentiella hj\u00e4lplinjen 001-888-471-4033 om du tror eller misst\u00e4nker att en konflikt med denna policy har uppst\u00e5tt, eller kan uppst\u00e5 i framtiden.  <\/p>\n<p>Vi uppmuntrar dig att s\u00e5 tidigt som m\u00f6jligt ta upp eventuella problem eller misstankar om modernt slaveri i n\u00e5gon del av v\u00e5r verksamhet eller i leverant\u00f6rskedjorna i n\u00e5gon leverant\u00f6rsniv\u00e5.  <\/p>\n<p>Om du tror eller misst\u00e4nker att ett brott mot denna policy har intr\u00e4ffat eller att det kan intr\u00e4ffa m\u00e5ste du meddela den globala compliance officer via e-post compliance@nch.com eller rapportera det i enlighet med v\u00e5r Whistleblowing Policy s\u00e5 snart som m\u00f6jligt.  <\/p>\n<p>Om du \u00e4r os\u00e4ker p\u00e5 om en viss handling, behandlingen av arbetstagare i allm\u00e4nhet eller deras arbetsf\u00f6rh\u00e5llanden i n\u00e5gon del av v\u00e5ra leveranskedjor utg\u00f6r n\u00e5gon av de olika formerna av modernt slaveri ska du ta upp det med den globala compliance officer eller via den konfidentiella hj\u00e4lplinjen.  <\/p>\n<p>Vi vill uppmuntra \u00f6ppenhet och kommer att st\u00f6dja alla som i god tro tar upp verkliga problem i enlighet med denna policy, \u00e4ven om de visar sig vara felaktiga. Vi \u00e5tar oss att se till att ingen drabbas av n\u00e5gon negativ behandling till f\u00f6ljd av att de i god tro har rapporterat sina misstankar om att modernt slaveri i n\u00e5gon form f\u00f6rekommer eller kan f\u00f6rekomma i n\u00e5gon del av v\u00e5r egen verksamhet eller i n\u00e5gon av v\u00e5ra leverant\u00f6rskedjor. Skadlig behandling omfattar upps\u00e4gning, disciplin\u00e4ra \u00e5tg\u00e4rder, hot eller annan ogynnsam behandling i samband med att du tar upp ett problem. Om du tror att du har utsatts f\u00f6r n\u00e5gon s\u00e5dan behandling ska du omedelbart informera HR-teamet eller den globala efterlevnadsansvarige. Om \u00e4rendet inte \u00e5tg\u00e4rdas, och du \u00e4r anst\u00e4lld, b\u00f6r du ta upp det formellt med hj\u00e4lp av det relevanta landets klagom\u00e5lsf\u00f6rfarande.  <\/p>\n<\/p>\n                                            <\/div>\n                <\/div>\n\n                                <div class=\"accordion-item border border-primaryOffWhite bg-white basis-full mb-2\">\n                    <div class=\"accordion-header hover:cursor-pointer py-[28px] px-[40px] flex flex-row justify-between items-center\">\n                        <h5 class=\"text-primaryBlue heading-5 !mb-0\">KOMMUNIKATION OCH MEDVETENHET OM DENNA POLICY.<\/h5>\n                        <i class=\"bg-[url('assets\/images\/upwards-arrow-white.png')] bg-center bg-[length:11px_11px] bg-no-repeat bg-primaryBlue block rounded-full min-w-[30px] w-[30px] h-[30px] rotate-[135deg]\"><\/i>\n                    <\/div>\n\n                    <div class=\"accordion-content hidden pb-[28px] px-[40px]\">\n                        <p class=\"text-darkBase !mb-0\"><p>Utbildning om denna policy och om den risk som modern slaveri i leverant\u00f6rskedjorna inneb\u00e4r f\u00f6r v\u00e5r verksamhet ing\u00e5r i introduktionsprocessen f\u00f6r alla som arbetar f\u00f6r oss, och regelbunden utbildning kommer att erbjudas vid behov.  <\/p>\n<p>V\u00e5r nolltolerans mot modernt slaveri i v\u00e5r verksamhet och v\u00e5ra leveranskedjor m\u00e5ste kommuniceras till alla leverant\u00f6rer, entrepren\u00f6rer och aff\u00e4rspartners i b\u00f6rjan av v\u00e5r aff\u00e4rsrelation med dem och d\u00e4refter f\u00f6rst\u00e4rkas p\u00e5 l\u00e4mpligt s\u00e4tt.  <\/p>\n<\/p>\n                                            <\/div>\n                <\/div>\n\n                                <div class=\"accordion-item border border-primaryOffWhite bg-white basis-full mb-2\">\n                    <div class=\"accordion-header hover:cursor-pointer py-[28px] px-[40px] flex flex-row justify-between items-center\">\n                        <h5 class=\"text-primaryBlue heading-5 !mb-0\">\u00d6VERTR\u00c4DELSER AV DENNA POLICY<\/h5>\n                        <i class=\"bg-[url('assets\/images\/upwards-arrow-white.png')] bg-center bg-[length:11px_11px] bg-no-repeat bg-primaryBlue block rounded-full min-w-[30px] w-[30px] h-[30px] rotate-[135deg]\"><\/i>\n                    <\/div>\n\n                    <div class=\"accordion-content hidden pb-[28px] px-[40px]\">\n                        <p class=\"text-darkBase !mb-0\"><p>Alla anst\u00e4llda som bryter mot denna policy kommer att uts\u00e4ttas f\u00f6r disciplin\u00e4ra \u00e5tg\u00e4rder, vilket kan leda till formella \u00e5tg\u00e4rder till och med upps\u00e4gning.  <\/p>\n<p>Vi f\u00f6rbeh\u00e5ller oss r\u00e4tten att avsluta v\u00e5r relation med andra personer och organisationer som arbetar f\u00f6r v\u00e5r r\u00e4kning om de bryter mot denna policy.  <\/p>\n<\/p>\n                                            <\/div>\n                <\/div>\n\n                            <\/div>\n                <!-- Accordion End -->\n    <\/div>\n<\/div>","protected":false},"excerpt":{"rendered":"","protected":false},"author":1,"featured_media":0,"parent":0,"menu_order":0,"comment_status":"closed","ping_status":"closed","template":"","meta":{"_acf_changed":false,"footnotes":""},"class_list":["post-50618","page","type-page","status-publish","hentry"],"acf":[],"yoast_head":"<!-- This site is optimized with the Yoast SEO Premium plugin v21.7 (Yoast SEO v27.2) - https:\/\/yoast.com\/product\/yoast-seo-premium-wordpress\/ -->\n<title>Policy f\u00f6r bek\u00e4mpning av slaveri och m\u00e4nniskohandel - NCH Europe<\/title>\n<meta name=\"robots\" content=\"index, follow, max-snippet:-1, max-image-preview:large, max-video-preview:-1\" \/>\n<link rel=\"canonical\" href=\"https:\/\/www.ncheurope.com\/sv\/policy-for-bekampning-av-slaveri-och-manniskohandel\/\" class=\"yoast-seo-meta-tag\" \/>\n<meta property=\"og:locale\" content=\"sv_SE\" class=\"yoast-seo-meta-tag\" \/>\n<meta property=\"og:type\" content=\"article\" class=\"yoast-seo-meta-tag\" \/>\n<meta property=\"og:title\" content=\"Policy f\u00f6r bek\u00e4mpning av slaveri och m\u00e4nniskohandel\" class=\"yoast-seo-meta-tag\" \/>\n<meta property=\"og:url\" content=\"https:\/\/www.ncheurope.com\/sv\/policy-for-bekampning-av-slaveri-och-manniskohandel\/\" class=\"yoast-seo-meta-tag\" \/>\n<meta property=\"og:site_name\" content=\"NCH Europe\" class=\"yoast-seo-meta-tag\" \/>\n<meta property=\"article:publisher\" content=\"https:\/\/www.facebook.com\/ncheurope\" class=\"yoast-seo-meta-tag\" \/>\n<meta property=\"article:modified_time\" content=\"2024-04-10T09:24:27+00:00\" class=\"yoast-seo-meta-tag\" \/>\n<meta name=\"twitter:card\" content=\"summary_large_image\" class=\"yoast-seo-meta-tag\" \/>\n<meta name=\"twitter:site\" content=\"@NCH_Europe\" class=\"yoast-seo-meta-tag\" \/>\n<script type=\"application\/ld+json\" class=\"yoast-schema-graph\">{\"@context\":\"https:\/\/schema.org\",\"@graph\":[{\"@type\":\"WebPage\",\"@id\":\"https:\/\/www.ncheurope.com\/sv\/policy-for-bekampning-av-slaveri-och-manniskohandel\/\",\"url\":\"https:\/\/www.ncheurope.com\/sv\/policy-for-bekampning-av-slaveri-och-manniskohandel\/\",\"name\":\"Policy f\u00f6r bek\u00e4mpning av slaveri och m\u00e4nniskohandel - NCH Europe\",\"isPartOf\":{\"@id\":\"https:\/\/www.ncheurope.com\/en\/#website\"},\"datePublished\":\"2023-08-04T11:54:48+00:00\",\"dateModified\":\"2024-04-10T09:24:27+00:00\",\"breadcrumb\":{\"@id\":\"https:\/\/www.ncheurope.com\/sv\/policy-for-bekampning-av-slaveri-och-manniskohandel\/#breadcrumb\"},\"inLanguage\":\"sv-SE\",\"potentialAction\":[{\"@type\":\"ReadAction\",\"target\":[\"https:\/\/www.ncheurope.com\/sv\/policy-for-bekampning-av-slaveri-och-manniskohandel\/\"]}]},{\"@type\":\"BreadcrumbList\",\"@id\":\"https:\/\/www.ncheurope.com\/sv\/policy-for-bekampning-av-slaveri-och-manniskohandel\/#breadcrumb\",\"itemListElement\":[{\"@type\":\"ListItem\",\"position\":1,\"name\":\"Hemsida\",\"item\":\"https:\/\/www.ncheurope.com\/sv\/\"},{\"@type\":\"ListItem\",\"position\":2,\"name\":\"Policy f\u00f6r bek\u00e4mpning av slaveri och m\u00e4nniskohandel\"}]},{\"@type\":\"WebSite\",\"@id\":\"https:\/\/www.ncheurope.com\/en\/#website\",\"url\":\"https:\/\/www.ncheurope.com\/en\/\",\"name\":\"NCH Europe\",\"description\":\"\",\"publisher\":{\"@id\":\"https:\/\/www.ncheurope.com\/en\/#organization\"},\"potentialAction\":[{\"@type\":\"SearchAction\",\"target\":{\"@type\":\"EntryPoint\",\"urlTemplate\":\"https:\/\/www.ncheurope.com\/en\/?s={search_term_string}\"},\"query-input\":{\"@type\":\"PropertyValueSpecification\",\"valueRequired\":true,\"valueName\":\"search_term_string\"}}],\"inLanguage\":\"sv-SE\"},{\"@type\":\"Organization\",\"@id\":\"https:\/\/www.ncheurope.com\/en\/#organization\",\"name\":\"NCH Europe\",\"url\":\"https:\/\/www.ncheurope.com\/en\/\",\"logo\":{\"@type\":\"ImageObject\",\"inLanguage\":\"sv-SE\",\"@id\":\"https:\/\/www.ncheurope.com\/en\/#\/schema\/logo\/image\/\",\"url\":\"https:\/\/www.ncheurope.com\/wp-content\/uploads\/2023\/11\/nch-logo-gradient.webp\",\"contentUrl\":\"https:\/\/www.ncheurope.com\/wp-content\/uploads\/2023\/11\/nch-logo-gradient.webp\",\"width\":120,\"height\":120,\"caption\":\"NCH Europe\"},\"image\":{\"@id\":\"https:\/\/www.ncheurope.com\/en\/#\/schema\/logo\/image\/\"},\"sameAs\":[\"https:\/\/www.facebook.com\/ncheurope\",\"https:\/\/x.com\/NCH_Europe\"]}]}<\/script>\n<!-- \/ Yoast SEO Premium plugin. -->","yoast_head_json":{"title":"Policy f\u00f6r bek\u00e4mpning av slaveri och m\u00e4nniskohandel - NCH Europe","robots":{"index":"index","follow":"follow","max-snippet":"max-snippet:-1","max-image-preview":"max-image-preview:large","max-video-preview":"max-video-preview:-1"},"canonical":"https:\/\/www.ncheurope.com\/sv\/policy-for-bekampning-av-slaveri-och-manniskohandel\/","og_locale":"sv_SE","og_type":"article","og_title":"Policy f\u00f6r bek\u00e4mpning av slaveri och m\u00e4nniskohandel","og_url":"https:\/\/www.ncheurope.com\/sv\/policy-for-bekampning-av-slaveri-och-manniskohandel\/","og_site_name":"NCH Europe","article_publisher":"https:\/\/www.facebook.com\/ncheurope","article_modified_time":"2024-04-10T09:24:27+00:00","twitter_card":"summary_large_image","twitter_site":"@NCH_Europe","schema":{"@context":"https:\/\/schema.org","@graph":[{"@type":"WebPage","@id":"https:\/\/www.ncheurope.com\/sv\/policy-for-bekampning-av-slaveri-och-manniskohandel\/","url":"https:\/\/www.ncheurope.com\/sv\/policy-for-bekampning-av-slaveri-och-manniskohandel\/","name":"Policy f\u00f6r bek\u00e4mpning av slaveri och m\u00e4nniskohandel - NCH Europe","isPartOf":{"@id":"https:\/\/www.ncheurope.com\/en\/#website"},"datePublished":"2023-08-04T11:54:48+00:00","dateModified":"2024-04-10T09:24:27+00:00","breadcrumb":{"@id":"https:\/\/www.ncheurope.com\/sv\/policy-for-bekampning-av-slaveri-och-manniskohandel\/#breadcrumb"},"inLanguage":"sv-SE","potentialAction":[{"@type":"ReadAction","target":["https:\/\/www.ncheurope.com\/sv\/policy-for-bekampning-av-slaveri-och-manniskohandel\/"]}]},{"@type":"BreadcrumbList","@id":"https:\/\/www.ncheurope.com\/sv\/policy-for-bekampning-av-slaveri-och-manniskohandel\/#breadcrumb","itemListElement":[{"@type":"ListItem","position":1,"name":"Hemsida","item":"https:\/\/www.ncheurope.com\/sv\/"},{"@type":"ListItem","position":2,"name":"Policy f\u00f6r bek\u00e4mpning av slaveri och m\u00e4nniskohandel"}]},{"@type":"WebSite","@id":"https:\/\/www.ncheurope.com\/en\/#website","url":"https:\/\/www.ncheurope.com\/en\/","name":"NCH Europe","description":"","publisher":{"@id":"https:\/\/www.ncheurope.com\/en\/#organization"},"potentialAction":[{"@type":"SearchAction","target":{"@type":"EntryPoint","urlTemplate":"https:\/\/www.ncheurope.com\/en\/?s={search_term_string}"},"query-input":{"@type":"PropertyValueSpecification","valueRequired":true,"valueName":"search_term_string"}}],"inLanguage":"sv-SE"},{"@type":"Organization","@id":"https:\/\/www.ncheurope.com\/en\/#organization","name":"NCH Europe","url":"https:\/\/www.ncheurope.com\/en\/","logo":{"@type":"ImageObject","inLanguage":"sv-SE","@id":"https:\/\/www.ncheurope.com\/en\/#\/schema\/logo\/image\/","url":"https:\/\/www.ncheurope.com\/wp-content\/uploads\/2023\/11\/nch-logo-gradient.webp","contentUrl":"https:\/\/www.ncheurope.com\/wp-content\/uploads\/2023\/11\/nch-logo-gradient.webp","width":120,"height":120,"caption":"NCH Europe"},"image":{"@id":"https:\/\/www.ncheurope.com\/en\/#\/schema\/logo\/image\/"},"sameAs":["https:\/\/www.facebook.com\/ncheurope","https:\/\/x.com\/NCH_Europe"]}]}},"_links":{"self":[{"href":"https:\/\/www.ncheurope.com\/sv\/wp-json\/wp\/v2\/pages\/50618","targetHints":{"allow":["GET"]}}],"collection":[{"href":"https:\/\/www.ncheurope.com\/sv\/wp-json\/wp\/v2\/pages"}],"about":[{"href":"https:\/\/www.ncheurope.com\/sv\/wp-json\/wp\/v2\/types\/page"}],"author":[{"embeddable":true,"href":"https:\/\/www.ncheurope.com\/sv\/wp-json\/wp\/v2\/users\/1"}],"replies":[{"embeddable":true,"href":"https:\/\/www.ncheurope.com\/sv\/wp-json\/wp\/v2\/comments?post=50618"}],"version-history":[{"count":3,"href":"https:\/\/www.ncheurope.com\/sv\/wp-json\/wp\/v2\/pages\/50618\/revisions"}],"predecessor-version":[{"id":50634,"href":"https:\/\/www.ncheurope.com\/sv\/wp-json\/wp\/v2\/pages\/50618\/revisions\/50634"}],"wp:attachment":[{"href":"https:\/\/www.ncheurope.com\/sv\/wp-json\/wp\/v2\/media?parent=50618"}],"curies":[{"name":"wp","href":"https:\/\/api.w.org\/{rel}","templated":true}]}}