{"id":67628,"date":"2025-02-13T12:06:14","date_gmt":"2025-02-13T12:06:14","guid":{"rendered":"https:\/\/www.ncheurope.com\/?page_id=67628"},"modified":"2025-02-13T12:25:58","modified_gmt":"2025-02-13T12:25:58","slug":"povolenia-odpady","status":"publish","type":"page","link":"https:\/\/www.ncheurope.com\/sk\/povolenia-odpady\/","title":{"rendered":"Povolenia odpady"},"content":{"rendered":"\n<div class=\"internal-banner-block relative primaryBlue paddingBottomNone bg-no-repeat pt-[128px] bg-white bg-[url('assets\/images\/background-shape.png')] bg-right-bottom bg-contain\" >\n        <div class=\"container relative z-10\">\n        <div class=\"breadcrumb-container mb-[60px] md:mb-[103px] hidden md:block\">\n            <p class=\"text-darkXs !mb-0 !text-[12px] flex flex-row items-center\">You are here: <a class=\"!font-regular mx-2\" href=\"https:\/\/www.ncheurope.com\/sk\/\">Domovsk\u00e1 str\u00e1nka<\/a> \/ <span class=\"ml-2 font-semibold\">Povolenia odpady<\/span><\/p>\n        <\/div>\n\n        <div class=\"content-container flex flex-col-reverse md:flex-row flex-wrap justify-between\">\n\n                            <div class=\"text-container md:basis-8\/12\">\n                    <h1 class=\"heading-1 text-primaryBlue\">Povolenia odpady<\/h1>                    <p class=\"text-darkBase !mb-0\">Na ni\u017e\u0161ie uveden\u00fdch odkazoch si m\u00f4\u017eete stiahnu\u0165 s\u00fabory PDF obsahuj\u00face na\u0161e povolenia na nakladanie s odpadmi.<\/p>                                    <\/div>\n            \n                    <\/div>\n    <\/div>\n<\/div>\n\n\n<div class=\"accordion-block relative primaryBlue paddingTopLarge paddingBottomLarge bg-white\">\n    <div class=\"container flex flex-row flex-wrap\">\n        \n        <!-- Accordion Start -->       \n                    <div class=\"accordion-container flex flex-row flex-wrap basis-full\">     \n                                <div class=\"accordion-item border border-primaryOffWhite bg-white basis-full mb-2\">\n                    <div class=\"accordion-header hover:cursor-pointer py-[28px] px-[40px] flex flex-row justify-between items-center\">\n                        <h5 class=\"text-primaryBlue heading-5 !mb-0\">Okr.Urad Bratislava registr\u00e1cia <\/h5>\n                        <i class=\"bg-[url('assets\/images\/upwards-arrow-white.png')] bg-center bg-[length:11px_11px] bg-no-repeat bg-primaryBlue block rounded-full min-w-[30px] w-[30px] h-[30px] rotate-[135deg]\"><\/i>\n                    <\/div>\n\n                    <div class=\"accordion-content hidden pb-[28px] px-[40px]\">\n                        <p class=\"text-darkBase !mb-0\"><p><span style=\"text-decoration: underline;\"><a href=\"https:\/\/www.ncheurope.com\/wp-content\/uploads\/2025\/02\/Okr.Urad_Bratislava_registracia_2019.pdf\">Okr.Urad Bratislava registr\u00e1cia 2019<\/a><\/span><\/p>\n<p><span style=\"text-decoration: underline;\"><a href=\"https:\/\/www.ncheurope.com\/wp-content\/uploads\/2025\/02\/Okr.Urad_Bratislava_registracia_2022.pdf\">Okr.Urad Bratislava registr\u00e1cia 2022<\/a><\/span><\/p>\n<\/p>\n                                            <\/div>\n                <\/div>\n\n                                <div class=\"accordion-item border border-primaryOffWhite bg-white basis-full mb-2\">\n                    <div class=\"accordion-header hover:cursor-pointer py-[28px] px-[40px] flex flex-row justify-between items-center\">\n                        <h5 class=\"text-primaryBlue heading-5 !mb-0\">Okr \u00farad Detva<\/h5>\n                        <i class=\"bg-[url('assets\/images\/upwards-arrow-white.png')] bg-center bg-[length:11px_11px] bg-no-repeat bg-primaryBlue block rounded-full min-w-[30px] w-[30px] h-[30px] rotate-[135deg]\"><\/i>\n                    <\/div>\n\n                    <div class=\"accordion-content hidden pb-[28px] px-[40px]\">\n                        <p class=\"text-darkBase !mb-0\"><p><span style=\"text-decoration: underline;\"><a href=\"https:\/\/www.ncheurope.com\/wp-content\/uploads\/2025\/02\/Okr_urad_Detva_prevadzkovanie_zariadenia_2020_OSZP_2020001256_005.pdf\">Okr \u00farad Detva prevadzkovanie zariadenia 2020 OSZP 2020001256 005<\/a><\/span><\/p>\n<p><span style=\"text-decoration: underline;\"><a href=\"https:\/\/www.ncheurope.com\/wp-content\/uploads\/2025\/02\/Okr_urad_Detva_zber_2016_OU_DT_OSZP_2016_000600_ROJ.pdf\">Okr urad Detva zber 2016 OU DT OSZP 2016 000600 ROJ<\/a><\/span><\/p>\n<p><span style=\"text-decoration: underline;\"><a href=\"https:\/\/www.ncheurope.com\/wp-content\/uploads\/2025\/02\/Okr_urad_Detva_zber_zmena_2017_OU_DT_OSZP_2017_001007_ROJ_I.pdf\">Okr urad Detva zber zmena 2017 OU DT OSZP 2017 001007 ROJ I<\/a><\/span><\/p>\n<p><span style=\"text-decoration: underline;\"><a href=\"https:\/\/www.ncheurope.com\/wp-content\/uploads\/2025\/02\/Okr_urad_Detva_zber_zmena_OU-DT-OSZP-2022_000864-003.pdf\">Okr urad Detva zber zmena OU-DT-OSZP-2022 000864-003<\/a><\/span><\/p>\n<\/p>\n                                            <\/div>\n                <\/div>\n\n                            <\/div>\n                <!-- Accordion End -->\n    <\/div>\n<\/div>","protected":false},"excerpt":{"rendered":"","protected":false},"author":1,"featured_media":0,"parent":0,"menu_order":0,"comment_status":"closed","ping_status":"closed","template":"","meta":{"_acf_changed":false,"footnotes":""},"class_list":["post-67628","page","type-page","status-publish","hentry"],"acf":[],"yoast_head":"<!-- This site is optimized with the Yoast SEO Premium plugin v21.7 (Yoast SEO v27.2) - https:\/\/yoast.com\/product\/yoast-seo-premium-wordpress\/ -->\n<title>Povolenia odpady - NCH Europe<\/title>\n<meta name=\"description\" content=\"PDFs der Abfallgenehmigungen f\u00fcr NCH Slovakia anzeigen\" class=\"yoast-seo-meta-tag\" \/>\n<meta name=\"robots\" content=\"index, follow, max-snippet:-1, max-image-preview:large, max-video-preview:-1\" \/>\n<link rel=\"canonical\" href=\"https:\/\/www.ncheurope.com\/sk\/povolenia-odpady\/\" class=\"yoast-seo-meta-tag\" \/>\n<meta property=\"og:locale\" content=\"sk_SK\" class=\"yoast-seo-meta-tag\" \/>\n<meta property=\"og:type\" content=\"article\" class=\"yoast-seo-meta-tag\" \/>\n<meta property=\"og:title\" content=\"Povolenia odpady\" class=\"yoast-seo-meta-tag\" \/>\n<meta property=\"og:description\" content=\"PDFs der Abfallgenehmigungen f\u00fcr NCH Slovakia anzeigen\" class=\"yoast-seo-meta-tag\" \/>\n<meta property=\"og:url\" content=\"https:\/\/www.ncheurope.com\/sk\/povolenia-odpady\/\" class=\"yoast-seo-meta-tag\" \/>\n<meta property=\"og:site_name\" content=\"NCH Europe\" class=\"yoast-seo-meta-tag\" \/>\n<meta property=\"article:publisher\" content=\"https:\/\/www.facebook.com\/ncheurope\" class=\"yoast-seo-meta-tag\" \/>\n<meta property=\"article:modified_time\" content=\"2025-02-13T12:25:58+00:00\" class=\"yoast-seo-meta-tag\" \/>\n<meta name=\"twitter:card\" content=\"summary_large_image\" class=\"yoast-seo-meta-tag\" \/>\n<meta name=\"twitter:site\" content=\"@NCH_Europe\" class=\"yoast-seo-meta-tag\" \/>\n<script type=\"application\/ld+json\" class=\"yoast-schema-graph\">{\"@context\":\"https:\/\/schema.org\",\"@graph\":[{\"@type\":\"WebPage\",\"@id\":\"https:\/\/www.ncheurope.com\/sk\/povolenia-odpady\/\",\"url\":\"https:\/\/www.ncheurope.com\/sk\/povolenia-odpady\/\",\"name\":\"Povolenia odpady - NCH Europe\",\"isPartOf\":{\"@id\":\"https:\/\/www.ncheurope.com\/en\/#website\"},\"datePublished\":\"2025-02-13T12:06:14+00:00\",\"dateModified\":\"2025-02-13T12:25:58+00:00\",\"description\":\"PDFs der Abfallgenehmigungen f\u00fcr NCH Slovakia anzeigen\",\"breadcrumb\":{\"@id\":\"https:\/\/www.ncheurope.com\/sk\/povolenia-odpady\/#breadcrumb\"},\"inLanguage\":\"sk-SK\",\"potentialAction\":[{\"@type\":\"ReadAction\",\"target\":[\"https:\/\/www.ncheurope.com\/sk\/povolenia-odpady\/\"]}]},{\"@type\":\"BreadcrumbList\",\"@id\":\"https:\/\/www.ncheurope.com\/sk\/povolenia-odpady\/#breadcrumb\",\"itemListElement\":[{\"@type\":\"ListItem\",\"position\":1,\"name\":\"Domovsk\u00e1 str\u00e1nka\",\"item\":\"https:\/\/www.ncheurope.com\/sk\/\"},{\"@type\":\"ListItem\",\"position\":2,\"name\":\"Povolenia odpady\"}]},{\"@type\":\"WebSite\",\"@id\":\"https:\/\/www.ncheurope.com\/en\/#website\",\"url\":\"https:\/\/www.ncheurope.com\/en\/\",\"name\":\"NCH Europe\",\"description\":\"\",\"publisher\":{\"@id\":\"https:\/\/www.ncheurope.com\/en\/#organization\"},\"potentialAction\":[{\"@type\":\"SearchAction\",\"target\":{\"@type\":\"EntryPoint\",\"urlTemplate\":\"https:\/\/www.ncheurope.com\/en\/?s={search_term_string}\"},\"query-input\":{\"@type\":\"PropertyValueSpecification\",\"valueRequired\":true,\"valueName\":\"search_term_string\"}}],\"inLanguage\":\"sk-SK\"},{\"@type\":\"Organization\",\"@id\":\"https:\/\/www.ncheurope.com\/en\/#organization\",\"name\":\"NCH Europe\",\"url\":\"https:\/\/www.ncheurope.com\/en\/\",\"logo\":{\"@type\":\"ImageObject\",\"inLanguage\":\"sk-SK\",\"@id\":\"https:\/\/www.ncheurope.com\/en\/#\/schema\/logo\/image\/\",\"url\":\"https:\/\/www.ncheurope.com\/wp-content\/uploads\/2023\/11\/nch-logo-gradient.webp\",\"contentUrl\":\"https:\/\/www.ncheurope.com\/wp-content\/uploads\/2023\/11\/nch-logo-gradient.webp\",\"width\":120,\"height\":120,\"caption\":\"NCH Europe\"},\"image\":{\"@id\":\"https:\/\/www.ncheurope.com\/en\/#\/schema\/logo\/image\/\"},\"sameAs\":[\"https:\/\/www.facebook.com\/ncheurope\",\"https:\/\/x.com\/NCH_Europe\"]}]}<\/script>\n<!-- \/ Yoast SEO Premium plugin. -->","yoast_head_json":{"title":"Povolenia odpady - NCH Europe","description":"PDFs der Abfallgenehmigungen f\u00fcr NCH Slovakia anzeigen","robots":{"index":"index","follow":"follow","max-snippet":"max-snippet:-1","max-image-preview":"max-image-preview:large","max-video-preview":"max-video-preview:-1"},"canonical":"https:\/\/www.ncheurope.com\/sk\/povolenia-odpady\/","og_locale":"sk_SK","og_type":"article","og_title":"Povolenia odpady","og_description":"PDFs der Abfallgenehmigungen f\u00fcr NCH Slovakia anzeigen","og_url":"https:\/\/www.ncheurope.com\/sk\/povolenia-odpady\/","og_site_name":"NCH Europe","article_publisher":"https:\/\/www.facebook.com\/ncheurope","article_modified_time":"2025-02-13T12:25:58+00:00","twitter_card":"summary_large_image","twitter_site":"@NCH_Europe","schema":{"@context":"https:\/\/schema.org","@graph":[{"@type":"WebPage","@id":"https:\/\/www.ncheurope.com\/sk\/povolenia-odpady\/","url":"https:\/\/www.ncheurope.com\/sk\/povolenia-odpady\/","name":"Povolenia odpady - NCH Europe","isPartOf":{"@id":"https:\/\/www.ncheurope.com\/en\/#website"},"datePublished":"2025-02-13T12:06:14+00:00","dateModified":"2025-02-13T12:25:58+00:00","description":"PDFs der Abfallgenehmigungen f\u00fcr NCH Slovakia anzeigen","breadcrumb":{"@id":"https:\/\/www.ncheurope.com\/sk\/povolenia-odpady\/#breadcrumb"},"inLanguage":"sk-SK","potentialAction":[{"@type":"ReadAction","target":["https:\/\/www.ncheurope.com\/sk\/povolenia-odpady\/"]}]},{"@type":"BreadcrumbList","@id":"https:\/\/www.ncheurope.com\/sk\/povolenia-odpady\/#breadcrumb","itemListElement":[{"@type":"ListItem","position":1,"name":"Domovsk\u00e1 str\u00e1nka","item":"https:\/\/www.ncheurope.com\/sk\/"},{"@type":"ListItem","position":2,"name":"Povolenia odpady"}]},{"@type":"WebSite","@id":"https:\/\/www.ncheurope.com\/en\/#website","url":"https:\/\/www.ncheurope.com\/en\/","name":"NCH Europe","description":"","publisher":{"@id":"https:\/\/www.ncheurope.com\/en\/#organization"},"potentialAction":[{"@type":"SearchAction","target":{"@type":"EntryPoint","urlTemplate":"https:\/\/www.ncheurope.com\/en\/?s={search_term_string}"},"query-input":{"@type":"PropertyValueSpecification","valueRequired":true,"valueName":"search_term_string"}}],"inLanguage":"sk-SK"},{"@type":"Organization","@id":"https:\/\/www.ncheurope.com\/en\/#organization","name":"NCH Europe","url":"https:\/\/www.ncheurope.com\/en\/","logo":{"@type":"ImageObject","inLanguage":"sk-SK","@id":"https:\/\/www.ncheurope.com\/en\/#\/schema\/logo\/image\/","url":"https:\/\/www.ncheurope.com\/wp-content\/uploads\/2023\/11\/nch-logo-gradient.webp","contentUrl":"https:\/\/www.ncheurope.com\/wp-content\/uploads\/2023\/11\/nch-logo-gradient.webp","width":120,"height":120,"caption":"NCH Europe"},"image":{"@id":"https:\/\/www.ncheurope.com\/en\/#\/schema\/logo\/image\/"},"sameAs":["https:\/\/www.facebook.com\/ncheurope","https:\/\/x.com\/NCH_Europe"]}]}},"_links":{"self":[{"href":"https:\/\/www.ncheurope.com\/sk\/wp-json\/wp\/v2\/pages\/67628","targetHints":{"allow":["GET"]}}],"collection":[{"href":"https:\/\/www.ncheurope.com\/sk\/wp-json\/wp\/v2\/pages"}],"about":[{"href":"https:\/\/www.ncheurope.com\/sk\/wp-json\/wp\/v2\/types\/page"}],"author":[{"embeddable":true,"href":"https:\/\/www.ncheurope.com\/sk\/wp-json\/wp\/v2\/users\/1"}],"replies":[{"embeddable":true,"href":"https:\/\/www.ncheurope.com\/sk\/wp-json\/wp\/v2\/comments?post=67628"}],"version-history":[{"count":10,"href":"https:\/\/www.ncheurope.com\/sk\/wp-json\/wp\/v2\/pages\/67628\/revisions"}],"predecessor-version":[{"id":67763,"href":"https:\/\/www.ncheurope.com\/sk\/wp-json\/wp\/v2\/pages\/67628\/revisions\/67763"}],"wp:attachment":[{"href":"https:\/\/www.ncheurope.com\/sk\/wp-json\/wp\/v2\/media?parent=67628"}],"curies":[{"name":"wp","href":"https:\/\/api.w.org\/{rel}","templated":true}]}}