{"id":53367,"date":"2024-06-12T11:56:37","date_gmt":"2024-06-12T11:56:37","guid":{"rendered":"https:\/\/www.ncheurope.com\/dakujeme-euros\/"},"modified":"2024-06-13T07:39:01","modified_gmt":"2024-06-13T07:39:01","slug":"dakujeme-euros","status":"publish","type":"page","link":"https:\/\/www.ncheurope.com\/sk\/dakujeme-euros\/","title":{"rendered":"\u010eakujeme Euros"},"content":{"rendered":"\n<div class=\"internal-banner-block relative primaryBlue paddingBottomXLarge bg-no-repeat pt-[128px] bg-white bg-[url('assets\/images\/background-shape.png')] bg-right-bottom bg-contain\" >\n        <div class=\"container relative z-10\">\n        <div class=\"breadcrumb-container mb-[60px] md:mb-[103px] hidden md:block\">\n            <p class=\"text-darkXs !mb-0 !text-[12px] flex flex-row items-center\">You are here: <a class=\"!font-regular mx-2\" href=\"https:\/\/www.ncheurope.com\/sk\/\">Domovsk\u00e1 str\u00e1nka<\/a> \/ <span class=\"ml-2 font-semibold\">\u010eakujeme Euros<\/span><\/p>\n        <\/div>\n\n        <div class=\"content-container flex flex-col-reverse md:flex-row flex-wrap justify-between\">\n\n                            <div class=\"text-container md:basis-8\/12\">\n                    <h1 class=\"heading-1 text-primaryBlue\">\u010eakujeme v\u00e1m za \u00fa\u010das\u0165 v s\u00fa\u0165a\u017ei<\/h1>                    <p class=\"text-darkBase !mb-0\">\u010clen n\u00e1\u0161ho t\u00edmu v\u00e1s bude \u010doskoro kontaktova\u0165. Ak potrebujete s niek\u00fdm naliehavo hovori\u0165, nav\u0161t\u00edvte na\u0161u str\u00e1nku Kontakt, kde n\u00e1jdete \u00fapln\u00fd zoznam telef\u00f3nnych \u010d\u00edsel a e-mailov\u00fdch adries.  <\/p>                                            <a href=\"https:\/\/www.ncheurope.com\/sk\/\" class=\"button button--primaryBlue mt-[32px]\">Vr\u00e1\u0165te sa na domov<\/a>\n                                    <\/div>\n            \n                    <\/div>\n    <\/div>\n<\/div>\n    <div class=\"related-cards-block box-content relative bg-white paddingTopLarge paddingBottomLarge primaryBlue\">\n        <div class=\"container flex flex-col\">\n            <!-- Start Text Section -->\n            <div class=\"flex flex-row flex-wrap justify-between items-end relative z-10 pb-[60px]\">\n                <h2 class=\"heading-2 basis-full text-primaryBlue\">Pozrite si na\u0161e aplik\u00e1cie  <\/h2>                <p class=\"text-darkBase basis-full lg:basis-8\/12 !mb-0\">Zistite viac o rie\u0161eniach, produktoch a slu\u017eb\u00e1ch, ktor\u00e9 pon\u00faka spolo\u010dnos\u0165 NCH Europe. Od priemyselnej \u00fadr\u017eby a spr\u00e1vy zariaden\u00ed a\u017e po \u010distenie dielov a mazanie strojov a zariaden\u00ed. M\u00e1me viac ako 100 rokov sk\u00fasenost\u00ed s poskytovan\u00edm rie\u0161en\u00ed, ktor\u00e9 na\u0161i z\u00e1kazn\u00edci potrebuj\u00fa.  <\/p>                                    <a href=\"https:\/\/www.ncheurope.com\/en\/applications\/\" class=\"button button--primaryBlue hover:bg-primaryBlue hover:text-white relative mt-[24px] lg:mt-0\">Presk\u00famajte na\u0161e aplik\u00e1cie<\/a>\n                            <\/div>\n            <!-- End Text Section -->\n            \n            <!-- Start Related Cards Section -->\n            \n                            <div class=\" flex flex-row flex-wrap\">\n                                                                        <div class=\"related-card max-w-full md:max-w-[calc(50%-4px)] lg:max-w-[calc(25%-8px)] w-full px-2 pt-2 pb-8 mr-0 md:odd:mr-2 lg:mr-2 mb-10 relative bg-white shadow-[0_10px_10px_0_rgba(109,106,112,0.15)] border border-primaryOffWhite\">\n                                <div class=\"blog-image relative bg-center bg-no-repeat bg-cover min-h-[216px] mb-6\" style=\"background-image: url('https:\/\/www.ncheurope.com\/wp-content\/uploads\/2023\/07\/Maintenance-home.jpg')\"><\/div>\n                                <div class=\"flex flex-col items-start px-6\">\n                                    <h6 class=\"heading-6 text-primaryBlue z-10 relative !mb-4\">\u00dadr\u017eba <\/h6>\n                                    <p class=\"text-darkSm z-10 relative !mb-5\">Odborn\u00edci na priemyseln\u00fa \u00fadr\u017ebu udr\u017eiavaj\u00fa va\u0161e zariadenia a stroje v efekt\u00edvnom a \u00fa\u010dinnom chode pomocou najnov\u0161\u00edch rie\u0161en\u00ed.<\/p>\n                                    <a href=\"https:\/\/www.ncheurope.com\/en\/applications\/maintenance\/\" class=\"button button--secondary button--primaryBlue\">Zisti\u0165 viac<\/a>\n                                <\/div>\n                            <\/div>\n                                                                                                <div class=\"related-card max-w-full md:max-w-[calc(50%-4px)] lg:max-w-[calc(25%-8px)] w-full px-2 pt-2 pb-8 mr-0 md:odd:mr-2 lg:mr-2 mb-10 relative bg-white shadow-[0_10px_10px_0_rgba(109,106,112,0.15)] border border-primaryOffWhite\">\n                                <div class=\"blog-image relative bg-center bg-no-repeat bg-cover min-h-[216px] mb-6\" style=\"background-image: url('https:\/\/www.ncheurope.com\/wp-content\/uploads\/2023\/07\/Facilities-home.jpg')\"><\/div>\n                                <div class=\"flex flex-col items-start px-6\">\n                                    <h6 class=\"heading-6 text-primaryBlue z-10 relative !mb-4\">Zariadenia  <\/h6>\n                                    <p class=\"text-darkSm z-10 relative !mb-5\">Odborn\u00edci na odpadov\u00e9 vody a z\u00e1pach pre va\u0161e pohostinsk\u00e9 a priemyseln\u00e9 zariadenia. Poskytujeme patentovan\u00e9 rie\u0161enia \u0161etrn\u00e9 k \u017eivotn\u00e9mu prostrediu.<\/p>\n                                    <a href=\"https:\/\/www.ncheurope.com\/en\/applications\/facilities\/\" class=\"button button--secondary button--primaryBlue\">Zisti\u0165 viac<\/a>\n                                <\/div>\n                            <\/div>\n                                                                                                <div class=\"related-card max-w-full md:max-w-[calc(50%-4px)] lg:max-w-[calc(25%-8px)] w-full px-2 pt-2 pb-8 mr-0 md:odd:mr-2 lg:mr-2 mb-10 relative bg-white shadow-[0_10px_10px_0_rgba(109,106,112,0.15)] border border-primaryOffWhite\">\n                                <div class=\"blog-image relative bg-center bg-no-repeat bg-cover min-h-[216px] mb-6\" style=\"background-image: url('https:\/\/www.ncheurope.com\/wp-content\/uploads\/2023\/07\/Parts-Cleaning-home.jpg')\"><\/div>\n                                <div class=\"flex flex-col items-start px-6\">\n                                    <h6 class=\"heading-6 text-primaryBlue z-10 relative !mb-4\">\u010cistenie dielov<\/h6>\n                                    <p class=\"text-darkSm z-10 relative !mb-5\">Svetov\u00fd l\u00edder v oblasti integrovan\u00fdch slu\u017eieb povrchovej \u00fapravy, \u010distenia a odmas\u0165ovania, ktor\u00fd zabezpe\u010duje vysok\u00fa produktivitu a s\u00falad s po\u017eiadavkami na&hellip;<\/p>\n                                    <a href=\"https:\/\/www.ncheurope.com\/en\/applications\/parts-cleaning\/\" class=\"button button--secondary button--primaryBlue\">Zisti\u0165 viac<\/a>\n                                <\/div>\n                            <\/div>\n                                                                                                <div class=\"related-card max-w-full md:max-w-[calc(50%-4px)] lg:max-w-[calc(25%-8px)] w-full px-2 pt-2 pb-8 mr-0 md:odd:mr-2 lg:mr-2 mb-10 relative bg-white shadow-[0_10px_10px_0_rgba(109,106,112,0.15)] border border-primaryOffWhite\">\n                                <div class=\"blog-image relative bg-center bg-no-repeat bg-cover min-h-[216px] mb-6\" style=\"background-image: url('https:\/\/www.ncheurope.com\/wp-content\/uploads\/2023\/07\/Lubricants-home.jpg')\"><\/div>\n                                <div class=\"flex flex-col items-start px-6\">\n                                    <h6 class=\"heading-6 text-primaryBlue z-10 relative !mb-4\">Maziv\u00e1 <\/h6>\n                                    <p class=\"text-darkSm z-10 relative !mb-5\">Odborn\u00edci na pokro\u010dil\u00e9 mazacie technol\u00f3gie od roku 1948; dod\u00e1vaj\u00fa plastick\u00e9 maziv\u00e1, oleje a najnov\u0161ie technol\u00f3gie adit\u00edv.<\/p>\n                                    <a href=\"https:\/\/www.ncheurope.com\/en\/applications\/lubricants\/\" class=\"button button--secondary button--primaryBlue\">Zisti\u0165 viac<\/a>\n                                <\/div>\n                            <\/div>\n                                                            <\/div>\n                        \n            <!-- End Related Cards Section -->\n        <\/div>\n\n    <\/div>","protected":false},"excerpt":{"rendered":"","protected":false},"author":1,"featured_media":0,"parent":0,"menu_order":0,"comment_status":"closed","ping_status":"closed","template":"","meta":{"_acf_changed":false,"footnotes":""},"class_list":["post-53367","page","type-page","status-publish","hentry"],"acf":[],"yoast_head":"<!-- This site is optimized with the Yoast SEO Premium plugin v21.7 (Yoast SEO v27.5) - https:\/\/yoast.com\/product\/yoast-seo-premium-wordpress\/ -->\n<title>\u010eakujeme Euros - NCH Europe<\/title>\n<meta name=\"robots\" content=\"index, follow, max-snippet:-1, max-image-preview:large, max-video-preview:-1\" \/>\n<link rel=\"canonical\" href=\"https:\/\/www.ncheurope.com\/sk\/dakujeme-euros\/\" class=\"yoast-seo-meta-tag\" \/>\n<meta property=\"og:locale\" content=\"sk_SK\" class=\"yoast-seo-meta-tag\" \/>\n<meta property=\"og:type\" content=\"article\" class=\"yoast-seo-meta-tag\" \/>\n<meta property=\"og:title\" content=\"\u010eakujeme Euros\" class=\"yoast-seo-meta-tag\" \/>\n<meta property=\"og:url\" content=\"https:\/\/www.ncheurope.com\/sk\/dakujeme-euros\/\" class=\"yoast-seo-meta-tag\" \/>\n<meta property=\"og:site_name\" content=\"NCH Europe\" class=\"yoast-seo-meta-tag\" \/>\n<meta property=\"article:publisher\" content=\"https:\/\/www.facebook.com\/ncheurope\" class=\"yoast-seo-meta-tag\" \/>\n<meta property=\"article:modified_time\" content=\"2024-06-13T07:39:01+00:00\" class=\"yoast-seo-meta-tag\" \/>\n<meta name=\"twitter:card\" content=\"summary_large_image\" class=\"yoast-seo-meta-tag\" \/>\n<meta name=\"twitter:site\" content=\"@NCH_Europe\" class=\"yoast-seo-meta-tag\" \/>\n<script type=\"application\/ld+json\" class=\"yoast-schema-graph\">{\"@context\":\"https:\\\/\\\/schema.org\",\"@graph\":[{\"@type\":\"WebPage\",\"@id\":\"https:\\\/\\\/www.ncheurope.com\\\/sk\\\/dakujeme-euros\\\/\",\"url\":\"https:\\\/\\\/www.ncheurope.com\\\/sk\\\/dakujeme-euros\\\/\",\"name\":\"\u010eakujeme Euros - NCH Europe\",\"isPartOf\":{\"@id\":\"https:\\\/\\\/www.ncheurope.com\\\/en\\\/#website\"},\"datePublished\":\"2024-06-12T11:56:37+00:00\",\"dateModified\":\"2024-06-13T07:39:01+00:00\",\"breadcrumb\":{\"@id\":\"https:\\\/\\\/www.ncheurope.com\\\/sk\\\/dakujeme-euros\\\/#breadcrumb\"},\"inLanguage\":\"sk-SK\",\"potentialAction\":[{\"@type\":\"ReadAction\",\"target\":[\"https:\\\/\\\/www.ncheurope.com\\\/sk\\\/dakujeme-euros\\\/\"]}]},{\"@type\":\"BreadcrumbList\",\"@id\":\"https:\\\/\\\/www.ncheurope.com\\\/sk\\\/dakujeme-euros\\\/#breadcrumb\",\"itemListElement\":[{\"@type\":\"ListItem\",\"position\":1,\"name\":\"Domovsk\u00e1 str\u00e1nka\",\"item\":\"https:\\\/\\\/www.ncheurope.com\\\/sk\\\/\"},{\"@type\":\"ListItem\",\"position\":2,\"name\":\"\u010eakujeme Euros\"}]},{\"@type\":\"WebSite\",\"@id\":\"https:\\\/\\\/www.ncheurope.com\\\/en\\\/#website\",\"url\":\"https:\\\/\\\/www.ncheurope.com\\\/en\\\/\",\"name\":\"NCH Europe\",\"description\":\"\",\"publisher\":{\"@id\":\"https:\\\/\\\/www.ncheurope.com\\\/en\\\/#organization\"},\"potentialAction\":[{\"@type\":\"SearchAction\",\"target\":{\"@type\":\"EntryPoint\",\"urlTemplate\":\"https:\\\/\\\/www.ncheurope.com\\\/en\\\/?s={search_term_string}\"},\"query-input\":{\"@type\":\"PropertyValueSpecification\",\"valueRequired\":true,\"valueName\":\"search_term_string\"}}],\"inLanguage\":\"sk-SK\"},{\"@type\":\"Organization\",\"@id\":\"https:\\\/\\\/www.ncheurope.com\\\/en\\\/#organization\",\"name\":\"NCH Europe\",\"url\":\"https:\\\/\\\/www.ncheurope.com\\\/en\\\/\",\"logo\":{\"@type\":\"ImageObject\",\"inLanguage\":\"sk-SK\",\"@id\":\"https:\\\/\\\/www.ncheurope.com\\\/en\\\/#\\\/schema\\\/logo\\\/image\\\/\",\"url\":\"https:\\\/\\\/www.ncheurope.com\\\/wp-content\\\/uploads\\\/2023\\\/11\\\/nch-logo-gradient.webp\",\"contentUrl\":\"https:\\\/\\\/www.ncheurope.com\\\/wp-content\\\/uploads\\\/2023\\\/11\\\/nch-logo-gradient.webp\",\"width\":120,\"height\":120,\"caption\":\"NCH Europe\"},\"image\":{\"@id\":\"https:\\\/\\\/www.ncheurope.com\\\/en\\\/#\\\/schema\\\/logo\\\/image\\\/\"},\"sameAs\":[\"https:\\\/\\\/www.facebook.com\\\/ncheurope\",\"https:\\\/\\\/x.com\\\/NCH_Europe\"]}]}<\/script>\n<!-- \/ Yoast SEO Premium plugin. -->","yoast_head_json":{"title":"\u010eakujeme Euros - NCH Europe","robots":{"index":"index","follow":"follow","max-snippet":"max-snippet:-1","max-image-preview":"max-image-preview:large","max-video-preview":"max-video-preview:-1"},"canonical":"https:\/\/www.ncheurope.com\/sk\/dakujeme-euros\/","og_locale":"sk_SK","og_type":"article","og_title":"\u010eakujeme Euros","og_url":"https:\/\/www.ncheurope.com\/sk\/dakujeme-euros\/","og_site_name":"NCH Europe","article_publisher":"https:\/\/www.facebook.com\/ncheurope","article_modified_time":"2024-06-13T07:39:01+00:00","twitter_card":"summary_large_image","twitter_site":"@NCH_Europe","schema":{"@context":"https:\/\/schema.org","@graph":[{"@type":"WebPage","@id":"https:\/\/www.ncheurope.com\/sk\/dakujeme-euros\/","url":"https:\/\/www.ncheurope.com\/sk\/dakujeme-euros\/","name":"\u010eakujeme Euros - NCH Europe","isPartOf":{"@id":"https:\/\/www.ncheurope.com\/en\/#website"},"datePublished":"2024-06-12T11:56:37+00:00","dateModified":"2024-06-13T07:39:01+00:00","breadcrumb":{"@id":"https:\/\/www.ncheurope.com\/sk\/dakujeme-euros\/#breadcrumb"},"inLanguage":"sk-SK","potentialAction":[{"@type":"ReadAction","target":["https:\/\/www.ncheurope.com\/sk\/dakujeme-euros\/"]}]},{"@type":"BreadcrumbList","@id":"https:\/\/www.ncheurope.com\/sk\/dakujeme-euros\/#breadcrumb","itemListElement":[{"@type":"ListItem","position":1,"name":"Domovsk\u00e1 str\u00e1nka","item":"https:\/\/www.ncheurope.com\/sk\/"},{"@type":"ListItem","position":2,"name":"\u010eakujeme Euros"}]},{"@type":"WebSite","@id":"https:\/\/www.ncheurope.com\/en\/#website","url":"https:\/\/www.ncheurope.com\/en\/","name":"NCH Europe","description":"","publisher":{"@id":"https:\/\/www.ncheurope.com\/en\/#organization"},"potentialAction":[{"@type":"SearchAction","target":{"@type":"EntryPoint","urlTemplate":"https:\/\/www.ncheurope.com\/en\/?s={search_term_string}"},"query-input":{"@type":"PropertyValueSpecification","valueRequired":true,"valueName":"search_term_string"}}],"inLanguage":"sk-SK"},{"@type":"Organization","@id":"https:\/\/www.ncheurope.com\/en\/#organization","name":"NCH Europe","url":"https:\/\/www.ncheurope.com\/en\/","logo":{"@type":"ImageObject","inLanguage":"sk-SK","@id":"https:\/\/www.ncheurope.com\/en\/#\/schema\/logo\/image\/","url":"https:\/\/www.ncheurope.com\/wp-content\/uploads\/2023\/11\/nch-logo-gradient.webp","contentUrl":"https:\/\/www.ncheurope.com\/wp-content\/uploads\/2023\/11\/nch-logo-gradient.webp","width":120,"height":120,"caption":"NCH Europe"},"image":{"@id":"https:\/\/www.ncheurope.com\/en\/#\/schema\/logo\/image\/"},"sameAs":["https:\/\/www.facebook.com\/ncheurope","https:\/\/x.com\/NCH_Europe"]}]}},"_links":{"self":[{"href":"https:\/\/www.ncheurope.com\/sk\/wp-json\/wp\/v2\/pages\/53367","targetHints":{"allow":["GET"]}}],"collection":[{"href":"https:\/\/www.ncheurope.com\/sk\/wp-json\/wp\/v2\/pages"}],"about":[{"href":"https:\/\/www.ncheurope.com\/sk\/wp-json\/wp\/v2\/types\/page"}],"author":[{"embeddable":true,"href":"https:\/\/www.ncheurope.com\/sk\/wp-json\/wp\/v2\/users\/1"}],"replies":[{"embeddable":true,"href":"https:\/\/www.ncheurope.com\/sk\/wp-json\/wp\/v2\/comments?post=53367"}],"version-history":[{"count":2,"href":"https:\/\/www.ncheurope.com\/sk\/wp-json\/wp\/v2\/pages\/53367\/revisions"}],"predecessor-version":[{"id":53400,"href":"https:\/\/www.ncheurope.com\/sk\/wp-json\/wp\/v2\/pages\/53367\/revisions\/53400"}],"wp:attachment":[{"href":"https:\/\/www.ncheurope.com\/sk\/wp-json\/wp\/v2\/media?parent=53367"}],"curies":[{"name":"wp","href":"https:\/\/api.w.org\/{rel}","templated":true}]}}