{"id":53238,"date":"2024-05-15T09:02:02","date_gmt":"2024-05-15T09:02:02","guid":{"rendered":"https:\/\/www.ncheurope.com\/euro-2024\/"},"modified":"2024-07-15T06:59:13","modified_gmt":"2024-07-15T06:59:13","slug":"euro-2024","status":"publish","type":"page","link":"https:\/\/www.ncheurope.com\/ro\/euro-2024\/","title":{"rendered":"EURO 2024"},"content":{"rendered":"\n<div class=\"internal-banner-block relative primaryBlue paddingBottomLarge bg-no-repeat pt-[128px]  bg-cover bg-center\" style=\"background-image: url('https:\/\/www.ncheurope.com\/wp-content\/uploads\/2024\/06\/Banner-EURO.png')\">\n    <div class=\"overlay absolute top-0 bottom-0 left-0 right-0 z-0 gradient-primaryBlue-180-dark\"><\/div>    <div class=\"container relative z-10\">\n        <div class=\"breadcrumb-container mb-[60px] md:mb-[103px] hidden md:block\">\n            <p class=\"text-lightXs !mb-0 !text-[12px] flex flex-row items-center\">You are here: <a class=\"!font-regular mx-2\" href=\"https:\/\/www.ncheurope.com\/ro\/\">Prima pagin\u0103<\/a> \/ <span class=\"ml-2 font-semibold\">EURO 2024<\/span><\/p>\n        <\/div>\n\n        <div class=\"content-container flex flex-col-reverse md:flex-row flex-wrap justify-between\">\n\n                            <div class=\"text-container md:basis-8\/12\">\n                    <h1 class=\"heading-1-light\">Campionatul Euro 2024<\/h1>                    <p class=\"text-lightBase !mb-0\">Mul\u021bumim tuturor celor care au luat parte la promovarea noastr\u0103 Euro 2024.  <\/p>                                    <\/div>\n            \n                    <\/div>\n    <\/div>\n<\/div>\n<div class=\"sticky-page-nav-block primaryBlue hidden lg:block\">\n    <div class=\"sticky-page-nav bg-primaryBlue border-t border-primaryOffWhite\/20 py-3\">\n        <div class=\"container flex flex-row items-center justify-between\">\n            \n                            <p class=\"text-lightSm !mb-0 mr-10\">Jump To:<\/p>\n                <div class=\"nav-container flex flex-row items-center w-full max-w-[75%] overflow-x-scroll\">\n                    <a href=\"\/\" class=\"sticky-nav-item-top jump-to-top text-white bg-primaryBlue hover:bg-white hover:text-primaryBlue text-[16px] leading-[16px] px-5 py-3 rounded-[23px] transition-all active\">Prezentare general\u0103<\/a>\n                                            <a href=\"#anchor-enquiry-block\" class=\"sticky-nav-item jump-to-top text-white bg-primaryBlue hover:bg-white hover:text-primaryBlue text-[16px] leading-[16px] px-5 py-3 rounded-[23px] transition-all\">Comanda\u021bi ast\u0103zi<\/a>\n                                    <\/div>\n            \n            <div class=\"home-link-container\">\n                <a href=\"https:\/\/www.ncheurope.com\/ro\/\" class=\"text-lightSm flex flex-row items-center hover:underline\">NCH Home<img decoding=\"async\" src=\"https:\/\/www.ncheurope.com\/wp-content\/themes\/nch-europe\/assets\/images\/home-icon.png\" alt=\"NCH Europe Logo\" class=\"ml-2 home-link__logo\"><\/a>\n            <\/div>\n        <\/div>\n    <\/div>\n<\/div>\n<div class=\"text-image-cta-block paddingTopLarge paddingBottomLarge primaryBlue bg-white  bg-no-repeat bg-contain bg-right-bottom\">\n    <div class=\"container flex flex-col lg:flex-row\">\n        <div class=\"text-container flex flex-col items-start lg:basis-3\/6 lg:pr-[90px]\">\n                        <h2 class=\"heading-2 text-primaryBlue\">V\u0103 mul\u021bumim<\/h2>                            <div class=\"text-container\">\n                    <p>Promo\u021bia noastr\u0103 pentru Euro 2024 s-a \u00eencheiat. Comenzile plasate dup\u0103<sup>14<\/sup> iulie nu vor fi luate \u00een considerare pentru a primi o minge de fotbal sau un tricou cu sigla NCH.<\/p>\n<p>Mul\u021bumim tuturor celor care au plasat comenzi \u00een timpul Campionatului Euro 2024 \u0219i felicit\u0103ri Spaniei pentru c\u00e2\u0219tigarea turneului.<\/p>\n                <\/div>\n                                <\/div>\n                    <div class=\"image-container lg:basis-3\/6 relative flex flex-col mt-[24px] lg:mt-0\">\n                <div class=\"skewed-image-container min-h-[388px] bg-no-repeat bg-cover bg-center skewedImageLarge shadow-[0_10px_10px_0_rgba(109,106,112,0.15)]\" style=\"background-image: url(https:\/\/www.ncheurope.com\/wp-content\/uploads\/2024\/05\/shutterstock_1707503425-1.jpg);\"><\/div>\n            <\/div>\n                    <\/div>\n<\/div>\n    <div class=\"related-cards-block box-content relative bg-white paddingTopLarge paddingBottomLarge primaryBlue\">\n        <div class=\"container flex flex-col\">\n            <!-- Start Text Section -->\n            <div class=\"flex flex-row flex-wrap justify-between items-end relative z-10 pb-[60px]\">\n                <h2 class=\"heading-2 basis-full text-primaryBlue\">Arunca\u021bi o privire la ceea ce v\u0103 putem oferi  <\/h2>                <p class=\"text-darkBase basis-full lg:basis-8\/12 !mb-0\">De la \u00eentre\u021binerea industrial\u0103 \u0219i lubrifierea ma\u0219inilor la solu\u021bii de cur\u0103\u021bare a pieselor \u0219i tratarea apei. Indiferent de nevoile afacerii dumneavoastr\u0103, NCH Europe este aici pentru a v\u0103 ajuta.  <\/p>                                    <a href=\"https:\/\/www.ncheurope.com\/en\/applications\/\" class=\"button button--primaryBlue hover:bg-primaryBlue hover:text-white relative mt-[24px] lg:mt-0\">Aplica\u021biile noastre <\/a>\n                            <\/div>\n            <!-- End Text Section -->\n            \n            <!-- Start Related Cards Section -->\n            \n                            <div class=\" flex flex-row flex-wrap\">\n                                                                        <div class=\"related-card max-w-full md:max-w-[calc(50%-4px)] lg:max-w-[calc(25%-8px)] w-full px-2 pt-2 pb-8 mr-0 md:odd:mr-2 lg:mr-2 mb-10 relative bg-white shadow-[0_10px_10px_0_rgba(109,106,112,0.15)] border border-primaryOffWhite\">\n                                <div class=\"blog-image relative bg-center bg-no-repeat bg-cover min-h-[216px] mb-6\" style=\"background-image: url('https:\/\/www.ncheurope.com\/wp-content\/uploads\/2023\/07\/shutterstock_167130341-1.jpg')\"><\/div>\n                                <div class=\"flex flex-col items-start px-6\">\n                                    <h6 class=\"heading-6 text-primaryBlue z-10 relative !mb-4\">\u00centre\u021binere<\/h6>\n                                    <p class=\"text-darkSm z-10 relative !mb-5\">Exper\u021bii \u00een mentenan\u021b\u0103 industrial\u0103 asigur\u0103 func\u021bionarea eficient\u0103 \u0219i eficace a instala\u021biilor \u0219i utilajelor dumneavoastr\u0103 cu cele mai noi produse \u0219i&hellip;<\/p>\n                                    <a href=\"https:\/\/www.ncheurope.com\/en\/applications\/maintenance\/\" class=\"button button--secondary button--primaryBlue\">Afla\u021bi mai multe<\/a>\n                                <\/div>\n                            <\/div>\n                                                                                                <div class=\"related-card max-w-full md:max-w-[calc(50%-4px)] lg:max-w-[calc(25%-8px)] w-full px-2 pt-2 pb-8 mr-0 md:odd:mr-2 lg:mr-2 mb-10 relative bg-white shadow-[0_10px_10px_0_rgba(109,106,112,0.15)] border border-primaryOffWhite\">\n                                <div class=\"blog-image relative bg-center bg-no-repeat bg-cover min-h-[216px] mb-6\" style=\"background-image: url('https:\/\/www.ncheurope.com\/wp-content\/uploads\/2024\/03\/Parts.jpg')\"><\/div>\n                                <div class=\"flex flex-col items-start px-6\">\n                                    <h6 class=\"heading-6 text-primaryBlue z-10 relative !mb-4\">Cur\u0103\u021barea pieselor<\/h6>\n                                    <p class=\"text-darkSm z-10 relative !mb-5\">Lider mondial \u00een domeniul serviciilor de tratare a suprafe\u021belor, cur\u0103\u021bare \u0219i degresare, asigur\u00e2nd o productivitate ridicat\u0103 \u0219i respectarea mediului.<\/p>\n                                    <a href=\"https:\/\/www.ncheurope.com\/en\/applications\/parts-cleaning\/\" class=\"button button--secondary button--primaryBlue\">Intra\u021bi \u00een contact <\/a>\n                                <\/div>\n                            <\/div>\n                                                                                                <div class=\"related-card max-w-full md:max-w-[calc(50%-4px)] lg:max-w-[calc(25%-8px)] w-full px-2 pt-2 pb-8 mr-0 md:odd:mr-2 lg:mr-2 mb-10 relative bg-white shadow-[0_10px_10px_0_rgba(109,106,112,0.15)] border border-primaryOffWhite\">\n                                <div class=\"blog-image relative bg-center bg-no-repeat bg-cover min-h-[216px] mb-6\" style=\"background-image: url('https:\/\/www.ncheurope.com\/wp-content\/uploads\/2023\/09\/Lubricants-landing-page.jpg')\"><\/div>\n                                <div class=\"flex flex-col items-start px-6\">\n                                    <h6 class=\"heading-6 text-primaryBlue z-10 relative !mb-4\">Lubrifian\u021bi<\/h6>\n                                    <p class=\"text-darkSm z-10 relative !mb-5\">Exper\u021bii \u00een tehnologia avansat\u0103 de lubrifiere din 1948; furniz\u00e2nd unsori industriale foarte eficiente, uleiuri \u0219i cea mai recent\u0103 tehnologie de&hellip;<\/p>\n                                    <a href=\"https:\/\/www.ncheurope.com\/en\/applications\/lubricants\/\" class=\"button button--secondary button--primaryBlue\">Arunca\u021bi o privire<\/a>\n                                <\/div>\n                            <\/div>\n                                                                                                <div class=\"related-card max-w-full md:max-w-[calc(50%-4px)] lg:max-w-[calc(25%-8px)] w-full px-2 pt-2 pb-8 mr-0 md:odd:mr-2 lg:mr-2 mb-10 relative bg-white shadow-[0_10px_10px_0_rgba(109,106,112,0.15)] border border-primaryOffWhite\">\n                                <div class=\"blog-image relative bg-center bg-no-repeat bg-cover min-h-[216px] mb-6\" style=\"background-image: url('https:\/\/www.ncheurope.com\/wp-content\/uploads\/2023\/07\/Cooling-tower.jpg')\"><\/div>\n                                <div class=\"flex flex-col items-start px-6\">\n                                    <h6 class=\"heading-6 text-primaryBlue z-10 relative !mb-4\">Chem-Aqua<\/h6>\n                                    <p class=\"text-darkSm z-10 relative !mb-5\">Lideri globali \u00een tratarea apei; abordare complet\u0103 a serviciilor; furnizarea celor mai noi solu\u021bii de tratare a biofilmului, a legionellei&hellip;<\/p>\n                                    <a href=\"https:\/\/www.ncheurope.com\/en\/applications\/chem-aqua\/\" class=\"button button--secondary button--primaryBlue\">Afla\u021bi mai multe<\/a>\n                                <\/div>\n                            <\/div>\n                                                            <\/div>\n                        \n            <!-- End Related Cards Section -->\n        <\/div>\n\n    <\/div>","protected":false},"excerpt":{"rendered":"","protected":false},"author":1,"featured_media":0,"parent":0,"menu_order":0,"comment_status":"closed","ping_status":"closed","template":"","meta":{"_acf_changed":false,"footnotes":""},"class_list":["post-53238","page","type-page","status-publish","hentry"],"acf":[],"yoast_head":"<!-- This site is optimized with the Yoast SEO Premium plugin v21.7 (Yoast SEO v27.2) - https:\/\/yoast.com\/product\/yoast-seo-premium-wordpress\/ -->\n<title>EURO 2024 - NCH Europe<\/title>\n<meta name=\"robots\" content=\"index, follow, max-snippet:-1, max-image-preview:large, max-video-preview:-1\" \/>\n<link rel=\"canonical\" href=\"https:\/\/www.ncheurope.com\/ro\/euro-2024\/\" class=\"yoast-seo-meta-tag\" \/>\n<meta property=\"og:locale\" content=\"ro_RO\" class=\"yoast-seo-meta-tag\" \/>\n<meta property=\"og:type\" content=\"article\" class=\"yoast-seo-meta-tag\" \/>\n<meta property=\"og:title\" content=\"EURO 2024\" class=\"yoast-seo-meta-tag\" \/>\n<meta property=\"og:url\" content=\"https:\/\/www.ncheurope.com\/ro\/euro-2024\/\" class=\"yoast-seo-meta-tag\" \/>\n<meta property=\"og:site_name\" content=\"NCH Europe\" class=\"yoast-seo-meta-tag\" \/>\n<meta property=\"article:publisher\" content=\"https:\/\/www.facebook.com\/ncheurope\" class=\"yoast-seo-meta-tag\" \/>\n<meta property=\"article:modified_time\" content=\"2024-07-15T06:59:13+00:00\" class=\"yoast-seo-meta-tag\" \/>\n<meta name=\"twitter:card\" content=\"summary_large_image\" class=\"yoast-seo-meta-tag\" \/>\n<meta name=\"twitter:site\" content=\"@NCH_Europe\" class=\"yoast-seo-meta-tag\" \/>\n<script type=\"application\/ld+json\" class=\"yoast-schema-graph\">{\"@context\":\"https:\/\/schema.org\",\"@graph\":[{\"@type\":\"WebPage\",\"@id\":\"https:\/\/www.ncheurope.com\/ro\/euro-2024\/\",\"url\":\"https:\/\/www.ncheurope.com\/ro\/euro-2024\/\",\"name\":\"EURO 2024 - NCH Europe\",\"isPartOf\":{\"@id\":\"https:\/\/www.ncheurope.com\/en\/#website\"},\"datePublished\":\"2024-05-15T09:02:02+00:00\",\"dateModified\":\"2024-07-15T06:59:13+00:00\",\"breadcrumb\":{\"@id\":\"https:\/\/www.ncheurope.com\/ro\/euro-2024\/#breadcrumb\"},\"inLanguage\":\"ro-RO\",\"potentialAction\":[{\"@type\":\"ReadAction\",\"target\":[\"https:\/\/www.ncheurope.com\/ro\/euro-2024\/\"]}]},{\"@type\":\"BreadcrumbList\",\"@id\":\"https:\/\/www.ncheurope.com\/ro\/euro-2024\/#breadcrumb\",\"itemListElement\":[{\"@type\":\"ListItem\",\"position\":1,\"name\":\"Pagina de start\",\"item\":\"https:\/\/www.ncheurope.com\/ro\/\"},{\"@type\":\"ListItem\",\"position\":2,\"name\":\"EURO 2024\"}]},{\"@type\":\"WebSite\",\"@id\":\"https:\/\/www.ncheurope.com\/en\/#website\",\"url\":\"https:\/\/www.ncheurope.com\/en\/\",\"name\":\"NCH Europe\",\"description\":\"\",\"publisher\":{\"@id\":\"https:\/\/www.ncheurope.com\/en\/#organization\"},\"potentialAction\":[{\"@type\":\"SearchAction\",\"target\":{\"@type\":\"EntryPoint\",\"urlTemplate\":\"https:\/\/www.ncheurope.com\/en\/?s={search_term_string}\"},\"query-input\":{\"@type\":\"PropertyValueSpecification\",\"valueRequired\":true,\"valueName\":\"search_term_string\"}}],\"inLanguage\":\"ro-RO\"},{\"@type\":\"Organization\",\"@id\":\"https:\/\/www.ncheurope.com\/en\/#organization\",\"name\":\"NCH Europe\",\"url\":\"https:\/\/www.ncheurope.com\/en\/\",\"logo\":{\"@type\":\"ImageObject\",\"inLanguage\":\"ro-RO\",\"@id\":\"https:\/\/www.ncheurope.com\/en\/#\/schema\/logo\/image\/\",\"url\":\"https:\/\/www.ncheurope.com\/wp-content\/uploads\/2023\/11\/nch-logo-gradient.webp\",\"contentUrl\":\"https:\/\/www.ncheurope.com\/wp-content\/uploads\/2023\/11\/nch-logo-gradient.webp\",\"width\":120,\"height\":120,\"caption\":\"NCH Europe\"},\"image\":{\"@id\":\"https:\/\/www.ncheurope.com\/en\/#\/schema\/logo\/image\/\"},\"sameAs\":[\"https:\/\/www.facebook.com\/ncheurope\",\"https:\/\/x.com\/NCH_Europe\"]}]}<\/script>\n<!-- \/ Yoast SEO Premium plugin. -->","yoast_head_json":{"title":"EURO 2024 - NCH Europe","robots":{"index":"index","follow":"follow","max-snippet":"max-snippet:-1","max-image-preview":"max-image-preview:large","max-video-preview":"max-video-preview:-1"},"canonical":"https:\/\/www.ncheurope.com\/ro\/euro-2024\/","og_locale":"ro_RO","og_type":"article","og_title":"EURO 2024","og_url":"https:\/\/www.ncheurope.com\/ro\/euro-2024\/","og_site_name":"NCH Europe","article_publisher":"https:\/\/www.facebook.com\/ncheurope","article_modified_time":"2024-07-15T06:59:13+00:00","twitter_card":"summary_large_image","twitter_site":"@NCH_Europe","schema":{"@context":"https:\/\/schema.org","@graph":[{"@type":"WebPage","@id":"https:\/\/www.ncheurope.com\/ro\/euro-2024\/","url":"https:\/\/www.ncheurope.com\/ro\/euro-2024\/","name":"EURO 2024 - NCH Europe","isPartOf":{"@id":"https:\/\/www.ncheurope.com\/en\/#website"},"datePublished":"2024-05-15T09:02:02+00:00","dateModified":"2024-07-15T06:59:13+00:00","breadcrumb":{"@id":"https:\/\/www.ncheurope.com\/ro\/euro-2024\/#breadcrumb"},"inLanguage":"ro-RO","potentialAction":[{"@type":"ReadAction","target":["https:\/\/www.ncheurope.com\/ro\/euro-2024\/"]}]},{"@type":"BreadcrumbList","@id":"https:\/\/www.ncheurope.com\/ro\/euro-2024\/#breadcrumb","itemListElement":[{"@type":"ListItem","position":1,"name":"Pagina de start","item":"https:\/\/www.ncheurope.com\/ro\/"},{"@type":"ListItem","position":2,"name":"EURO 2024"}]},{"@type":"WebSite","@id":"https:\/\/www.ncheurope.com\/en\/#website","url":"https:\/\/www.ncheurope.com\/en\/","name":"NCH Europe","description":"","publisher":{"@id":"https:\/\/www.ncheurope.com\/en\/#organization"},"potentialAction":[{"@type":"SearchAction","target":{"@type":"EntryPoint","urlTemplate":"https:\/\/www.ncheurope.com\/en\/?s={search_term_string}"},"query-input":{"@type":"PropertyValueSpecification","valueRequired":true,"valueName":"search_term_string"}}],"inLanguage":"ro-RO"},{"@type":"Organization","@id":"https:\/\/www.ncheurope.com\/en\/#organization","name":"NCH Europe","url":"https:\/\/www.ncheurope.com\/en\/","logo":{"@type":"ImageObject","inLanguage":"ro-RO","@id":"https:\/\/www.ncheurope.com\/en\/#\/schema\/logo\/image\/","url":"https:\/\/www.ncheurope.com\/wp-content\/uploads\/2023\/11\/nch-logo-gradient.webp","contentUrl":"https:\/\/www.ncheurope.com\/wp-content\/uploads\/2023\/11\/nch-logo-gradient.webp","width":120,"height":120,"caption":"NCH Europe"},"image":{"@id":"https:\/\/www.ncheurope.com\/en\/#\/schema\/logo\/image\/"},"sameAs":["https:\/\/www.facebook.com\/ncheurope","https:\/\/x.com\/NCH_Europe"]}]}},"_links":{"self":[{"href":"https:\/\/www.ncheurope.com\/ro\/wp-json\/wp\/v2\/pages\/53238","targetHints":{"allow":["GET"]}}],"collection":[{"href":"https:\/\/www.ncheurope.com\/ro\/wp-json\/wp\/v2\/pages"}],"about":[{"href":"https:\/\/www.ncheurope.com\/ro\/wp-json\/wp\/v2\/types\/page"}],"author":[{"embeddable":true,"href":"https:\/\/www.ncheurope.com\/ro\/wp-json\/wp\/v2\/users\/1"}],"replies":[{"embeddable":true,"href":"https:\/\/www.ncheurope.com\/ro\/wp-json\/wp\/v2\/comments?post=53238"}],"version-history":[{"count":7,"href":"https:\/\/www.ncheurope.com\/ro\/wp-json\/wp\/v2\/pages\/53238\/revisions"}],"predecessor-version":[{"id":54282,"href":"https:\/\/www.ncheurope.com\/ro\/wp-json\/wp\/v2\/pages\/53238\/revisions\/54282"}],"wp:attachment":[{"href":"https:\/\/www.ncheurope.com\/ro\/wp-json\/wp\/v2\/media?parent=53238"}],"curies":[{"name":"wp","href":"https:\/\/api.w.org\/{rel}","templated":true}]}}