{"id":53253,"date":"2024-05-15T09:02:02","date_gmt":"2024-05-15T09:02:02","guid":{"rendered":"https:\/\/www.ncheurope.com\/?page_id=53253"},"modified":"2024-07-15T06:59:13","modified_gmt":"2024-07-15T06:59:13","slug":"euro-2024","status":"publish","type":"page","link":"https:\/\/www.ncheurope.com\/pt-pt\/euro-2024\/","title":{"rendered":"EURO 2024"},"content":{"rendered":"\n<div class=\"internal-banner-block relative primaryBlue paddingBottomLarge bg-no-repeat pt-[128px]  bg-cover bg-center\" style=\"background-image: url('https:\/\/www.ncheurope.com\/wp-content\/uploads\/2024\/06\/Banner-EURO.png')\">\n    <div class=\"overlay absolute top-0 bottom-0 left-0 right-0 z-0 gradient-primaryBlue-180-dark\"><\/div>    <div class=\"container relative z-10\">\n        <div class=\"breadcrumb-container mb-[60px] md:mb-[103px] hidden md:block\">\n            <p class=\"text-lightXs !mb-0 !text-[12px] flex flex-row items-center\">You are here: <a class=\"!font-regular mx-2\" href=\"https:\/\/www.ncheurope.com\/pt-pt\/\">In\u00edcio<\/a> \/ <span class=\"ml-2 font-semibold\">EURO 2024<\/span><\/p>\n        <\/div>\n\n        <div class=\"content-container flex flex-col-reverse md:flex-row flex-wrap justify-between\">\n\n                            <div class=\"text-container md:basis-8\/12\">\n                    <h1 class=\"heading-1-light\">Campeonato Euro 2024<\/h1>                    <p class=\"text-lightBase !mb-0\">Obrigado a todos os que participaram na nossa promo\u00e7\u00e3o do Euro 2024.  <\/p>                                    <\/div>\n            \n                    <\/div>\n    <\/div>\n<\/div>\n<div class=\"sticky-page-nav-block primaryBlue hidden lg:block\">\n    <div class=\"sticky-page-nav bg-primaryBlue border-t border-primaryOffWhite\/20 py-3\">\n        <div class=\"container flex flex-row items-center justify-between\">\n            \n                            <p class=\"text-lightSm !mb-0 mr-10\">Jump To:<\/p>\n                <div class=\"nav-container flex flex-row items-center w-full max-w-[75%] overflow-x-scroll\">\n                    <a href=\"\/\" class=\"sticky-nav-item-top jump-to-top text-white bg-primaryBlue hover:bg-white hover:text-primaryBlue text-[16px] leading-[16px] px-5 py-3 rounded-[23px] transition-all active\">Vis\u00e3o geral<\/a>\n                                            <a href=\"#anchor-enquiry-block\" class=\"sticky-nav-item jump-to-top text-white bg-primaryBlue hover:bg-white hover:text-primaryBlue text-[16px] leading-[16px] px-5 py-3 rounded-[23px] transition-all\">Encomenda hoje<\/a>\n                                    <\/div>\n            \n            <div class=\"home-link-container\">\n                <a href=\"https:\/\/www.ncheurope.com\/pt-pt\/\" class=\"text-lightSm flex flex-row items-center hover:underline\">NCH Home<img decoding=\"async\" src=\"https:\/\/www.ncheurope.com\/wp-content\/themes\/nch-europe\/assets\/images\/home-icon.png\" alt=\"NCH Europe Logo\" class=\"ml-2 home-link__logo\"><\/a>\n            <\/div>\n        <\/div>\n    <\/div>\n<\/div>\n<div class=\"text-image-cta-block enchimentoTopLarge paddingBottomLarge primaryBlue branco-branco  bg-no-repeat bg-contain bg-right-bottom\">\n    <div class=\"container flex flex-col lg:flex-row\">\n        <div class=\"text-container flex flex-col items-start lg:basis-3\/6 lg:pr-[90px]\">\n                        <h2 class=\"heading-2 text-primaryBlue\">Obrigado a ti<\/h2>                            <div class=\"text-container\">\n                    <p>A nossa promo\u00e7\u00e3o Euro 2024 j\u00e1 terminou. As encomendas efectuadas depois de<sup>14<\/sup> de julho n\u00e3o ser\u00e3o consideradas para receber uma bola de futebol ou uma camisola com o log\u00f3tipo da NCH.<\/p>\n<p>Agradecemos a todos os que fizeram encomendas durante o Campeonato Euro 2024 e felicitamos a Espanha pela sua vit\u00f3ria no torneio.<\/p>\n                <\/div>\n                                <\/div>\n                    <div class=\"image-container lg:basis-3\/6 relative flex flex-col mt-[24px] lg:mt-0\">\n                <div class=\"skewed-image-container min-h-[388px] bg-no-repeat bg-cover bg-center skewedImageLarge shadow-[0_10px_10px_0_rgba(109,106,112,0.15)]\" style=\"background-image: url(https:\/\/www.ncheurope.com\/wp-content\/uploads\/2024\/05\/shutterstock_1707503425-1.jpg);\"><\/div>\n            <\/div>\n                    <\/div>\n<\/div>\n    <div class=\"related-cards-block box-content relative branco-branco enchimentoTopLarge paddingBottomLarge primaryBlue\">\n        <div class=\"container flex flex-col\">\n            <!-- Start Text Section -->\n            <div class=\"flex flex-row flex-wrap justify-between items-end relative z-10 pb-[60px]\">\n                <h2 class=\"heading-2 basis-full text-primaryBlue\">V\u00ea o que podemos oferecer  <\/h2>                <p class=\"text-darkBase basis-full lg:basis-8\/12 !mb-0\">Desde a manuten\u00e7\u00e3o industrial e lubrifica\u00e7\u00e3o de m\u00e1quinas at\u00e9 \u00e0s solu\u00e7\u00f5es de limpeza de pe\u00e7as e tratamento de \u00e1guas. Quaisquer que sejam as necessidades do teu neg\u00f3cio, a NCH Europe est\u00e1 aqui para ajudar.  <\/p>                                    <a href=\"https:\/\/www.ncheurope.com\/en\/applications\/\" class=\"button button--primaryBlue hover:bg-primaryBlue hover:text-white relative mt-[24px] lg:mt-0\">As nossas aplica\u00e7\u00f5es  <\/a>\n                            <\/div>\n            <!-- End Text Section -->\n            \n            <!-- Start Related Cards Section -->\n            \n                            <div class=\" flex flex-row flex-wrap\">\n                                                                        <div class=\"related-card max-w-full md:max-w-[calc(50%-4px)] lg:max-w-[calc(25%-8px)] w-full px-2 pt-2 pb-8 mr-0 md:odd:mr-2 lg:mr-2 mb-10 relative bg-white shadow-[0_10px_10px_0_rgba(109,106,112,0.15)] border border-primaryOffWhite\">\n                                <div class=\"blog-image relative bg-center bg-no-repeat bg-cover min-h-[216px] mb-6\" style=\"background-image: url('https:\/\/www.ncheurope.com\/wp-content\/uploads\/2023\/07\/shutterstock_167130341-1.jpg')\"><\/div>\n                                <div class=\"flex flex-col items-start px-6\">\n                                    <h6 class=\"heading-6 text-primaryBlue z-10 relative !mb-4\">Manuten\u00e7\u00e3o<\/h6>\n                                    <p class=\"text-darkSm z-10 relative !mb-5\">Os especialistas em manuten\u00e7\u00e3o industrial mant\u00eam as suas instala\u00e7\u00f5es e m\u00e1quinas a funcionar de forma eficiente e eficaz com os&hellip;<\/p>\n                                    <a href=\"https:\/\/www.ncheurope.com\/en\/applications\/maintenance\/\" class=\"button button--secondary button--primaryBlue\">Descobre mais<\/a>\n                                <\/div>\n                            <\/div>\n                                                                                                <div class=\"related-card max-w-full md:max-w-[calc(50%-4px)] lg:max-w-[calc(25%-8px)] w-full px-2 pt-2 pb-8 mr-0 md:odd:mr-2 lg:mr-2 mb-10 relative bg-white shadow-[0_10px_10px_0_rgba(109,106,112,0.15)] border border-primaryOffWhite\">\n                                <div class=\"blog-image relative bg-center bg-no-repeat bg-cover min-h-[216px] mb-6\" style=\"background-image: url('https:\/\/www.ncheurope.com\/wp-content\/uploads\/2024\/03\/Parts.jpg')\"><\/div>\n                                <div class=\"flex flex-col items-start px-6\">\n                                    <h6 class=\"heading-6 text-primaryBlue z-10 relative !mb-4\">Limpeza de pe\u00e7as<\/h6>\n                                    <p class=\"text-darkSm z-10 relative !mb-5\">L\u00edder mundial em servi\u00e7os de tratamento de superf\u00edcies, limpeza e desengorduramento, assegurando uma elevada produtividade e conformidade ambiental.<\/p>\n                                    <a href=\"https:\/\/www.ncheurope.com\/en\/applications\/parts-cleaning\/\" class=\"button button--secondary button--primaryBlue\">Entra em contacto  <\/a>\n                                <\/div>\n                            <\/div>\n                                                                                                <div class=\"related-card max-w-full md:max-w-[calc(50%-4px)] lg:max-w-[calc(25%-8px)] w-full px-2 pt-2 pb-8 mr-0 md:odd:mr-2 lg:mr-2 mb-10 relative bg-white shadow-[0_10px_10px_0_rgba(109,106,112,0.15)] border border-primaryOffWhite\">\n                                <div class=\"blog-image relative bg-center bg-no-repeat bg-cover min-h-[216px] mb-6\" style=\"background-image: url('https:\/\/www.ncheurope.com\/wp-content\/uploads\/2023\/09\/Lubricants-landing-page.jpg')\"><\/div>\n                                <div class=\"flex flex-col items-start px-6\">\n                                    <h6 class=\"heading-6 text-primaryBlue z-10 relative !mb-4\">Lubrificantes<\/h6>\n                                    <p class=\"text-darkSm z-10 relative !mb-5\">Os especialistas em tecnologia de lubrifica\u00e7\u00e3o avan\u00e7ada desde 1948, fornecendo massas lubrificantes industriais altamente eficazes, \u00f3leos e a mais recente&hellip;<\/p>\n                                    <a href=\"https:\/\/www.ncheurope.com\/en\/applications\/lubricants\/\" class=\"button button--secondary button--primaryBlue\">D\u00e1 uma vista de olhos<\/a>\n                                <\/div>\n                            <\/div>\n                                                                                                <div class=\"related-card max-w-full md:max-w-[calc(50%-4px)] lg:max-w-[calc(25%-8px)] w-full px-2 pt-2 pb-8 mr-0 md:odd:mr-2 lg:mr-2 mb-10 relative bg-white shadow-[0_10px_10px_0_rgba(109,106,112,0.15)] border border-primaryOffWhite\">\n                                <div class=\"blog-image relative bg-center bg-no-repeat bg-cover min-h-[216px] mb-6\" style=\"background-image: url('https:\/\/www.ncheurope.com\/wp-content\/uploads\/2023\/07\/Cooling-tower.jpg')\"><\/div>\n                                <div class=\"flex flex-col items-start px-6\">\n                                    <h6 class=\"heading-6 text-primaryBlue z-10 relative !mb-4\">Chem-Aqua<\/h6>\n                                    <p class=\"text-darkSm z-10 relative !mb-5\">L\u00edderes mundiais no tratamento de \u00e1gua; abordagem de servi\u00e7o completo; fornecendo as mais recentes solu\u00e7\u00f5es de tratamento de biofilme, legionela&hellip;<\/p>\n                                    <a href=\"https:\/\/www.ncheurope.com\/en\/applications\/chem-aqua\/\" class=\"button button--secondary button--primaryBlue\">Saiba mais<\/a>\n                                <\/div>\n                            <\/div>\n                                                            <\/div>\n                        \n            <!-- End Related Cards Section -->\n        <\/div>\n\n    <\/div>","protected":false},"excerpt":{"rendered":"","protected":false},"author":1,"featured_media":0,"parent":0,"menu_order":0,"comment_status":"closed","ping_status":"closed","template":"","meta":{"_acf_changed":false,"footnotes":""},"class_list":["post-53253","page","type-page","status-publish","hentry"],"acf":[],"yoast_head":"<!-- This site is optimized with the Yoast SEO Premium plugin v21.7 (Yoast SEO v27.2) - https:\/\/yoast.com\/product\/yoast-seo-premium-wordpress\/ -->\n<title>EURO 2024 - NCH Europe<\/title>\n<meta name=\"robots\" content=\"index, follow, max-snippet:-1, max-image-preview:large, max-video-preview:-1\" \/>\n<link rel=\"canonical\" href=\"https:\/\/www.ncheurope.com\/pt-pt\/euro-2024\/\" class=\"yoast-seo-meta-tag\" \/>\n<meta property=\"og:locale\" content=\"pt_PT\" class=\"yoast-seo-meta-tag\" \/>\n<meta property=\"og:type\" content=\"article\" class=\"yoast-seo-meta-tag\" \/>\n<meta property=\"og:title\" content=\"EURO 2024\" class=\"yoast-seo-meta-tag\" \/>\n<meta property=\"og:url\" content=\"https:\/\/www.ncheurope.com\/pt-pt\/euro-2024\/\" class=\"yoast-seo-meta-tag\" \/>\n<meta property=\"og:site_name\" content=\"NCH Europe\" class=\"yoast-seo-meta-tag\" \/>\n<meta property=\"article:publisher\" content=\"https:\/\/www.facebook.com\/ncheurope\" class=\"yoast-seo-meta-tag\" \/>\n<meta property=\"article:modified_time\" content=\"2024-07-15T06:59:13+00:00\" class=\"yoast-seo-meta-tag\" \/>\n<meta name=\"twitter:card\" content=\"summary_large_image\" class=\"yoast-seo-meta-tag\" \/>\n<meta name=\"twitter:site\" content=\"@NCH_Europe\" class=\"yoast-seo-meta-tag\" \/>\n<script type=\"application\/ld+json\" class=\"yoast-schema-graph\">{\"@context\":\"https:\/\/schema.org\",\"@graph\":[{\"@type\":\"WebPage\",\"@id\":\"https:\/\/www.ncheurope.com\/pt-pt\/euro-2024\/\",\"url\":\"https:\/\/www.ncheurope.com\/pt-pt\/euro-2024\/\",\"name\":\"EURO 2024 - NCH Europe\",\"isPartOf\":{\"@id\":\"https:\/\/www.ncheurope.com\/en\/#website\"},\"datePublished\":\"2024-05-15T09:02:02+00:00\",\"dateModified\":\"2024-07-15T06:59:13+00:00\",\"breadcrumb\":{\"@id\":\"https:\/\/www.ncheurope.com\/pt-pt\/euro-2024\/#breadcrumb\"},\"inLanguage\":\"pt-PT\",\"potentialAction\":[{\"@type\":\"ReadAction\",\"target\":[\"https:\/\/www.ncheurope.com\/pt-pt\/euro-2024\/\"]}]},{\"@type\":\"BreadcrumbList\",\"@id\":\"https:\/\/www.ncheurope.com\/pt-pt\/euro-2024\/#breadcrumb\",\"itemListElement\":[{\"@type\":\"ListItem\",\"position\":1,\"name\":\"P\u00e1gina inicial\",\"item\":\"https:\/\/www.ncheurope.com\/pt-pt\/\"},{\"@type\":\"ListItem\",\"position\":2,\"name\":\"EURO 2024\"}]},{\"@type\":\"WebSite\",\"@id\":\"https:\/\/www.ncheurope.com\/en\/#website\",\"url\":\"https:\/\/www.ncheurope.com\/en\/\",\"name\":\"NCH Europe\",\"description\":\"\",\"publisher\":{\"@id\":\"https:\/\/www.ncheurope.com\/en\/#organization\"},\"potentialAction\":[{\"@type\":\"SearchAction\",\"target\":{\"@type\":\"EntryPoint\",\"urlTemplate\":\"https:\/\/www.ncheurope.com\/en\/?s={search_term_string}\"},\"query-input\":{\"@type\":\"PropertyValueSpecification\",\"valueRequired\":true,\"valueName\":\"search_term_string\"}}],\"inLanguage\":\"pt-PT\"},{\"@type\":\"Organization\",\"@id\":\"https:\/\/www.ncheurope.com\/en\/#organization\",\"name\":\"NCH Europe\",\"url\":\"https:\/\/www.ncheurope.com\/en\/\",\"logo\":{\"@type\":\"ImageObject\",\"inLanguage\":\"pt-PT\",\"@id\":\"https:\/\/www.ncheurope.com\/en\/#\/schema\/logo\/image\/\",\"url\":\"https:\/\/www.ncheurope.com\/wp-content\/uploads\/2023\/11\/nch-logo-gradient.webp\",\"contentUrl\":\"https:\/\/www.ncheurope.com\/wp-content\/uploads\/2023\/11\/nch-logo-gradient.webp\",\"width\":120,\"height\":120,\"caption\":\"NCH Europe\"},\"image\":{\"@id\":\"https:\/\/www.ncheurope.com\/en\/#\/schema\/logo\/image\/\"},\"sameAs\":[\"https:\/\/www.facebook.com\/ncheurope\",\"https:\/\/x.com\/NCH_Europe\"]}]}<\/script>\n<!-- \/ Yoast SEO Premium plugin. -->","yoast_head_json":{"title":"EURO 2024 - NCH Europe","robots":{"index":"index","follow":"follow","max-snippet":"max-snippet:-1","max-image-preview":"max-image-preview:large","max-video-preview":"max-video-preview:-1"},"canonical":"https:\/\/www.ncheurope.com\/pt-pt\/euro-2024\/","og_locale":"pt_PT","og_type":"article","og_title":"EURO 2024","og_url":"https:\/\/www.ncheurope.com\/pt-pt\/euro-2024\/","og_site_name":"NCH Europe","article_publisher":"https:\/\/www.facebook.com\/ncheurope","article_modified_time":"2024-07-15T06:59:13+00:00","twitter_card":"summary_large_image","twitter_site":"@NCH_Europe","schema":{"@context":"https:\/\/schema.org","@graph":[{"@type":"WebPage","@id":"https:\/\/www.ncheurope.com\/pt-pt\/euro-2024\/","url":"https:\/\/www.ncheurope.com\/pt-pt\/euro-2024\/","name":"EURO 2024 - NCH Europe","isPartOf":{"@id":"https:\/\/www.ncheurope.com\/en\/#website"},"datePublished":"2024-05-15T09:02:02+00:00","dateModified":"2024-07-15T06:59:13+00:00","breadcrumb":{"@id":"https:\/\/www.ncheurope.com\/pt-pt\/euro-2024\/#breadcrumb"},"inLanguage":"pt-PT","potentialAction":[{"@type":"ReadAction","target":["https:\/\/www.ncheurope.com\/pt-pt\/euro-2024\/"]}]},{"@type":"BreadcrumbList","@id":"https:\/\/www.ncheurope.com\/pt-pt\/euro-2024\/#breadcrumb","itemListElement":[{"@type":"ListItem","position":1,"name":"P\u00e1gina inicial","item":"https:\/\/www.ncheurope.com\/pt-pt\/"},{"@type":"ListItem","position":2,"name":"EURO 2024"}]},{"@type":"WebSite","@id":"https:\/\/www.ncheurope.com\/en\/#website","url":"https:\/\/www.ncheurope.com\/en\/","name":"NCH Europe","description":"","publisher":{"@id":"https:\/\/www.ncheurope.com\/en\/#organization"},"potentialAction":[{"@type":"SearchAction","target":{"@type":"EntryPoint","urlTemplate":"https:\/\/www.ncheurope.com\/en\/?s={search_term_string}"},"query-input":{"@type":"PropertyValueSpecification","valueRequired":true,"valueName":"search_term_string"}}],"inLanguage":"pt-PT"},{"@type":"Organization","@id":"https:\/\/www.ncheurope.com\/en\/#organization","name":"NCH Europe","url":"https:\/\/www.ncheurope.com\/en\/","logo":{"@type":"ImageObject","inLanguage":"pt-PT","@id":"https:\/\/www.ncheurope.com\/en\/#\/schema\/logo\/image\/","url":"https:\/\/www.ncheurope.com\/wp-content\/uploads\/2023\/11\/nch-logo-gradient.webp","contentUrl":"https:\/\/www.ncheurope.com\/wp-content\/uploads\/2023\/11\/nch-logo-gradient.webp","width":120,"height":120,"caption":"NCH Europe"},"image":{"@id":"https:\/\/www.ncheurope.com\/en\/#\/schema\/logo\/image\/"},"sameAs":["https:\/\/www.facebook.com\/ncheurope","https:\/\/x.com\/NCH_Europe"]}]}},"_links":{"self":[{"href":"https:\/\/www.ncheurope.com\/pt-pt\/wp-json\/wp\/v2\/pages\/53253","targetHints":{"allow":["GET"]}}],"collection":[{"href":"https:\/\/www.ncheurope.com\/pt-pt\/wp-json\/wp\/v2\/pages"}],"about":[{"href":"https:\/\/www.ncheurope.com\/pt-pt\/wp-json\/wp\/v2\/types\/page"}],"author":[{"embeddable":true,"href":"https:\/\/www.ncheurope.com\/pt-pt\/wp-json\/wp\/v2\/users\/1"}],"replies":[{"embeddable":true,"href":"https:\/\/www.ncheurope.com\/pt-pt\/wp-json\/wp\/v2\/comments?post=53253"}],"version-history":[{"count":6,"href":"https:\/\/www.ncheurope.com\/pt-pt\/wp-json\/wp\/v2\/pages\/53253\/revisions"}],"predecessor-version":[{"id":54284,"href":"https:\/\/www.ncheurope.com\/pt-pt\/wp-json\/wp\/v2\/pages\/53253\/revisions\/54284"}],"wp:attachment":[{"href":"https:\/\/www.ncheurope.com\/pt-pt\/wp-json\/wp\/v2\/media?parent=53253"}],"curies":[{"name":"wp","href":"https:\/\/api.w.org\/{rel}","templated":true}]}}