{"id":47204,"date":"2023-11-27T16:00:46","date_gmt":"2023-11-27T16:00:46","guid":{"rendered":"https:\/\/www.ncheurope.com\/?page_id=47204"},"modified":"2024-02-22T13:52:07","modified_gmt":"2024-02-22T13:52:07","slug":"thank-you-5","status":"publish","type":"page","link":"https:\/\/www.ncheurope.com\/pt-pt\/thank-you-5\/","title":{"rendered":"Thank you"},"content":{"rendered":"\n<div class=\"internal-banner-block relative primaryBlue paddingBottomXLarge bg-no-repeat pt-[128px] bg-white bg-[url('assets\/images\/background-shape.png')] bg-right-bottom bg-contain\" >\n        <div class=\"container relative z-10\">\n        <div class=\"breadcrumb-container mb-[60px] md:mb-[103px] hidden md:block\">\n            <p class=\"text-darkXs !mb-0 !text-[12px] flex flex-row items-center\">You are here: <a class=\"!font-regular mx-2\" href=\"https:\/\/www.ncheurope.com\/pt-pt\/\">In\u00edcio<\/a> \/ <span class=\"ml-2 font-semibold\">Thank you<\/span><\/p>\n        <\/div>\n\n        <div class=\"content-container flex flex-col-reverse md:flex-row flex-wrap justify-between\">\n\n                            <div class=\"text-container md:basis-8\/12\">\n                    <h1 class=\"heading-1 text-primaryBlue\">Obrigado por contactar a NCH Europe<\/h1>                    <p class=\"text-darkBase !mb-0\">Um membro da nossa equipa entrar\u00e1 em contacto em breve. Se precisar de falar com algu\u00e9m urgentemente, visite nossa p\u00e1gina de contacto para obter uma lista completa de n\u00fameros de telefone e endere\u00e7os de e-mail.<\/p>                                    <\/div>\n            \n                    <\/div>\n    <\/div>\n<\/div>\n\n\n    <div class=\"related-cards-block box-content relative bg-white paddingTopLarge paddingBottomLarge primaryBlue\">\n        <div class=\"container flex flex-col\">\n            <!-- Start Text Section -->\n            <div class=\"flex flex-row flex-wrap justify-between items-end relative z-10 pb-[60px]\">\n                <h2 class=\"heading-2 basis-full text-primaryBlue\">Veja as nossas aplica\u00e7\u00f5es <\/h2>                <p class=\"text-darkBase basis-full lg:basis-8\/12 !mb-0\">Saiba mais sobre as solu\u00e7\u00f5es, produtos e servi\u00e7os dispon\u00edveis na NCH Europe. Desde a manuten\u00e7\u00e3o industrial e gest\u00e3o de instala\u00e7\u00f5es, at\u00e9 \u00e0 limpeza de pe\u00e7as e lubrifica\u00e7\u00e3o de m\u00e1quinas e equipamentos. Temos mais de 100 anos de experi\u00eancia em fornecer aos nossos clientes as solu\u00e7\u00f5es de que necessitam. <\/p>                                    <a href=\"https:\/\/www.ncheurope.com\/pt-pt\/aplicacoes\/\" class=\"button button--primaryBlue hover:bg-primaryBlue hover:text-white relative mt-[24px] lg:mt-0\">Explore as nossas aplica\u00e7\u00f5es<\/a>\n                            <\/div>\n            <!-- End Text Section -->\n            \n            <!-- Start Related Cards Section -->\n            \n                            <div class=\" flex flex-row flex-wrap\">\n                                                                        <div class=\"related-card max-w-full md:max-w-[calc(50%-4px)] lg:max-w-[calc(25%-8px)] w-full px-2 pt-2 pb-8 mr-0 md:odd:mr-2 lg:mr-2 mb-10 relative bg-white shadow-[0_10px_10px_0_rgba(109,106,112,0.15)] border border-primaryOffWhite\">\n                                <div class=\"blog-image relative bg-center bg-no-repeat bg-cover min-h-[216px] mb-6\" style=\"background-image: url('https:\/\/www.ncheurope.com\/wp-content\/uploads\/2023\/07\/Maintenance-home.jpg')\"><\/div>\n                                <div class=\"flex flex-col items-start px-6\">\n                                    <h6 class=\"heading-6 text-primaryBlue z-10 relative !mb-4\">Maintenance <\/h6>\n                                    <p class=\"text-darkSm z-10 relative !mb-5\">Os especialistas em manuten\u00e7\u00e3o industrial mant\u00eam as suas instala\u00e7\u00f5es e m\u00e1quinas a funcionar de forma eficiente e eficaz com as&hellip;<\/p>\n                                    <a href=\"https:\/\/www.ncheurope.com\/pt-pt\/aplicacoes\/maintenance\/\" class=\"button button--secondary button--primaryBlue\">Saiba mais<\/a>\n                                <\/div>\n                            <\/div>\n                                                                                                <div class=\"related-card max-w-full md:max-w-[calc(50%-4px)] lg:max-w-[calc(25%-8px)] w-full px-2 pt-2 pb-8 mr-0 md:odd:mr-2 lg:mr-2 mb-10 relative bg-white shadow-[0_10px_10px_0_rgba(109,106,112,0.15)] border border-primaryOffWhite\">\n                                <div class=\"blog-image relative bg-center bg-no-repeat bg-cover min-h-[216px] mb-6\" style=\"background-image: url('https:\/\/www.ncheurope.com\/wp-content\/uploads\/2023\/07\/Facilities-home.jpg')\"><\/div>\n                                <div class=\"flex flex-col items-start px-6\">\n                                    <h6 class=\"heading-6 text-primaryBlue z-10 relative !mb-4\">Facilities <\/h6>\n                                    <p class=\"text-darkSm z-10 relative !mb-5\">Especialistas em gest\u00e3o de \u00e1guas residuais e odores para as suas instala\u00e7\u00f5es hoteleiras e industriais. Fornecendo solu\u00e7\u00f5es patenteadas e ecol\u00f3gicas.<\/p>\n                                    <a href=\"https:\/\/www.ncheurope.com\/pt-pt\/aplicacoes\/facilities\/\" class=\"button button--secondary button--primaryBlue\">Saiba mais<\/a>\n                                <\/div>\n                            <\/div>\n                                                                                                <div class=\"related-card max-w-full md:max-w-[calc(50%-4px)] lg:max-w-[calc(25%-8px)] w-full px-2 pt-2 pb-8 mr-0 md:odd:mr-2 lg:mr-2 mb-10 relative bg-white shadow-[0_10px_10px_0_rgba(109,106,112,0.15)] border border-primaryOffWhite\">\n                                <div class=\"blog-image relative bg-center bg-no-repeat bg-cover min-h-[216px] mb-6\" style=\"background-image: url('https:\/\/www.ncheurope.com\/wp-content\/uploads\/2023\/07\/Parts-Cleaning-home.jpg')\"><\/div>\n                                <div class=\"flex flex-col items-start px-6\">\n                                    <h6 class=\"heading-6 text-primaryBlue z-10 relative !mb-4\">Parts Cleaning<\/h6>\n                                    <p class=\"text-darkSm z-10 relative !mb-5\">O l\u00edder global em servi\u00e7os integrados de tratamento de superf\u00edcies, limpeza e desengorduramento, garantindo alta produtividade e conformidade ambiental.<\/p>\n                                    <a href=\"https:\/\/www.ncheurope.com\/pt-pt\/aplicacoes\/parts-cleaning\/\" class=\"button button--secondary button--primaryBlue\">Saiba mais<\/a>\n                                <\/div>\n                            <\/div>\n                                                                                                <div class=\"related-card max-w-full md:max-w-[calc(50%-4px)] lg:max-w-[calc(25%-8px)] w-full px-2 pt-2 pb-8 mr-0 md:odd:mr-2 lg:mr-2 mb-10 relative bg-white shadow-[0_10px_10px_0_rgba(109,106,112,0.15)] border border-primaryOffWhite\">\n                                <div class=\"blog-image relative bg-center bg-no-repeat bg-cover min-h-[216px] mb-6\" style=\"background-image: url('https:\/\/www.ncheurope.com\/wp-content\/uploads\/2023\/07\/Lubricants-home.jpg')\"><\/div>\n                                <div class=\"flex flex-col items-start px-6\">\n                                    <h6 class=\"heading-6 text-primaryBlue z-10 relative !mb-4\">Lubricants <\/h6>\n                                    <p class=\"text-darkSm z-10 relative !mb-5\">Os especialistas em tecnologia de lubrifica\u00e7\u00e3o avan\u00e7ada desde 1948. Fornecemos massas lubrificantes, \u00f3leos e a mais recente tecnologia de aditivos.<\/p>\n                                    <a href=\"https:\/\/www.ncheurope.com\/pt-pt\/aplicacoes\/lubricants\/\" class=\"button button--secondary button--primaryBlue\">Saiba mais<\/a>\n                                <\/div>\n                            <\/div>\n                                                            <\/div>\n                        \n            <!-- End Related Cards Section -->\n        <\/div>\n\n    <\/div>","protected":false},"excerpt":{"rendered":"","protected":false},"author":2,"featured_media":0,"parent":0,"menu_order":0,"comment_status":"closed","ping_status":"closed","template":"","meta":{"_acf_changed":false,"footnotes":""},"class_list":["post-47204","page","type-page","status-publish","hentry"],"acf":[],"yoast_head":"<!-- This site is optimized with the Yoast SEO Premium plugin v21.7 (Yoast SEO v27.2) - https:\/\/yoast.com\/product\/yoast-seo-premium-wordpress\/ -->\n<title>Thank you - NCH Europe<\/title>\n<meta name=\"robots\" content=\"noindex, follow\" \/>\n<meta property=\"og:locale\" content=\"pt_PT\" class=\"yoast-seo-meta-tag\" \/>\n<meta property=\"og:type\" content=\"article\" class=\"yoast-seo-meta-tag\" \/>\n<meta property=\"og:title\" content=\"Thank you\" class=\"yoast-seo-meta-tag\" \/>\n<meta property=\"og:url\" content=\"https:\/\/www.ncheurope.com\/en\/thank-you-contact\/\" class=\"yoast-seo-meta-tag\" \/>\n<meta property=\"og:site_name\" content=\"NCH Europe\" class=\"yoast-seo-meta-tag\" \/>\n<meta property=\"article:publisher\" content=\"https:\/\/www.facebook.com\/ncheurope\" class=\"yoast-seo-meta-tag\" \/>\n<meta property=\"article:modified_time\" content=\"2024-02-22T13:52:07+00:00\" class=\"yoast-seo-meta-tag\" \/>\n<meta name=\"twitter:card\" content=\"summary_large_image\" class=\"yoast-seo-meta-tag\" \/>\n<meta name=\"twitter:site\" content=\"@NCH_Europe\" class=\"yoast-seo-meta-tag\" \/>\n<script type=\"application\/ld+json\" class=\"yoast-schema-graph\">{\"@context\":\"https:\/\/schema.org\",\"@graph\":[{\"@type\":\"WebPage\",\"@id\":\"https:\/\/www.ncheurope.com\/en\/thank-you-contact\/\",\"url\":\"https:\/\/www.ncheurope.com\/en\/thank-you-contact\/\",\"name\":\"Thank you - NCH Europe\",\"isPartOf\":{\"@id\":\"https:\/\/www.ncheurope.com\/en\/#website\"},\"datePublished\":\"2023-11-27T16:00:46+00:00\",\"dateModified\":\"2024-02-22T13:52:07+00:00\",\"breadcrumb\":{\"@id\":\"https:\/\/www.ncheurope.com\/en\/thank-you-contact\/#breadcrumb\"},\"inLanguage\":\"pt-PT\",\"potentialAction\":[{\"@type\":\"ReadAction\",\"target\":[\"https:\/\/www.ncheurope.com\/en\/thank-you-contact\/\"]}]},{\"@type\":\"BreadcrumbList\",\"@id\":\"https:\/\/www.ncheurope.com\/en\/thank-you-contact\/#breadcrumb\",\"itemListElement\":[{\"@type\":\"ListItem\",\"position\":1,\"name\":\"P\u00e1gina inicial\",\"item\":\"https:\/\/www.ncheurope.com\/pt-pt\/\"},{\"@type\":\"ListItem\",\"position\":2,\"name\":\"Thank you\"}]},{\"@type\":\"WebSite\",\"@id\":\"https:\/\/www.ncheurope.com\/en\/#website\",\"url\":\"https:\/\/www.ncheurope.com\/en\/\",\"name\":\"NCH Europe\",\"description\":\"\",\"publisher\":{\"@id\":\"https:\/\/www.ncheurope.com\/en\/#organization\"},\"potentialAction\":[{\"@type\":\"SearchAction\",\"target\":{\"@type\":\"EntryPoint\",\"urlTemplate\":\"https:\/\/www.ncheurope.com\/en\/?s={search_term_string}\"},\"query-input\":{\"@type\":\"PropertyValueSpecification\",\"valueRequired\":true,\"valueName\":\"search_term_string\"}}],\"inLanguage\":\"pt-PT\"},{\"@type\":\"Organization\",\"@id\":\"https:\/\/www.ncheurope.com\/en\/#organization\",\"name\":\"NCH Europe\",\"url\":\"https:\/\/www.ncheurope.com\/en\/\",\"logo\":{\"@type\":\"ImageObject\",\"inLanguage\":\"pt-PT\",\"@id\":\"https:\/\/www.ncheurope.com\/en\/#\/schema\/logo\/image\/\",\"url\":\"https:\/\/www.ncheurope.com\/wp-content\/uploads\/2023\/11\/nch-logo-gradient.webp\",\"contentUrl\":\"https:\/\/www.ncheurope.com\/wp-content\/uploads\/2023\/11\/nch-logo-gradient.webp\",\"width\":120,\"height\":120,\"caption\":\"NCH Europe\"},\"image\":{\"@id\":\"https:\/\/www.ncheurope.com\/en\/#\/schema\/logo\/image\/\"},\"sameAs\":[\"https:\/\/www.facebook.com\/ncheurope\",\"https:\/\/x.com\/NCH_Europe\"]}]}<\/script>\n<!-- \/ Yoast SEO Premium plugin. -->","yoast_head_json":{"title":"Thank you - NCH Europe","robots":{"index":"noindex","follow":"follow"},"og_locale":"pt_PT","og_type":"article","og_title":"Thank you","og_url":"https:\/\/www.ncheurope.com\/en\/thank-you-contact\/","og_site_name":"NCH Europe","article_publisher":"https:\/\/www.facebook.com\/ncheurope","article_modified_time":"2024-02-22T13:52:07+00:00","twitter_card":"summary_large_image","twitter_site":"@NCH_Europe","schema":{"@context":"https:\/\/schema.org","@graph":[{"@type":"WebPage","@id":"https:\/\/www.ncheurope.com\/en\/thank-you-contact\/","url":"https:\/\/www.ncheurope.com\/en\/thank-you-contact\/","name":"Thank you - NCH Europe","isPartOf":{"@id":"https:\/\/www.ncheurope.com\/en\/#website"},"datePublished":"2023-11-27T16:00:46+00:00","dateModified":"2024-02-22T13:52:07+00:00","breadcrumb":{"@id":"https:\/\/www.ncheurope.com\/en\/thank-you-contact\/#breadcrumb"},"inLanguage":"pt-PT","potentialAction":[{"@type":"ReadAction","target":["https:\/\/www.ncheurope.com\/en\/thank-you-contact\/"]}]},{"@type":"BreadcrumbList","@id":"https:\/\/www.ncheurope.com\/en\/thank-you-contact\/#breadcrumb","itemListElement":[{"@type":"ListItem","position":1,"name":"P\u00e1gina inicial","item":"https:\/\/www.ncheurope.com\/pt-pt\/"},{"@type":"ListItem","position":2,"name":"Thank you"}]},{"@type":"WebSite","@id":"https:\/\/www.ncheurope.com\/en\/#website","url":"https:\/\/www.ncheurope.com\/en\/","name":"NCH Europe","description":"","publisher":{"@id":"https:\/\/www.ncheurope.com\/en\/#organization"},"potentialAction":[{"@type":"SearchAction","target":{"@type":"EntryPoint","urlTemplate":"https:\/\/www.ncheurope.com\/en\/?s={search_term_string}"},"query-input":{"@type":"PropertyValueSpecification","valueRequired":true,"valueName":"search_term_string"}}],"inLanguage":"pt-PT"},{"@type":"Organization","@id":"https:\/\/www.ncheurope.com\/en\/#organization","name":"NCH Europe","url":"https:\/\/www.ncheurope.com\/en\/","logo":{"@type":"ImageObject","inLanguage":"pt-PT","@id":"https:\/\/www.ncheurope.com\/en\/#\/schema\/logo\/image\/","url":"https:\/\/www.ncheurope.com\/wp-content\/uploads\/2023\/11\/nch-logo-gradient.webp","contentUrl":"https:\/\/www.ncheurope.com\/wp-content\/uploads\/2023\/11\/nch-logo-gradient.webp","width":120,"height":120,"caption":"NCH Europe"},"image":{"@id":"https:\/\/www.ncheurope.com\/en\/#\/schema\/logo\/image\/"},"sameAs":["https:\/\/www.facebook.com\/ncheurope","https:\/\/x.com\/NCH_Europe"]}]}},"_links":{"self":[{"href":"https:\/\/www.ncheurope.com\/pt-pt\/wp-json\/wp\/v2\/pages\/47204","targetHints":{"allow":["GET"]}}],"collection":[{"href":"https:\/\/www.ncheurope.com\/pt-pt\/wp-json\/wp\/v2\/pages"}],"about":[{"href":"https:\/\/www.ncheurope.com\/pt-pt\/wp-json\/wp\/v2\/types\/page"}],"author":[{"embeddable":true,"href":"https:\/\/www.ncheurope.com\/pt-pt\/wp-json\/wp\/v2\/users\/2"}],"replies":[{"embeddable":true,"href":"https:\/\/www.ncheurope.com\/pt-pt\/wp-json\/wp\/v2\/comments?post=47204"}],"version-history":[{"count":1,"href":"https:\/\/www.ncheurope.com\/pt-pt\/wp-json\/wp\/v2\/pages\/47204\/revisions"}],"predecessor-version":[{"id":47209,"href":"https:\/\/www.ncheurope.com\/pt-pt\/wp-json\/wp\/v2\/pages\/47204\/revisions\/47209"}],"wp:attachment":[{"href":"https:\/\/www.ncheurope.com\/pt-pt\/wp-json\/wp\/v2\/media?parent=47204"}],"curies":[{"name":"wp","href":"https:\/\/api.w.org\/{rel}","templated":true}]}}