{"id":42771,"date":"2023-11-27T10:44:03","date_gmt":"2023-11-27T10:44:03","guid":{"rendered":"https:\/\/www.ncheurope.com\/thank-you-chem-aqua\/"},"modified":"2024-03-01T12:05:22","modified_gmt":"2024-03-01T12:05:22","slug":"dziekujemy-chem-aqua","status":"publish","type":"page","link":"https:\/\/www.ncheurope.com\/pl\/dziekujemy-chem-aqua\/","title":{"rendered":"Thank you"},"content":{"rendered":"\n<div class=\"internal-banner-block relative primaryBlue paddingBottomXLarge bg-no-repeat pt-[128px] bg-white bg-[url('assets\/images\/background-shape.png')] bg-right-bottom bg-contain\" >\n        <div class=\"container relative z-10\">\n        <div class=\"breadcrumb-container mb-[60px] md:mb-[103px] hidden md:block\">\n            <p class=\"text-darkXs !mb-0 !text-[12px] flex flex-row items-center\">You are here: <a class=\"!font-regular mx-2\" href=\"https:\/\/www.ncheurope.com\/pl\/\">Strona g\u0142\u00f3wna<\/a> \/ <span class=\"ml-2 font-semibold\">Thank you<\/span><\/p>\n        <\/div>\n\n        <div class=\"content-container flex flex-col-reverse md:flex-row flex-wrap justify-between\">\n\n                            <div class=\"text-container md:basis-8\/12\">\n                    <h1 class=\"heading-1 text-primaryBlue\">Dzi\u0119kujemy za kontakt z NCH Europe<\/h1>                    <p class=\"text-darkBase !mb-0\">Cz\u0142onek naszego zespo\u0142u wkr\u00f3tce si\u0119 z Tob\u0105 skontaktuje. Je\u015bli chcesz pilnie z kim\u015b porozmawia\u0107, odwied\u017a nasz\u0105 stron\u0119 kontaktow\u0105, aby uzyska\u0107 pe\u0142n\u0105 list\u0119 numer\u00f3w telefon\u00f3w i adres\u00f3w e-mail.<\/p>                                            <a href=\"https:\/\/www.ncheurope.com\/pl\/\" class=\"button button--primaryBlue mt-[32px]\">Wr\u00f3\u0107 do strony g\u0142\u00f3wnej<\/a>\n                                    <\/div>\n            \n                    <\/div>\n    <\/div>\n<\/div>\n\n\n    <div class=\"related-cards-block box-content relative bg-white paddingTopLarge paddingBottomLarge primaryBlue\">\n        <div class=\"container flex flex-col\">\n            <!-- Start Text Section -->\n            <div class=\"flex flex-row flex-wrap justify-between items-end relative z-10 pb-[60px]\">\n                <h2 class=\"heading-2 basis-full text-primaryBlue\">apoznaj si\u0119 z naszymi aplikacjami<\/h2>                <p class=\"text-darkBase basis-full lg:basis-8\/12 !mb-0\">Dowiedz si\u0119 wi\u0119cej o rozwi\u0105zaniach, produktach i us\u0142ugach dost\u0119pnych w NCH Europe. Od konserwacji przemys\u0142owej i zarz\u0105dzania obiektami, po czyszczenie cz\u0119\u015bci i smarowanie maszyn i urz\u0105dze\u0144. Mamy ponad 100 lat do\u015bwiadczenia w dostarczaniu naszym klientom rozwi\u0105za\u0144, kt\u00f3rych potrzebuj\u0105.<\/p>                                    <a href=\"https:\/\/www.ncheurope.com\/pl\/zastosowania\/\" class=\"button button--primaryBlue hover:bg-primaryBlue hover:text-white relative mt-[24px] lg:mt-0\">Poznaj nasze aplikacje<\/a>\n                            <\/div>\n            <!-- End Text Section -->\n            \n            <!-- Start Related Cards Section -->\n            \n                            <div class=\" flex flex-row flex-wrap\">\n                                                                        <div class=\"related-card max-w-full md:max-w-[calc(50%-4px)] lg:max-w-[calc(25%-8px)] w-full px-2 pt-2 pb-8 mr-0 md:odd:mr-2 lg:mr-2 mb-10 relative bg-white shadow-[0_10px_10px_0_rgba(109,106,112,0.15)] border border-primaryOffWhite\">\n                                <div class=\"blog-image relative bg-center bg-no-repeat bg-cover min-h-[216px] mb-6\" style=\"background-image: url('https:\/\/www.ncheurope.com\/wp-content\/uploads\/2023\/07\/Maintenance-home.jpg')\"><\/div>\n                                <div class=\"flex flex-col items-start px-6\">\n                                    <h6 class=\"heading-6 text-primaryBlue z-10 relative !mb-4\">Maintenance <\/h6>\n                                    <p class=\"text-darkSm z-10 relative !mb-5\">Eksperci ds. utrzymania ruchu przemys\u0142owego dbaj\u0105 o wydajn\u0105 i efektywn\u0105 prac\u0119 instalacji i maszyn dzi\u0119ki najnowszym rozwi\u0105zaniom.<\/p>\n                                    <a href=\"https:\/\/www.ncheurope.com\/pl\/zastosowania\/maintenance\/\" class=\"button button--secondary button--primaryBlue\">Dowiedz si\u0119 wi\u0119cej<\/a>\n                                <\/div>\n                            <\/div>\n                                                                                                <div class=\"related-card max-w-full md:max-w-[calc(50%-4px)] lg:max-w-[calc(25%-8px)] w-full px-2 pt-2 pb-8 mr-0 md:odd:mr-2 lg:mr-2 mb-10 relative bg-white shadow-[0_10px_10px_0_rgba(109,106,112,0.15)] border border-primaryOffWhite\">\n                                <div class=\"blog-image relative bg-center bg-no-repeat bg-cover min-h-[216px] mb-6\" style=\"background-image: url('https:\/\/www.ncheurope.com\/wp-content\/uploads\/2023\/07\/Facilities-home.jpg')\"><\/div>\n                                <div class=\"flex flex-col items-start px-6\">\n                                    <h6 class=\"heading-6 text-primaryBlue z-10 relative !mb-4\">Facilities <\/h6>\n                                    <p class=\"text-darkSm z-10 relative !mb-5\">Eksperci ds. zarz\u0105dzania \u015bciekami i zapachami dla bran\u017cy hotelarskiej i przemys\u0142owej. Dostarczanie ekologicznych rozwi\u0105za\u0144.<\/p>\n                                    <a href=\"https:\/\/www.ncheurope.com\/pl\/zastosowania\/facilities\/\" class=\"button button--secondary button--primaryBlue\">Dowiedz si\u0119 wi\u0119cej<\/a>\n                                <\/div>\n                            <\/div>\n                                                                                                <div class=\"related-card max-w-full md:max-w-[calc(50%-4px)] lg:max-w-[calc(25%-8px)] w-full px-2 pt-2 pb-8 mr-0 md:odd:mr-2 lg:mr-2 mb-10 relative bg-white shadow-[0_10px_10px_0_rgba(109,106,112,0.15)] border border-primaryOffWhite\">\n                                <div class=\"blog-image relative bg-center bg-no-repeat bg-cover min-h-[216px] mb-6\" style=\"background-image: url('https:\/\/www.ncheurope.com\/wp-content\/uploads\/2023\/07\/Parts-Cleaning-home.jpg')\"><\/div>\n                                <div class=\"flex flex-col items-start px-6\">\n                                    <h6 class=\"heading-6 text-primaryBlue z-10 relative !mb-4\">Parts Cleaning<\/h6>\n                                    <p class=\"text-darkSm z-10 relative !mb-5\">Liderzy w zakresie obr\u00f3bki powierzchni, czyszczenia i odt\u0142uszczania, zapewniamy wysok\u0105 wydajno\u015b\u0107 i zgodno\u015b\u0107 z przepisami ochrony \u015brodowiska.<\/p>\n                                    <a href=\"https:\/\/www.ncheurope.com\/pl\/zastosowania\/parts-cleaning\/\" class=\"button button--secondary button--primaryBlue\">Dowiedz si\u0119 wi\u0119cej<\/a>\n                                <\/div>\n                            <\/div>\n                                                                                                <div class=\"related-card max-w-full md:max-w-[calc(50%-4px)] lg:max-w-[calc(25%-8px)] w-full px-2 pt-2 pb-8 mr-0 md:odd:mr-2 lg:mr-2 mb-10 relative bg-white shadow-[0_10px_10px_0_rgba(109,106,112,0.15)] border border-primaryOffWhite\">\n                                <div class=\"blog-image relative bg-center bg-no-repeat bg-cover min-h-[216px] mb-6\" style=\"background-image: url('https:\/\/www.ncheurope.com\/wp-content\/uploads\/2023\/07\/Lubricants-home.jpg')\"><\/div>\n                                <div class=\"flex flex-col items-start px-6\">\n                                    <h6 class=\"heading-6 text-primaryBlue z-10 relative !mb-4\">Lubricants <\/h6>\n                                    <p class=\"text-darkSm z-10 relative !mb-5\">Eksperci w dziedzinie zaawansowanych technologii smarowania od 1948 r.; dostarczanie smar\u00f3w, olej\u00f3w i najnowszych dodatk\u00f3w uszlachetniaj\u0105cych.<\/p>\n                                    <a href=\"https:\/\/www.ncheurope.com\/pl\/zastosowania\/lubricants\/\" class=\"button button--secondary button--primaryBlue\">Dowiedz si\u0119 wi\u0119cej<\/a>\n                                <\/div>\n                            <\/div>\n                                                            <\/div>\n                        \n            <!-- End Related Cards Section -->\n        <\/div>\n\n    <\/div>","protected":false},"excerpt":{"rendered":"","protected":false},"author":1,"featured_media":0,"parent":0,"menu_order":0,"comment_status":"closed","ping_status":"closed","template":"","meta":{"_acf_changed":false,"footnotes":""},"class_list":["post-42771","page","type-page","status-publish","hentry"],"acf":[],"yoast_head":"<!-- This site is optimized with the Yoast SEO Premium plugin v21.7 (Yoast SEO v27.2) - https:\/\/yoast.com\/product\/yoast-seo-premium-wordpress\/ -->\n<title>Thank you - NCH Europe<\/title>\n<meta name=\"robots\" content=\"noindex, follow\" \/>\n<meta property=\"og:locale\" content=\"pl_PL\" class=\"yoast-seo-meta-tag\" \/>\n<meta property=\"og:type\" content=\"article\" class=\"yoast-seo-meta-tag\" \/>\n<meta property=\"og:title\" content=\"Thank you\" class=\"yoast-seo-meta-tag\" \/>\n<meta property=\"og:url\" content=\"https:\/\/www.ncheurope.com\/en\/thank-you-chem-aqua\/\" class=\"yoast-seo-meta-tag\" \/>\n<meta property=\"og:site_name\" content=\"NCH Europe\" class=\"yoast-seo-meta-tag\" \/>\n<meta property=\"article:publisher\" content=\"https:\/\/www.facebook.com\/ncheurope\" class=\"yoast-seo-meta-tag\" \/>\n<meta property=\"article:modified_time\" content=\"2024-03-01T12:05:22+00:00\" class=\"yoast-seo-meta-tag\" \/>\n<meta name=\"twitter:card\" content=\"summary_large_image\" class=\"yoast-seo-meta-tag\" \/>\n<meta name=\"twitter:site\" content=\"@NCH_Europe\" class=\"yoast-seo-meta-tag\" \/>\n<script type=\"application\/ld+json\" class=\"yoast-schema-graph\">{\"@context\":\"https:\/\/schema.org\",\"@graph\":[{\"@type\":\"WebPage\",\"@id\":\"https:\/\/www.ncheurope.com\/en\/thank-you-chem-aqua\/\",\"url\":\"https:\/\/www.ncheurope.com\/en\/thank-you-chem-aqua\/\",\"name\":\"Thank you - NCH Europe\",\"isPartOf\":{\"@id\":\"https:\/\/www.ncheurope.com\/en\/#website\"},\"datePublished\":\"2023-11-27T10:44:03+00:00\",\"dateModified\":\"2024-03-01T12:05:22+00:00\",\"breadcrumb\":{\"@id\":\"https:\/\/www.ncheurope.com\/en\/thank-you-chem-aqua\/#breadcrumb\"},\"inLanguage\":\"pl-PL\",\"potentialAction\":[{\"@type\":\"ReadAction\",\"target\":[\"https:\/\/www.ncheurope.com\/en\/thank-you-chem-aqua\/\"]}]},{\"@type\":\"BreadcrumbList\",\"@id\":\"https:\/\/www.ncheurope.com\/en\/thank-you-chem-aqua\/#breadcrumb\",\"itemListElement\":[{\"@type\":\"ListItem\",\"position\":1,\"name\":\"Strona g\u0142\u00f3wna\",\"item\":\"https:\/\/www.ncheurope.com\/pl\/\"},{\"@type\":\"ListItem\",\"position\":2,\"name\":\"Thank you\"}]},{\"@type\":\"WebSite\",\"@id\":\"https:\/\/www.ncheurope.com\/en\/#website\",\"url\":\"https:\/\/www.ncheurope.com\/en\/\",\"name\":\"NCH Europe\",\"description\":\"\",\"publisher\":{\"@id\":\"https:\/\/www.ncheurope.com\/en\/#organization\"},\"potentialAction\":[{\"@type\":\"SearchAction\",\"target\":{\"@type\":\"EntryPoint\",\"urlTemplate\":\"https:\/\/www.ncheurope.com\/en\/?s={search_term_string}\"},\"query-input\":{\"@type\":\"PropertyValueSpecification\",\"valueRequired\":true,\"valueName\":\"search_term_string\"}}],\"inLanguage\":\"pl-PL\"},{\"@type\":\"Organization\",\"@id\":\"https:\/\/www.ncheurope.com\/en\/#organization\",\"name\":\"NCH Europe\",\"url\":\"https:\/\/www.ncheurope.com\/en\/\",\"logo\":{\"@type\":\"ImageObject\",\"inLanguage\":\"pl-PL\",\"@id\":\"https:\/\/www.ncheurope.com\/en\/#\/schema\/logo\/image\/\",\"url\":\"https:\/\/www.ncheurope.com\/wp-content\/uploads\/2023\/11\/nch-logo-gradient.webp\",\"contentUrl\":\"https:\/\/www.ncheurope.com\/wp-content\/uploads\/2023\/11\/nch-logo-gradient.webp\",\"width\":120,\"height\":120,\"caption\":\"NCH Europe\"},\"image\":{\"@id\":\"https:\/\/www.ncheurope.com\/en\/#\/schema\/logo\/image\/\"},\"sameAs\":[\"https:\/\/www.facebook.com\/ncheurope\",\"https:\/\/x.com\/NCH_Europe\"]}]}<\/script>\n<!-- \/ Yoast SEO Premium plugin. -->","yoast_head_json":{"title":"Thank you - NCH Europe","robots":{"index":"noindex","follow":"follow"},"og_locale":"pl_PL","og_type":"article","og_title":"Thank you","og_url":"https:\/\/www.ncheurope.com\/en\/thank-you-chem-aqua\/","og_site_name":"NCH Europe","article_publisher":"https:\/\/www.facebook.com\/ncheurope","article_modified_time":"2024-03-01T12:05:22+00:00","twitter_card":"summary_large_image","twitter_site":"@NCH_Europe","schema":{"@context":"https:\/\/schema.org","@graph":[{"@type":"WebPage","@id":"https:\/\/www.ncheurope.com\/en\/thank-you-chem-aqua\/","url":"https:\/\/www.ncheurope.com\/en\/thank-you-chem-aqua\/","name":"Thank you - NCH Europe","isPartOf":{"@id":"https:\/\/www.ncheurope.com\/en\/#website"},"datePublished":"2023-11-27T10:44:03+00:00","dateModified":"2024-03-01T12:05:22+00:00","breadcrumb":{"@id":"https:\/\/www.ncheurope.com\/en\/thank-you-chem-aqua\/#breadcrumb"},"inLanguage":"pl-PL","potentialAction":[{"@type":"ReadAction","target":["https:\/\/www.ncheurope.com\/en\/thank-you-chem-aqua\/"]}]},{"@type":"BreadcrumbList","@id":"https:\/\/www.ncheurope.com\/en\/thank-you-chem-aqua\/#breadcrumb","itemListElement":[{"@type":"ListItem","position":1,"name":"Strona g\u0142\u00f3wna","item":"https:\/\/www.ncheurope.com\/pl\/"},{"@type":"ListItem","position":2,"name":"Thank you"}]},{"@type":"WebSite","@id":"https:\/\/www.ncheurope.com\/en\/#website","url":"https:\/\/www.ncheurope.com\/en\/","name":"NCH Europe","description":"","publisher":{"@id":"https:\/\/www.ncheurope.com\/en\/#organization"},"potentialAction":[{"@type":"SearchAction","target":{"@type":"EntryPoint","urlTemplate":"https:\/\/www.ncheurope.com\/en\/?s={search_term_string}"},"query-input":{"@type":"PropertyValueSpecification","valueRequired":true,"valueName":"search_term_string"}}],"inLanguage":"pl-PL"},{"@type":"Organization","@id":"https:\/\/www.ncheurope.com\/en\/#organization","name":"NCH Europe","url":"https:\/\/www.ncheurope.com\/en\/","logo":{"@type":"ImageObject","inLanguage":"pl-PL","@id":"https:\/\/www.ncheurope.com\/en\/#\/schema\/logo\/image\/","url":"https:\/\/www.ncheurope.com\/wp-content\/uploads\/2023\/11\/nch-logo-gradient.webp","contentUrl":"https:\/\/www.ncheurope.com\/wp-content\/uploads\/2023\/11\/nch-logo-gradient.webp","width":120,"height":120,"caption":"NCH Europe"},"image":{"@id":"https:\/\/www.ncheurope.com\/en\/#\/schema\/logo\/image\/"},"sameAs":["https:\/\/www.facebook.com\/ncheurope","https:\/\/x.com\/NCH_Europe"]}]}},"_links":{"self":[{"href":"https:\/\/www.ncheurope.com\/pl\/wp-json\/wp\/v2\/pages\/42771","targetHints":{"allow":["GET"]}}],"collection":[{"href":"https:\/\/www.ncheurope.com\/pl\/wp-json\/wp\/v2\/pages"}],"about":[{"href":"https:\/\/www.ncheurope.com\/pl\/wp-json\/wp\/v2\/types\/page"}],"author":[{"embeddable":true,"href":"https:\/\/www.ncheurope.com\/pl\/wp-json\/wp\/v2\/users\/1"}],"replies":[{"embeddable":true,"href":"https:\/\/www.ncheurope.com\/pl\/wp-json\/wp\/v2\/comments?post=42771"}],"version-history":[{"count":2,"href":"https:\/\/www.ncheurope.com\/pl\/wp-json\/wp\/v2\/pages\/42771\/revisions"}],"predecessor-version":[{"id":47579,"href":"https:\/\/www.ncheurope.com\/pl\/wp-json\/wp\/v2\/pages\/42771\/revisions\/47579"}],"wp:attachment":[{"href":"https:\/\/www.ncheurope.com\/pl\/wp-json\/wp\/v2\/media?parent=42771"}],"curies":[{"name":"wp","href":"https:\/\/api.w.org\/{rel}","templated":true}]}}