{"id":50233,"date":"2023-08-04T12:18:02","date_gmt":"2023-08-04T12:18:02","guid":{"rendered":"https:\/\/www.ncheurope.com\/nch-corporation-samsvarserklaering-lov-om-moderne-slaveri-2015\/"},"modified":"2024-04-03T11:04:00","modified_gmt":"2024-04-03T11:04:00","slug":"nch-corporation-samsvarserklaering-lov-om-moderne-slaveri-2015","status":"publish","type":"page","link":"https:\/\/www.ncheurope.com\/no\/nch-corporation-samsvarserklaering-lov-om-moderne-slaveri-2015\/","title":{"rendered":"NCH Corporation samsvarserkl\u00e6ring: Lov om moderne slaveri 2015"},"content":{"rendered":"\n<div class=\"internal-banner-block relative primaryBlue paddingBottomLarge bg-no-repeat pt-[128px] bg-white bg-[url('assets\/images\/background-shape.png')] bg-right-bottom bg-contain\" >\n        <div class=\"container relative z-10\">\n        <div class=\"breadcrumb-container mb-[60px] md:mb-[103px] hidden md:block\">\n            <p class=\"text-darkXs !mb-0 !text-[12px] flex flex-row items-center\">You are here: <a class=\"!font-regular mx-2\" href=\"https:\/\/www.ncheurope.com\/no\/\">Hjem<\/a> \/ <span class=\"ml-2 font-semibold\">NCH Corporation samsvarserkl\u00e6ring: Lov om moderne slaveri 2015<\/span><\/p>\n        <\/div>\n\n        <div class=\"content-container flex flex-col-reverse md:flex-row flex-wrap justify-between\">\n\n                            <div class=\"text-container md:basis-8\/12\">\n                    <h1 class=\"heading-1 text-primaryBlue\">NCH Corporation samsvarserkl\u00e6ring: Lov om moderne slaveri 2015<\/h1>                                                        <\/div>\n            \n                    <\/div>\n    <\/div>\n<\/div>\n<div class=\"accordion-block relative primaryBlue paddingTopLarge paddingBottomLarge bg-primaryOffWhite\">\n    <div class=\"container flex flex-row flex-wrap\">\n                    <div class=\"text-container flex flex-row flex-wrap items-start justify-between basis-full pb-[60px]\">\n                <h2 class=\"heading-2 text-primaryBlue basis-full\">NCH (UK) LIMITED &#8211; Erkl\u00e6ring om moderne slaveri og menneskehandel<\/h2>                <p class=\"text-darkBase basis-full lg:basis-8\/12 !mb-0\"><p>I NCH (UK) Limited (selskapet) er vi opptatt av \u00e5 beskytte og respektere menneskerettighetene, og vi har nulltoleranse for alle former for slaveri og menneskehandel. Denne erkl\u00e6ringen avgis i henhold til paragraf 54 (1) i Modern Slavery Act 2015. Vi har implementert NCHs retningslinjer mot slaveri (retningslinjene) for \u00e5 sikre at vi strengt forbyr bruk av moderne slaveri og menneskehandel i v\u00e5r virksomhet og i leverand\u00f8rkjeden. Vi har forpliktet oss til \u00e5 implementere systemer og kontroller for \u00e5 sikre at moderne slaveri ikke finner sted noe sted i v\u00e5r organisasjon eller i noen av v\u00e5re leverand\u00f8rkjeder. Denne erkl\u00e6ringen vil bli gjennomg\u00e5tt \u00e5rlig.<\/p>\n<\/p>            <\/div>\n        \n        <!-- Accordion Start -->       \n                    <div class=\"accordion-container flex flex-row flex-wrap basis-full\">     \n                                <div class=\"accordion-item border border-primaryOffWhite bg-white basis-full mb-2\">\n                    <div class=\"accordion-header hover:cursor-pointer py-[28px] px-[40px] flex flex-row justify-between items-center\">\n                        <h5 class=\"text-primaryBlue heading-5 !mb-0\">Organisasjonens struktur<\/h5>\n                        <i class=\"bg-[url('assets\/images\/upwards-arrow-white.png')] bg-center bg-[length:11px_11px] bg-no-repeat bg-primaryBlue block rounded-full min-w-[30px] w-[30px] h-[30px] rotate-[135deg]\"><\/i>\n                    <\/div>\n\n                    <div class=\"accordion-content hidden pb-[28px] px-[40px]\">\n                        <p class=\"text-darkBase !mb-0\"><p>Vi er en kjemikalieprodusent og leverand\u00f8r av vannbehandling. Vi er en del av NCH Group (konsernet), og v\u00e5rt \u00f8verste morselskap er NCH Corporation, som har hovedkontor i USA. Konsernet har over 8 500 ansatte over hele verden og virksomhet i 50 land.  <\/p>\n<p>Konsernet har en global \u00e5rlig omsetning p\u00e5 665 millioner pund.  <\/p>\n<\/p>\n                                            <\/div>\n                <\/div>\n\n                                <div class=\"accordion-item border border-primaryOffWhite bg-white basis-full mb-2\">\n                    <div class=\"accordion-header hover:cursor-pointer py-[28px] px-[40px] flex flex-row justify-between items-center\">\n                        <h5 class=\"text-primaryBlue heading-5 !mb-0\">V\u00e5re retningslinjer for slaveri og menneskehandel<\/h5>\n                        <i class=\"bg-[url('assets\/images\/upwards-arrow-white.png')] bg-center bg-[length:11px_11px] bg-no-repeat bg-primaryBlue block rounded-full min-w-[30px] w-[30px] h-[30px] rotate-[135deg]\"><\/i>\n                    <\/div>\n\n                    <div class=\"accordion-content hidden pb-[28px] px-[40px]\">\n                        <p class=\"text-darkBase !mb-0\"><p>Vi har forpliktet oss til \u00e5 sikre at det ikke forekommer moderne slaveri eller menneskehandel i leverand\u00f8rkjedene v\u00e5re eller i noen del av virksomheten v\u00e5r. Retningslinjene v\u00e5re gjenspeiler v\u00e5r forpliktelse til \u00e5 opptre etisk og med integritet i alle v\u00e5re forretningsrelasjoner og til \u00e5 implementere og h\u00e5ndheve effektive systemer og kontroller for \u00e5 sikre at slaveri og menneskehandel ikke forekommer noe sted i leverand\u00f8rkjedene v\u00e5re.  <\/p>\n<p>Som en del av v\u00e5rt initiativ for \u00e5 identifisere og redusere risiko har vi prosedyrer for \u00e5:<\/p>\n<li>Gjennomg\u00e5 retningslinjene v\u00e5re en gang i \u00e5ret, og  <\/li>\n<li>Identifisere endringer som kan forbedre retningslinjene v\u00e5re.  <\/li>\n<p><\/p>\n<p>Due diligence-prosesser for slaveri og menneskehandel  <\/p>\n<p>Som en del av v\u00e5rt initiativ for \u00e5 identifisere og redusere risiko, implementerer vi systemer for \u00e5:<\/p>\n<li>Identifisere og vurdere potensielle risikoomr\u00e5der i leverand\u00f8rkjedene v\u00e5re.<\/li>\n<li>Redusere risikoen for at slaveri og menneskehandel forekommer i leverand\u00f8rkjedene v\u00e5re.  <\/li>\n<li>Overv\u00e5ke potensielle risikoomr\u00e5der i leverand\u00f8rkjedene v\u00e5re.<\/li>\n<li>Beskytte varslere.  <\/li>\n<p><\/p>\n<p>Vi har tildelt en av v\u00e5re avdelinger et internt ansvar for \u00e5 sikre at v\u00e5re due diligence-prosesser er s\u00e5 robuste som mulig, og for \u00e5 identifisere eventuelle endringer som kan gj\u00f8res for \u00e5 forbedre prosessene over tid.  <\/p>\n<\/p>\n                                            <\/div>\n                <\/div>\n\n                                <div class=\"accordion-item border border-primaryOffWhite bg-white basis-full mb-2\">\n                    <div class=\"accordion-header hover:cursor-pointer py-[28px] px-[40px] flex flex-row justify-between items-center\">\n                        <h5 class=\"text-primaryBlue heading-5 !mb-0\">Leverand\u00f8renes, underleverand\u00f8renes og andre forretningspartneres etterlevelse av v\u00e5re verdier og v\u00e5r etikk.<\/h5>\n                        <i class=\"bg-[url('assets\/images\/upwards-arrow-white.png')] bg-center bg-[length:11px_11px] bg-no-repeat bg-primaryBlue block rounded-full min-w-[30px] w-[30px] h-[30px] rotate-[135deg]\"><\/i>\n                    <\/div>\n\n                    <div class=\"accordion-content hidden pb-[28px] px-[40px]\">\n                        <p class=\"text-darkBase !mb-0\"><p>Vi har nulltoleranse for slaveri og menneskehandel. V\u00e5re leverand\u00f8rer, entrepren\u00f8rer og andre forretningspartnere er forpliktet til \u00e5 holde samme h\u00f8ye standard for sine egne leverand\u00f8rer.  <\/p>\n<p>Vi anser at den st\u00f8rste risikoen for moderne slaveri i leverand\u00f8rkjedene v\u00e5re er n\u00e5r vi handler med selskaper i jurisdiksjoner som ikke har tilsvarende standarder og lovgivning som Storbritannia.  <\/p>\n<p>Som en del av v\u00e5re l\u00f8pende risikovurderinger og due diligence-prosesser vurderer vi om omstendighetene tilsier at vi b\u00f8r gjennomf\u00f8re revisjoner av leverand\u00f8rer for \u00e5 sikre at de overholder retningslinjene v\u00e5re. Vi vurderer ogs\u00e5 om omstendighetene gj\u00f8r det berettiget \u00e5 inkludere spesifikke forbud mot bruk av moderne slaveri og menneskehandel i v\u00e5re kontrakter med tredjeparter. Ved hjelp av v\u00e5r risikobaserte tiln\u00e6rming vil vi ogs\u00e5 vurdere fordelene ved \u00e5 skrive til leverand\u00f8rene og kreve at de overholder retningslinjene v\u00e5re, som fastsetter minimumsstandardene som kreves for \u00e5 bekjempe moderne slaveri og menneskehandel.  <\/p>\n<p>Hvis vi oppdager at andre personer eller organisasjoner som arbeider p\u00e5 v\u00e5re vegne, har brutt retningslinjene v\u00e5re, vil vi s\u00f8rge for \u00e5 iverksette n\u00f8dvendige tiltak. Dette kan omfatte alt fra \u00e5 vurdere muligheten for \u00e5 avhjelpe bruddene og vurdere om dette er det beste utfallet for de personene som er ber\u00f8rt av bruddet, til \u00e5 avslutte slike relasjoner.  <\/p>\n<\/p>\n                                            <\/div>\n                <\/div>\n\n                                <div class=\"accordion-item border border-primaryOffWhite bg-white basis-full mb-2\">\n                    <div class=\"accordion-header hover:cursor-pointer py-[28px] px-[40px] flex flex-row justify-between items-center\">\n                        <h5 class=\"text-primaryBlue heading-5 !mb-0\">Oppl\u00e6ring<\/h5>\n                        <i class=\"bg-[url('assets\/images\/upwards-arrow-white.png')] bg-center bg-[length:11px_11px] bg-no-repeat bg-primaryBlue block rounded-full min-w-[30px] w-[30px] h-[30px] rotate-[135deg]\"><\/i>\n                    <\/div>\n\n                    <div class=\"accordion-content hidden pb-[28px] px-[40px]\">\n                        <p class=\"text-darkBase !mb-0\"><p>For \u00e5 sikre en h\u00f8y grad av forst\u00e5else for risikoen for moderne slaveri og menneskehandel i leverand\u00f8rkjedene v\u00e5re og i virksomheten v\u00e5r, tilbyr vi kontinuerlig oppl\u00e6ring til v\u00e5re ansatte.  <\/p>\n<p>Vi investerer i \u00e5 l\u00e6re opp v\u00e5re ansatte til \u00e5 gjenkjenne risikoen for moderne slaveri og menneskehandel i v\u00e5r virksomhet og i leverand\u00f8rkjedene v\u00e5re. Gjennom oppl\u00e6ringsprogrammene v\u00e5re oppfordres de ansatte til \u00e5 identifisere og rapportere eventuelle brudd p\u00e5 retningslinjene v\u00e5re. Medarbeiderne f\u00e5r oppl\u00e6ring i fordelene med strenge tiltak for \u00e5 bekjempe slaveri og menneskehandel i v\u00e5r virksomhet og i leverand\u00f8rkjedene v\u00e5re.  <\/p>\n<\/p>\n                                            <\/div>\n                <\/div>\n\n                                <div class=\"accordion-item border border-primaryOffWhite bg-white basis-full mb-2\">\n                    <div class=\"accordion-header hover:cursor-pointer py-[28px] px-[40px] flex flex-row justify-between items-center\">\n                        <h5 class=\"text-primaryBlue heading-5 !mb-0\">Ytterligere trinn<\/h5>\n                        <i class=\"bg-[url('assets\/images\/upwards-arrow-white.png')] bg-center bg-[length:11px_11px] bg-no-repeat bg-primaryBlue block rounded-full min-w-[30px] w-[30px] h-[30px] rotate-[135deg]\"><\/i>\n                    <\/div>\n\n                    <div class=\"accordion-content hidden pb-[28px] px-[40px]\">\n                        <p class=\"text-darkBase !mb-0\"><p>Etter en gjennomgang av effektiviteten av tiltakene vi har iverksatt for \u00e5 sikre at det ikke forekommer slaveri eller menneskehandel i leverand\u00f8rkjedene v\u00e5re, har vi til hensikt \u00e5 iverksette f\u00f8lgende ytterligere tiltak for \u00e5 bekjempe slaveri og menneskehandel:  <\/p>\n<li>Gjennomf\u00f8re en gjennomgang av v\u00e5r etterlevelse av moderne slaveri.  <\/li>\n<li>Gjennomgang av retningslinjene v\u00e5re.  <\/li>\n<li>Gi oppl\u00e6ring til nyansatte.  <\/li>\n<p><\/p>\n<p>Denne erkl\u00e6ringen avgis i henhold til paragraf 54(1) i Modern Slavery Act 2015 og utgj\u00f8r v\u00e5r erkl\u00e6ring om slaveri og menneskehandel for regnskaps\u00e5ret som avsluttes 30. april 2022.  <\/p>\n<p>Den ble godkjent av styret 7. mars 2023.  <\/p>\n<p>Martyn Ruscoe  <\/p>\n<\/p>\n                                            <\/div>\n                <\/div>\n\n                            <\/div>\n                <!-- Accordion End -->\n    <\/div>\n<\/div>","protected":false},"excerpt":{"rendered":"","protected":false},"author":1,"featured_media":0,"parent":0,"menu_order":0,"comment_status":"closed","ping_status":"closed","template":"","meta":{"_acf_changed":false,"footnotes":""},"class_list":["post-50233","page","type-page","status-publish","hentry"],"acf":[],"yoast_head":"<!-- This site is optimized with the Yoast SEO Premium plugin v21.7 (Yoast SEO v27.2) - https:\/\/yoast.com\/product\/yoast-seo-premium-wordpress\/ -->\n<title>NCH Corporation samsvarserkl\u00e6ring: Lov om moderne slaveri 2015 - NCH Europe<\/title>\n<meta name=\"robots\" content=\"index, follow, max-snippet:-1, max-image-preview:large, max-video-preview:-1\" \/>\n<link rel=\"canonical\" href=\"https:\/\/www.ncheurope.com\/no\/nch-corporation-samsvarserklaering-lov-om-moderne-slaveri-2015\/\" class=\"yoast-seo-meta-tag\" \/>\n<meta property=\"og:locale\" content=\"nb_NO\" class=\"yoast-seo-meta-tag\" \/>\n<meta property=\"og:type\" content=\"article\" class=\"yoast-seo-meta-tag\" \/>\n<meta property=\"og:title\" content=\"NCH Corporation samsvarserkl\u00e6ring: Lov om moderne slaveri 2015\" class=\"yoast-seo-meta-tag\" \/>\n<meta property=\"og:url\" content=\"https:\/\/www.ncheurope.com\/no\/nch-corporation-samsvarserklaering-lov-om-moderne-slaveri-2015\/\" class=\"yoast-seo-meta-tag\" \/>\n<meta property=\"og:site_name\" content=\"NCH Europe\" class=\"yoast-seo-meta-tag\" \/>\n<meta property=\"article:publisher\" content=\"https:\/\/www.facebook.com\/ncheurope\" class=\"yoast-seo-meta-tag\" \/>\n<meta property=\"article:modified_time\" content=\"2024-04-03T11:04:00+00:00\" class=\"yoast-seo-meta-tag\" \/>\n<meta name=\"twitter:card\" content=\"summary_large_image\" class=\"yoast-seo-meta-tag\" \/>\n<meta name=\"twitter:site\" content=\"@NCH_Europe\" class=\"yoast-seo-meta-tag\" \/>\n<script type=\"application\/ld+json\" class=\"yoast-schema-graph\">{\"@context\":\"https:\/\/schema.org\",\"@graph\":[{\"@type\":\"WebPage\",\"@id\":\"https:\/\/www.ncheurope.com\/no\/nch-corporation-samsvarserklaering-lov-om-moderne-slaveri-2015\/\",\"url\":\"https:\/\/www.ncheurope.com\/no\/nch-corporation-samsvarserklaering-lov-om-moderne-slaveri-2015\/\",\"name\":\"NCH Corporation samsvarserkl\u00e6ring: Lov om moderne slaveri 2015 - NCH Europe\",\"isPartOf\":{\"@id\":\"https:\/\/www.ncheurope.com\/en\/#website\"},\"datePublished\":\"2023-08-04T12:18:02+00:00\",\"dateModified\":\"2024-04-03T11:04:00+00:00\",\"breadcrumb\":{\"@id\":\"https:\/\/www.ncheurope.com\/no\/nch-corporation-samsvarserklaering-lov-om-moderne-slaveri-2015\/#breadcrumb\"},\"inLanguage\":\"nb-NO\",\"potentialAction\":[{\"@type\":\"ReadAction\",\"target\":[\"https:\/\/www.ncheurope.com\/no\/nch-corporation-samsvarserklaering-lov-om-moderne-slaveri-2015\/\"]}]},{\"@type\":\"BreadcrumbList\",\"@id\":\"https:\/\/www.ncheurope.com\/no\/nch-corporation-samsvarserklaering-lov-om-moderne-slaveri-2015\/#breadcrumb\",\"itemListElement\":[{\"@type\":\"ListItem\",\"position\":1,\"name\":\"Hemsida\",\"item\":\"https:\/\/www.ncheurope.com\/no\/\"},{\"@type\":\"ListItem\",\"position\":2,\"name\":\"NCH Corporation samsvarserkl\u00e6ring: Lov om moderne slaveri 2015\"}]},{\"@type\":\"WebSite\",\"@id\":\"https:\/\/www.ncheurope.com\/en\/#website\",\"url\":\"https:\/\/www.ncheurope.com\/en\/\",\"name\":\"NCH Europe\",\"description\":\"\",\"publisher\":{\"@id\":\"https:\/\/www.ncheurope.com\/en\/#organization\"},\"potentialAction\":[{\"@type\":\"SearchAction\",\"target\":{\"@type\":\"EntryPoint\",\"urlTemplate\":\"https:\/\/www.ncheurope.com\/en\/?s={search_term_string}\"},\"query-input\":{\"@type\":\"PropertyValueSpecification\",\"valueRequired\":true,\"valueName\":\"search_term_string\"}}],\"inLanguage\":\"nb-NO\"},{\"@type\":\"Organization\",\"@id\":\"https:\/\/www.ncheurope.com\/en\/#organization\",\"name\":\"NCH Europe\",\"url\":\"https:\/\/www.ncheurope.com\/en\/\",\"logo\":{\"@type\":\"ImageObject\",\"inLanguage\":\"nb-NO\",\"@id\":\"https:\/\/www.ncheurope.com\/en\/#\/schema\/logo\/image\/\",\"url\":\"https:\/\/www.ncheurope.com\/wp-content\/uploads\/2023\/11\/nch-logo-gradient.webp\",\"contentUrl\":\"https:\/\/www.ncheurope.com\/wp-content\/uploads\/2023\/11\/nch-logo-gradient.webp\",\"width\":120,\"height\":120,\"caption\":\"NCH Europe\"},\"image\":{\"@id\":\"https:\/\/www.ncheurope.com\/en\/#\/schema\/logo\/image\/\"},\"sameAs\":[\"https:\/\/www.facebook.com\/ncheurope\",\"https:\/\/x.com\/NCH_Europe\"]}]}<\/script>\n<!-- \/ Yoast SEO Premium plugin. -->","yoast_head_json":{"title":"NCH Corporation samsvarserkl\u00e6ring: Lov om moderne slaveri 2015 - NCH Europe","robots":{"index":"index","follow":"follow","max-snippet":"max-snippet:-1","max-image-preview":"max-image-preview:large","max-video-preview":"max-video-preview:-1"},"canonical":"https:\/\/www.ncheurope.com\/no\/nch-corporation-samsvarserklaering-lov-om-moderne-slaveri-2015\/","og_locale":"nb_NO","og_type":"article","og_title":"NCH Corporation samsvarserkl\u00e6ring: Lov om moderne slaveri 2015","og_url":"https:\/\/www.ncheurope.com\/no\/nch-corporation-samsvarserklaering-lov-om-moderne-slaveri-2015\/","og_site_name":"NCH Europe","article_publisher":"https:\/\/www.facebook.com\/ncheurope","article_modified_time":"2024-04-03T11:04:00+00:00","twitter_card":"summary_large_image","twitter_site":"@NCH_Europe","schema":{"@context":"https:\/\/schema.org","@graph":[{"@type":"WebPage","@id":"https:\/\/www.ncheurope.com\/no\/nch-corporation-samsvarserklaering-lov-om-moderne-slaveri-2015\/","url":"https:\/\/www.ncheurope.com\/no\/nch-corporation-samsvarserklaering-lov-om-moderne-slaveri-2015\/","name":"NCH Corporation samsvarserkl\u00e6ring: Lov om moderne slaveri 2015 - NCH Europe","isPartOf":{"@id":"https:\/\/www.ncheurope.com\/en\/#website"},"datePublished":"2023-08-04T12:18:02+00:00","dateModified":"2024-04-03T11:04:00+00:00","breadcrumb":{"@id":"https:\/\/www.ncheurope.com\/no\/nch-corporation-samsvarserklaering-lov-om-moderne-slaveri-2015\/#breadcrumb"},"inLanguage":"nb-NO","potentialAction":[{"@type":"ReadAction","target":["https:\/\/www.ncheurope.com\/no\/nch-corporation-samsvarserklaering-lov-om-moderne-slaveri-2015\/"]}]},{"@type":"BreadcrumbList","@id":"https:\/\/www.ncheurope.com\/no\/nch-corporation-samsvarserklaering-lov-om-moderne-slaveri-2015\/#breadcrumb","itemListElement":[{"@type":"ListItem","position":1,"name":"Hemsida","item":"https:\/\/www.ncheurope.com\/no\/"},{"@type":"ListItem","position":2,"name":"NCH Corporation samsvarserkl\u00e6ring: Lov om moderne slaveri 2015"}]},{"@type":"WebSite","@id":"https:\/\/www.ncheurope.com\/en\/#website","url":"https:\/\/www.ncheurope.com\/en\/","name":"NCH Europe","description":"","publisher":{"@id":"https:\/\/www.ncheurope.com\/en\/#organization"},"potentialAction":[{"@type":"SearchAction","target":{"@type":"EntryPoint","urlTemplate":"https:\/\/www.ncheurope.com\/en\/?s={search_term_string}"},"query-input":{"@type":"PropertyValueSpecification","valueRequired":true,"valueName":"search_term_string"}}],"inLanguage":"nb-NO"},{"@type":"Organization","@id":"https:\/\/www.ncheurope.com\/en\/#organization","name":"NCH Europe","url":"https:\/\/www.ncheurope.com\/en\/","logo":{"@type":"ImageObject","inLanguage":"nb-NO","@id":"https:\/\/www.ncheurope.com\/en\/#\/schema\/logo\/image\/","url":"https:\/\/www.ncheurope.com\/wp-content\/uploads\/2023\/11\/nch-logo-gradient.webp","contentUrl":"https:\/\/www.ncheurope.com\/wp-content\/uploads\/2023\/11\/nch-logo-gradient.webp","width":120,"height":120,"caption":"NCH Europe"},"image":{"@id":"https:\/\/www.ncheurope.com\/en\/#\/schema\/logo\/image\/"},"sameAs":["https:\/\/www.facebook.com\/ncheurope","https:\/\/x.com\/NCH_Europe"]}]}},"_links":{"self":[{"href":"https:\/\/www.ncheurope.com\/no\/wp-json\/wp\/v2\/pages\/50233","targetHints":{"allow":["GET"]}}],"collection":[{"href":"https:\/\/www.ncheurope.com\/no\/wp-json\/wp\/v2\/pages"}],"about":[{"href":"https:\/\/www.ncheurope.com\/no\/wp-json\/wp\/v2\/types\/page"}],"author":[{"embeddable":true,"href":"https:\/\/www.ncheurope.com\/no\/wp-json\/wp\/v2\/users\/1"}],"replies":[{"embeddable":true,"href":"https:\/\/www.ncheurope.com\/no\/wp-json\/wp\/v2\/comments?post=50233"}],"version-history":[{"count":1,"href":"https:\/\/www.ncheurope.com\/no\/wp-json\/wp\/v2\/pages\/50233\/revisions"}],"predecessor-version":[{"id":50237,"href":"https:\/\/www.ncheurope.com\/no\/wp-json\/wp\/v2\/pages\/50233\/revisions\/50237"}],"wp:attachment":[{"href":"https:\/\/www.ncheurope.com\/no\/wp-json\/wp\/v2\/media?parent=50233"}],"curies":[{"name":"wp","href":"https:\/\/api.w.org\/{rel}","templated":true}]}}