{"id":50230,"date":"2023-08-04T11:54:48","date_gmt":"2023-08-04T11:54:48","guid":{"rendered":"https:\/\/www.ncheurope.com\/retningslinjer-for-bekjempelse-av-slaveri-og-menneskehandel\/"},"modified":"2024-04-03T11:03:59","modified_gmt":"2024-04-03T11:03:59","slug":"retningslinjer-for-bekjempelse-av-slaveri-og-menneskehandel","status":"publish","type":"page","link":"https:\/\/www.ncheurope.com\/no\/retningslinjer-for-bekjempelse-av-slaveri-og-menneskehandel\/","title":{"rendered":"Retningslinjer for bekjempelse av slaveri og menneskehandel"},"content":{"rendered":"\n<div class=\"internal-banner-block relative primaryBlue paddingBottomLarge bg-no-repeat pt-[128px] bg-white bg-[url('assets\/images\/background-shape.png')] bg-right-bottom bg-contain\" >\n        <div class=\"container relative z-10\">\n        <div class=\"breadcrumb-container mb-[60px] md:mb-[103px] hidden md:block\">\n            <p class=\"text-darkXs !mb-0 !text-[12px] flex flex-row items-center\">You are here: <a class=\"!font-regular mx-2\" href=\"https:\/\/www.ncheurope.com\/no\/\">Hjem<\/a> \/ <span class=\"ml-2 font-semibold\">Retningslinjer for bekjempelse av slaveri og menneskehandel<\/span><\/p>\n        <\/div>\n\n        <div class=\"content-container flex flex-col-reverse md:flex-row flex-wrap justify-between\">\n\n                            <div class=\"text-container md:basis-8\/12\">\n                    <h1 class=\"heading-1 text-primaryBlue\">Retningslinjer for bekjempelse av slaveri og menneskehandel<\/h1>                                                        <\/div>\n            \n                    <\/div>\n    <\/div>\n<\/div>\n<div class=\"accordion-block relative primaryBlue paddingTopLarge paddingBottomLarge bg-primaryOffWhite\">\n    <div class=\"container flex flex-row flex-wrap\">\n        \n        <!-- Accordion Start -->       \n                    <div class=\"accordion-container flex flex-row flex-wrap basis-full\">     \n                                <div class=\"accordion-item border border-primaryOffWhite bg-white basis-full mb-2\">\n                    <div class=\"accordion-header hover:cursor-pointer py-[28px] px-[40px] flex flex-row justify-between items-center\">\n                        <h5 class=\"text-primaryBlue heading-5 !mb-0\">POLICYERKL\u00c6RING<\/h5>\n                        <i class=\"bg-[url('assets\/images\/upwards-arrow-white.png')] bg-center bg-[length:11px_11px] bg-no-repeat bg-primaryBlue block rounded-full min-w-[30px] w-[30px] h-[30px] rotate-[135deg]\"><\/i>\n                    <\/div>\n\n                    <div class=\"accordion-content hidden pb-[28px] px-[40px]\">\n                        <p class=\"text-darkBase !mb-0\"><p>Moderne slaveri er en forbrytelse og et brudd p\u00e5 grunnleggende menneskerettigheter. Det kan ta ulike former, for eksempel slaveri, trelldom, tvangsarbeid og menneskehandel, som alle har det til felles at en person ber\u00f8ves friheten av en annen for \u00e5 utnytte vedkommende til personlig eller kommersiell vinning. NCH Corporation og dets datterselskaper (samlet kalt &laquo;NCH&raquo;, &laquo;vi&raquo; eller &laquo;v\u00e5r&raquo;) har nulltoleranse for moderne slaveri, og vi forplikter oss til \u00e5 opptre etisk og med integritet i alle v\u00e5re forretningsforbindelser og relasjoner, og til \u00e5 implementere og h\u00e5ndheve effektive systemer og kontroller for \u00e5 sikre at moderne slaveri ikke finner sted noe sted i v\u00e5r egen virksomhet eller i noen av v\u00e5re leverand\u00f8rkjeder.  <\/p>\n<p>NCH har ogs\u00e5 forpliktet seg til \u00e5 sikre \u00e5penhet i v\u00e5r egen virksomhet og i v\u00e5r tiln\u00e6rming til bekjempelse av moderne slaveri i leverand\u00f8rkjedene v\u00e5re, i samsvar med v\u00e5re rapporteringsforpliktelser i henhold til UK Modern Slavery Act 2015. Vi forventer de samme h\u00f8ye standardene fra alle v\u00e5re entrepren\u00f8rer, leverand\u00f8rer og andre forretningspartnere, og som en del av kontraktsprosessene v\u00e5re inkluderer vi spesifikke forbud mot bruk av tvangsarbeid, tvangsarbeid eller menneskehandel, eller noen som holdes i slaveri eller trelldom, enten det er voksne eller barn, og vi forventer at v\u00e5re leverand\u00f8rer holder de samme h\u00f8ye standardene for sine egne leverand\u00f8rer.  <\/p>\n<p>Disse retningslinjene gjelder for alle personer som arbeider for oss eller p\u00e5 v\u00e5re vegne i en hvilken som helst egenskap, inkludert ansatte p\u00e5 alle niv\u00e5er, direkt\u00f8rer, ledere, vikarer, utsendte arbeidstakere, frivillige, praktikanter, agenter, entrepren\u00f8rer, eksterne konsulenter, tredjepartsrepresentanter og forretningspartnere.  <\/p>\n<p>Disse retningslinjene er ikke en del av ansattes ansettelseskontrakt, og vi kan endre dem fra tid til annen.  <\/p>\n<\/p>\n                                            <\/div>\n                <\/div>\n\n                                <div class=\"accordion-item border border-primaryOffWhite bg-white basis-full mb-2\">\n                    <div class=\"accordion-header hover:cursor-pointer py-[28px] px-[40px] flex flex-row justify-between items-center\">\n                        <h5 class=\"text-primaryBlue heading-5 !mb-0\">ANSVAR FOR RETNINGSLINJENE<\/h5>\n                        <i class=\"bg-[url('assets\/images\/upwards-arrow-white.png')] bg-center bg-[length:11px_11px] bg-no-repeat bg-primaryBlue block rounded-full min-w-[30px] w-[30px] h-[30px] rotate-[135deg]\"><\/i>\n                    <\/div>\n\n                    <div class=\"accordion-content hidden pb-[28px] px-[40px]\">\n                        <p class=\"text-darkBase !mb-0\"><p>Styret har det overordnede ansvaret for \u00e5 sikre at disse retningslinjene er i samsvar med v\u00e5re juridiske og etiske forpliktelser, og at alle som er underlagt deres kontroll, overholder dem.  <\/p>\n<p>NCHs juridiske team og lederne for leverand\u00f8rkjeden har det prim\u00e6re og daglige ansvaret for \u00e5 implementere disse retningslinjene, overv\u00e5ke bruken og effektiviteten av dem, h\u00e5ndtere eventuelle sp\u00f8rsm\u00e5l om dem og revidere interne kontrollsystemer og prosedyrer for \u00e5 sikre at de er effektive n\u00e5r det gjelder \u00e5 motvirke moderne slaveri.  <\/p>\n<p>Ledelsen p\u00e5 alle niv\u00e5er er ansvarlig for \u00e5 sikre at de som rapporterer til dem, forst\u00e5r og etterlever disse retningslinjene, og at de f\u00e5r tilstrekkelig og regelmessig oppl\u00e6ring i dem og i sp\u00f8rsm\u00e5let om moderne slaveri i leverand\u00f8rkjeder.  <\/p>\n<p>Du oppfordres til \u00e5 kommentere disse retningslinjene og komme med forslag til hvordan de kan forbedres. Vi oppfordrer til \u00e5 sende kommentarer, forslag og sp\u00f8rsm\u00e5l til compliance@nch.com.  <\/p>\n<\/p>\n                                            <\/div>\n                <\/div>\n\n                                <div class=\"accordion-item border border-primaryOffWhite bg-white basis-full mb-2\">\n                    <div class=\"accordion-header hover:cursor-pointer py-[28px] px-[40px] flex flex-row justify-between items-center\">\n                        <h5 class=\"text-primaryBlue heading-5 !mb-0\">ETTERLEVELSE AV RETNINGSLINJENE<\/h5>\n                        <i class=\"bg-[url('assets\/images\/upwards-arrow-white.png')] bg-center bg-[length:11px_11px] bg-no-repeat bg-primaryBlue block rounded-full min-w-[30px] w-[30px] h-[30px] rotate-[135deg]\"><\/i>\n                    <\/div>\n\n                    <div class=\"accordion-content hidden pb-[28px] px-[40px]\">\n                        <p class=\"text-darkBase !mb-0\"><p>Du m\u00e5 s\u00f8rge for at du leser, forst\u00e5r og overholder disse retningslinjene. Alle som jobber for oss eller er under v\u00e5r kontroll, har ansvar for \u00e5 forebygge, avdekke og rapportere om moderne slaveri i alle deler av virksomheten eller leverand\u00f8rkjedene v\u00e5re. Du er p\u00e5lagt \u00e5 unng\u00e5 enhver aktivitet som kan f\u00f8re til eller antyde brudd p\u00e5 disse retningslinjene.  <\/p>\n<p>Du m\u00e5 varsle din n\u00e6rmeste leder, en n\u00f8kkelkontakt i virksomheten eller den konfidensielle hjelpelinjen 001-888-471-4033 s\u00e5 snart som mulig hvis du tror eller mistenker at det har oppst\u00e5tt eller kan oppst\u00e5 en konflikt med disse retningslinjene.  <\/p>\n<p>Vi oppfordrer deg til \u00e5 ta opp eventuelle problemer eller mistanker om moderne slaveri i alle deler av virksomheten v\u00e5r eller i leverand\u00f8rkjedene p\u00e5 alle leverand\u00f8rniv\u00e5er s\u00e5 tidlig som mulig.  <\/p>\n<p>Hvis du tror eller mistenker at det har skjedd eller kan skje et brudd p\u00e5 disse retningslinjene, m\u00e5 du varsle global compliance officer via e-post compliance@nch.com eller rapportere det i samsvar med v\u00e5re retningslinjer for varsling s\u00e5 snart som mulig.  <\/p>\n<p>Hvis du er usikker p\u00e5 om en bestemt handling, behandlingen av arbeidere generelt eller arbeidsforholdene i et av leddene i leverand\u00f8rkjeden v\u00e5r utgj\u00f8r en av de ulike formene for moderne slaveri, kan du ta det opp med den globale compliance-ansvarlige eller via den konfidensielle hjelpelinjen.  <\/p>\n<p>Vi \u00f8nsker \u00e5 oppmuntre til \u00e5penhet og vil st\u00f8tte alle som tar opp reelle bekymringer i god tro i henhold til disse retningslinjene, selv om det skulle vise seg at de tar feil. Vi har forpliktet oss til \u00e5 sikre at ingen blir utsatt for negativ behandling som f\u00f8lge av at de i god tro har rapportert mistanke om at moderne slaveri, uansett form, foreg\u00e5r eller kan foreg\u00e5 i noen del av v\u00e5r egen virksomhet eller i noen av v\u00e5re leverand\u00f8rkjeder. Skadelig behandling omfatter oppsigelse, disiplin\u00e6rtiltak, trusler eller annen ugunstig behandling i forbindelse med varsling. Hvis du mener at du har blitt utsatt for slik behandling, m\u00e5 du informere HR-teamet eller den globale compliance-ansvarlige umiddelbart. Hvis saken ikke blir l\u00f8st, og du er ansatt, b\u00f8r du ta den opp formelt ved hjelp av det aktuelle landets klageprosedyre.  <\/p>\n<\/p>\n                                            <\/div>\n                <\/div>\n\n                                <div class=\"accordion-item border border-primaryOffWhite bg-white basis-full mb-2\">\n                    <div class=\"accordion-header hover:cursor-pointer py-[28px] px-[40px] flex flex-row justify-between items-center\">\n                        <h5 class=\"text-primaryBlue heading-5 !mb-0\">KOMMUNIKASJON OG BEVISSTHET OM DISSE RETNINGSLINJENE<\/h5>\n                        <i class=\"bg-[url('assets\/images\/upwards-arrow-white.png')] bg-center bg-[length:11px_11px] bg-no-repeat bg-primaryBlue block rounded-full min-w-[30px] w-[30px] h-[30px] rotate-[135deg]\"><\/i>\n                    <\/div>\n\n                    <div class=\"accordion-content hidden pb-[28px] px-[40px]\">\n                        <p class=\"text-darkBase !mb-0\"><p>Oppl\u00e6ring i disse retningslinjene og i risikoen virksomheten v\u00e5r st\u00e5r overfor n\u00e5r det gjelder moderne slaveri i leverand\u00f8rkjedene, er en del av introduksjonsprosessen for alle som jobber for oss, og det vil bli gitt regelmessig oppl\u00e6ring etter behov.  <\/p>\n<p>V\u00e5r nulltoleranse for moderne slaveri i v\u00e5r virksomhet og i leverand\u00f8rkjedene m\u00e5 kommuniseres til alle leverand\u00f8rer, underleverand\u00f8rer og forretningspartnere n\u00e5r vi innleder forretningsforholdet med dem, og deretter forsterkes etter behov.  <\/p>\n<\/p>\n                                            <\/div>\n                <\/div>\n\n                                <div class=\"accordion-item border border-primaryOffWhite bg-white basis-full mb-2\">\n                    <div class=\"accordion-header hover:cursor-pointer py-[28px] px-[40px] flex flex-row justify-between items-center\">\n                        <h5 class=\"text-primaryBlue heading-5 !mb-0\">BRUDD P\u00c5 DISSE RETNINGSLINJENE<\/h5>\n                        <i class=\"bg-[url('assets\/images\/upwards-arrow-white.png')] bg-center bg-[length:11px_11px] bg-no-repeat bg-primaryBlue block rounded-full min-w-[30px] w-[30px] h-[30px] rotate-[135deg]\"><\/i>\n                    <\/div>\n\n                    <div class=\"accordion-content hidden pb-[28px] px-[40px]\">\n                        <p class=\"text-darkBase !mb-0\"><p>Ansatte som bryter disse retningslinjene, vil bli utsatt for disiplin\u00e6rtiltak, noe som kan f\u00f8re til formelle tiltak opp til og med oppsigelse.  <\/p>\n<p>Vi forbeholder oss retten til \u00e5 avslutte v\u00e5rt forhold til andre personer og organisasjoner som arbeider p\u00e5 v\u00e5re vegne, hvis de bryter disse retningslinjene.  <\/p>\n<\/p>\n                                            <\/div>\n                <\/div>\n\n                            <\/div>\n                <!-- Accordion End -->\n    <\/div>\n<\/div>","protected":false},"excerpt":{"rendered":"","protected":false},"author":1,"featured_media":0,"parent":0,"menu_order":0,"comment_status":"closed","ping_status":"closed","template":"","meta":{"_acf_changed":false,"footnotes":""},"class_list":["post-50230","page","type-page","status-publish","hentry"],"acf":[],"yoast_head":"<!-- This site is optimized with the Yoast SEO Premium plugin v21.7 (Yoast SEO v27.2) - https:\/\/yoast.com\/product\/yoast-seo-premium-wordpress\/ -->\n<title>Retningslinjer for bekjempelse av slaveri og menneskehandel - NCH Europe<\/title>\n<meta name=\"robots\" content=\"index, follow, max-snippet:-1, max-image-preview:large, max-video-preview:-1\" \/>\n<link rel=\"canonical\" href=\"https:\/\/www.ncheurope.com\/no\/retningslinjer-for-bekjempelse-av-slaveri-og-menneskehandel\/\" class=\"yoast-seo-meta-tag\" \/>\n<meta property=\"og:locale\" content=\"nb_NO\" class=\"yoast-seo-meta-tag\" \/>\n<meta property=\"og:type\" content=\"article\" class=\"yoast-seo-meta-tag\" \/>\n<meta property=\"og:title\" content=\"Retningslinjer for bekjempelse av slaveri og menneskehandel\" class=\"yoast-seo-meta-tag\" \/>\n<meta property=\"og:url\" content=\"https:\/\/www.ncheurope.com\/no\/retningslinjer-for-bekjempelse-av-slaveri-og-menneskehandel\/\" class=\"yoast-seo-meta-tag\" \/>\n<meta property=\"og:site_name\" content=\"NCH Europe\" class=\"yoast-seo-meta-tag\" \/>\n<meta property=\"article:publisher\" content=\"https:\/\/www.facebook.com\/ncheurope\" class=\"yoast-seo-meta-tag\" \/>\n<meta property=\"article:modified_time\" content=\"2024-04-03T11:03:59+00:00\" class=\"yoast-seo-meta-tag\" \/>\n<meta name=\"twitter:card\" content=\"summary_large_image\" class=\"yoast-seo-meta-tag\" \/>\n<meta name=\"twitter:site\" content=\"@NCH_Europe\" class=\"yoast-seo-meta-tag\" \/>\n<script type=\"application\/ld+json\" class=\"yoast-schema-graph\">{\"@context\":\"https:\/\/schema.org\",\"@graph\":[{\"@type\":\"WebPage\",\"@id\":\"https:\/\/www.ncheurope.com\/no\/retningslinjer-for-bekjempelse-av-slaveri-og-menneskehandel\/\",\"url\":\"https:\/\/www.ncheurope.com\/no\/retningslinjer-for-bekjempelse-av-slaveri-og-menneskehandel\/\",\"name\":\"Retningslinjer for bekjempelse av slaveri og menneskehandel - NCH Europe\",\"isPartOf\":{\"@id\":\"https:\/\/www.ncheurope.com\/en\/#website\"},\"datePublished\":\"2023-08-04T11:54:48+00:00\",\"dateModified\":\"2024-04-03T11:03:59+00:00\",\"breadcrumb\":{\"@id\":\"https:\/\/www.ncheurope.com\/no\/retningslinjer-for-bekjempelse-av-slaveri-og-menneskehandel\/#breadcrumb\"},\"inLanguage\":\"nb-NO\",\"potentialAction\":[{\"@type\":\"ReadAction\",\"target\":[\"https:\/\/www.ncheurope.com\/no\/retningslinjer-for-bekjempelse-av-slaveri-og-menneskehandel\/\"]}]},{\"@type\":\"BreadcrumbList\",\"@id\":\"https:\/\/www.ncheurope.com\/no\/retningslinjer-for-bekjempelse-av-slaveri-og-menneskehandel\/#breadcrumb\",\"itemListElement\":[{\"@type\":\"ListItem\",\"position\":1,\"name\":\"Hemsida\",\"item\":\"https:\/\/www.ncheurope.com\/no\/\"},{\"@type\":\"ListItem\",\"position\":2,\"name\":\"Retningslinjer for bekjempelse av slaveri og menneskehandel\"}]},{\"@type\":\"WebSite\",\"@id\":\"https:\/\/www.ncheurope.com\/en\/#website\",\"url\":\"https:\/\/www.ncheurope.com\/en\/\",\"name\":\"NCH Europe\",\"description\":\"\",\"publisher\":{\"@id\":\"https:\/\/www.ncheurope.com\/en\/#organization\"},\"potentialAction\":[{\"@type\":\"SearchAction\",\"target\":{\"@type\":\"EntryPoint\",\"urlTemplate\":\"https:\/\/www.ncheurope.com\/en\/?s={search_term_string}\"},\"query-input\":{\"@type\":\"PropertyValueSpecification\",\"valueRequired\":true,\"valueName\":\"search_term_string\"}}],\"inLanguage\":\"nb-NO\"},{\"@type\":\"Organization\",\"@id\":\"https:\/\/www.ncheurope.com\/en\/#organization\",\"name\":\"NCH Europe\",\"url\":\"https:\/\/www.ncheurope.com\/en\/\",\"logo\":{\"@type\":\"ImageObject\",\"inLanguage\":\"nb-NO\",\"@id\":\"https:\/\/www.ncheurope.com\/en\/#\/schema\/logo\/image\/\",\"url\":\"https:\/\/www.ncheurope.com\/wp-content\/uploads\/2023\/11\/nch-logo-gradient.webp\",\"contentUrl\":\"https:\/\/www.ncheurope.com\/wp-content\/uploads\/2023\/11\/nch-logo-gradient.webp\",\"width\":120,\"height\":120,\"caption\":\"NCH Europe\"},\"image\":{\"@id\":\"https:\/\/www.ncheurope.com\/en\/#\/schema\/logo\/image\/\"},\"sameAs\":[\"https:\/\/www.facebook.com\/ncheurope\",\"https:\/\/x.com\/NCH_Europe\"]}]}<\/script>\n<!-- \/ Yoast SEO Premium plugin. -->","yoast_head_json":{"title":"Retningslinjer for bekjempelse av slaveri og menneskehandel - NCH Europe","robots":{"index":"index","follow":"follow","max-snippet":"max-snippet:-1","max-image-preview":"max-image-preview:large","max-video-preview":"max-video-preview:-1"},"canonical":"https:\/\/www.ncheurope.com\/no\/retningslinjer-for-bekjempelse-av-slaveri-og-menneskehandel\/","og_locale":"nb_NO","og_type":"article","og_title":"Retningslinjer for bekjempelse av slaveri og menneskehandel","og_url":"https:\/\/www.ncheurope.com\/no\/retningslinjer-for-bekjempelse-av-slaveri-og-menneskehandel\/","og_site_name":"NCH Europe","article_publisher":"https:\/\/www.facebook.com\/ncheurope","article_modified_time":"2024-04-03T11:03:59+00:00","twitter_card":"summary_large_image","twitter_site":"@NCH_Europe","schema":{"@context":"https:\/\/schema.org","@graph":[{"@type":"WebPage","@id":"https:\/\/www.ncheurope.com\/no\/retningslinjer-for-bekjempelse-av-slaveri-og-menneskehandel\/","url":"https:\/\/www.ncheurope.com\/no\/retningslinjer-for-bekjempelse-av-slaveri-og-menneskehandel\/","name":"Retningslinjer for bekjempelse av slaveri og menneskehandel - NCH Europe","isPartOf":{"@id":"https:\/\/www.ncheurope.com\/en\/#website"},"datePublished":"2023-08-04T11:54:48+00:00","dateModified":"2024-04-03T11:03:59+00:00","breadcrumb":{"@id":"https:\/\/www.ncheurope.com\/no\/retningslinjer-for-bekjempelse-av-slaveri-og-menneskehandel\/#breadcrumb"},"inLanguage":"nb-NO","potentialAction":[{"@type":"ReadAction","target":["https:\/\/www.ncheurope.com\/no\/retningslinjer-for-bekjempelse-av-slaveri-og-menneskehandel\/"]}]},{"@type":"BreadcrumbList","@id":"https:\/\/www.ncheurope.com\/no\/retningslinjer-for-bekjempelse-av-slaveri-og-menneskehandel\/#breadcrumb","itemListElement":[{"@type":"ListItem","position":1,"name":"Hemsida","item":"https:\/\/www.ncheurope.com\/no\/"},{"@type":"ListItem","position":2,"name":"Retningslinjer for bekjempelse av slaveri og menneskehandel"}]},{"@type":"WebSite","@id":"https:\/\/www.ncheurope.com\/en\/#website","url":"https:\/\/www.ncheurope.com\/en\/","name":"NCH Europe","description":"","publisher":{"@id":"https:\/\/www.ncheurope.com\/en\/#organization"},"potentialAction":[{"@type":"SearchAction","target":{"@type":"EntryPoint","urlTemplate":"https:\/\/www.ncheurope.com\/en\/?s={search_term_string}"},"query-input":{"@type":"PropertyValueSpecification","valueRequired":true,"valueName":"search_term_string"}}],"inLanguage":"nb-NO"},{"@type":"Organization","@id":"https:\/\/www.ncheurope.com\/en\/#organization","name":"NCH Europe","url":"https:\/\/www.ncheurope.com\/en\/","logo":{"@type":"ImageObject","inLanguage":"nb-NO","@id":"https:\/\/www.ncheurope.com\/en\/#\/schema\/logo\/image\/","url":"https:\/\/www.ncheurope.com\/wp-content\/uploads\/2023\/11\/nch-logo-gradient.webp","contentUrl":"https:\/\/www.ncheurope.com\/wp-content\/uploads\/2023\/11\/nch-logo-gradient.webp","width":120,"height":120,"caption":"NCH Europe"},"image":{"@id":"https:\/\/www.ncheurope.com\/en\/#\/schema\/logo\/image\/"},"sameAs":["https:\/\/www.facebook.com\/ncheurope","https:\/\/x.com\/NCH_Europe"]}]}},"_links":{"self":[{"href":"https:\/\/www.ncheurope.com\/no\/wp-json\/wp\/v2\/pages\/50230","targetHints":{"allow":["GET"]}}],"collection":[{"href":"https:\/\/www.ncheurope.com\/no\/wp-json\/wp\/v2\/pages"}],"about":[{"href":"https:\/\/www.ncheurope.com\/no\/wp-json\/wp\/v2\/types\/page"}],"author":[{"embeddable":true,"href":"https:\/\/www.ncheurope.com\/no\/wp-json\/wp\/v2\/users\/1"}],"replies":[{"embeddable":true,"href":"https:\/\/www.ncheurope.com\/no\/wp-json\/wp\/v2\/comments?post=50230"}],"version-history":[{"count":1,"href":"https:\/\/www.ncheurope.com\/no\/wp-json\/wp\/v2\/pages\/50230\/revisions"}],"predecessor-version":[{"id":50236,"href":"https:\/\/www.ncheurope.com\/no\/wp-json\/wp\/v2\/pages\/50230\/revisions\/50236"}],"wp:attachment":[{"href":"https:\/\/www.ncheurope.com\/no\/wp-json\/wp\/v2\/media?parent=50230"}],"curies":[{"name":"wp","href":"https:\/\/api.w.org\/{rel}","templated":true}]}}