{"id":50226,"date":"2023-11-27T10:03:01","date_gmt":"2023-11-27T10:03:01","guid":{"rendered":"https:\/\/www.ncheurope.com\/takk-skal-du-ha-8\/"},"modified":"2024-05-14T10:06:45","modified_gmt":"2024-05-14T10:06:45","slug":"takk-skal-du-ha-8","status":"publish","type":"page","link":"https:\/\/www.ncheurope.com\/no\/takk-skal-du-ha-8\/","title":{"rendered":"Takk skal du ha"},"content":{"rendered":"\n<div class=\"internal-banner-block relative primaryBlue paddingBottomXLarge bg-no-repeat pt-[128px] bg-white bg-[url('assets\/images\/background-shape.png')] bg-right-bottom bg-contain\" >\n        <div class=\"container relative z-10\">\n        <div class=\"breadcrumb-container mb-[60px] md:mb-[103px] hidden md:block\">\n            <p class=\"text-darkXs !mb-0 !text-[12px] flex flex-row items-center\">You are here: <a class=\"!font-regular mx-2\" href=\"https:\/\/www.ncheurope.com\/no\/\">Hjem<\/a> \/ <span class=\"ml-2 font-semibold\">Takk skal du ha<\/span><\/p>\n        <\/div>\n\n        <div class=\"content-container flex flex-col-reverse md:flex-row flex-wrap justify-between\">\n\n                            <div class=\"text-container md:basis-8\/12\">\n                    <h1 class=\"heading-1 text-primaryBlue\">Takk for at du kontaktet NCH Europe<\/h1>                    <p class=\"text-darkBase !mb-0\">Et medlem av teamet v\u00e5rt tar kontakt med deg innen kort tid. Hvis du trenger \u00e5 snakke med noen raskt, kan du g\u00e5 til v\u00e5r kontaktside for en fullstendig liste over telefonnumre og e-postadresser.  <\/p>                                            <a href=\"https:\/\/www.ncheurope.com\/no\/\" class=\"button button--primaryBlue mt-[32px]\">G\u00e5 tilbake til hjemmet<\/a>\n                                    <\/div>\n            \n                    <\/div>\n    <\/div>\n<\/div>\n\n\n    <div class=\"related-cards-block box-content relative bg-white paddingTopLarge paddingBottomLarge primaryBlue\">\n        <div class=\"container flex flex-col\">\n            <!-- Start Text Section -->\n            <div class=\"flex flex-row flex-wrap justify-between items-end relative z-10 pb-[60px]\">\n                <h2 class=\"heading-2 basis-full text-primaryBlue\">Ta en titt p\u00e5 applikasjonene v\u00e5re  <\/h2>                <p class=\"text-darkBase basis-full lg:basis-8\/12 !mb-0\">Finn ut mer om l\u00f8sningene, produktene og tjenestene som er tilgjengelige fra NCH Europe. Fra industrielt vedlikehold og anleggsforvaltning til rengj\u00f8ring av deler og sm\u00f8ring av maskiner og utstyr. Vi har over 100 \u00e5rs erfaring med \u00e5 tilby kundene v\u00e5re de l\u00f8sningene de trenger.  <\/p>                                    <a href=\"https:\/\/www.ncheurope.com\/no\/bruksomrader\/\" class=\"button button--primaryBlue hover:bg-primaryBlue hover:text-white relative mt-[24px] lg:mt-0\">Utforsk applikasjonene v\u00e5re<\/a>\n                            <\/div>\n            <!-- End Text Section -->\n            \n            <!-- Start Related Cards Section -->\n            \n                            <div class=\" flex flex-row flex-wrap\">\n                                                                        <div class=\"related-card max-w-full md:max-w-[calc(50%-4px)] lg:max-w-[calc(25%-8px)] w-full px-2 pt-2 pb-8 mr-0 md:odd:mr-2 lg:mr-2 mb-10 relative bg-white shadow-[0_10px_10px_0_rgba(109,106,112,0.15)] border border-primaryOffWhite\">\n                                <div class=\"blog-image relative bg-center bg-no-repeat bg-cover min-h-[216px] mb-6\" style=\"background-image: url('https:\/\/www.ncheurope.com\/wp-content\/uploads\/2023\/07\/Maintenance-home.jpg')\"><\/div>\n                                <div class=\"flex flex-col items-start px-6\">\n                                    <h6 class=\"heading-6 text-primaryBlue z-10 relative !mb-4\">Vedlikehold  <\/h6>\n                                    <p class=\"text-darkSm z-10 relative !mb-5\">Ekspertene p\u00e5 industrielt vedlikehold holder anleggene og maskinene dine i gang p\u00e5 en effektiv m\u00e5te med de nyeste l\u00f8sningene.<\/p>\n                                    <a href=\"https:\/\/www.ncheurope.com\/no\/bruksomrader\/vedlikehold\/\" class=\"button button--secondary button--primaryBlue\">L\u00e6r mer<\/a>\n                                <\/div>\n                            <\/div>\n                                                                                                <div class=\"related-card max-w-full md:max-w-[calc(50%-4px)] lg:max-w-[calc(25%-8px)] w-full px-2 pt-2 pb-8 mr-0 md:odd:mr-2 lg:mr-2 mb-10 relative bg-white shadow-[0_10px_10px_0_rgba(109,106,112,0.15)] border border-primaryOffWhite\">\n                                <div class=\"blog-image relative bg-center bg-no-repeat bg-cover min-h-[216px] mb-6\" style=\"background-image: url('https:\/\/www.ncheurope.com\/wp-content\/uploads\/2023\/07\/Facilities-home.jpg')\"><\/div>\n                                <div class=\"flex flex-col items-start px-6\">\n                                    <h6 class=\"heading-6 text-primaryBlue z-10 relative !mb-4\">Fasiliteter  <\/h6>\n                                    <p class=\"text-darkSm z-10 relative !mb-5\">Eksperter p\u00e5 h\u00e5ndtering av avl\u00f8psvann og lukt for hotell- og industrianlegg. Tilbyr patenterte, milj\u00f8vennlige l\u00f8sninger.<\/p>\n                                    <a href=\"https:\/\/www.ncheurope.com\/no\/bruksomrader\/fasiliteter\/\" class=\"button button--secondary button--primaryBlue\">L\u00e6r mer<\/a>\n                                <\/div>\n                            <\/div>\n                                                                                                <div class=\"related-card max-w-full md:max-w-[calc(50%-4px)] lg:max-w-[calc(25%-8px)] w-full px-2 pt-2 pb-8 mr-0 md:odd:mr-2 lg:mr-2 mb-10 relative bg-white shadow-[0_10px_10px_0_rgba(109,106,112,0.15)] border border-primaryOffWhite\">\n                                <div class=\"blog-image relative bg-center bg-no-repeat bg-cover min-h-[216px] mb-6\" style=\"background-image: url('https:\/\/www.ncheurope.com\/wp-content\/uploads\/2023\/07\/Parts-Cleaning-home.jpg')\"><\/div>\n                                <div class=\"flex flex-col items-start px-6\">\n                                    <h6 class=\"heading-6 text-primaryBlue z-10 relative !mb-4\">Rengj\u00f8ring av deler<\/h6>\n                                    <p class=\"text-darkSm z-10 relative !mb-5\">Den globale lederen innen integrerte tjenester for overflatebehandling, rengj\u00f8ring og avfetting, som sikrer h\u00f8y produktivitet og overholdelse av milj\u00f8krav.<\/p>\n                                    <a href=\"https:\/\/www.ncheurope.com\/no\/bruksomrader\/rengjoring-av-deler\/\" class=\"button button--secondary button--primaryBlue\">L\u00e6r mer<\/a>\n                                <\/div>\n                            <\/div>\n                                                                                                <div class=\"related-card max-w-full md:max-w-[calc(50%-4px)] lg:max-w-[calc(25%-8px)] w-full px-2 pt-2 pb-8 mr-0 md:odd:mr-2 lg:mr-2 mb-10 relative bg-white shadow-[0_10px_10px_0_rgba(109,106,112,0.15)] border border-primaryOffWhite\">\n                                <div class=\"blog-image relative bg-center bg-no-repeat bg-cover min-h-[216px] mb-6\" style=\"background-image: url('https:\/\/www.ncheurope.com\/wp-content\/uploads\/2023\/07\/Lubricants-home.jpg')\"><\/div>\n                                <div class=\"flex flex-col items-start px-6\">\n                                    <h6 class=\"heading-6 text-primaryBlue z-10 relative !mb-4\">Sm\u00f8remidler  <\/h6>\n                                    <p class=\"text-darkSm z-10 relative !mb-5\">Siden 1948 har vi v\u00e6rt eksperter p\u00e5 avansert sm\u00f8reteknologi og levert fett, oljer og den nyeste additivteknologien.<\/p>\n                                    <a href=\"https:\/\/www.ncheurope.com\/no\/bruksomrader\/smoremidler\/\" class=\"button button--secondary button--primaryBlue\">L\u00e6r mer<\/a>\n                                <\/div>\n                            <\/div>\n                                                            <\/div>\n                        \n            <!-- End Related Cards Section -->\n        <\/div>\n\n    <\/div>","protected":false},"excerpt":{"rendered":"","protected":false},"author":1,"featured_media":0,"parent":0,"menu_order":0,"comment_status":"closed","ping_status":"closed","template":"","meta":{"_acf_changed":false,"footnotes":""},"class_list":["post-50226","page","type-page","status-publish","hentry"],"acf":[],"yoast_head":"<!-- This site is optimized with the Yoast SEO Premium plugin v21.7 (Yoast SEO v27.2) - https:\/\/yoast.com\/product\/yoast-seo-premium-wordpress\/ -->\n<title>Takk skal du ha - NCH Europe<\/title>\n<meta name=\"robots\" content=\"index, follow, max-snippet:-1, max-image-preview:large, max-video-preview:-1\" \/>\n<link rel=\"canonical\" href=\"https:\/\/www.ncheurope.com\/no\/takk-skal-du-ha-8\/\" class=\"yoast-seo-meta-tag\" \/>\n<meta property=\"og:locale\" content=\"nb_NO\" class=\"yoast-seo-meta-tag\" \/>\n<meta property=\"og:type\" content=\"article\" class=\"yoast-seo-meta-tag\" \/>\n<meta property=\"og:title\" content=\"Takk skal du ha\" class=\"yoast-seo-meta-tag\" \/>\n<meta property=\"og:url\" content=\"https:\/\/www.ncheurope.com\/no\/takk-skal-du-ha-8\/\" class=\"yoast-seo-meta-tag\" \/>\n<meta property=\"og:site_name\" content=\"NCH Europe\" class=\"yoast-seo-meta-tag\" \/>\n<meta property=\"article:publisher\" content=\"https:\/\/www.facebook.com\/ncheurope\" class=\"yoast-seo-meta-tag\" \/>\n<meta property=\"article:modified_time\" content=\"2024-05-14T10:06:45+00:00\" class=\"yoast-seo-meta-tag\" \/>\n<meta name=\"twitter:card\" content=\"summary_large_image\" class=\"yoast-seo-meta-tag\" \/>\n<meta name=\"twitter:site\" content=\"@NCH_Europe\" class=\"yoast-seo-meta-tag\" \/>\n<script type=\"application\/ld+json\" class=\"yoast-schema-graph\">{\"@context\":\"https:\/\/schema.org\",\"@graph\":[{\"@type\":\"WebPage\",\"@id\":\"https:\/\/www.ncheurope.com\/no\/takk-skal-du-ha-8\/\",\"url\":\"https:\/\/www.ncheurope.com\/no\/takk-skal-du-ha-8\/\",\"name\":\"Takk skal du ha - NCH Europe\",\"isPartOf\":{\"@id\":\"https:\/\/www.ncheurope.com\/en\/#website\"},\"datePublished\":\"2023-11-27T10:03:01+00:00\",\"dateModified\":\"2024-05-14T10:06:45+00:00\",\"breadcrumb\":{\"@id\":\"https:\/\/www.ncheurope.com\/no\/takk-skal-du-ha-8\/#breadcrumb\"},\"inLanguage\":\"nb-NO\",\"potentialAction\":[{\"@type\":\"ReadAction\",\"target\":[\"https:\/\/www.ncheurope.com\/no\/takk-skal-du-ha-8\/\"]}]},{\"@type\":\"BreadcrumbList\",\"@id\":\"https:\/\/www.ncheurope.com\/no\/takk-skal-du-ha-8\/#breadcrumb\",\"itemListElement\":[{\"@type\":\"ListItem\",\"position\":1,\"name\":\"Hemsida\",\"item\":\"https:\/\/www.ncheurope.com\/no\/\"},{\"@type\":\"ListItem\",\"position\":2,\"name\":\"Takk skal du ha\"}]},{\"@type\":\"WebSite\",\"@id\":\"https:\/\/www.ncheurope.com\/en\/#website\",\"url\":\"https:\/\/www.ncheurope.com\/en\/\",\"name\":\"NCH Europe\",\"description\":\"\",\"publisher\":{\"@id\":\"https:\/\/www.ncheurope.com\/en\/#organization\"},\"potentialAction\":[{\"@type\":\"SearchAction\",\"target\":{\"@type\":\"EntryPoint\",\"urlTemplate\":\"https:\/\/www.ncheurope.com\/en\/?s={search_term_string}\"},\"query-input\":{\"@type\":\"PropertyValueSpecification\",\"valueRequired\":true,\"valueName\":\"search_term_string\"}}],\"inLanguage\":\"nb-NO\"},{\"@type\":\"Organization\",\"@id\":\"https:\/\/www.ncheurope.com\/en\/#organization\",\"name\":\"NCH Europe\",\"url\":\"https:\/\/www.ncheurope.com\/en\/\",\"logo\":{\"@type\":\"ImageObject\",\"inLanguage\":\"nb-NO\",\"@id\":\"https:\/\/www.ncheurope.com\/en\/#\/schema\/logo\/image\/\",\"url\":\"https:\/\/www.ncheurope.com\/wp-content\/uploads\/2023\/11\/nch-logo-gradient.webp\",\"contentUrl\":\"https:\/\/www.ncheurope.com\/wp-content\/uploads\/2023\/11\/nch-logo-gradient.webp\",\"width\":120,\"height\":120,\"caption\":\"NCH Europe\"},\"image\":{\"@id\":\"https:\/\/www.ncheurope.com\/en\/#\/schema\/logo\/image\/\"},\"sameAs\":[\"https:\/\/www.facebook.com\/ncheurope\",\"https:\/\/x.com\/NCH_Europe\"]}]}<\/script>\n<!-- \/ Yoast SEO Premium plugin. -->","yoast_head_json":{"title":"Takk skal du ha - NCH Europe","robots":{"index":"index","follow":"follow","max-snippet":"max-snippet:-1","max-image-preview":"max-image-preview:large","max-video-preview":"max-video-preview:-1"},"canonical":"https:\/\/www.ncheurope.com\/no\/takk-skal-du-ha-8\/","og_locale":"nb_NO","og_type":"article","og_title":"Takk skal du ha","og_url":"https:\/\/www.ncheurope.com\/no\/takk-skal-du-ha-8\/","og_site_name":"NCH Europe","article_publisher":"https:\/\/www.facebook.com\/ncheurope","article_modified_time":"2024-05-14T10:06:45+00:00","twitter_card":"summary_large_image","twitter_site":"@NCH_Europe","schema":{"@context":"https:\/\/schema.org","@graph":[{"@type":"WebPage","@id":"https:\/\/www.ncheurope.com\/no\/takk-skal-du-ha-8\/","url":"https:\/\/www.ncheurope.com\/no\/takk-skal-du-ha-8\/","name":"Takk skal du ha - NCH Europe","isPartOf":{"@id":"https:\/\/www.ncheurope.com\/en\/#website"},"datePublished":"2023-11-27T10:03:01+00:00","dateModified":"2024-05-14T10:06:45+00:00","breadcrumb":{"@id":"https:\/\/www.ncheurope.com\/no\/takk-skal-du-ha-8\/#breadcrumb"},"inLanguage":"nb-NO","potentialAction":[{"@type":"ReadAction","target":["https:\/\/www.ncheurope.com\/no\/takk-skal-du-ha-8\/"]}]},{"@type":"BreadcrumbList","@id":"https:\/\/www.ncheurope.com\/no\/takk-skal-du-ha-8\/#breadcrumb","itemListElement":[{"@type":"ListItem","position":1,"name":"Hemsida","item":"https:\/\/www.ncheurope.com\/no\/"},{"@type":"ListItem","position":2,"name":"Takk skal du ha"}]},{"@type":"WebSite","@id":"https:\/\/www.ncheurope.com\/en\/#website","url":"https:\/\/www.ncheurope.com\/en\/","name":"NCH Europe","description":"","publisher":{"@id":"https:\/\/www.ncheurope.com\/en\/#organization"},"potentialAction":[{"@type":"SearchAction","target":{"@type":"EntryPoint","urlTemplate":"https:\/\/www.ncheurope.com\/en\/?s={search_term_string}"},"query-input":{"@type":"PropertyValueSpecification","valueRequired":true,"valueName":"search_term_string"}}],"inLanguage":"nb-NO"},{"@type":"Organization","@id":"https:\/\/www.ncheurope.com\/en\/#organization","name":"NCH Europe","url":"https:\/\/www.ncheurope.com\/en\/","logo":{"@type":"ImageObject","inLanguage":"nb-NO","@id":"https:\/\/www.ncheurope.com\/en\/#\/schema\/logo\/image\/","url":"https:\/\/www.ncheurope.com\/wp-content\/uploads\/2023\/11\/nch-logo-gradient.webp","contentUrl":"https:\/\/www.ncheurope.com\/wp-content\/uploads\/2023\/11\/nch-logo-gradient.webp","width":120,"height":120,"caption":"NCH Europe"},"image":{"@id":"https:\/\/www.ncheurope.com\/en\/#\/schema\/logo\/image\/"},"sameAs":["https:\/\/www.facebook.com\/ncheurope","https:\/\/x.com\/NCH_Europe"]}]}},"_links":{"self":[{"href":"https:\/\/www.ncheurope.com\/no\/wp-json\/wp\/v2\/pages\/50226","targetHints":{"allow":["GET"]}}],"collection":[{"href":"https:\/\/www.ncheurope.com\/no\/wp-json\/wp\/v2\/pages"}],"about":[{"href":"https:\/\/www.ncheurope.com\/no\/wp-json\/wp\/v2\/types\/page"}],"author":[{"embeddable":true,"href":"https:\/\/www.ncheurope.com\/no\/wp-json\/wp\/v2\/users\/1"}],"replies":[{"embeddable":true,"href":"https:\/\/www.ncheurope.com\/no\/wp-json\/wp\/v2\/comments?post=50226"}],"version-history":[{"count":4,"href":"https:\/\/www.ncheurope.com\/no\/wp-json\/wp\/v2\/pages\/50226\/revisions"}],"predecessor-version":[{"id":51886,"href":"https:\/\/www.ncheurope.com\/no\/wp-json\/wp\/v2\/pages\/50226\/revisions\/51886"}],"wp:attachment":[{"href":"https:\/\/www.ncheurope.com\/no\/wp-json\/wp\/v2\/media?parent=50226"}],"curies":[{"name":"wp","href":"https:\/\/api.w.org\/{rel}","templated":true}]}}