{"id":53224,"date":"2024-05-15T09:02:02","date_gmt":"2024-05-15T09:02:02","guid":{"rendered":"https:\/\/www.ncheurope.com\/euro-2024\/"},"modified":"2024-09-09T13:58:22","modified_gmt":"2024-09-09T13:58:22","slug":"euro-2024","status":"publish","type":"page","link":"https:\/\/www.ncheurope.com\/hu\/euro-2024\/","title":{"rendered":"EURO 2024"},"content":{"rendered":"\n<div class=\"internal-banner-block relative primaryBlue paddingBottomLarge bg-no-repeat pt-[128px]  bg-cover bg-center\" style=\"background-image: url('https:\/\/www.ncheurope.com\/wp-content\/uploads\/2024\/06\/Banner-EURO.png')\">\n    <div class=\"overlay absolute top-0 bottom-0 left-0 right-0 z-0 gradient-primaryBlue-180-dark\"><\/div>    <div class=\"container relative z-10\">\n        <div class=\"breadcrumb-container mb-[60px] md:mb-[103px] hidden md:block\">\n            <p class=\"text-lightXs !mb-0 !text-[12px] flex flex-row items-center\">You are here: <a class=\"!font-regular mx-2\" href=\"https:\/\/www.ncheurope.com\/hu\/\">Kezd\u0151lap<\/a> \/ <span class=\"ml-2 font-semibold\">EURO 2024<\/span><\/p>\n        <\/div>\n\n        <div class=\"content-container flex flex-col-reverse md:flex-row flex-wrap justify-between\">\n\n                            <div class=\"text-container md:basis-8\/12\">\n                    <h1 class=\"heading-1-light\">Euro 2024 bajnoks\u00e1g<\/h1>                    <p class=\"text-lightBase !mb-0\">K\u00f6sz\u00f6nj\u00fck mindenkinek, aki r\u00e9szt vett az Euro 2024 prom\u00f3ci\u00f3ban.  <\/p>                                    <\/div>\n            \n                    <\/div>\n    <\/div>\n<\/div>\n<div class=\"sticky-page-nav-block primaryBlue hidden lg:block\">\n    <div class=\"sticky-page-nav bg-primaryBlue border-t border-primaryOffWhite\/20 py-3\">\n        <div class=\"container flex flex-row items-center justify-between\">\n            \n                            <p class=\"text-lightSm !mb-0 mr-10\">Ugr\u00e1s ide:<\/p>\n                <div class=\"nav-container flex flex-row items-center w-full max-w-[75%] overflow-x-scroll\">\n                    <a href=\"\/\" class=\"sticky-nav-item-top jump-to-top text-white bg-primaryBlue hover:bg-white hover:text-primaryBlue text-[16px] leading-[16px] px-5 py-3 rounded-[23px] transition-all active\">\u00c1ttekint\u00e9s<\/a>\n                                            <a href=\"#anchor-enquiry-block\" class=\"sticky-nav-item jump-to-top text-white bg-primaryBlue hover:bg-white hover:text-primaryBlue text-[16px] leading-[16px] px-5 py-3 rounded-[23px] transition-all\">Rendeljen m\u00e9g ma<\/a>\n                                    <\/div>\n            \n            <div class=\"home-link-container\">\n                <a href=\"https:\/\/www.ncheurope.com\/hu\/\" class=\"text-lightSm flex flex-row items-center hover:underline\">NCH Home<img decoding=\"async\" src=\"https:\/\/www.ncheurope.com\/wp-content\/themes\/nch-europe\/assets\/images\/home-icon.png\" alt=\"NCH Europe Logo\" class=\"ml-2 home-link__logo\"><\/a>\n            <\/div>\n        <\/div>\n    <\/div>\n<\/div>\n<div class=\"text-image-cta-block paddingTopLarge paddingBottomLarge primaryBlue bg-white  bg-no-repeat bg-contain bg-right-bottom\">\n    <div class=\"container flex flex-col lg:flex-row\">\n        <div class=\"text-container flex flex-col items-start lg:basis-3\/6 lg:pr-[90px]\">\n                        <h2 class=\"heading-2 text-primaryBlue\">K\u00f6sz\u00f6n\u00f6m.<\/h2>                            <div class=\"text-container\">\n                    <p>Az Euro 2024 prom\u00f3ci\u00f3nk most v\u00e9get \u00e9rt. A j\u00falius <sup>14<\/sup>. ut\u00e1n leadott megrendel\u00e9sek nem veszik figyelembe, hogy NCH log\u00f3val ell\u00e1tott labdar\u00fag\u00f3t vagy mezt kapjanak.<\/p>\n<p>K\u00f6sz\u00f6nj\u00fck mindenkinek, aki megrendel\u00e9st adott le az Euro 2024 bajnoks\u00e1g alatt, \u00e9s gratul\u00e1lunk Spanyolorsz\u00e1gnak a tornagy\u0151zelemhez.<\/p>\n                <\/div>\n                                <\/div>\n                    <div class=\"image-container lg:basis-3\/6 relative flex flex-col mt-[24px] lg:mt-0\">\n                <div class=\"skewed-image-container min-h-[388px] bg-no-repeat bg-cover bg-center skewedImageLarge shadow-[0_10px_10px_0_rgba(109,106,112,0.15)]\" style=\"background-image: url(https:\/\/www.ncheurope.com\/wp-content\/uploads\/2024\/05\/shutterstock_1707503425-1.jpg);\"><\/div>\n            <\/div>\n                    <\/div>\n<\/div>\n    <div class=\"related-cards-block box-content relative bg-white paddingTopLarge paddingBottomLarge primaryBlue\">\n        <div class=\"container flex flex-col\">\n            <!-- Start Text Section -->\n            <div class=\"flex flex-row flex-wrap justify-between items-end relative z-10 pb-[60px]\">\n                <h2 class=\"heading-2 basis-full text-primaryBlue\">N\u00e9zze meg, mit tudunk k\u00edn\u00e1lni  <\/h2>                <p class=\"text-darkBase basis-full lg:basis-8\/12 !mb-0\">Az ipari karbantart\u00e1st\u00f3l \u00e9s g\u00e9pken\u00e9st\u0151l kezdve az alkatr\u00e9sztiszt\u00edt\u00f3 megold\u00e1sokig \u00e9s a v\u00edzkezel\u00e9sig. B\u00e1rmire is van sz\u00fcks\u00e9ge, az NCH Europe seg\u00edt \u00d6nnek.  <\/p>                                    <a href=\"https:\/\/www.ncheurope.com\/en\/applications\/\" class=\"button button--primaryBlue hover:bg-primaryBlue hover:text-white relative mt-[24px] lg:mt-0\">Alkalmaz\u00e1saink <\/a>\n                            <\/div>\n            <!-- End Text Section -->\n            \n            <!-- Start Related Cards Section -->\n            \n                            <div class=\" flex flex-row flex-wrap\">\n                                                                        <div class=\"related-card max-w-full md:max-w-[calc(50%-4px)] lg:max-w-[calc(25%-8px)] w-full px-2 pt-2 pb-8 mr-0 md:odd:mr-2 lg:mr-2 mb-10 relative bg-white shadow-[0_10px_10px_0_rgba(109,106,112,0.15)] border border-primaryOffWhite\">\n                                <div class=\"blog-image relative bg-center bg-no-repeat bg-cover min-h-[216px] mb-6\" style=\"background-image: url('https:\/\/www.ncheurope.com\/wp-content\/uploads\/2023\/07\/shutterstock_167130341-1.jpg')\"><\/div>\n                                <div class=\"flex flex-col items-start px-6\">\n                                    <h6 class=\"heading-6 text-primaryBlue z-10 relative !mb-4\">Karbantart\u00e1s<\/h6>\n                                    <p class=\"text-darkSm z-10 relative !mb-5\">Az ipari karbantart\u00e1s szak\u00e9rt\u0151i, akik a leg\u00fajabb term\u00e9kekkel \u00e9s megold\u00e1sokkal hat\u00e9konyan \u00e9s eredm\u00e9nyesen tartj\u00e1k \u00fczem\u00e9t \u00e9s g\u00e9peit.<\/p>\n                                    <a href=\"https:\/\/www.ncheurope.com\/en\/applications\/maintenance\/\" class=\"button button--secondary button--primaryBlue\">Tudjon meg t\u00f6bbet<\/a>\n                                <\/div>\n                            <\/div>\n                                                                                                <div class=\"related-card max-w-full md:max-w-[calc(50%-4px)] lg:max-w-[calc(25%-8px)] w-full px-2 pt-2 pb-8 mr-0 md:odd:mr-2 lg:mr-2 mb-10 relative bg-white shadow-[0_10px_10px_0_rgba(109,106,112,0.15)] border border-primaryOffWhite\">\n                                <div class=\"blog-image relative bg-center bg-no-repeat bg-cover min-h-[216px] mb-6\" style=\"background-image: url('https:\/\/www.ncheurope.com\/wp-content\/uploads\/2024\/03\/Parts.jpg')\"><\/div>\n                                <div class=\"flex flex-col items-start px-6\">\n                                    <h6 class=\"heading-6 text-primaryBlue z-10 relative !mb-4\">Alkatr\u00e9szek tiszt\u00edt\u00e1sa<\/h6>\n                                    <p class=\"text-darkSm z-10 relative !mb-5\">Vil\u00e1gvezet\u0151 a fel\u00fcletkezel\u00e9si, tiszt\u00edt\u00e1si \u00e9s zs\u00edrtalan\u00edt\u00e1si szolg\u00e1ltat\u00e1sok ter\u00e9n; magas termel\u00e9kenys\u00e9g \u00e9s k\u00f6rnyezetv\u00e9delmi megfelel\u0151s\u00e9g biztos\u00edt\u00e1sa.<\/p>\n                                    <a href=\"https:\/\/www.ncheurope.com\/en\/applications\/parts-cleaning\/\" class=\"button button--secondary button--primaryBlue\">Vegye fel a kapcsolatot <\/a>\n                                <\/div>\n                            <\/div>\n                                                                                                <div class=\"related-card max-w-full md:max-w-[calc(50%-4px)] lg:max-w-[calc(25%-8px)] w-full px-2 pt-2 pb-8 mr-0 md:odd:mr-2 lg:mr-2 mb-10 relative bg-white shadow-[0_10px_10px_0_rgba(109,106,112,0.15)] border border-primaryOffWhite\">\n                                <div class=\"blog-image relative bg-center bg-no-repeat bg-cover min-h-[216px] mb-6\" style=\"background-image: url('https:\/\/www.ncheurope.com\/wp-content\/uploads\/2023\/09\/Lubricants-landing-page.jpg')\"><\/div>\n                                <div class=\"flex flex-col items-start px-6\">\n                                    <h6 class=\"heading-6 text-primaryBlue z-10 relative !mb-4\">Ken\u0151anyagok<\/h6>\n                                    <p class=\"text-darkSm z-10 relative !mb-5\">A fejlett ken\u00e9stechnol\u00f3gia szak\u00e9rt\u0151i 1948 \u00f3ta; nagy hat\u00e9konys\u00e1g\u00fa ipari zs\u00edrokat, olajokat \u00e9s a leg\u00fajabb adal\u00e9kanyag-technol\u00f3gi\u00e1t k\u00edn\u00e1lj\u00e1k.<\/p>\n                                    <a href=\"https:\/\/www.ncheurope.com\/en\/applications\/lubricants\/\" class=\"button button--secondary button--primaryBlue\">N\u00e9zze meg<\/a>\n                                <\/div>\n                            <\/div>\n                                                                                                <div class=\"related-card max-w-full md:max-w-[calc(50%-4px)] lg:max-w-[calc(25%-8px)] w-full px-2 pt-2 pb-8 mr-0 md:odd:mr-2 lg:mr-2 mb-10 relative bg-white shadow-[0_10px_10px_0_rgba(109,106,112,0.15)] border border-primaryOffWhite\">\n                                <div class=\"blog-image relative bg-center bg-no-repeat bg-cover min-h-[216px] mb-6\" style=\"background-image: url('https:\/\/www.ncheurope.com\/wp-content\/uploads\/2023\/07\/Cooling-tower.jpg')\"><\/div>\n                                <div class=\"flex flex-col items-start px-6\">\n                                    <h6 class=\"heading-6 text-primaryBlue z-10 relative !mb-4\">Chem-Aqua<\/h6>\n                                    <p class=\"text-darkSm z-10 relative !mb-5\">Glob\u00e1lis vezet\u0151 v\u00edzkezel\u0151k; teljes k\u00f6r\u0171 szolg\u00e1ltat\u00e1si megk\u00f6zel\u00edt\u00e9s; a leg\u00fajabb biofilm, legionella \u00e9s szil\u00e1rd v\u00edzkezel\u00e9si megold\u00e1sok biztos\u00edt\u00e1sa.<\/p>\n                                    <a href=\"https:\/\/www.ncheurope.com\/en\/applications\/chem-aqua\/\" class=\"button button--secondary button--primaryBlue\">Tov\u00e1bbi inform\u00e1ci\u00f3k<\/a>\n                                <\/div>\n                            <\/div>\n                                                            <\/div>\n                        \n            <!-- End Related Cards Section -->\n        <\/div>\n\n    <\/div>","protected":false},"excerpt":{"rendered":"","protected":false},"author":1,"featured_media":0,"parent":0,"menu_order":0,"comment_status":"closed","ping_status":"closed","template":"","meta":{"_acf_changed":false,"footnotes":""},"class_list":["post-53224","page","type-page","status-publish","hentry"],"acf":[],"yoast_head":"<!-- This site is optimized with the Yoast SEO Premium plugin v21.7 (Yoast SEO v27.2) - https:\/\/yoast.com\/product\/yoast-seo-premium-wordpress\/ -->\n<title>EURO 2024 - NCH Europe<\/title>\n<meta name=\"robots\" content=\"index, follow, max-snippet:-1, max-image-preview:large, max-video-preview:-1\" \/>\n<link rel=\"canonical\" href=\"https:\/\/www.ncheurope.com\/en\/euro-2024\/\" class=\"yoast-seo-meta-tag\" \/>\n<meta property=\"og:locale\" content=\"hu_HU\" class=\"yoast-seo-meta-tag\" \/>\n<meta property=\"og:type\" content=\"article\" class=\"yoast-seo-meta-tag\" \/>\n<meta property=\"og:title\" content=\"EURO 2024\" class=\"yoast-seo-meta-tag\" \/>\n<meta property=\"og:url\" content=\"https:\/\/www.ncheurope.com\/en\/euro-2024\/\" class=\"yoast-seo-meta-tag\" \/>\n<meta property=\"og:site_name\" content=\"NCH Europe\" class=\"yoast-seo-meta-tag\" \/>\n<meta property=\"article:publisher\" content=\"https:\/\/www.facebook.com\/ncheurope\" class=\"yoast-seo-meta-tag\" \/>\n<meta property=\"article:modified_time\" content=\"2024-09-09T13:58:22+00:00\" class=\"yoast-seo-meta-tag\" \/>\n<meta name=\"twitter:card\" content=\"summary_large_image\" class=\"yoast-seo-meta-tag\" \/>\n<meta name=\"twitter:site\" content=\"@NCH_Europe\" class=\"yoast-seo-meta-tag\" \/>\n<script type=\"application\/ld+json\" class=\"yoast-schema-graph\">{\"@context\":\"https:\/\/schema.org\",\"@graph\":[{\"@type\":\"WebPage\",\"@id\":\"https:\/\/www.ncheurope.com\/en\/euro-2024\/\",\"url\":\"https:\/\/www.ncheurope.com\/en\/euro-2024\/\",\"name\":\"EURO 2024 - NCH Europe\",\"isPartOf\":{\"@id\":\"https:\/\/www.ncheurope.com\/en\/#website\"},\"datePublished\":\"2024-05-15T09:02:02+00:00\",\"dateModified\":\"2024-09-09T13:58:22+00:00\",\"breadcrumb\":{\"@id\":\"https:\/\/www.ncheurope.com\/en\/euro-2024\/#breadcrumb\"},\"inLanguage\":\"hu\",\"potentialAction\":[{\"@type\":\"ReadAction\",\"target\":[\"https:\/\/www.ncheurope.com\/en\/euro-2024\/\"]}]},{\"@type\":\"BreadcrumbList\",\"@id\":\"https:\/\/www.ncheurope.com\/en\/euro-2024\/#breadcrumb\",\"itemListElement\":[{\"@type\":\"ListItem\",\"position\":1,\"name\":\"Honlap\",\"item\":\"https:\/\/www.ncheurope.com\/hu\/\"},{\"@type\":\"ListItem\",\"position\":2,\"name\":\"EURO 2024\"}]},{\"@type\":\"WebSite\",\"@id\":\"https:\/\/www.ncheurope.com\/en\/#website\",\"url\":\"https:\/\/www.ncheurope.com\/en\/\",\"name\":\"NCH Europe\",\"description\":\"\",\"publisher\":{\"@id\":\"https:\/\/www.ncheurope.com\/en\/#organization\"},\"potentialAction\":[{\"@type\":\"SearchAction\",\"target\":{\"@type\":\"EntryPoint\",\"urlTemplate\":\"https:\/\/www.ncheurope.com\/en\/?s={search_term_string}\"},\"query-input\":{\"@type\":\"PropertyValueSpecification\",\"valueRequired\":true,\"valueName\":\"search_term_string\"}}],\"inLanguage\":\"hu\"},{\"@type\":\"Organization\",\"@id\":\"https:\/\/www.ncheurope.com\/en\/#organization\",\"name\":\"NCH Europe\",\"url\":\"https:\/\/www.ncheurope.com\/en\/\",\"logo\":{\"@type\":\"ImageObject\",\"inLanguage\":\"hu\",\"@id\":\"https:\/\/www.ncheurope.com\/en\/#\/schema\/logo\/image\/\",\"url\":\"https:\/\/www.ncheurope.com\/wp-content\/uploads\/2023\/11\/nch-logo-gradient.webp\",\"contentUrl\":\"https:\/\/www.ncheurope.com\/wp-content\/uploads\/2023\/11\/nch-logo-gradient.webp\",\"width\":120,\"height\":120,\"caption\":\"NCH Europe\"},\"image\":{\"@id\":\"https:\/\/www.ncheurope.com\/en\/#\/schema\/logo\/image\/\"},\"sameAs\":[\"https:\/\/www.facebook.com\/ncheurope\",\"https:\/\/x.com\/NCH_Europe\"]}]}<\/script>\n<!-- \/ Yoast SEO Premium plugin. -->","yoast_head_json":{"title":"EURO 2024 - NCH Europe","robots":{"index":"index","follow":"follow","max-snippet":"max-snippet:-1","max-image-preview":"max-image-preview:large","max-video-preview":"max-video-preview:-1"},"canonical":"https:\/\/www.ncheurope.com\/en\/euro-2024\/","og_locale":"hu_HU","og_type":"article","og_title":"EURO 2024","og_url":"https:\/\/www.ncheurope.com\/en\/euro-2024\/","og_site_name":"NCH Europe","article_publisher":"https:\/\/www.facebook.com\/ncheurope","article_modified_time":"2024-09-09T13:58:22+00:00","twitter_card":"summary_large_image","twitter_site":"@NCH_Europe","schema":{"@context":"https:\/\/schema.org","@graph":[{"@type":"WebPage","@id":"https:\/\/www.ncheurope.com\/en\/euro-2024\/","url":"https:\/\/www.ncheurope.com\/en\/euro-2024\/","name":"EURO 2024 - NCH Europe","isPartOf":{"@id":"https:\/\/www.ncheurope.com\/en\/#website"},"datePublished":"2024-05-15T09:02:02+00:00","dateModified":"2024-09-09T13:58:22+00:00","breadcrumb":{"@id":"https:\/\/www.ncheurope.com\/en\/euro-2024\/#breadcrumb"},"inLanguage":"hu","potentialAction":[{"@type":"ReadAction","target":["https:\/\/www.ncheurope.com\/en\/euro-2024\/"]}]},{"@type":"BreadcrumbList","@id":"https:\/\/www.ncheurope.com\/en\/euro-2024\/#breadcrumb","itemListElement":[{"@type":"ListItem","position":1,"name":"Honlap","item":"https:\/\/www.ncheurope.com\/hu\/"},{"@type":"ListItem","position":2,"name":"EURO 2024"}]},{"@type":"WebSite","@id":"https:\/\/www.ncheurope.com\/en\/#website","url":"https:\/\/www.ncheurope.com\/en\/","name":"NCH Europe","description":"","publisher":{"@id":"https:\/\/www.ncheurope.com\/en\/#organization"},"potentialAction":[{"@type":"SearchAction","target":{"@type":"EntryPoint","urlTemplate":"https:\/\/www.ncheurope.com\/en\/?s={search_term_string}"},"query-input":{"@type":"PropertyValueSpecification","valueRequired":true,"valueName":"search_term_string"}}],"inLanguage":"hu"},{"@type":"Organization","@id":"https:\/\/www.ncheurope.com\/en\/#organization","name":"NCH Europe","url":"https:\/\/www.ncheurope.com\/en\/","logo":{"@type":"ImageObject","inLanguage":"hu","@id":"https:\/\/www.ncheurope.com\/en\/#\/schema\/logo\/image\/","url":"https:\/\/www.ncheurope.com\/wp-content\/uploads\/2023\/11\/nch-logo-gradient.webp","contentUrl":"https:\/\/www.ncheurope.com\/wp-content\/uploads\/2023\/11\/nch-logo-gradient.webp","width":120,"height":120,"caption":"NCH Europe"},"image":{"@id":"https:\/\/www.ncheurope.com\/en\/#\/schema\/logo\/image\/"},"sameAs":["https:\/\/www.facebook.com\/ncheurope","https:\/\/x.com\/NCH_Europe"]}]}},"_links":{"self":[{"href":"https:\/\/www.ncheurope.com\/hu\/wp-json\/wp\/v2\/pages\/53224","targetHints":{"allow":["GET"]}}],"collection":[{"href":"https:\/\/www.ncheurope.com\/hu\/wp-json\/wp\/v2\/pages"}],"about":[{"href":"https:\/\/www.ncheurope.com\/hu\/wp-json\/wp\/v2\/types\/page"}],"author":[{"embeddable":true,"href":"https:\/\/www.ncheurope.com\/hu\/wp-json\/wp\/v2\/users\/1"}],"replies":[{"embeddable":true,"href":"https:\/\/www.ncheurope.com\/hu\/wp-json\/wp\/v2\/comments?post=53224"}],"version-history":[{"count":25,"href":"https:\/\/www.ncheurope.com\/hu\/wp-json\/wp\/v2\/pages\/53224\/revisions"}],"predecessor-version":[{"id":57378,"href":"https:\/\/www.ncheurope.com\/hu\/wp-json\/wp\/v2\/pages\/53224\/revisions\/57378"}],"wp:attachment":[{"href":"https:\/\/www.ncheurope.com\/hu\/wp-json\/wp\/v2\/media?parent=53224"}],"curies":[{"name":"wp","href":"https:\/\/api.w.org\/{rel}","templated":true}]}}