{"id":42706,"date":"2023-11-27T16:11:42","date_gmt":"2023-11-27T16:11:42","guid":{"rendered":"https:\/\/www.ncheurope.com\/thank-you-register-interest\/"},"modified":"2024-02-01T12:44:53","modified_gmt":"2024-02-01T12:44:53","slug":"thank-you-register-interest","status":"publish","type":"page","link":"https:\/\/www.ncheurope.com\/hu\/thank-you-register-interest\/","title":{"rendered":"Thank you"},"content":{"rendered":"\n<div class=\"internal-banner-block relative primaryBlue paddingBottomXLarge bg-no-repeat pt-[128px] bg-white bg-[url('assets\/images\/background-shape.png')] bg-right-bottom bg-contain\" >\n        <div class=\"container relative z-10\">\n        <div class=\"breadcrumb-container mb-[60px] md:mb-[103px] hidden md:block\">\n            <p class=\"text-darkXs !mb-0 !text-[12px] flex flex-row items-center\">You are here: <a class=\"!font-regular mx-2\" href=\"https:\/\/www.ncheurope.com\/hu\/\">Kezd\u0151lap<\/a> \/ <span class=\"ml-2 font-semibold\">Thank you<\/span><\/p>\n        <\/div>\n\n        <div class=\"content-container flex flex-col-reverse md:flex-row flex-wrap justify-between\">\n\n                            <div class=\"text-container md:basis-8\/12\">\n                    <h1 class=\"heading-1 text-primaryBlue\">K\u00f6sz\u00f6nj\u00fck, hogy kapcsolatba l\u00e9pett az NCH Europe v\u00e1llalattal<\/h1>                    <p class=\"text-darkBase !mb-0\">Csapatunk egyik tagja hamarosan felveszi \u00d6nnel a kapcsolatot. Ha s\u00fcrg\u0151sen besz\u00e9lni szeretne valakivel, k\u00e9rj\u00fck, tekintse meg a telefonsz\u00e1mok \u00e9s e-mail c\u00edmek teljes list\u00e1j\u00e1t kapcsolatfelv\u00e9teli oldalunkon.<\/p>                                            <a href=\"https:\/\/www.ncheurope.com\/hu\/\" class=\"button button--primaryBlue mt-[32px]\">Vissza a kezd\u0151lapra<\/a>\n                                    <\/div>\n            \n                    <\/div>\n    <\/div>\n<\/div>\n\n\n    <div class=\"related-cards-block box-content relative bg-white paddingTopLarge paddingBottomLarge primaryBlue\">\n        <div class=\"container flex flex-col\">\n            <!-- Start Text Section -->\n            <div class=\"flex flex-row flex-wrap justify-between items-end relative z-10 pb-[60px]\">\n                <h2 class=\"heading-2 basis-full text-primaryBlue\">Tekintse meg alkalmaz\u00e1sainkat<\/h2>                <p class=\"text-darkBase basis-full lg:basis-8\/12 !mb-0\">Tudjon meg t\u00f6bbet az NCH Europe \u00e1ltal k\u00edn\u00e1lt megold\u00e1sokr\u00f3l, term\u00e9kekr\u0151l \u00e9s szolg\u00e1ltat\u00e1sokr\u00f3l: az ipari karbantart\u00e1st\u00f3l \u00e9s l\u00e9tes\u00edtm\u00e9nygazd\u00e1lkod\u00e1st\u00f3l kezdve az alkatr\u00e9sztiszt\u00edt\u00e1son \u00e1t a g\u00e9pek \u00e9s a berendez\u00e9sek ken\u00e9s\u00e9ig. T\u00f6bb mint 100 \u00e9ves tapasztalattal rendelkez\u00fcnk abban, hogy \u00fcgyfeleinknek a sz\u00e1mukra sz\u00fcks\u00e9ges megold\u00e1sokat ny\u00fajtsuk.<\/p>                                    <a href=\"https:\/\/www.ncheurope.com\/hu\/alkalmazasok\/\" class=\"button button--primaryBlue hover:bg-primaryBlue hover:text-white relative mt-[24px] lg:mt-0\">Ismerje meg alkalmaz\u00e1sainkat<\/a>\n                            <\/div>\n            <!-- End Text Section -->\n            \n            <!-- Start Related Cards Section -->\n            \n                            <div class=\" flex flex-row flex-wrap\">\n                                                                        <div class=\"related-card max-w-full md:max-w-[calc(50%-4px)] lg:max-w-[calc(25%-8px)] w-full px-2 pt-2 pb-8 mr-0 md:odd:mr-2 lg:mr-2 mb-10 relative bg-white shadow-[0_10px_10px_0_rgba(109,106,112,0.15)] border border-primaryOffWhite\">\n                                <div class=\"blog-image relative bg-center bg-no-repeat bg-cover min-h-[216px] mb-6\" style=\"background-image: url('https:\/\/www.ncheurope.com\/wp-content\/uploads\/2023\/07\/Maintenance-home.jpg')\"><\/div>\n                                <div class=\"flex flex-col items-start px-6\">\n                                    <h6 class=\"heading-6 text-primaryBlue z-10 relative !mb-4\">Maintenance <\/h6>\n                                    <p class=\"text-darkSm z-10 relative !mb-5\">Az ipari karbantart\u00e1s szak\u00e9rt\u0151i, akik a legmodernebb megold\u00e1sokkal biztos\u00edtj\u00e1k a g\u00e9pek \u00e9s \u00fczemek hat\u00e9kony \u00e9s eredm\u00e9nyes m\u0171k\u00f6d\u0151k\u00e9pess\u00e9g\u00e9t.<\/p>\n                                    <a href=\"https:\/\/www.ncheurope.com\/hu\/alkalmazasok\/maintenance\/\" class=\"button button--secondary button--primaryBlue\">Tudjon meg t\u00f6bbet<\/a>\n                                <\/div>\n                            <\/div>\n                                                                                                <div class=\"related-card max-w-full md:max-w-[calc(50%-4px)] lg:max-w-[calc(25%-8px)] w-full px-2 pt-2 pb-8 mr-0 md:odd:mr-2 lg:mr-2 mb-10 relative bg-white shadow-[0_10px_10px_0_rgba(109,106,112,0.15)] border border-primaryOffWhite\">\n                                <div class=\"blog-image relative bg-center bg-no-repeat bg-cover min-h-[216px] mb-6\" style=\"background-image: url('https:\/\/www.ncheurope.com\/wp-content\/uploads\/2023\/07\/Facilities-home.jpg')\"><\/div>\n                                <div class=\"flex flex-col items-start px-6\">\n                                    <h6 class=\"heading-6 text-primaryBlue z-10 relative !mb-4\">Facilities <\/h6>\n                                    <p class=\"text-darkSm z-10 relative !mb-5\">Szennyv\u00edz- \u00e9s szagkezel\u00e9si szak\u00e9rt\u0151k a vend\u00e9gl\u00e1t\u00f3ipari \u00e9s ipari l\u00e9tes\u00edtm\u00e9nyek sz\u00e1m\u00e1ra. K\u00f6rnyezetbar\u00e1t megold\u00e1sok biztos\u00edt\u00e1sa.<\/p>\n                                    <a href=\"https:\/\/www.ncheurope.com\/hu\/alkalmazasok\/facilities\/\" class=\"button button--secondary button--primaryBlue\">Tudjon meg t\u00f6bbet<\/a>\n                                <\/div>\n                            <\/div>\n                                                                                                <div class=\"related-card max-w-full md:max-w-[calc(50%-4px)] lg:max-w-[calc(25%-8px)] w-full px-2 pt-2 pb-8 mr-0 md:odd:mr-2 lg:mr-2 mb-10 relative bg-white shadow-[0_10px_10px_0_rgba(109,106,112,0.15)] border border-primaryOffWhite\">\n                                <div class=\"blog-image relative bg-center bg-no-repeat bg-cover min-h-[216px] mb-6\" style=\"background-image: url('https:\/\/www.ncheurope.com\/wp-content\/uploads\/2023\/07\/Parts-Cleaning-home.jpg')\"><\/div>\n                                <div class=\"flex flex-col items-start px-6\">\n                                    <h6 class=\"heading-6 text-primaryBlue z-10 relative !mb-4\">Parts Cleaning<\/h6>\n                                    <p class=\"text-darkSm z-10 relative !mb-5\">Vezet\u0151 szolg\u00e1ltat\u00f3 a fel\u00fcletkezel\u00e9si, tiszt\u00edt\u00e1si \u00e9s zs\u00edrtalan\u00edt\u00e1si szolg\u00e1ltat\u00e1sok ter\u00e9n, biztos\u00edtva a magas termel\u00e9kenys\u00e9get \u00e9s a k\u00f6rnyezetv\u00e9delmi el\u0151\u00edr\u00e1sok betart\u00e1s\u00e1t.<\/p>\n                                    <a href=\"https:\/\/www.ncheurope.com\/hu\/alkalmazasok\/parts-cleaning\/\" class=\"button button--secondary button--primaryBlue\">Tudjon meg t\u00f6bbet<\/a>\n                                <\/div>\n                            <\/div>\n                                                                                                <div class=\"related-card max-w-full md:max-w-[calc(50%-4px)] lg:max-w-[calc(25%-8px)] w-full px-2 pt-2 pb-8 mr-0 md:odd:mr-2 lg:mr-2 mb-10 relative bg-white shadow-[0_10px_10px_0_rgba(109,106,112,0.15)] border border-primaryOffWhite\">\n                                <div class=\"blog-image relative bg-center bg-no-repeat bg-cover min-h-[216px] mb-6\" style=\"background-image: url('https:\/\/www.ncheurope.com\/wp-content\/uploads\/2023\/07\/Lubricants-home.jpg')\"><\/div>\n                                <div class=\"flex flex-col items-start px-6\">\n                                    <h6 class=\"heading-6 text-primaryBlue z-10 relative !mb-4\">Lubricants <\/h6>\n                                    <p class=\"text-darkSm z-10 relative !mb-5\">A korszer\u0171 ken\u00e9stechnol\u00f3gia szak\u00e9rt\u0151i 1948 \u00f3ta; ken\u0151zs\u00edrok, olajok \u00e9s a leg\u00fajabb adal\u00e9kanyag-technol\u00f3gia biztos\u00edt\u00e1sa.<\/p>\n                                    <a href=\"https:\/\/www.ncheurope.com\/hu\/alkalmazasok\/lubricants\/\" class=\"button button--secondary button--primaryBlue\">Tudjon meg t\u00f6bbet<\/a>\n                                <\/div>\n                            <\/div>\n                                                            <\/div>\n                        \n            <!-- End Related Cards Section -->\n        <\/div>\n\n    <\/div>","protected":false},"excerpt":{"rendered":"","protected":false},"author":1,"featured_media":0,"parent":0,"menu_order":0,"comment_status":"closed","ping_status":"closed","template":"","meta":{"_acf_changed":false,"footnotes":""},"class_list":["post-42706","page","type-page","status-publish","hentry"],"acf":[],"yoast_head":"<!-- This site is optimized with the Yoast SEO Premium plugin v21.7 (Yoast SEO v27.2) - https:\/\/yoast.com\/product\/yoast-seo-premium-wordpress\/ -->\n<title>Thank you - NCH Europe<\/title>\n<meta name=\"robots\" content=\"index, follow, max-snippet:-1, max-image-preview:large, max-video-preview:-1\" \/>\n<link rel=\"canonical\" href=\"https:\/\/www.ncheurope.com\/hu\/thank-you-register-interest\/\" class=\"yoast-seo-meta-tag\" \/>\n<meta property=\"og:locale\" content=\"hu_HU\" class=\"yoast-seo-meta-tag\" \/>\n<meta property=\"og:type\" content=\"article\" class=\"yoast-seo-meta-tag\" \/>\n<meta property=\"og:title\" content=\"Thank you\" class=\"yoast-seo-meta-tag\" \/>\n<meta property=\"og:url\" content=\"https:\/\/www.ncheurope.com\/hu\/thank-you-register-interest\/\" class=\"yoast-seo-meta-tag\" \/>\n<meta property=\"og:site_name\" content=\"NCH Europe\" class=\"yoast-seo-meta-tag\" \/>\n<meta property=\"article:publisher\" content=\"https:\/\/www.facebook.com\/ncheurope\" class=\"yoast-seo-meta-tag\" \/>\n<meta property=\"article:modified_time\" content=\"2024-02-01T12:44:53+00:00\" class=\"yoast-seo-meta-tag\" \/>\n<meta name=\"twitter:card\" content=\"summary_large_image\" class=\"yoast-seo-meta-tag\" \/>\n<meta name=\"twitter:site\" content=\"@NCH_Europe\" class=\"yoast-seo-meta-tag\" \/>\n<script type=\"application\/ld+json\" class=\"yoast-schema-graph\">{\"@context\":\"https:\/\/schema.org\",\"@graph\":[{\"@type\":\"WebPage\",\"@id\":\"https:\/\/www.ncheurope.com\/hu\/thank-you-register-interest\/\",\"url\":\"https:\/\/www.ncheurope.com\/hu\/thank-you-register-interest\/\",\"name\":\"Thank you - NCH Europe\",\"isPartOf\":{\"@id\":\"https:\/\/www.ncheurope.com\/en\/#website\"},\"datePublished\":\"2023-11-27T16:11:42+00:00\",\"dateModified\":\"2024-02-01T12:44:53+00:00\",\"breadcrumb\":{\"@id\":\"https:\/\/www.ncheurope.com\/hu\/thank-you-register-interest\/#breadcrumb\"},\"inLanguage\":\"hu\",\"potentialAction\":[{\"@type\":\"ReadAction\",\"target\":[\"https:\/\/www.ncheurope.com\/hu\/thank-you-register-interest\/\"]}]},{\"@type\":\"BreadcrumbList\",\"@id\":\"https:\/\/www.ncheurope.com\/hu\/thank-you-register-interest\/#breadcrumb\",\"itemListElement\":[{\"@type\":\"ListItem\",\"position\":1,\"name\":\"Honlap\",\"item\":\"https:\/\/www.ncheurope.com\/hu\/\"},{\"@type\":\"ListItem\",\"position\":2,\"name\":\"Thank you\"}]},{\"@type\":\"WebSite\",\"@id\":\"https:\/\/www.ncheurope.com\/en\/#website\",\"url\":\"https:\/\/www.ncheurope.com\/en\/\",\"name\":\"NCH Europe\",\"description\":\"\",\"publisher\":{\"@id\":\"https:\/\/www.ncheurope.com\/en\/#organization\"},\"potentialAction\":[{\"@type\":\"SearchAction\",\"target\":{\"@type\":\"EntryPoint\",\"urlTemplate\":\"https:\/\/www.ncheurope.com\/en\/?s={search_term_string}\"},\"query-input\":{\"@type\":\"PropertyValueSpecification\",\"valueRequired\":true,\"valueName\":\"search_term_string\"}}],\"inLanguage\":\"hu\"},{\"@type\":\"Organization\",\"@id\":\"https:\/\/www.ncheurope.com\/en\/#organization\",\"name\":\"NCH Europe\",\"url\":\"https:\/\/www.ncheurope.com\/en\/\",\"logo\":{\"@type\":\"ImageObject\",\"inLanguage\":\"hu\",\"@id\":\"https:\/\/www.ncheurope.com\/en\/#\/schema\/logo\/image\/\",\"url\":\"https:\/\/www.ncheurope.com\/wp-content\/uploads\/2023\/11\/nch-logo-gradient.webp\",\"contentUrl\":\"https:\/\/www.ncheurope.com\/wp-content\/uploads\/2023\/11\/nch-logo-gradient.webp\",\"width\":120,\"height\":120,\"caption\":\"NCH Europe\"},\"image\":{\"@id\":\"https:\/\/www.ncheurope.com\/en\/#\/schema\/logo\/image\/\"},\"sameAs\":[\"https:\/\/www.facebook.com\/ncheurope\",\"https:\/\/x.com\/NCH_Europe\"]}]}<\/script>\n<!-- \/ Yoast SEO Premium plugin. -->","yoast_head_json":{"title":"Thank you - NCH Europe","robots":{"index":"index","follow":"follow","max-snippet":"max-snippet:-1","max-image-preview":"max-image-preview:large","max-video-preview":"max-video-preview:-1"},"canonical":"https:\/\/www.ncheurope.com\/hu\/thank-you-register-interest\/","og_locale":"hu_HU","og_type":"article","og_title":"Thank you","og_url":"https:\/\/www.ncheurope.com\/hu\/thank-you-register-interest\/","og_site_name":"NCH Europe","article_publisher":"https:\/\/www.facebook.com\/ncheurope","article_modified_time":"2024-02-01T12:44:53+00:00","twitter_card":"summary_large_image","twitter_site":"@NCH_Europe","schema":{"@context":"https:\/\/schema.org","@graph":[{"@type":"WebPage","@id":"https:\/\/www.ncheurope.com\/hu\/thank-you-register-interest\/","url":"https:\/\/www.ncheurope.com\/hu\/thank-you-register-interest\/","name":"Thank you - NCH Europe","isPartOf":{"@id":"https:\/\/www.ncheurope.com\/en\/#website"},"datePublished":"2023-11-27T16:11:42+00:00","dateModified":"2024-02-01T12:44:53+00:00","breadcrumb":{"@id":"https:\/\/www.ncheurope.com\/hu\/thank-you-register-interest\/#breadcrumb"},"inLanguage":"hu","potentialAction":[{"@type":"ReadAction","target":["https:\/\/www.ncheurope.com\/hu\/thank-you-register-interest\/"]}]},{"@type":"BreadcrumbList","@id":"https:\/\/www.ncheurope.com\/hu\/thank-you-register-interest\/#breadcrumb","itemListElement":[{"@type":"ListItem","position":1,"name":"Honlap","item":"https:\/\/www.ncheurope.com\/hu\/"},{"@type":"ListItem","position":2,"name":"Thank you"}]},{"@type":"WebSite","@id":"https:\/\/www.ncheurope.com\/en\/#website","url":"https:\/\/www.ncheurope.com\/en\/","name":"NCH Europe","description":"","publisher":{"@id":"https:\/\/www.ncheurope.com\/en\/#organization"},"potentialAction":[{"@type":"SearchAction","target":{"@type":"EntryPoint","urlTemplate":"https:\/\/www.ncheurope.com\/en\/?s={search_term_string}"},"query-input":{"@type":"PropertyValueSpecification","valueRequired":true,"valueName":"search_term_string"}}],"inLanguage":"hu"},{"@type":"Organization","@id":"https:\/\/www.ncheurope.com\/en\/#organization","name":"NCH Europe","url":"https:\/\/www.ncheurope.com\/en\/","logo":{"@type":"ImageObject","inLanguage":"hu","@id":"https:\/\/www.ncheurope.com\/en\/#\/schema\/logo\/image\/","url":"https:\/\/www.ncheurope.com\/wp-content\/uploads\/2023\/11\/nch-logo-gradient.webp","contentUrl":"https:\/\/www.ncheurope.com\/wp-content\/uploads\/2023\/11\/nch-logo-gradient.webp","width":120,"height":120,"caption":"NCH Europe"},"image":{"@id":"https:\/\/www.ncheurope.com\/en\/#\/schema\/logo\/image\/"},"sameAs":["https:\/\/www.facebook.com\/ncheurope","https:\/\/x.com\/NCH_Europe"]}]}},"_links":{"self":[{"href":"https:\/\/www.ncheurope.com\/hu\/wp-json\/wp\/v2\/pages\/42706","targetHints":{"allow":["GET"]}}],"collection":[{"href":"https:\/\/www.ncheurope.com\/hu\/wp-json\/wp\/v2\/pages"}],"about":[{"href":"https:\/\/www.ncheurope.com\/hu\/wp-json\/wp\/v2\/types\/page"}],"author":[{"embeddable":true,"href":"https:\/\/www.ncheurope.com\/hu\/wp-json\/wp\/v2\/users\/1"}],"replies":[{"embeddable":true,"href":"https:\/\/www.ncheurope.com\/hu\/wp-json\/wp\/v2\/comments?post=42706"}],"version-history":[{"count":4,"href":"https:\/\/www.ncheurope.com\/hu\/wp-json\/wp\/v2\/pages\/42706\/revisions"}],"predecessor-version":[{"id":45899,"href":"https:\/\/www.ncheurope.com\/hu\/wp-json\/wp\/v2\/pages\/42706\/revisions\/45899"}],"wp:attachment":[{"href":"https:\/\/www.ncheurope.com\/hu\/wp-json\/wp\/v2\/media?parent=42706"}],"curies":[{"name":"wp","href":"https:\/\/api.w.org\/{rel}","templated":true}]}}