{"id":50691,"date":"2023-08-07T10:40:00","date_gmt":"2023-08-07T10:40:00","guid":{"rendered":"https:\/\/www.ncheurope.com\/vie-privee-et-cookies\/"},"modified":"2024-04-10T09:36:26","modified_gmt":"2024-04-10T09:36:26","slug":"vie-privee-et-cookies","status":"publish","type":"page","link":"https:\/\/www.ncheurope.com\/fr\/vie-privee-et-cookies\/","title":{"rendered":"Vie priv\u00e9e et cookies"},"content":{"rendered":"\n<div class=\"internal-banner-block relative primaryBlue paddingBottomXSmall bg-no-repeat pt-[128px] bg-white bg-[url('assets\/images\/background-shape.png')] bg-right-bottom bg-contain\" >\n        <div class=\"container relative z-10\">\n        <div class=\"breadcrumb-container mb-[60px] md:mb-[103px] hidden md:block\">\n            <p class=\"text-darkXs !mb-0 !text-[12px] flex flex-row items-center\">You are here: <a class=\"!font-regular mx-2\" href=\"https:\/\/www.ncheurope.com\/fr\/\">Accueil<\/a> \/ <span class=\"ml-2 font-semibold\">Vie priv\u00e9e et cookies<\/span><\/p>\n        <\/div>\n\n        <div class=\"content-container flex flex-col-reverse md:flex-row flex-wrap justify-between\">\n\n                            <div class=\"text-container md:basis-8\/12\">\n                    <h1 class=\"heading-1 text-primaryBlue\">Politique en mati\u00e8re de cookies<\/h1>                    <p class=\"text-darkBase !mb-0\">G\u00c9RER LES PARAM\u00c8TRES DES COOKIES\n\nStrictement n\u00e9cessaire:\nCes cookies permettent d&#039;utiliser des fonctions essentielles telles que la connexion s\u00e9curis\u00e9e. Ils recueillent \u00e9galement des informations sur la mani\u00e8re dont vous utilisez notre site web et sur les erreurs que vous pouvez rencontrer.\nIls ne recueillent PAS d&#039;informations vous concernant qui pourraient \u00eatre utilis\u00e9es \u00e0 des fins de marketing ou pour se souvenir de vos all\u00e9es et venues sur l&#039;internet.\n\nFonctionnel et analytique :\nLes cookies anonymes nous permettent d&#039;analyser votre utilisation de notre site, d&#039;am\u00e9liorer nos services, d&#039;activer la lecture de vid\u00e9os (YouTube) et de m\u00e9moriser les param\u00e8tres afin d&#039;am\u00e9liorer votre exp\u00e9rience d&#039;utilisateur.\nLe fait de les activer nous permet d&#039;am\u00e9liorer le soutien que nous vous apportons lorsque vous utilisez notre site.<\/p>                                    <\/div>\n            \n                    <\/div>\n    <\/div>\n<\/div>\n<div class=\"accordion-block relative primaryBlue paddingTopLarge paddingBottomNone bg-primaryOffWhite\">\n    <div class=\"container flex flex-row flex-wrap\">\n                    <div class=\"text-container flex flex-row flex-wrap items-start justify-between basis-full pb-[60px]\">\n                <h2 class=\"heading-2 text-primaryBlue basis-full\">Vie priv\u00e9e et cookies<\/h2>                <p class=\"text-darkBase basis-full lg:basis-8\/12 !mb-0\"><p>En savoir plus sur notre politique en mati\u00e8re de confidentialit\u00e9 et de cookies.<\/p>\n<\/p>            <\/div>\n        \n        <!-- Accordion Start -->       \n                    <div class=\"accordion-container flex flex-row flex-wrap basis-full\">     \n                                <div class=\"accordion-item border border-primaryOffWhite bg-white basis-full mb-2\">\n                    <div class=\"accordion-header hover:cursor-pointer py-[28px] px-[40px] flex flex-row justify-between items-center\">\n                        <h5 class=\"text-primaryBlue heading-5 !mb-0\">Contr\u00f4leur des donn\u00e9es<\/h5>\n                        <i class=\"bg-[url('assets\/images\/upwards-arrow-white.png')] bg-center bg-[length:11px_11px] bg-no-repeat bg-primaryBlue block rounded-full min-w-[30px] w-[30px] h-[30px] rotate-[135deg]\"><\/i>\n                    <\/div>\n\n                    <div class=\"accordion-content hidden pb-[28px] px-[40px]\">\n                        <p class=\"text-darkBase !mb-0\"><p>Le site web :&nbsp;<a href=\"https:\/\/www.ncheurope.com\/\">https:\/\/www.ncheurope.com\/<\/a>&nbsp;appartient \u00e0 :<\/p>\n<p>NCH UK Ltd.<br \/>\nArrowmere House, Springvale Avenue, West Midlands, Bilston, WV14 0QL<\/p>\n<p><strong>Num\u00e9ro d&rsquo;entreprise :<\/strong>&nbsp;00816221<\/p>\n<p><strong>Num\u00e9ro de TVA :<\/strong>&nbsp;GB276859006<\/p>\n<p>&nbsp;<\/p>\n<p>Pure Solve :<\/p>\n<p>Arrowmere House, Springvale Avenue, West Midlands, Bilston, WV14 0QL<\/p>\n<p><strong>Num\u00e9ro d&rsquo;entreprise :<\/strong>&nbsp;03294328<\/p>\n<p><strong>Num\u00e9ro de TVA :<\/strong>&nbsp;GB677417108<\/p>\n<p>&nbsp;<\/p>\n<p>CPS Industries Limited :<\/p>\n<p>Arrowmere House, Springvale Avenue, West Midlands, Bilston, WV14 0QL<\/p>\n<p><strong>Num\u00e9ro d&rsquo;entreprise :<\/strong>&nbsp;00940472<\/p>\n<p>&nbsp;<\/p>\n<p>NCH Ireland Limited :<\/p>\n<p>c\/o Whitney Moore Solicitors, 2 Shelbourne Buildings, Crampton Avenue, Shelbourne Road, Ballsbridge, Dublin 4, D04 W3V6, Irlande<\/p>\n<p><strong>Num\u00e9ro d&rsquo;entreprise :&nbsp;<\/strong>32633<\/p>\n<\/p>\n                                            <\/div>\n                <\/div>\n\n                                <div class=\"accordion-item border border-primaryOffWhite bg-white basis-full mb-2\">\n                    <div class=\"accordion-header hover:cursor-pointer py-[28px] px-[40px] flex flex-row justify-between items-center\">\n                        <h5 class=\"text-primaryBlue heading-5 !mb-0\">Processeur de donn\u00e9es<\/h5>\n                        <i class=\"bg-[url('assets\/images\/upwards-arrow-white.png')] bg-center bg-[length:11px_11px] bg-no-repeat bg-primaryBlue block rounded-full min-w-[30px] w-[30px] h-[30px] rotate-[135deg]\"><\/i>\n                    <\/div>\n\n                    <div class=\"accordion-content hidden pb-[28px] px-[40px]\">\n                        <p class=\"text-darkBase !mb-0\"><p>ExtraMile Communications&nbsp;<a href=\"https:\/\/www.extramilecommunications.com\/\">https:\/\/www.extramilecommunications.com\/<\/a>&nbsp;<br \/>\nStone Business Park, Kern House, Stone, ST15 0TL<\/p>\n<\/p>\n                                            <\/div>\n                <\/div>\n\n                            <\/div>\n                <!-- Accordion End -->\n    <\/div>\n<\/div><div class=\"data-table bg-primaryOffWhite primaryBlue paddingBottomLarge paddingTopLarge\">\n\t<div class=\"container\">\n\t\t<table border=\"0\" class=\"\"><thead><tr><th class=\"headers\">Provider<\/th><th class=\"headers\">\tCookie Name<\/th><th class=\"headers\">Cookie Lifetime<\/th><th class=\"headers\">\tCookie Description<\/th><\/tr><\/thead><tbody><tr><td>NCH Europe<\/td><td>Session cookies<\/td><td>session duration<\/td><td>\t\nSet by Joomla to remember a users chosen language and account details (if logged in)<\/td><\/tr><tr><td>NCH Europe<\/td><td>cookieaccept<\/td><td>\t\n1 year<\/td><td>\t\nUsed to track if the cookie popup window has been displayed or not.<\/td><\/tr><tr><td>NCH Europe<\/td><td>\t\ngdpr_analytics<\/td><td>\t\n3 months<\/td><td>\t\nUsed to track analytics cookie preference.<\/td><\/tr><tr><td>NCH Europe<\/td><td>\t\ngdpr_video<\/td><td>\t\n3 months<\/td><td>Used to track video cookie preference.<\/td><\/tr><\/tbody><\/table>\t<\/div>\n<\/div>","protected":false},"excerpt":{"rendered":"","protected":false},"author":1,"featured_media":0,"parent":0,"menu_order":0,"comment_status":"closed","ping_status":"closed","template":"","meta":{"_acf_changed":false,"footnotes":""},"class_list":["post-50691","page","type-page","status-publish","hentry"],"acf":[],"yoast_head":"<!-- This site is optimized with the Yoast SEO Premium plugin v21.7 (Yoast SEO v27.2) - https:\/\/yoast.com\/product\/yoast-seo-premium-wordpress\/ -->\n<title>Vie priv\u00e9e et cookies - NCH Europe<\/title>\n<meta name=\"robots\" content=\"index, follow, max-snippet:-1, max-image-preview:large, max-video-preview:-1\" \/>\n<link rel=\"canonical\" href=\"https:\/\/www.ncheurope.com\/en\/privacy-cookies\/\" class=\"yoast-seo-meta-tag\" \/>\n<meta property=\"og:locale\" content=\"fr_FR\" class=\"yoast-seo-meta-tag\" \/>\n<meta property=\"og:type\" content=\"article\" class=\"yoast-seo-meta-tag\" \/>\n<meta property=\"og:title\" content=\"Vie priv\u00e9e et cookies\" class=\"yoast-seo-meta-tag\" \/>\n<meta property=\"og:url\" content=\"https:\/\/www.ncheurope.com\/en\/privacy-cookies\/\" class=\"yoast-seo-meta-tag\" \/>\n<meta property=\"og:site_name\" content=\"NCH Europe\" class=\"yoast-seo-meta-tag\" \/>\n<meta property=\"article:publisher\" content=\"https:\/\/www.facebook.com\/ncheurope\" class=\"yoast-seo-meta-tag\" \/>\n<meta property=\"article:modified_time\" content=\"2024-04-10T09:36:26+00:00\" class=\"yoast-seo-meta-tag\" \/>\n<meta name=\"twitter:card\" content=\"summary_large_image\" class=\"yoast-seo-meta-tag\" \/>\n<meta name=\"twitter:site\" content=\"@NCH_Europe\" class=\"yoast-seo-meta-tag\" \/>\n<script type=\"application\/ld+json\" class=\"yoast-schema-graph\">{\"@context\":\"https:\/\/schema.org\",\"@graph\":[{\"@type\":\"WebPage\",\"@id\":\"https:\/\/www.ncheurope.com\/en\/privacy-cookies\/\",\"url\":\"https:\/\/www.ncheurope.com\/en\/privacy-cookies\/\",\"name\":\"Vie priv\u00e9e et cookies - NCH Europe\",\"isPartOf\":{\"@id\":\"https:\/\/www.ncheurope.com\/en\/#website\"},\"datePublished\":\"2023-08-07T10:40:00+00:00\",\"dateModified\":\"2024-04-10T09:36:26+00:00\",\"breadcrumb\":{\"@id\":\"https:\/\/www.ncheurope.com\/en\/privacy-cookies\/#breadcrumb\"},\"inLanguage\":\"fr-FR\",\"potentialAction\":[{\"@type\":\"ReadAction\",\"target\":[\"https:\/\/www.ncheurope.com\/en\/privacy-cookies\/\"]}]},{\"@type\":\"BreadcrumbList\",\"@id\":\"https:\/\/www.ncheurope.com\/en\/privacy-cookies\/#breadcrumb\",\"itemListElement\":[{\"@type\":\"ListItem\",\"position\":1,\"name\":\"Page d'accueil\",\"item\":\"https:\/\/www.ncheurope.com\/fr\/\"},{\"@type\":\"ListItem\",\"position\":2,\"name\":\"Vie priv\u00e9e et cookies\"}]},{\"@type\":\"WebSite\",\"@id\":\"https:\/\/www.ncheurope.com\/en\/#website\",\"url\":\"https:\/\/www.ncheurope.com\/en\/\",\"name\":\"NCH Europe\",\"description\":\"\",\"publisher\":{\"@id\":\"https:\/\/www.ncheurope.com\/en\/#organization\"},\"potentialAction\":[{\"@type\":\"SearchAction\",\"target\":{\"@type\":\"EntryPoint\",\"urlTemplate\":\"https:\/\/www.ncheurope.com\/en\/?s={search_term_string}\"},\"query-input\":{\"@type\":\"PropertyValueSpecification\",\"valueRequired\":true,\"valueName\":\"search_term_string\"}}],\"inLanguage\":\"fr-FR\"},{\"@type\":\"Organization\",\"@id\":\"https:\/\/www.ncheurope.com\/en\/#organization\",\"name\":\"NCH Europe\",\"url\":\"https:\/\/www.ncheurope.com\/en\/\",\"logo\":{\"@type\":\"ImageObject\",\"inLanguage\":\"fr-FR\",\"@id\":\"https:\/\/www.ncheurope.com\/en\/#\/schema\/logo\/image\/\",\"url\":\"https:\/\/www.ncheurope.com\/wp-content\/uploads\/2023\/11\/nch-logo-gradient.webp\",\"contentUrl\":\"https:\/\/www.ncheurope.com\/wp-content\/uploads\/2023\/11\/nch-logo-gradient.webp\",\"width\":120,\"height\":120,\"caption\":\"NCH Europe\"},\"image\":{\"@id\":\"https:\/\/www.ncheurope.com\/en\/#\/schema\/logo\/image\/\"},\"sameAs\":[\"https:\/\/www.facebook.com\/ncheurope\",\"https:\/\/x.com\/NCH_Europe\"]}]}<\/script>\n<!-- \/ Yoast SEO Premium plugin. -->","yoast_head_json":{"title":"Vie priv\u00e9e et cookies - NCH Europe","robots":{"index":"index","follow":"follow","max-snippet":"max-snippet:-1","max-image-preview":"max-image-preview:large","max-video-preview":"max-video-preview:-1"},"canonical":"https:\/\/www.ncheurope.com\/en\/privacy-cookies\/","og_locale":"fr_FR","og_type":"article","og_title":"Vie priv\u00e9e et cookies","og_url":"https:\/\/www.ncheurope.com\/en\/privacy-cookies\/","og_site_name":"NCH Europe","article_publisher":"https:\/\/www.facebook.com\/ncheurope","article_modified_time":"2024-04-10T09:36:26+00:00","twitter_card":"summary_large_image","twitter_site":"@NCH_Europe","schema":{"@context":"https:\/\/schema.org","@graph":[{"@type":"WebPage","@id":"https:\/\/www.ncheurope.com\/en\/privacy-cookies\/","url":"https:\/\/www.ncheurope.com\/en\/privacy-cookies\/","name":"Vie priv\u00e9e et cookies - NCH Europe","isPartOf":{"@id":"https:\/\/www.ncheurope.com\/en\/#website"},"datePublished":"2023-08-07T10:40:00+00:00","dateModified":"2024-04-10T09:36:26+00:00","breadcrumb":{"@id":"https:\/\/www.ncheurope.com\/en\/privacy-cookies\/#breadcrumb"},"inLanguage":"fr-FR","potentialAction":[{"@type":"ReadAction","target":["https:\/\/www.ncheurope.com\/en\/privacy-cookies\/"]}]},{"@type":"BreadcrumbList","@id":"https:\/\/www.ncheurope.com\/en\/privacy-cookies\/#breadcrumb","itemListElement":[{"@type":"ListItem","position":1,"name":"Page d'accueil","item":"https:\/\/www.ncheurope.com\/fr\/"},{"@type":"ListItem","position":2,"name":"Vie priv\u00e9e et cookies"}]},{"@type":"WebSite","@id":"https:\/\/www.ncheurope.com\/en\/#website","url":"https:\/\/www.ncheurope.com\/en\/","name":"NCH Europe","description":"","publisher":{"@id":"https:\/\/www.ncheurope.com\/en\/#organization"},"potentialAction":[{"@type":"SearchAction","target":{"@type":"EntryPoint","urlTemplate":"https:\/\/www.ncheurope.com\/en\/?s={search_term_string}"},"query-input":{"@type":"PropertyValueSpecification","valueRequired":true,"valueName":"search_term_string"}}],"inLanguage":"fr-FR"},{"@type":"Organization","@id":"https:\/\/www.ncheurope.com\/en\/#organization","name":"NCH Europe","url":"https:\/\/www.ncheurope.com\/en\/","logo":{"@type":"ImageObject","inLanguage":"fr-FR","@id":"https:\/\/www.ncheurope.com\/en\/#\/schema\/logo\/image\/","url":"https:\/\/www.ncheurope.com\/wp-content\/uploads\/2023\/11\/nch-logo-gradient.webp","contentUrl":"https:\/\/www.ncheurope.com\/wp-content\/uploads\/2023\/11\/nch-logo-gradient.webp","width":120,"height":120,"caption":"NCH Europe"},"image":{"@id":"https:\/\/www.ncheurope.com\/en\/#\/schema\/logo\/image\/"},"sameAs":["https:\/\/www.facebook.com\/ncheurope","https:\/\/x.com\/NCH_Europe"]}]}},"_links":{"self":[{"href":"https:\/\/www.ncheurope.com\/fr\/wp-json\/wp\/v2\/pages\/50691","targetHints":{"allow":["GET"]}}],"collection":[{"href":"https:\/\/www.ncheurope.com\/fr\/wp-json\/wp\/v2\/pages"}],"about":[{"href":"https:\/\/www.ncheurope.com\/fr\/wp-json\/wp\/v2\/types\/page"}],"author":[{"embeddable":true,"href":"https:\/\/www.ncheurope.com\/fr\/wp-json\/wp\/v2\/users\/1"}],"replies":[{"embeddable":true,"href":"https:\/\/www.ncheurope.com\/fr\/wp-json\/wp\/v2\/comments?post=50691"}],"version-history":[{"count":1,"href":"https:\/\/www.ncheurope.com\/fr\/wp-json\/wp\/v2\/pages\/50691\/revisions"}],"predecessor-version":[{"id":50694,"href":"https:\/\/www.ncheurope.com\/fr\/wp-json\/wp\/v2\/pages\/50691\/revisions\/50694"}],"wp:attachment":[{"href":"https:\/\/www.ncheurope.com\/fr\/wp-json\/wp\/v2\/media?parent=50691"}],"curies":[{"name":"wp","href":"https:\/\/api.w.org\/{rel}","templated":true}]}}