{"id":50684,"date":"2023-08-07T10:40:00","date_gmt":"2023-08-07T10:40:00","guid":{"rendered":"https:\/\/www.ncheurope.com\/tietosuoja-evasteet\/"},"modified":"2024-04-10T09:36:25","modified_gmt":"2024-04-10T09:36:25","slug":"tietosuoja-evasteet","status":"publish","type":"page","link":"https:\/\/www.ncheurope.com\/fi\/tietosuoja-evasteet\/","title":{"rendered":"Tietosuoja &amp;amp; ev\u00e4steet"},"content":{"rendered":"\n<div class=\"internal-banner-block relative primaryBlue paddingBottomXSmall bg-no-repeat pt-[128px] bg-white bg-[url('assets\/images\/background-shape.png')] bg-right-bottom bg-contain\" >\n        <div class=\"container relative z-10\">\n        <div class=\"breadcrumb-container mb-[60px] md:mb-[103px] hidden md:block\">\n            <p class=\"text-darkXs !mb-0 !text-[12px] flex flex-row items-center\">You are here: <a class=\"!font-regular mx-2\" href=\"https:\/\/www.ncheurope.com\/fi\/\">Etusivu<\/a> \/ <span class=\"ml-2 font-semibold\">Tietosuoja &amp;amp; ev\u00e4steet<\/span><\/p>\n        <\/div>\n\n        <div class=\"content-container flex flex-col-reverse md:flex-row flex-wrap justify-between\">\n\n                            <div class=\"text-container md:basis-8\/12\">\n                    <h1 class=\"heading-1 text-primaryBlue\">Ev\u00e4stek\u00e4yt\u00e4nt\u00f6<\/h1>                    <p class=\"text-darkBase !mb-0\">HALLITA EV\u00c4STEASETUKSIA\n\nEhdottoman v\u00e4ltt\u00e4m\u00e4t\u00f6nt\u00e4:\nN\u00e4m\u00e4 ev\u00e4steet mahdollistavat olennaiset ominaisuudet, kuten turvallisen kirjautumisen. Ne ker\u00e4\u00e4v\u00e4t my\u00f6s tietoa siit\u00e4, miten k\u00e4yt\u00e4t verkkosivustoamme ja havaitsemiasi virheit\u00e4.\nNe EIV\u00c4T ker\u00e4\u00e4 sinusta mit\u00e4\u00e4n tietoja, joita voitaisiin k\u00e4ytt\u00e4\u00e4 markkinointiin tai muistamaan, miss\u00e4 olet k\u00e4ynyt internetiss\u00e4.\n\nToiminnallinen ja analyyttinen:\nEv\u00e4steet, joiden avulla voimme anonyymisti analysoida sivustomme k\u00e4ytt\u00f6\u00e4, parantaa palveluitamme, mahdollistaa videoiden toiston (YouTube) ja muistaa asetukset k\u00e4ytt\u00e4j\u00e4kokemuksen parantamiseksi.\nJos pid\u00e4t n\u00e4m\u00e4 toiminnot p\u00e4\u00e4ll\u00e4, pystymme parantamaan sivustoa k\u00e4ytt\u00e4ess\u00e4si antamaamme tukea.<\/p>                                    <\/div>\n            \n                    <\/div>\n    <\/div>\n<\/div>\n<div class=\"accordion-block relative primaryBlue paddingTopLarge paddingBottomNone bg-primaryOffWhite\">\n    <div class=\"container flex flex-row flex-wrap\">\n                    <div class=\"text-container flex flex-row flex-wrap items-start justify-between basis-full pb-[60px]\">\n                <h2 class=\"heading-2 text-primaryBlue basis-full\">Tietosuoja &amp; ev\u00e4steet<\/h2>                <p class=\"text-darkBase basis-full lg:basis-8\/12 !mb-0\"><p>Lue lis\u00e4\u00e4 tietosuoja- ja ev\u00e4stek\u00e4yt\u00e4nn\u00f6st\u00e4mme.<\/p>\n<\/p>            <\/div>\n        \n        <!-- Accordion Start -->       \n                    <div class=\"accordion-container flex flex-row flex-wrap basis-full\">     \n                                <div class=\"accordion-item border border-primaryOffWhite bg-white basis-full mb-2\">\n                    <div class=\"accordion-header hover:cursor-pointer py-[28px] px-[40px] flex flex-row justify-between items-center\">\n                        <h5 class=\"text-primaryBlue heading-5 !mb-0\">Rekisterinpit\u00e4j\u00e4<\/h5>\n                        <i class=\"bg-[url('assets\/images\/upwards-arrow-white.png')] bg-center bg-[length:11px_11px] bg-no-repeat bg-primaryBlue block rounded-full min-w-[30px] w-[30px] h-[30px] rotate-[135deg]\"><\/i>\n                    <\/div>\n\n                    <div class=\"accordion-content hidden pb-[28px] px-[40px]\">\n                        <p class=\"text-darkBase !mb-0\"><p>Sivusto:&nbsp;<a href=\"https:\/\/www.ncheurope.com\/\">https:\/\/www.ncheurope.com\/<\/a>&nbsp;kuuluu:<\/p>\n<p>NCH UK Ltd.<br \/>\nArrowmere House, Springvale Avenue, West Midlands, Bilston, WV14 0QL<\/p>\n<p><strong>Yrityksen numero:<\/strong>&nbsp;00816221<\/p>\n<p><strong>alv-numero:<\/strong>&nbsp;GB276859006.<\/p>\n<p>&nbsp;<\/p>\n<p>Pure Solve:<\/p>\n<p>Arrowmere House, Springvale Avenue, West Midlands, Bilston, WV14 0QL<\/p>\n<p><strong>Yrityksen numero:<\/strong>&nbsp;03294328<\/p>\n<p><strong>ALV-numero:<\/strong>&nbsp;GB677417108.<\/p>\n<p>&nbsp;<\/p>\n<p>CPS Industries Limited:<\/p>\n<p>Arrowmere House, Springvale Avenue, West Midlands, Bilston, WV14 0QL<\/p>\n<p><strong>Yrityksen numero:<\/strong>&nbsp;00940472<\/p>\n<p>&nbsp;<\/p>\n<p>NCH Ireland Limited:<\/p>\n<p>c\/o Whitney Moore Solicitors, 2 Shelbourne Buildings, Crampton Avenue, Shelbourne Road, Ballsbridge, Dublin 4, D04 W3V6, Irlanti.<\/p>\n<p><strong>Yrityksen numero:&nbsp;<\/strong>32633<\/p>\n<\/p>\n                                            <\/div>\n                <\/div>\n\n                                <div class=\"accordion-item border border-primaryOffWhite bg-white basis-full mb-2\">\n                    <div class=\"accordion-header hover:cursor-pointer py-[28px] px-[40px] flex flex-row justify-between items-center\">\n                        <h5 class=\"text-primaryBlue heading-5 !mb-0\">Tiedonhankkija<\/h5>\n                        <i class=\"bg-[url('assets\/images\/upwards-arrow-white.png')] bg-center bg-[length:11px_11px] bg-no-repeat bg-primaryBlue block rounded-full min-w-[30px] w-[30px] h-[30px] rotate-[135deg]\"><\/i>\n                    <\/div>\n\n                    <div class=\"accordion-content hidden pb-[28px] px-[40px]\">\n                        <p class=\"text-darkBase !mb-0\"><p>ExtraMile Communications&nbsp;<a href=\"https:\/\/www.extramilecommunications.com\/\">https:\/\/www.extramilecommunications.com\/<\/a>&nbsp;<br \/>\nStone Business Park, Kern House, Stone, ST15 0TL.<\/p>\n<\/p>\n                                            <\/div>\n                <\/div>\n\n                            <\/div>\n                <!-- Accordion End -->\n    <\/div>\n<\/div><div class=\"data-table bg-primaryOffWhite primaryBlue paddingBottomLarge paddingTopLarge\">\n\t<div class=\"container\">\n\t\t<table border=\"0\" class=\"\"><thead><tr><th class=\"headers\">Provider<\/th><th class=\"headers\">\tCookie Name<\/th><th class=\"headers\">Cookie Lifetime<\/th><th class=\"headers\">\tCookie Description<\/th><\/tr><\/thead><tbody><tr><td>NCH Europe<\/td><td>Session cookies<\/td><td>session duration<\/td><td>\t\nSet by Joomla to remember a users chosen language and account details (if logged in)<\/td><\/tr><tr><td>NCH Europe<\/td><td>cookieaccept<\/td><td>\t\n1 year<\/td><td>\t\nUsed to track if the cookie popup window has been displayed or not.<\/td><\/tr><tr><td>NCH Europe<\/td><td>\t\ngdpr_analytics<\/td><td>\t\n3 months<\/td><td>\t\nUsed to track analytics cookie preference.<\/td><\/tr><tr><td>NCH Europe<\/td><td>\t\ngdpr_video<\/td><td>\t\n3 months<\/td><td>Used to track video cookie preference.<\/td><\/tr><\/tbody><\/table>\t<\/div>\n<\/div>","protected":false},"excerpt":{"rendered":"","protected":false},"author":1,"featured_media":0,"parent":0,"menu_order":0,"comment_status":"closed","ping_status":"closed","template":"","meta":{"_acf_changed":false,"footnotes":""},"class_list":["post-50684","page","type-page","status-publish","hentry"],"acf":[],"yoast_head":"<!-- This site is optimized with the Yoast SEO Premium plugin v21.7 (Yoast SEO v27.2) - https:\/\/yoast.com\/product\/yoast-seo-premium-wordpress\/ -->\n<title>Tietosuoja &amp; ev\u00e4steet - NCH Europe<\/title>\n<meta name=\"robots\" content=\"index, follow, max-snippet:-1, max-image-preview:large, max-video-preview:-1\" \/>\n<link rel=\"canonical\" href=\"https:\/\/www.ncheurope.com\/fi\/tietosuoja-evasteet\/\" class=\"yoast-seo-meta-tag\" \/>\n<meta property=\"og:locale\" content=\"fi_FI\" class=\"yoast-seo-meta-tag\" \/>\n<meta property=\"og:type\" content=\"article\" class=\"yoast-seo-meta-tag\" \/>\n<meta property=\"og:title\" content=\"Tietosuoja &amp; ev\u00e4steet\" class=\"yoast-seo-meta-tag\" \/>\n<meta property=\"og:url\" content=\"https:\/\/www.ncheurope.com\/fi\/tietosuoja-evasteet\/\" class=\"yoast-seo-meta-tag\" \/>\n<meta property=\"og:site_name\" content=\"NCH Europe\" class=\"yoast-seo-meta-tag\" \/>\n<meta property=\"article:publisher\" content=\"https:\/\/www.facebook.com\/ncheurope\" class=\"yoast-seo-meta-tag\" \/>\n<meta property=\"article:modified_time\" content=\"2024-04-10T09:36:25+00:00\" class=\"yoast-seo-meta-tag\" \/>\n<meta name=\"twitter:card\" content=\"summary_large_image\" class=\"yoast-seo-meta-tag\" \/>\n<meta name=\"twitter:site\" content=\"@NCH_Europe\" class=\"yoast-seo-meta-tag\" \/>\n<script type=\"application\/ld+json\" class=\"yoast-schema-graph\">{\"@context\":\"https:\/\/schema.org\",\"@graph\":[{\"@type\":\"WebPage\",\"@id\":\"https:\/\/www.ncheurope.com\/fi\/tietosuoja-evasteet\/\",\"url\":\"https:\/\/www.ncheurope.com\/fi\/tietosuoja-evasteet\/\",\"name\":\"Tietosuoja &amp; ev\u00e4steet - NCH Europe\",\"isPartOf\":{\"@id\":\"https:\/\/www.ncheurope.com\/en\/#website\"},\"datePublished\":\"2023-08-07T10:40:00+00:00\",\"dateModified\":\"2024-04-10T09:36:25+00:00\",\"breadcrumb\":{\"@id\":\"https:\/\/www.ncheurope.com\/fi\/tietosuoja-evasteet\/#breadcrumb\"},\"inLanguage\":\"fi\",\"potentialAction\":[{\"@type\":\"ReadAction\",\"target\":[\"https:\/\/www.ncheurope.com\/fi\/tietosuoja-evasteet\/\"]}]},{\"@type\":\"BreadcrumbList\",\"@id\":\"https:\/\/www.ncheurope.com\/fi\/tietosuoja-evasteet\/#breadcrumb\",\"itemListElement\":[{\"@type\":\"ListItem\",\"position\":1,\"name\":\"Kotisivu\",\"item\":\"https:\/\/www.ncheurope.com\/fi\/\"},{\"@type\":\"ListItem\",\"position\":2,\"name\":\"Tietosuoja &amp;amp; ev\u00e4steet\"}]},{\"@type\":\"WebSite\",\"@id\":\"https:\/\/www.ncheurope.com\/en\/#website\",\"url\":\"https:\/\/www.ncheurope.com\/en\/\",\"name\":\"NCH Europe\",\"description\":\"\",\"publisher\":{\"@id\":\"https:\/\/www.ncheurope.com\/en\/#organization\"},\"potentialAction\":[{\"@type\":\"SearchAction\",\"target\":{\"@type\":\"EntryPoint\",\"urlTemplate\":\"https:\/\/www.ncheurope.com\/en\/?s={search_term_string}\"},\"query-input\":{\"@type\":\"PropertyValueSpecification\",\"valueRequired\":true,\"valueName\":\"search_term_string\"}}],\"inLanguage\":\"fi\"},{\"@type\":\"Organization\",\"@id\":\"https:\/\/www.ncheurope.com\/en\/#organization\",\"name\":\"NCH Europe\",\"url\":\"https:\/\/www.ncheurope.com\/en\/\",\"logo\":{\"@type\":\"ImageObject\",\"inLanguage\":\"fi\",\"@id\":\"https:\/\/www.ncheurope.com\/en\/#\/schema\/logo\/image\/\",\"url\":\"https:\/\/www.ncheurope.com\/wp-content\/uploads\/2023\/11\/nch-logo-gradient.webp\",\"contentUrl\":\"https:\/\/www.ncheurope.com\/wp-content\/uploads\/2023\/11\/nch-logo-gradient.webp\",\"width\":120,\"height\":120,\"caption\":\"NCH Europe\"},\"image\":{\"@id\":\"https:\/\/www.ncheurope.com\/en\/#\/schema\/logo\/image\/\"},\"sameAs\":[\"https:\/\/www.facebook.com\/ncheurope\",\"https:\/\/x.com\/NCH_Europe\"]}]}<\/script>\n<!-- \/ Yoast SEO Premium plugin. -->","yoast_head_json":{"title":"Tietosuoja &amp; ev\u00e4steet - NCH Europe","robots":{"index":"index","follow":"follow","max-snippet":"max-snippet:-1","max-image-preview":"max-image-preview:large","max-video-preview":"max-video-preview:-1"},"canonical":"https:\/\/www.ncheurope.com\/fi\/tietosuoja-evasteet\/","og_locale":"fi_FI","og_type":"article","og_title":"Tietosuoja &amp; ev\u00e4steet","og_url":"https:\/\/www.ncheurope.com\/fi\/tietosuoja-evasteet\/","og_site_name":"NCH Europe","article_publisher":"https:\/\/www.facebook.com\/ncheurope","article_modified_time":"2024-04-10T09:36:25+00:00","twitter_card":"summary_large_image","twitter_site":"@NCH_Europe","schema":{"@context":"https:\/\/schema.org","@graph":[{"@type":"WebPage","@id":"https:\/\/www.ncheurope.com\/fi\/tietosuoja-evasteet\/","url":"https:\/\/www.ncheurope.com\/fi\/tietosuoja-evasteet\/","name":"Tietosuoja &amp; ev\u00e4steet - NCH Europe","isPartOf":{"@id":"https:\/\/www.ncheurope.com\/en\/#website"},"datePublished":"2023-08-07T10:40:00+00:00","dateModified":"2024-04-10T09:36:25+00:00","breadcrumb":{"@id":"https:\/\/www.ncheurope.com\/fi\/tietosuoja-evasteet\/#breadcrumb"},"inLanguage":"fi","potentialAction":[{"@type":"ReadAction","target":["https:\/\/www.ncheurope.com\/fi\/tietosuoja-evasteet\/"]}]},{"@type":"BreadcrumbList","@id":"https:\/\/www.ncheurope.com\/fi\/tietosuoja-evasteet\/#breadcrumb","itemListElement":[{"@type":"ListItem","position":1,"name":"Kotisivu","item":"https:\/\/www.ncheurope.com\/fi\/"},{"@type":"ListItem","position":2,"name":"Tietosuoja &amp;amp; ev\u00e4steet"}]},{"@type":"WebSite","@id":"https:\/\/www.ncheurope.com\/en\/#website","url":"https:\/\/www.ncheurope.com\/en\/","name":"NCH Europe","description":"","publisher":{"@id":"https:\/\/www.ncheurope.com\/en\/#organization"},"potentialAction":[{"@type":"SearchAction","target":{"@type":"EntryPoint","urlTemplate":"https:\/\/www.ncheurope.com\/en\/?s={search_term_string}"},"query-input":{"@type":"PropertyValueSpecification","valueRequired":true,"valueName":"search_term_string"}}],"inLanguage":"fi"},{"@type":"Organization","@id":"https:\/\/www.ncheurope.com\/en\/#organization","name":"NCH Europe","url":"https:\/\/www.ncheurope.com\/en\/","logo":{"@type":"ImageObject","inLanguage":"fi","@id":"https:\/\/www.ncheurope.com\/en\/#\/schema\/logo\/image\/","url":"https:\/\/www.ncheurope.com\/wp-content\/uploads\/2023\/11\/nch-logo-gradient.webp","contentUrl":"https:\/\/www.ncheurope.com\/wp-content\/uploads\/2023\/11\/nch-logo-gradient.webp","width":120,"height":120,"caption":"NCH Europe"},"image":{"@id":"https:\/\/www.ncheurope.com\/en\/#\/schema\/logo\/image\/"},"sameAs":["https:\/\/www.facebook.com\/ncheurope","https:\/\/x.com\/NCH_Europe"]}]}},"_links":{"self":[{"href":"https:\/\/www.ncheurope.com\/fi\/wp-json\/wp\/v2\/pages\/50684","targetHints":{"allow":["GET"]}}],"collection":[{"href":"https:\/\/www.ncheurope.com\/fi\/wp-json\/wp\/v2\/pages"}],"about":[{"href":"https:\/\/www.ncheurope.com\/fi\/wp-json\/wp\/v2\/types\/page"}],"author":[{"embeddable":true,"href":"https:\/\/www.ncheurope.com\/fi\/wp-json\/wp\/v2\/users\/1"}],"replies":[{"embeddable":true,"href":"https:\/\/www.ncheurope.com\/fi\/wp-json\/wp\/v2\/comments?post=50684"}],"version-history":[{"count":1,"href":"https:\/\/www.ncheurope.com\/fi\/wp-json\/wp\/v2\/pages\/50684\/revisions"}],"predecessor-version":[{"id":50687,"href":"https:\/\/www.ncheurope.com\/fi\/wp-json\/wp\/v2\/pages\/50684\/revisions\/50687"}],"wp:attachment":[{"href":"https:\/\/www.ncheurope.com\/fi\/wp-json\/wp\/v2\/media?parent=50684"}],"curies":[{"name":"wp","href":"https:\/\/api.w.org\/{rel}","templated":true}]}}