{"id":53363,"date":"2024-06-12T11:56:37","date_gmt":"2024-06-12T11:56:37","guid":{"rendered":"https:\/\/www.ncheurope.com\/gracias-euros\/"},"modified":"2024-06-13T07:39:01","modified_gmt":"2024-06-13T07:39:01","slug":"gracias-euros","status":"publish","type":"page","link":"https:\/\/www.ncheurope.com\/es\/gracias-euros\/","title":{"rendered":"Gracias Euros"},"content":{"rendered":"\n<div class=\"internal-banner-block relative primaryBlue paddingBottomXLarge bg-no-repeat pt-[128px] bg-white bg-[url('assets\/images\/background-shape.png')] bg-right-bottom bg-contain\" >\n        <div class=\"container relative z-10\">\n        <div class=\"breadcrumb-container mb-[60px] md:mb-[103px] hidden md:block\">\n            <p class=\"text-darkXs !mb-0 !text-[12px] flex flex-row items-center\">Est\u00e1s aqu\u00ed: <a class=\"!font-regular mx-2\" href=\"https:\/\/www.ncheurope.com\/es\/\">Inicio<\/a> \/ <span class=\"ml-2 font-semibold\">Gracias Euros<\/span><\/p>\n        <\/div>\n\n        <div class=\"content-container flex flex-col-reverse md:flex-row flex-wrap justify-between\">\n\n                            <div class=\"text-container md:basis-8\/12\">\n                    <h1 class=\"heading-1 text-primaryBlue\">Gracias por participar en el sorteo<\/h1>                    <p class=\"text-darkBase !mb-0\">Un miembro de nuestro equipo se pondr\u00e1 en contacto contigo en breve. Si necesitas hablar con alguien urgentemente, visita nuestra p\u00e1gina de contacto para ver una lista completa de n\u00fameros de tel\u00e9fono y direcciones de correo electr\u00f3nico.  <\/p>                                            <a href=\"https:\/\/www.ncheurope.com\/es\/\" class=\"button button--primaryBlue mt-[32px]\">Volver a casa<\/a>\n                                    <\/div>\n            \n                    <\/div>\n    <\/div>\n<\/div>\n    <div class=\"related-cards-block box-content relative bg-white paddingTopLarge paddingBottomLarge primaryBlue\">\n        <div class=\"container flex flex-col\">\n            <!-- Start Text Section -->\n            <div class=\"flex flex-row flex-wrap justify-between items-end relative z-10 pb-[60px]\">\n                <h2 class=\"heading-2 basis-full text-primaryBlue\">Echa un vistazo a nuestras aplicaciones  <\/h2>                <p class=\"text-darkBase basis-full lg:basis-8\/12 !mb-0\">M\u00e1s informaci\u00f3n sobre las soluciones, productos y servicios de NCH Europa. Desde el mantenimiento industrial y la gesti\u00f3n de instalaciones, hasta la limpieza de piezas y la lubricaci\u00f3n de m\u00e1quinas y equipos. Tenemos m\u00e1s de 100 a\u00f1os de experiencia proporcionando a nuestros clientes las soluciones que necesitan.  <\/p>                                    <a href=\"https:\/\/www.ncheurope.com\/en\/applications\/\" class=\"button button--primaryBlue hover:bg-primaryBlue hover:text-white relative mt-[24px] lg:mt-0\">Explora nuestras aplicaciones<\/a>\n                            <\/div>\n            <!-- End Text Section -->\n            \n            <!-- Start Related Cards Section -->\n            \n                            <div class=\" flex flex-row flex-wrap\">\n                                                                        <div class=\"related-card max-w-full md:max-w-[calc(50%-4px)] lg:max-w-[calc(25%-8px)] w-full px-2 pt-2 pb-8 mr-0 md:odd:mr-2 lg:mr-2 mb-10 relative bg-white shadow-[0_10px_10px_0_rgba(109,106,112,0.15)] border border-primaryOffWhite\">\n                                <div class=\"blog-image relative bg-center bg-no-repeat bg-cover min-h-[216px] mb-6\" style=\"background-image: url('https:\/\/www.ncheurope.com\/wp-content\/uploads\/2023\/07\/Maintenance-home.jpg')\"><\/div>\n                                <div class=\"flex flex-col items-start px-6\">\n                                    <h6 class=\"heading-6 text-primaryBlue z-10 relative !mb-4\">Mantenimiento <\/h6>\n                                    <p class=\"text-darkSm z-10 relative !mb-5\">Los expertos en Mantenimiento industrial mantienen tus instalaciones y m\u00e1quinas en funcionamiento de forma eficiente y eficaz con las soluciones&hellip;<\/p>\n                                    <a href=\"https:\/\/www.ncheurope.com\/en\/applications\/maintenance\/\" class=\"button button--secondary button--primaryBlue\">M\u00e1s informaci\u00f3n<\/a>\n                                <\/div>\n                            <\/div>\n                                                                                                <div class=\"related-card max-w-full md:max-w-[calc(50%-4px)] lg:max-w-[calc(25%-8px)] w-full px-2 pt-2 pb-8 mr-0 md:odd:mr-2 lg:mr-2 mb-10 relative bg-white shadow-[0_10px_10px_0_rgba(109,106,112,0.15)] border border-primaryOffWhite\">\n                                <div class=\"blog-image relative bg-center bg-no-repeat bg-cover min-h-[216px] mb-6\" style=\"background-image: url('https:\/\/www.ncheurope.com\/wp-content\/uploads\/2023\/07\/Facilities-home.jpg')\"><\/div>\n                                <div class=\"flex flex-col items-start px-6\">\n                                    <h6 class=\"heading-6 text-primaryBlue z-10 relative !mb-4\">Instalaciones  <\/h6>\n                                    <p class=\"text-darkSm z-10 relative !mb-5\">Expertos en gesti\u00f3n de aguas residuales y olores para tus instalaciones hosteleras e industriales. Proporcionando soluciones patentadas y ecol\u00f3gicas.<\/p>\n                                    <a href=\"https:\/\/www.ncheurope.com\/en\/applications\/facilities\/\" class=\"button button--secondary button--primaryBlue\">M\u00e1s informaci\u00f3n<\/a>\n                                <\/div>\n                            <\/div>\n                                                                                                <div class=\"related-card max-w-full md:max-w-[calc(50%-4px)] lg:max-w-[calc(25%-8px)] w-full px-2 pt-2 pb-8 mr-0 md:odd:mr-2 lg:mr-2 mb-10 relative bg-white shadow-[0_10px_10px_0_rgba(109,106,112,0.15)] border border-primaryOffWhite\">\n                                <div class=\"blog-image relative bg-center bg-no-repeat bg-cover min-h-[216px] mb-6\" style=\"background-image: url('https:\/\/www.ncheurope.com\/wp-content\/uploads\/2023\/07\/Parts-Cleaning-home.jpg')\"><\/div>\n                                <div class=\"flex flex-col items-start px-6\">\n                                    <h6 class=\"heading-6 text-primaryBlue z-10 relative !mb-4\">Limpieza de piezas<\/h6>\n                                    <p class=\"text-darkSm z-10 relative !mb-5\">L\u00edder mundial en servicios integrados de tratamiento de superficies, limpieza y desengrase, que garantizan una alta productividad y el cumplimiento&hellip;<\/p>\n                                    <a href=\"https:\/\/www.ncheurope.com\/en\/applications\/parts-cleaning\/\" class=\"button button--secondary button--primaryBlue\">M\u00e1s informaci\u00f3n<\/a>\n                                <\/div>\n                            <\/div>\n                                                                                                <div class=\"related-card max-w-full md:max-w-[calc(50%-4px)] lg:max-w-[calc(25%-8px)] w-full px-2 pt-2 pb-8 mr-0 md:odd:mr-2 lg:mr-2 mb-10 relative bg-white shadow-[0_10px_10px_0_rgba(109,106,112,0.15)] border border-primaryOffWhite\">\n                                <div class=\"blog-image relative bg-center bg-no-repeat bg-cover min-h-[216px] mb-6\" style=\"background-image: url('https:\/\/www.ncheurope.com\/wp-content\/uploads\/2023\/07\/Lubricants-home.jpg')\"><\/div>\n                                <div class=\"flex flex-col items-start px-6\">\n                                    <h6 class=\"heading-6 text-primaryBlue z-10 relative !mb-4\">Lubricantes <\/h6>\n                                    <p class=\"text-darkSm z-10 relative !mb-5\">Expertos en tecnolog\u00eda de lubricaci\u00f3n avanzada desde 1948; suministramos grasas, aceites y la \u00faltima tecnolog\u00eda en aditivos.<\/p>\n                                    <a href=\"https:\/\/www.ncheurope.com\/en\/applications\/lubricants\/\" class=\"button button--secondary button--primaryBlue\">M\u00e1s informaci\u00f3n<\/a>\n                                <\/div>\n                            <\/div>\n                                                            <\/div>\n                        \n            <!-- End Related Cards Section -->\n        <\/div>\n\n    <\/div>","protected":false},"excerpt":{"rendered":"","protected":false},"author":1,"featured_media":0,"parent":0,"menu_order":0,"comment_status":"closed","ping_status":"closed","template":"","meta":{"_acf_changed":false,"footnotes":""},"class_list":["post-53363","page","type-page","status-publish","hentry"],"acf":[],"yoast_head":"<!-- This site is optimized with the Yoast SEO Premium plugin v21.7 (Yoast SEO v27.5) - https:\/\/yoast.com\/product\/yoast-seo-premium-wordpress\/ -->\n<title>Gracias Euros - NCH Europe<\/title>\n<meta name=\"robots\" content=\"index, follow, max-snippet:-1, max-image-preview:large, max-video-preview:-1\" \/>\n<link rel=\"canonical\" href=\"https:\/\/www.ncheurope.com\/es\/gracias-euros\/\" class=\"yoast-seo-meta-tag\" \/>\n<meta property=\"og:locale\" content=\"es_ES\" class=\"yoast-seo-meta-tag\" \/>\n<meta property=\"og:type\" content=\"article\" class=\"yoast-seo-meta-tag\" \/>\n<meta property=\"og:title\" content=\"Gracias Euros\" class=\"yoast-seo-meta-tag\" \/>\n<meta property=\"og:url\" content=\"https:\/\/www.ncheurope.com\/es\/gracias-euros\/\" class=\"yoast-seo-meta-tag\" \/>\n<meta property=\"og:site_name\" content=\"NCH Europe\" class=\"yoast-seo-meta-tag\" \/>\n<meta property=\"article:publisher\" content=\"https:\/\/www.facebook.com\/ncheurope\" class=\"yoast-seo-meta-tag\" \/>\n<meta property=\"article:modified_time\" content=\"2024-06-13T07:39:01+00:00\" class=\"yoast-seo-meta-tag\" \/>\n<meta name=\"twitter:card\" content=\"summary_large_image\" class=\"yoast-seo-meta-tag\" \/>\n<meta name=\"twitter:site\" content=\"@NCH_Europe\" class=\"yoast-seo-meta-tag\" \/>\n<script type=\"application\/ld+json\" class=\"yoast-schema-graph\">{\"@context\":\"https:\\\/\\\/schema.org\",\"@graph\":[{\"@type\":\"WebPage\",\"@id\":\"https:\\\/\\\/www.ncheurope.com\\\/es\\\/gracias-euros\\\/\",\"url\":\"https:\\\/\\\/www.ncheurope.com\\\/es\\\/gracias-euros\\\/\",\"name\":\"Gracias Euros - NCH Europe\",\"isPartOf\":{\"@id\":\"https:\\\/\\\/www.ncheurope.com\\\/en\\\/#website\"},\"datePublished\":\"2024-06-12T11:56:37+00:00\",\"dateModified\":\"2024-06-13T07:39:01+00:00\",\"breadcrumb\":{\"@id\":\"https:\\\/\\\/www.ncheurope.com\\\/es\\\/gracias-euros\\\/#breadcrumb\"},\"inLanguage\":\"es\",\"potentialAction\":[{\"@type\":\"ReadAction\",\"target\":[\"https:\\\/\\\/www.ncheurope.com\\\/es\\\/gracias-euros\\\/\"]}]},{\"@type\":\"BreadcrumbList\",\"@id\":\"https:\\\/\\\/www.ncheurope.com\\\/es\\\/gracias-euros\\\/#breadcrumb\",\"itemListElement\":[{\"@type\":\"ListItem\",\"position\":1,\"name\":\"P\u00e1gina de inicio\",\"item\":\"https:\\\/\\\/www.ncheurope.com\\\/es\\\/\"},{\"@type\":\"ListItem\",\"position\":2,\"name\":\"Gracias Euros\"}]},{\"@type\":\"WebSite\",\"@id\":\"https:\\\/\\\/www.ncheurope.com\\\/en\\\/#website\",\"url\":\"https:\\\/\\\/www.ncheurope.com\\\/en\\\/\",\"name\":\"NCH Europe\",\"description\":\"\",\"publisher\":{\"@id\":\"https:\\\/\\\/www.ncheurope.com\\\/en\\\/#organization\"},\"potentialAction\":[{\"@type\":\"SearchAction\",\"target\":{\"@type\":\"EntryPoint\",\"urlTemplate\":\"https:\\\/\\\/www.ncheurope.com\\\/en\\\/?s={search_term_string}\"},\"query-input\":{\"@type\":\"PropertyValueSpecification\",\"valueRequired\":true,\"valueName\":\"search_term_string\"}}],\"inLanguage\":\"es\"},{\"@type\":\"Organization\",\"@id\":\"https:\\\/\\\/www.ncheurope.com\\\/en\\\/#organization\",\"name\":\"NCH Europe\",\"url\":\"https:\\\/\\\/www.ncheurope.com\\\/en\\\/\",\"logo\":{\"@type\":\"ImageObject\",\"inLanguage\":\"es\",\"@id\":\"https:\\\/\\\/www.ncheurope.com\\\/en\\\/#\\\/schema\\\/logo\\\/image\\\/\",\"url\":\"https:\\\/\\\/www.ncheurope.com\\\/wp-content\\\/uploads\\\/2023\\\/11\\\/nch-logo-gradient.webp\",\"contentUrl\":\"https:\\\/\\\/www.ncheurope.com\\\/wp-content\\\/uploads\\\/2023\\\/11\\\/nch-logo-gradient.webp\",\"width\":120,\"height\":120,\"caption\":\"NCH Europe\"},\"image\":{\"@id\":\"https:\\\/\\\/www.ncheurope.com\\\/en\\\/#\\\/schema\\\/logo\\\/image\\\/\"},\"sameAs\":[\"https:\\\/\\\/www.facebook.com\\\/ncheurope\",\"https:\\\/\\\/x.com\\\/NCH_Europe\"]}]}<\/script>\n<!-- \/ Yoast SEO Premium plugin. -->","yoast_head_json":{"title":"Gracias Euros - NCH Europe","robots":{"index":"index","follow":"follow","max-snippet":"max-snippet:-1","max-image-preview":"max-image-preview:large","max-video-preview":"max-video-preview:-1"},"canonical":"https:\/\/www.ncheurope.com\/es\/gracias-euros\/","og_locale":"es_ES","og_type":"article","og_title":"Gracias Euros","og_url":"https:\/\/www.ncheurope.com\/es\/gracias-euros\/","og_site_name":"NCH Europe","article_publisher":"https:\/\/www.facebook.com\/ncheurope","article_modified_time":"2024-06-13T07:39:01+00:00","twitter_card":"summary_large_image","twitter_site":"@NCH_Europe","schema":{"@context":"https:\/\/schema.org","@graph":[{"@type":"WebPage","@id":"https:\/\/www.ncheurope.com\/es\/gracias-euros\/","url":"https:\/\/www.ncheurope.com\/es\/gracias-euros\/","name":"Gracias Euros - NCH Europe","isPartOf":{"@id":"https:\/\/www.ncheurope.com\/en\/#website"},"datePublished":"2024-06-12T11:56:37+00:00","dateModified":"2024-06-13T07:39:01+00:00","breadcrumb":{"@id":"https:\/\/www.ncheurope.com\/es\/gracias-euros\/#breadcrumb"},"inLanguage":"es","potentialAction":[{"@type":"ReadAction","target":["https:\/\/www.ncheurope.com\/es\/gracias-euros\/"]}]},{"@type":"BreadcrumbList","@id":"https:\/\/www.ncheurope.com\/es\/gracias-euros\/#breadcrumb","itemListElement":[{"@type":"ListItem","position":1,"name":"P\u00e1gina de inicio","item":"https:\/\/www.ncheurope.com\/es\/"},{"@type":"ListItem","position":2,"name":"Gracias Euros"}]},{"@type":"WebSite","@id":"https:\/\/www.ncheurope.com\/en\/#website","url":"https:\/\/www.ncheurope.com\/en\/","name":"NCH Europe","description":"","publisher":{"@id":"https:\/\/www.ncheurope.com\/en\/#organization"},"potentialAction":[{"@type":"SearchAction","target":{"@type":"EntryPoint","urlTemplate":"https:\/\/www.ncheurope.com\/en\/?s={search_term_string}"},"query-input":{"@type":"PropertyValueSpecification","valueRequired":true,"valueName":"search_term_string"}}],"inLanguage":"es"},{"@type":"Organization","@id":"https:\/\/www.ncheurope.com\/en\/#organization","name":"NCH Europe","url":"https:\/\/www.ncheurope.com\/en\/","logo":{"@type":"ImageObject","inLanguage":"es","@id":"https:\/\/www.ncheurope.com\/en\/#\/schema\/logo\/image\/","url":"https:\/\/www.ncheurope.com\/wp-content\/uploads\/2023\/11\/nch-logo-gradient.webp","contentUrl":"https:\/\/www.ncheurope.com\/wp-content\/uploads\/2023\/11\/nch-logo-gradient.webp","width":120,"height":120,"caption":"NCH Europe"},"image":{"@id":"https:\/\/www.ncheurope.com\/en\/#\/schema\/logo\/image\/"},"sameAs":["https:\/\/www.facebook.com\/ncheurope","https:\/\/x.com\/NCH_Europe"]}]}},"_links":{"self":[{"href":"https:\/\/www.ncheurope.com\/es\/wp-json\/wp\/v2\/pages\/53363","targetHints":{"allow":["GET"]}}],"collection":[{"href":"https:\/\/www.ncheurope.com\/es\/wp-json\/wp\/v2\/pages"}],"about":[{"href":"https:\/\/www.ncheurope.com\/es\/wp-json\/wp\/v2\/types\/page"}],"author":[{"embeddable":true,"href":"https:\/\/www.ncheurope.com\/es\/wp-json\/wp\/v2\/users\/1"}],"replies":[{"embeddable":true,"href":"https:\/\/www.ncheurope.com\/es\/wp-json\/wp\/v2\/comments?post=53363"}],"version-history":[{"count":1,"href":"https:\/\/www.ncheurope.com\/es\/wp-json\/wp\/v2\/pages\/53363\/revisions"}],"predecessor-version":[{"id":53365,"href":"https:\/\/www.ncheurope.com\/es\/wp-json\/wp\/v2\/pages\/53363\/revisions\/53365"}],"wp:attachment":[{"href":"https:\/\/www.ncheurope.com\/es\/wp-json\/wp\/v2\/media?parent=53363"}],"curies":[{"name":"wp","href":"https:\/\/api.w.org\/{rel}","templated":true}]}}