{"id":75181,"date":"2025-07-29T13:49:02","date_gmt":"2025-07-29T13:49:02","guid":{"rendered":"https:\/\/www.ncheurope.com\/nch-teilereinigung-kontaktieren\/vielen-dank-torrent-torrent-wetblast\/"},"modified":"2025-07-29T13:52:40","modified_gmt":"2025-07-29T13:52:40","slug":"vielen-dank-torrent-torrent-wetblast","status":"publish","type":"page","link":"https:\/\/www.ncheurope.com\/de\/nch-teilereinigung-kontaktieren\/vielen-dank-torrent-torrent-wetblast\/","title":{"rendered":"Vielen Dank &amp;#8211; Torrent &amp;amp; Torrent WetBlast"},"content":{"rendered":"\n<div class=\"internal-banner-block relative primaryBlue paddingBottomXLarge bg-no-repeat pt-[128px] bg-white bg-[url('assets\/images\/background-shape.png')] bg-right-bottom bg-contain\" >\n        <div class=\"container relative z-10\">\n        <div class=\"breadcrumb-container mb-[60px] md:mb-[103px] hidden md:block\">\n            <p class=\"text-darkXs !mb-0 !text-[12px] flex flex-row items-center\">Ihr seid hier:\u200b <a class=\"!font-regular mx-2\" href=\"https:\/\/www.ncheurope.com\/de\/\">Startseite<\/a> \/ <a class=\"mx-2\" href=\"https:\/\/www.ncheurope.com\/de\/nch-teilereinigung-kontaktieren\/\">NCH-Teilereinigung kontaktieren\u200b<\/a> \/ <select name=\"breadcrumb-select\" id=\"breadcrumb-select\" class=\"breadcrumb-select\"><option value=\"https:\/\/www.ncheurope.com\/de\/nch-teilereinigung-kontaktieren\/vielen-dank-torrent-torrent-wetblast\/\">Vielen Dank &#8211; Torrent &amp; Torrent WetBlast<\/option><\/select><\/p>\n        <\/div>\n\n        <div class=\"content-container flex flex-col-reverse md:flex-row flex-wrap justify-between\">\n\n                            <div class=\"text-container md:basis-8\/12\">\n                    <h1 class=\"heading-1 text-primaryBlue\">Vielen Dank f\u00fcr Ihre Kontaktaufnahme mit NCH Europe<\/h1>                    <p class=\"text-darkBase !mb-0\">Ein Mitglied unseres Teams wird sich in K\u00fcrze mit Ihnen in Verbindung setzen. Wenn Sie dringend mit jemandem sprechen m\u00fcssen, finden Sie auf unserer Kontaktseite eine vollst\u00e4ndige Liste mit Telefonnummern und E-Mail-Adressen.   <\/p>                                            <a href=\"https:\/\/www.ncheurope.com\/de\/\" class=\"button button--primaryBlue mt-[32px]\">Zur\u00fcck nach Hause gehen<\/a>\n                                    <\/div>\n            \n                    <\/div>\n    <\/div>\n<\/div>\n    <div class=\"related-cards-block box-content relative bg-wei\u00df paddingTopLarge paddingBottomLarge primaryBlue\">\n        <div class=\"container flex flex-col\">\n            <!-- Start Text Section -->\n            <div class=\"flex flex-row flex-wrap justify-between items-end relative z-10 pb-[60px]\">\n                <h2 class=\"heading-2 basis-full text-primaryBlue\">Werfen Sie einen Blick auf unsere Anwendungen  <\/h2>                <p class=\"text-darkBase basis-full lg:basis-8\/12 !mb-0\">Erfahren Sie mehr \u00fcber die L\u00f6sungen, Produkte und Dienstleistungen von NCH Europe. Von industrieller Wartung und Geb\u00e4udemanagement bis hin zu Teilereinigung und Schmierung von Maschinen und Anlagen. Wir haben \u00fcber 100 Jahre Erfahrung darin, unseren Kunden die L\u00f6sungen zu bieten, die sie brauchen.    <\/p>                                    <a href=\"https:\/\/www.ncheurope.com\/en\/applications\/\" class=\"button button--primaryBlue hover:bg-primaryBlue hover:text-white relative mt-[24px] lg:mt-0\">Entdecken Sie unsere Anwendungen<\/a>\n                            <\/div>\n            <!-- End Text Section -->\n            \n            <!-- Start Related Cards Section -->\n            \n                            <div class=\" flex flex-row flex-wrap\">\n                                                                        <div class=\"related-card max-w-full md:max-w-[calc(50%-4px)] lg:max-w-[calc(25%-8px)] w-full px-2 pt-2 pb-8 mr-0 md:odd:mr-2 lg:mr-2 mb-10 relative bg-white shadow-[0_10px_10px_0_rgba(109,106,112,0.15)] border border-primaryOffWhite\">\n                                <div class=\"blog-image relative bg-center bg-no-repeat bg-cover min-h-[216px] mb-6\" style=\"background-image: url('https:\/\/www.ncheurope.com\/wp-content\/uploads\/2023\/07\/Maintenance-home.jpg')\"><\/div>\n                                <div class=\"flex flex-col items-start px-6\">\n                                    <h6 class=\"heading-6 text-primaryBlue z-10 relative !mb-4\">Wartung  <\/h6>\n                                    <p class=\"text-darkSm z-10 relative !mb-5\">Die Experten f\u00fcr industrielle Wartung halten Ihre Anlagen und Maschinen mit den neuesten L\u00f6sungen effizient und effektiv am Laufen.<\/p>\n                                    <a href=\"https:\/\/www.ncheurope.com\/en\/applications\/maintenance\/\" class=\"button button--secondary button--primaryBlue\">Mehr erfahren<\/a>\n                                <\/div>\n                            <\/div>\n                                                                                                <div class=\"related-card max-w-full md:max-w-[calc(50%-4px)] lg:max-w-[calc(25%-8px)] w-full px-2 pt-2 pb-8 mr-0 md:odd:mr-2 lg:mr-2 mb-10 relative bg-white shadow-[0_10px_10px_0_rgba(109,106,112,0.15)] border border-primaryOffWhite\">\n                                <div class=\"blog-image relative bg-center bg-no-repeat bg-cover min-h-[216px] mb-6\" style=\"background-image: url('https:\/\/www.ncheurope.com\/wp-content\/uploads\/2023\/07\/Facilities-home.jpg')\"><\/div>\n                                <div class=\"flex flex-col items-start px-6\">\n                                    <h6 class=\"heading-6 text-primaryBlue z-10 relative !mb-4\">Einrichtungen  <\/h6>\n                                    <p class=\"text-darkSm z-10 relative !mb-5\">Experten f\u00fcr Abwasser- und Geruchsmanagement f\u00fcr Ihr Gastgewerbe und Ihre Industrieanlagen. Wir bieten patentierte, umweltfreundliche L\u00f6sungen.<\/p>\n                                    <a href=\"https:\/\/www.ncheurope.com\/en\/applications\/facilities\/\" class=\"button button--secondary button--primaryBlue\">Mehr erfahren<\/a>\n                                <\/div>\n                            <\/div>\n                                                                                                <div class=\"related-card max-w-full md:max-w-[calc(50%-4px)] lg:max-w-[calc(25%-8px)] w-full px-2 pt-2 pb-8 mr-0 md:odd:mr-2 lg:mr-2 mb-10 relative bg-white shadow-[0_10px_10px_0_rgba(109,106,112,0.15)] border border-primaryOffWhite\">\n                                <div class=\"blog-image relative bg-center bg-no-repeat bg-cover min-h-[216px] mb-6\" style=\"background-image: url('https:\/\/www.ncheurope.com\/wp-content\/uploads\/2023\/07\/Parts-Cleaning-home.jpg')\"><\/div>\n                                <div class=\"flex flex-col items-start px-6\">\n                                    <h6 class=\"heading-6 text-primaryBlue z-10 relative !mb-4\">Teile-Reinigung<\/h6>\n                                    <p class=\"text-darkSm z-10 relative !mb-5\">Der weltweit f\u00fchrende Anbieter von integrierten Oberfl\u00e4chenbehandlungs-, Reinigungs- und Entfettungsdienstleistungen, der eine hohe Produktivit\u00e4t und die Einhaltung von Umweltauflagen gew\u00e4hrleistet.<\/p>\n                                    <a href=\"https:\/\/www.ncheurope.com\/en\/applications\/parts-cleaning\/\" class=\"button button--secondary button--primaryBlue\">Mehr erfahren<\/a>\n                                <\/div>\n                            <\/div>\n                                                                                                <div class=\"related-card max-w-full md:max-w-[calc(50%-4px)] lg:max-w-[calc(25%-8px)] w-full px-2 pt-2 pb-8 mr-0 md:odd:mr-2 lg:mr-2 mb-10 relative bg-white shadow-[0_10px_10px_0_rgba(109,106,112,0.15)] border border-primaryOffWhite\">\n                                <div class=\"blog-image relative bg-center bg-no-repeat bg-cover min-h-[216px] mb-6\" style=\"background-image: url('https:\/\/www.ncheurope.com\/wp-content\/uploads\/2023\/07\/Lubricants-home.jpg')\"><\/div>\n                                <div class=\"flex flex-col items-start px-6\">\n                                    <h6 class=\"heading-6 text-primaryBlue z-10 relative !mb-4\">Schmierstoffe  <\/h6>\n                                    <p class=\"text-darkSm z-10 relative !mb-5\">Die Experten f\u00fcr fortschrittliche Schmiertechnologie seit 1948; bietet Fette, \u00d6le und die neueste Additivtechnologie.<\/p>\n                                    <a href=\"https:\/\/www.ncheurope.com\/en\/applications\/lubricants\/\" class=\"button button--secondary button--primaryBlue\">Mehr erfahren<\/a>\n                                <\/div>\n                            <\/div>\n                                                            <\/div>\n                        \n            <!-- End Related Cards Section -->\n        <\/div>\n\n    <\/div>\n<p><\/p>\n","protected":false},"excerpt":{"rendered":"","protected":false},"author":1,"featured_media":0,"parent":74744,"menu_order":0,"comment_status":"closed","ping_status":"closed","template":"","meta":{"_acf_changed":false,"footnotes":""},"class_list":["post-75181","page","type-page","status-publish","hentry"],"acf":[],"yoast_head":"<!-- This site is optimized with the Yoast SEO Premium plugin v21.7 (Yoast SEO v27.2) - https:\/\/yoast.com\/product\/yoast-seo-premium-wordpress\/ -->\n<title>Vielen Dank - Torrent &amp; Torrent WetBlast - NCH Europe<\/title>\n<meta name=\"robots\" content=\"index, follow, max-snippet:-1, max-image-preview:large, max-video-preview:-1\" \/>\n<link rel=\"canonical\" href=\"https:\/\/www.ncheurope.com\/de\/nch-teilereinigung-kontaktieren\/vielen-dank-torrent-torrent-wetblast\/\" class=\"yoast-seo-meta-tag\" \/>\n<meta property=\"og:locale\" content=\"de_DE\" class=\"yoast-seo-meta-tag\" \/>\n<meta property=\"og:type\" content=\"article\" class=\"yoast-seo-meta-tag\" \/>\n<meta property=\"og:title\" content=\"Vielen Dank - Torrent &amp; Torrent WetBlast\" class=\"yoast-seo-meta-tag\" \/>\n<meta property=\"og:url\" content=\"https:\/\/www.ncheurope.com\/de\/nch-teilereinigung-kontaktieren\/vielen-dank-torrent-torrent-wetblast\/\" class=\"yoast-seo-meta-tag\" \/>\n<meta property=\"og:site_name\" content=\"NCH Europe\" class=\"yoast-seo-meta-tag\" \/>\n<meta property=\"article:publisher\" content=\"https:\/\/www.facebook.com\/ncheurope\" class=\"yoast-seo-meta-tag\" \/>\n<meta property=\"article:modified_time\" content=\"2025-07-29T13:52:40+00:00\" class=\"yoast-seo-meta-tag\" \/>\n<meta name=\"twitter:card\" content=\"summary_large_image\" class=\"yoast-seo-meta-tag\" \/>\n<meta name=\"twitter:site\" content=\"@NCH_Europe\" class=\"yoast-seo-meta-tag\" \/>\n<script type=\"application\/ld+json\" class=\"yoast-schema-graph\">{\"@context\":\"https:\/\/schema.org\",\"@graph\":[{\"@type\":\"WebPage\",\"@id\":\"https:\/\/www.ncheurope.com\/de\/nch-teilereinigung-kontaktieren\/vielen-dank-torrent-torrent-wetblast\/\",\"url\":\"https:\/\/www.ncheurope.com\/de\/nch-teilereinigung-kontaktieren\/vielen-dank-torrent-torrent-wetblast\/\",\"name\":\"Vielen Dank - Torrent &amp; Torrent WetBlast - NCH Europe\",\"isPartOf\":{\"@id\":\"https:\/\/www.ncheurope.com\/en\/#website\"},\"datePublished\":\"2025-07-29T13:49:02+00:00\",\"dateModified\":\"2025-07-29T13:52:40+00:00\",\"breadcrumb\":{\"@id\":\"https:\/\/www.ncheurope.com\/de\/nch-teilereinigung-kontaktieren\/vielen-dank-torrent-torrent-wetblast\/#breadcrumb\"},\"inLanguage\":\"de\",\"potentialAction\":[{\"@type\":\"ReadAction\",\"target\":[\"https:\/\/www.ncheurope.com\/de\/nch-teilereinigung-kontaktieren\/vielen-dank-torrent-torrent-wetblast\/\"]}]},{\"@type\":\"BreadcrumbList\",\"@id\":\"https:\/\/www.ncheurope.com\/de\/nch-teilereinigung-kontaktieren\/vielen-dank-torrent-torrent-wetblast\/#breadcrumb\",\"itemListElement\":[{\"@type\":\"ListItem\",\"position\":1,\"name\":\"Startseite\",\"item\":\"https:\/\/www.ncheurope.com\/de\/\"},{\"@type\":\"ListItem\",\"position\":2,\"name\":\"NCH-Teilereinigung kontaktieren\u200b\",\"item\":\"https:\/\/www.ncheurope.com\/de\/nch-teilereinigung-kontaktieren\/\"},{\"@type\":\"ListItem\",\"position\":3,\"name\":\"Vielen Dank &amp;#8211; Torrent &amp;amp; Torrent WetBlast\"}]},{\"@type\":\"WebSite\",\"@id\":\"https:\/\/www.ncheurope.com\/en\/#website\",\"url\":\"https:\/\/www.ncheurope.com\/en\/\",\"name\":\"NCH Europe\",\"description\":\"\",\"publisher\":{\"@id\":\"https:\/\/www.ncheurope.com\/en\/#organization\"},\"potentialAction\":[{\"@type\":\"SearchAction\",\"target\":{\"@type\":\"EntryPoint\",\"urlTemplate\":\"https:\/\/www.ncheurope.com\/en\/?s={search_term_string}\"},\"query-input\":{\"@type\":\"PropertyValueSpecification\",\"valueRequired\":true,\"valueName\":\"search_term_string\"}}],\"inLanguage\":\"de\"},{\"@type\":\"Organization\",\"@id\":\"https:\/\/www.ncheurope.com\/en\/#organization\",\"name\":\"NCH Europe\",\"url\":\"https:\/\/www.ncheurope.com\/en\/\",\"logo\":{\"@type\":\"ImageObject\",\"inLanguage\":\"de\",\"@id\":\"https:\/\/www.ncheurope.com\/en\/#\/schema\/logo\/image\/\",\"url\":\"https:\/\/www.ncheurope.com\/wp-content\/uploads\/2023\/11\/nch-logo-gradient.webp\",\"contentUrl\":\"https:\/\/www.ncheurope.com\/wp-content\/uploads\/2023\/11\/nch-logo-gradient.webp\",\"width\":120,\"height\":120,\"caption\":\"NCH Europe\"},\"image\":{\"@id\":\"https:\/\/www.ncheurope.com\/en\/#\/schema\/logo\/image\/\"},\"sameAs\":[\"https:\/\/www.facebook.com\/ncheurope\",\"https:\/\/x.com\/NCH_Europe\"]}]}<\/script>\n<!-- \/ Yoast SEO Premium plugin. -->","yoast_head_json":{"title":"Vielen Dank - Torrent &amp; Torrent WetBlast - NCH Europe","robots":{"index":"index","follow":"follow","max-snippet":"max-snippet:-1","max-image-preview":"max-image-preview:large","max-video-preview":"max-video-preview:-1"},"canonical":"https:\/\/www.ncheurope.com\/de\/nch-teilereinigung-kontaktieren\/vielen-dank-torrent-torrent-wetblast\/","og_locale":"de_DE","og_type":"article","og_title":"Vielen Dank - Torrent &amp; Torrent WetBlast","og_url":"https:\/\/www.ncheurope.com\/de\/nch-teilereinigung-kontaktieren\/vielen-dank-torrent-torrent-wetblast\/","og_site_name":"NCH Europe","article_publisher":"https:\/\/www.facebook.com\/ncheurope","article_modified_time":"2025-07-29T13:52:40+00:00","twitter_card":"summary_large_image","twitter_site":"@NCH_Europe","schema":{"@context":"https:\/\/schema.org","@graph":[{"@type":"WebPage","@id":"https:\/\/www.ncheurope.com\/de\/nch-teilereinigung-kontaktieren\/vielen-dank-torrent-torrent-wetblast\/","url":"https:\/\/www.ncheurope.com\/de\/nch-teilereinigung-kontaktieren\/vielen-dank-torrent-torrent-wetblast\/","name":"Vielen Dank - Torrent &amp; Torrent WetBlast - NCH Europe","isPartOf":{"@id":"https:\/\/www.ncheurope.com\/en\/#website"},"datePublished":"2025-07-29T13:49:02+00:00","dateModified":"2025-07-29T13:52:40+00:00","breadcrumb":{"@id":"https:\/\/www.ncheurope.com\/de\/nch-teilereinigung-kontaktieren\/vielen-dank-torrent-torrent-wetblast\/#breadcrumb"},"inLanguage":"de","potentialAction":[{"@type":"ReadAction","target":["https:\/\/www.ncheurope.com\/de\/nch-teilereinigung-kontaktieren\/vielen-dank-torrent-torrent-wetblast\/"]}]},{"@type":"BreadcrumbList","@id":"https:\/\/www.ncheurope.com\/de\/nch-teilereinigung-kontaktieren\/vielen-dank-torrent-torrent-wetblast\/#breadcrumb","itemListElement":[{"@type":"ListItem","position":1,"name":"Startseite","item":"https:\/\/www.ncheurope.com\/de\/"},{"@type":"ListItem","position":2,"name":"NCH-Teilereinigung kontaktieren\u200b","item":"https:\/\/www.ncheurope.com\/de\/nch-teilereinigung-kontaktieren\/"},{"@type":"ListItem","position":3,"name":"Vielen Dank &amp;#8211; Torrent &amp;amp; Torrent WetBlast"}]},{"@type":"WebSite","@id":"https:\/\/www.ncheurope.com\/en\/#website","url":"https:\/\/www.ncheurope.com\/en\/","name":"NCH Europe","description":"","publisher":{"@id":"https:\/\/www.ncheurope.com\/en\/#organization"},"potentialAction":[{"@type":"SearchAction","target":{"@type":"EntryPoint","urlTemplate":"https:\/\/www.ncheurope.com\/en\/?s={search_term_string}"},"query-input":{"@type":"PropertyValueSpecification","valueRequired":true,"valueName":"search_term_string"}}],"inLanguage":"de"},{"@type":"Organization","@id":"https:\/\/www.ncheurope.com\/en\/#organization","name":"NCH Europe","url":"https:\/\/www.ncheurope.com\/en\/","logo":{"@type":"ImageObject","inLanguage":"de","@id":"https:\/\/www.ncheurope.com\/en\/#\/schema\/logo\/image\/","url":"https:\/\/www.ncheurope.com\/wp-content\/uploads\/2023\/11\/nch-logo-gradient.webp","contentUrl":"https:\/\/www.ncheurope.com\/wp-content\/uploads\/2023\/11\/nch-logo-gradient.webp","width":120,"height":120,"caption":"NCH Europe"},"image":{"@id":"https:\/\/www.ncheurope.com\/en\/#\/schema\/logo\/image\/"},"sameAs":["https:\/\/www.facebook.com\/ncheurope","https:\/\/x.com\/NCH_Europe"]}]}},"_links":{"self":[{"href":"https:\/\/www.ncheurope.com\/de\/wp-json\/wp\/v2\/pages\/75181","targetHints":{"allow":["GET"]}}],"collection":[{"href":"https:\/\/www.ncheurope.com\/de\/wp-json\/wp\/v2\/pages"}],"about":[{"href":"https:\/\/www.ncheurope.com\/de\/wp-json\/wp\/v2\/types\/page"}],"author":[{"embeddable":true,"href":"https:\/\/www.ncheurope.com\/de\/wp-json\/wp\/v2\/users\/1"}],"replies":[{"embeddable":true,"href":"https:\/\/www.ncheurope.com\/de\/wp-json\/wp\/v2\/comments?post=75181"}],"version-history":[{"count":1,"href":"https:\/\/www.ncheurope.com\/de\/wp-json\/wp\/v2\/pages\/75181\/revisions"}],"predecessor-version":[{"id":75182,"href":"https:\/\/www.ncheurope.com\/de\/wp-json\/wp\/v2\/pages\/75181\/revisions\/75182"}],"up":[{"embeddable":true,"href":"https:\/\/www.ncheurope.com\/de\/wp-json\/wp\/v2\/pages\/74744"}],"wp:attachment":[{"href":"https:\/\/www.ncheurope.com\/de\/wp-json\/wp\/v2\/media?parent=75181"}],"curies":[{"name":"wp","href":"https:\/\/api.w.org\/{rel}","templated":true}]}}