{"id":54126,"date":"2023-08-22T08:38:59","date_gmt":"2023-08-22T08:38:59","guid":{"rendered":"https:\/\/www.ncheurope.com\/?page_id=54126"},"modified":"2025-02-06T14:27:59","modified_gmt":"2025-02-06T14:27:59","slug":"certificates-resources","status":"publish","type":"page","link":"https:\/\/www.ncheurope.com\/cs\/certificates-resources\/","title":{"rendered":"Certifik\u00e1ty a zdroje"},"content":{"rendered":"\n<div class=\"internal-banner-block relative primaryBlue paddingBottomLarge bg-no-repeat pt-[128px] bg-white bg-[url('assets\/images\/background-shape.png')] bg-right-bottom bg-contain\" >\n        <div class=\"container relative z-10\">\n        <div class=\"breadcrumb-container mb-[60px] md:mb-[103px] hidden md:block\">\n            <p class=\"text-darkXs !mb-0 !text-[12px] flex flex-row items-center\">You are here: <a class=\"!font-regular mx-2\" href=\"https:\/\/www.ncheurope.com\/cs\/\">\u00davodn\u00ed str\u00e1nka<\/a> \/ <span class=\"ml-2 font-semibold\">Certifik\u00e1ty a zdroje<\/span><\/p>\n        <\/div>\n\n        <div class=\"content-container flex flex-col-reverse md:flex-row flex-wrap justify-between\">\n\n                            <div class=\"text-container md:basis-8\/12\">\n                    <h1 class=\"heading-1 text-primaryBlue\">Certifik\u00e1ty a zdroje<\/h1>                    <p class=\"text-darkBase !mb-0\">Spole\u010dnost NCH proch\u00e1z\u00ed \u0161pi\u010dkov\u00fdmi procesy, kter\u00e9 zaji\u0161\u0165uj\u00ed, \u017ee v\u0161em na\u0161im klient\u016fm poskytujeme nejlep\u0161\u00ed postupy. Seznam na\u0161ich aktu\u00e1ln\u00edch akreditac\u00ed je uveden n\u00ed\u017ee:<\/p>                                    <\/div>\n            \n                    <\/div>\n    <\/div>\n<\/div>\n\n\n<div class=\"accordion-block relative primaryBlue paddingTopLarge paddingBottomLarge bg-white\">\n    <div class=\"container flex flex-row flex-wrap\">\n        \n        <!-- Accordion Start -->       \n                    <div class=\"accordion-container flex flex-row flex-wrap basis-full\">     \n                                <div class=\"accordion-item border border-primaryOffWhite bg-white basis-full mb-2\">\n                    <div class=\"accordion-header hover:cursor-pointer py-[28px] px-[40px] flex flex-row justify-between items-center\">\n                        <h5 class=\"text-primaryBlue heading-5 !mb-0\">ISO Certificate &#8211; 0050392-0050393-0050394-OHSAS-QMS-EMS-CESCZ-UKAS<\/h5>\n                        <i class=\"bg-[url('assets\/images\/upwards-arrow-white.png')] bg-center bg-[length:11px_11px] bg-no-repeat bg-primaryBlue block rounded-full min-w-[30px] w-[30px] h-[30px] rotate-[135deg]\"><\/i>\n                    <\/div>\n\n                    <div class=\"accordion-content hidden pb-[28px] px-[40px]\">\n                        <p class=\"text-darkBase \"><p>Pod\u00edvejte se pros\u00edm na n\u00e1\u0161 certifik\u00e1t ISO<\/p>\n<\/p>\n                                                    <a href=\"https:\/\/www.ncheurope.com\/wp-content\/uploads\/2024\/07\/0050392-0050393-0050394-OHSAS-QMS-EMS-CESCZ-UKAS.pdf\" class=\"button button--secondary button--primaryBlue \" target=\"_parent\">Soubor ke sta\u017een\u00ed <\/a>\n                                            <\/div>\n                <\/div>\n\n                                <div class=\"accordion-item border border-primaryOffWhite bg-white basis-full mb-2\">\n                    <div class=\"accordion-header hover:cursor-pointer py-[28px] px-[40px] flex flex-row justify-between items-center\">\n                        <h5 class=\"text-primaryBlue heading-5 !mb-0\">NCH Europe Halal Certificate 2023 Part 1<\/h5>\n                        <i class=\"bg-[url('assets\/images\/upwards-arrow-white.png')] bg-center bg-[length:11px_11px] bg-no-repeat bg-primaryBlue block rounded-full min-w-[30px] w-[30px] h-[30px] rotate-[135deg]\"><\/i>\n                    <\/div>\n\n                    <div class=\"accordion-content hidden pb-[28px] px-[40px]\">\n                        <p class=\"text-darkBase \"><p>Pod\u00edvejte se na n\u00e1\u0161 certifik\u00e1t Halal (\u010d\u00e1st 1)<\/p>\n<\/p>\n                                                    <a href=\"https:\/\/www.ncheurope.com\/wp-content\/uploads\/2024\/07\/NCH-Europe-Halal-Certificate-2023-Part-I.pdf\" class=\"button button--secondary button--primaryBlue \" target=\"_parent\">Soubor ke sta\u017een\u00ed <\/a>\n                                            <\/div>\n                <\/div>\n\n                                <div class=\"accordion-item border border-primaryOffWhite bg-white basis-full mb-2\">\n                    <div class=\"accordion-header hover:cursor-pointer py-[28px] px-[40px] flex flex-row justify-between items-center\">\n                        <h5 class=\"text-primaryBlue heading-5 !mb-0\">NCH Europe Halal Certificate 2023 Part II<\/h5>\n                        <i class=\"bg-[url('assets\/images\/upwards-arrow-white.png')] bg-center bg-[length:11px_11px] bg-no-repeat bg-primaryBlue block rounded-full min-w-[30px] w-[30px] h-[30px] rotate-[135deg]\"><\/i>\n                    <\/div>\n\n                    <div class=\"accordion-content hidden pb-[28px] px-[40px]\">\n                        <p class=\"text-darkBase \"><p>Pod\u00edvejte se na n\u00e1\u0161 certifik\u00e1t Halal (\u010d\u00e1st 2)<\/p>\n<\/p>\n                                                    <a href=\"https:\/\/www.ncheurope.com\/wp-content\/uploads\/2024\/07\/NCH-Europe-Halal-Certificate-2023-Part-II.pdf\" class=\"button button--secondary button--primaryBlue \" target=\"_parent\">Soubor ke sta\u017een\u00ed<\/a>\n                                            <\/div>\n                <\/div>\n\n                                <div class=\"accordion-item border border-primaryOffWhite bg-white basis-full mb-2\">\n                    <div class=\"accordion-header hover:cursor-pointer py-[28px] px-[40px] flex flex-row justify-between items-center\">\n                        <h5 class=\"text-primaryBlue heading-5 !mb-0\">NCH Europe Kosher Certificate <\/h5>\n                        <i class=\"bg-[url('assets\/images\/upwards-arrow-white.png')] bg-center bg-[length:11px_11px] bg-no-repeat bg-primaryBlue block rounded-full min-w-[30px] w-[30px] h-[30px] rotate-[135deg]\"><\/i>\n                    <\/div>\n\n                    <div class=\"accordion-content hidden pb-[28px] px-[40px]\">\n                        <p class=\"text-darkBase \"><p>Pod\u00edvejte se pros\u00edm na n\u00e1\u0161 certifik\u00e1t Kosher<\/p>\n<\/p>\n                                                    <a href=\"https:\/\/www.ncheurope.com\/wp-content\/uploads\/2025\/02\/NCH-Europe-Kosher-Certificate-Jan-2025.pdf\" class=\"button button--secondary button--primaryBlue \" target=\"_parent\">Soubor ke sta\u017een\u00ed<\/a>\n                                            <\/div>\n                <\/div>\n\n                                <div class=\"accordion-item border border-primaryOffWhite bg-white basis-full mb-2\">\n                    <div class=\"accordion-header hover:cursor-pointer py-[28px] px-[40px] flex flex-row justify-between items-center\">\n                        <h5 class=\"text-primaryBlue heading-5 !mb-0\">Accredited Lab &#8211; Osv\u011bd\u010den\u00ed o akreditaci 2023<\/h5>\n                        <i class=\"bg-[url('assets\/images\/upwards-arrow-white.png')] bg-center bg-[length:11px_11px] bg-no-repeat bg-primaryBlue block rounded-full min-w-[30px] w-[30px] h-[30px] rotate-[135deg]\"><\/i>\n                    <\/div>\n\n                    <div class=\"accordion-content hidden pb-[28px] px-[40px]\">\n                        <p class=\"text-darkBase \"><p>Pod\u00edvejte se pros\u00edm na na\u0161e Accredited Lab &#8211; Osv\u011bd\u010den\u00ed o akreditaci 2023<\/p>\n<\/p>\n                                                    <a href=\"https:\/\/www.ncheurope.com\/wp-content\/uploads\/2024\/07\/Osvedceni-o-akreditaci-2023.pdf\" class=\"button button--secondary button--primaryBlue \" target=\"_parent\">Soubor ke sta\u017een\u00ed<\/a>\n                                            <\/div>\n                <\/div>\n\n                            <\/div>\n                <!-- Accordion End -->\n    <\/div>\n<\/div>","protected":false},"excerpt":{"rendered":"","protected":false},"author":2,"featured_media":0,"parent":0,"menu_order":0,"comment_status":"closed","ping_status":"closed","template":"","meta":{"_acf_changed":false,"footnotes":""},"class_list":["post-54126","page","type-page","status-publish","hentry"],"acf":[],"yoast_head":"<!-- This site is optimized with the Yoast SEO Premium plugin v21.7 (Yoast SEO v27.2) - https:\/\/yoast.com\/product\/yoast-seo-premium-wordpress\/ -->\n<title>Certifik\u00e1ty a zdroje - NCH Europe<\/title>\n<meta name=\"robots\" content=\"index, follow, max-snippet:-1, max-image-preview:large, max-video-preview:-1\" \/>\n<link rel=\"canonical\" href=\"https:\/\/www.ncheurope.com\/cs\/certificates-resources\/\" class=\"yoast-seo-meta-tag\" \/>\n<meta property=\"og:locale\" content=\"cs_CZ\" class=\"yoast-seo-meta-tag\" \/>\n<meta property=\"og:type\" content=\"article\" class=\"yoast-seo-meta-tag\" \/>\n<meta property=\"og:title\" content=\"Certifik\u00e1ty a zdroje\" class=\"yoast-seo-meta-tag\" \/>\n<meta property=\"og:url\" content=\"https:\/\/www.ncheurope.com\/cs\/certificates-resources\/\" class=\"yoast-seo-meta-tag\" \/>\n<meta property=\"og:site_name\" content=\"NCH Europe\" class=\"yoast-seo-meta-tag\" \/>\n<meta property=\"article:publisher\" content=\"https:\/\/www.facebook.com\/ncheurope\" class=\"yoast-seo-meta-tag\" \/>\n<meta property=\"article:modified_time\" content=\"2025-02-06T14:27:59+00:00\" class=\"yoast-seo-meta-tag\" \/>\n<meta name=\"twitter:card\" content=\"summary_large_image\" class=\"yoast-seo-meta-tag\" \/>\n<meta name=\"twitter:site\" content=\"@NCH_Europe\" class=\"yoast-seo-meta-tag\" \/>\n<script type=\"application\/ld+json\" class=\"yoast-schema-graph\">{\"@context\":\"https:\/\/schema.org\",\"@graph\":[{\"@type\":\"WebPage\",\"@id\":\"https:\/\/www.ncheurope.com\/cs\/certificates-resources\/\",\"url\":\"https:\/\/www.ncheurope.com\/cs\/certificates-resources\/\",\"name\":\"Certifik\u00e1ty a zdroje - NCH Europe\",\"isPartOf\":{\"@id\":\"https:\/\/www.ncheurope.com\/en\/#website\"},\"datePublished\":\"2023-08-22T08:38:59+00:00\",\"dateModified\":\"2025-02-06T14:27:59+00:00\",\"breadcrumb\":{\"@id\":\"https:\/\/www.ncheurope.com\/cs\/certificates-resources\/#breadcrumb\"},\"inLanguage\":\"cs\",\"potentialAction\":[{\"@type\":\"ReadAction\",\"target\":[\"https:\/\/www.ncheurope.com\/cs\/certificates-resources\/\"]}]},{\"@type\":\"BreadcrumbList\",\"@id\":\"https:\/\/www.ncheurope.com\/cs\/certificates-resources\/#breadcrumb\",\"itemListElement\":[{\"@type\":\"ListItem\",\"position\":1,\"name\":\"Domovsk\u00e1 str\u00e1nka\",\"item\":\"https:\/\/www.ncheurope.com\/cs\/\"},{\"@type\":\"ListItem\",\"position\":2,\"name\":\"Certifik\u00e1ty a zdroje\"}]},{\"@type\":\"WebSite\",\"@id\":\"https:\/\/www.ncheurope.com\/en\/#website\",\"url\":\"https:\/\/www.ncheurope.com\/en\/\",\"name\":\"NCH Europe\",\"description\":\"\",\"publisher\":{\"@id\":\"https:\/\/www.ncheurope.com\/en\/#organization\"},\"potentialAction\":[{\"@type\":\"SearchAction\",\"target\":{\"@type\":\"EntryPoint\",\"urlTemplate\":\"https:\/\/www.ncheurope.com\/en\/?s={search_term_string}\"},\"query-input\":{\"@type\":\"PropertyValueSpecification\",\"valueRequired\":true,\"valueName\":\"search_term_string\"}}],\"inLanguage\":\"cs\"},{\"@type\":\"Organization\",\"@id\":\"https:\/\/www.ncheurope.com\/en\/#organization\",\"name\":\"NCH Europe\",\"url\":\"https:\/\/www.ncheurope.com\/en\/\",\"logo\":{\"@type\":\"ImageObject\",\"inLanguage\":\"cs\",\"@id\":\"https:\/\/www.ncheurope.com\/en\/#\/schema\/logo\/image\/\",\"url\":\"https:\/\/www.ncheurope.com\/wp-content\/uploads\/2023\/11\/nch-logo-gradient.webp\",\"contentUrl\":\"https:\/\/www.ncheurope.com\/wp-content\/uploads\/2023\/11\/nch-logo-gradient.webp\",\"width\":120,\"height\":120,\"caption\":\"NCH Europe\"},\"image\":{\"@id\":\"https:\/\/www.ncheurope.com\/en\/#\/schema\/logo\/image\/\"},\"sameAs\":[\"https:\/\/www.facebook.com\/ncheurope\",\"https:\/\/x.com\/NCH_Europe\"]}]}<\/script>\n<!-- \/ Yoast SEO Premium plugin. -->","yoast_head_json":{"title":"Certifik\u00e1ty a zdroje - NCH Europe","robots":{"index":"index","follow":"follow","max-snippet":"max-snippet:-1","max-image-preview":"max-image-preview:large","max-video-preview":"max-video-preview:-1"},"canonical":"https:\/\/www.ncheurope.com\/cs\/certificates-resources\/","og_locale":"cs_CZ","og_type":"article","og_title":"Certifik\u00e1ty a zdroje","og_url":"https:\/\/www.ncheurope.com\/cs\/certificates-resources\/","og_site_name":"NCH Europe","article_publisher":"https:\/\/www.facebook.com\/ncheurope","article_modified_time":"2025-02-06T14:27:59+00:00","twitter_card":"summary_large_image","twitter_site":"@NCH_Europe","schema":{"@context":"https:\/\/schema.org","@graph":[{"@type":"WebPage","@id":"https:\/\/www.ncheurope.com\/cs\/certificates-resources\/","url":"https:\/\/www.ncheurope.com\/cs\/certificates-resources\/","name":"Certifik\u00e1ty a zdroje - NCH Europe","isPartOf":{"@id":"https:\/\/www.ncheurope.com\/en\/#website"},"datePublished":"2023-08-22T08:38:59+00:00","dateModified":"2025-02-06T14:27:59+00:00","breadcrumb":{"@id":"https:\/\/www.ncheurope.com\/cs\/certificates-resources\/#breadcrumb"},"inLanguage":"cs","potentialAction":[{"@type":"ReadAction","target":["https:\/\/www.ncheurope.com\/cs\/certificates-resources\/"]}]},{"@type":"BreadcrumbList","@id":"https:\/\/www.ncheurope.com\/cs\/certificates-resources\/#breadcrumb","itemListElement":[{"@type":"ListItem","position":1,"name":"Domovsk\u00e1 str\u00e1nka","item":"https:\/\/www.ncheurope.com\/cs\/"},{"@type":"ListItem","position":2,"name":"Certifik\u00e1ty a zdroje"}]},{"@type":"WebSite","@id":"https:\/\/www.ncheurope.com\/en\/#website","url":"https:\/\/www.ncheurope.com\/en\/","name":"NCH Europe","description":"","publisher":{"@id":"https:\/\/www.ncheurope.com\/en\/#organization"},"potentialAction":[{"@type":"SearchAction","target":{"@type":"EntryPoint","urlTemplate":"https:\/\/www.ncheurope.com\/en\/?s={search_term_string}"},"query-input":{"@type":"PropertyValueSpecification","valueRequired":true,"valueName":"search_term_string"}}],"inLanguage":"cs"},{"@type":"Organization","@id":"https:\/\/www.ncheurope.com\/en\/#organization","name":"NCH Europe","url":"https:\/\/www.ncheurope.com\/en\/","logo":{"@type":"ImageObject","inLanguage":"cs","@id":"https:\/\/www.ncheurope.com\/en\/#\/schema\/logo\/image\/","url":"https:\/\/www.ncheurope.com\/wp-content\/uploads\/2023\/11\/nch-logo-gradient.webp","contentUrl":"https:\/\/www.ncheurope.com\/wp-content\/uploads\/2023\/11\/nch-logo-gradient.webp","width":120,"height":120,"caption":"NCH Europe"},"image":{"@id":"https:\/\/www.ncheurope.com\/en\/#\/schema\/logo\/image\/"},"sameAs":["https:\/\/www.facebook.com\/ncheurope","https:\/\/x.com\/NCH_Europe"]}]}},"_links":{"self":[{"href":"https:\/\/www.ncheurope.com\/cs\/wp-json\/wp\/v2\/pages\/54126","targetHints":{"allow":["GET"]}}],"collection":[{"href":"https:\/\/www.ncheurope.com\/cs\/wp-json\/wp\/v2\/pages"}],"about":[{"href":"https:\/\/www.ncheurope.com\/cs\/wp-json\/wp\/v2\/types\/page"}],"author":[{"embeddable":true,"href":"https:\/\/www.ncheurope.com\/cs\/wp-json\/wp\/v2\/users\/2"}],"replies":[{"embeddable":true,"href":"https:\/\/www.ncheurope.com\/cs\/wp-json\/wp\/v2\/comments?post=54126"}],"version-history":[{"count":6,"href":"https:\/\/www.ncheurope.com\/cs\/wp-json\/wp\/v2\/pages\/54126\/revisions"}],"predecessor-version":[{"id":67231,"href":"https:\/\/www.ncheurope.com\/cs\/wp-json\/wp\/v2\/pages\/54126\/revisions\/67231"}],"wp:attachment":[{"href":"https:\/\/www.ncheurope.com\/cs\/wp-json\/wp\/v2\/media?parent=54126"}],"curies":[{"name":"wp","href":"https:\/\/api.w.org\/{rel}","templated":true}]}}