{"id":32575,"date":"2023-06-20T07:49:13","date_gmt":"2023-06-20T07:49:13","guid":{"rendered":"https:\/\/www.ncheurope.com\/contact-us\/"},"modified":"2025-11-24T08:03:00","modified_gmt":"2025-11-24T08:03:00","slug":"kontaktujte-nas","status":"publish","type":"page","link":"https:\/\/www.ncheurope.com\/cs\/kontaktujte-nas\/","title":{"rendered":"Contact Us"},"content":{"rendered":"\n<div class=\"internal-banner-block relative primaryBlue paddingBottomLarge bg-no-repeat pt-[128px] bg-white bg-[url('assets\/images\/background-shape.png')] bg-right-bottom bg-contain\" >\n        <div class=\"container relative z-10\">\n        <div class=\"breadcrumb-container mb-[60px] md:mb-[103px] hidden md:block\">\n            <p class=\"text-darkXs !mb-0 !text-[12px] flex flex-row items-center\">You are here: <a class=\"!font-regular mx-2\" href=\"https:\/\/www.ncheurope.com\/cs\/\">\u00davodn\u00ed str\u00e1nka<\/a> \/ <span class=\"ml-2 font-semibold\">Contact Us<\/span><\/p>\n        <\/div>\n\n        <div class=\"content-container flex flex-col-reverse md:flex-row flex-wrap justify-between\">\n\n                            <div class=\"text-container md:basis-8\/12\">\n                    <h1 class=\"heading-1 text-primaryBlue\">Kontaktujte NCH Europe<\/h1>                    <p class=\"text-darkBase !mb-0\">Se v\u0161emi dotazy a po\u017eadavky na n\u00e1kup se pros\u00edm obra\u0165te na \u010dlena na\u0161eho t\u00fdmu vypln\u011bn\u00edm kontaktn\u00edho formul\u00e1\u0159e, zavolejte do m\u00edstn\u00ed kancel\u00e1\u0159e nebo n\u00e1m po\u0161lete e-mail. \u00dapln\u00e9 podrobnosti o v\u0161ech na\u0161ich evropsk\u00fdch pobo\u010dk\u00e1ch a kontaktn\u00ed informace naleznete n\u00ed\u017ee.<\/p>                                    <\/div>\n            \n                    <\/div>\n    <\/div>\n<\/div>\n\n\n<div class=\"text-image-cta-block paddingTopLarge paddingBottomLarge primaryBlue bg-white bg-[url('assets\/images\/background-shape.png')] bg-no-repeat bg-contain bg-right-bottom\">\n    <div class=\"container flex flex-col lg:flex-row\">\n        <div class=\"text-container flex flex-col items-start lg:basis-4\/6 \">\n                        <h2 class=\"heading-2 text-primaryBlue\">Kontaktujte n\u00e1s<\/h2>                            <div class=\"text-container\">\n                    <p><strong>NCH Distribution s. r. o. <\/strong><\/p>\n<p>I\u010c: 28374151<br \/>\n(Company Register Identification Number\/ Tax ID)<\/p>\n<p>DI\u010c: CZ28374151<br \/>\n(VAT Number)<\/p>\n<p>Spisov\u00e1 zna\u010dka: C 27144 veden\u00e1 u Krajsk\u00e9ho soudu v \u00dast\u00ed nad Labem, den z\u00e1pisu: 28. b\u0159ezna 2008<br \/>\n(Held by Regional Court in \u00dast\u00ed nad Labem, Section C, insert 27144)<\/p>\n<p>S\u00eddlo spole\u010dnosti: Si\u0159ejovick\u00e1 1213, 410 02\u00a0 Lovosice<br \/>\n(Registered Office)<\/p>\n<p>Koresponden\u010dn\u00ed adresa: Si\u0159ejovick\u00e1 1213, 410 02\u00a0 Lovosice<br \/>\n(Postal and Delivery Address)<\/p>\n<p>&nbsp;<\/p>\n<p><strong>Flexfill s. r. o.<\/strong><\/p>\n<p>I\u010c: 27249026<br \/>\n(Company Register Identification Number\/ Tax ID)<\/p>\n<p>DI\u010c: CZ27249026<br \/>\n(VAT Number)<\/p>\n<p>Spisov\u00e1 zna\u010dka: C 107546 veden\u00e1 u M\u011bstsk\u00e9ho soudu v Praze, den z\u00e1pisu: 25. kv\u011btna 2005\u00a0\u00a0\u00a0\u00a0\u00a0\u00a0\u00a0\u00a0\u00a0\u00a0\u00a0\u00a0\u00a0\u00a0\u00a0\u00a0\u00a0\u00a0\u00a0\u00a0\u00a0\u00a0\u00a0\u00a0\u00a0\u00a0\u00a0\u00a0\u00a0\u00a0\u00a0\u00a0\u00a0\u00a0\u00a0 (Held by Municipal Court in Prague, Section C, insert 107546)<\/p>\n<p>S\u00eddlo spole\u010dnosti: V\u011bze\u0148sk\u00e1 859\/9, Star\u00e9 M\u011bsto, 110 00 Praha 1<\/p>\n<p>Koresponden\u010dn\u00ed adresa: Si\u0159ejovick\u00e1 1213, 410 02\u00a0 Lovosice<\/p>\n<p>&nbsp;<\/p>\n<p><strong>NCH Czechoslovakia spol. s r.o.<\/strong><\/p>\n<p>I\u010c: 45793468<br \/>\n(Company Register Identification Number\/ Tax ID)<\/p>\n<p>DI\u010c: CZ45793468<br \/>\n(VAT Number)<\/p>\n<p>Spisov\u00e1 zna\u010dka: C 53635 veden\u00e1 u M\u011bstsk\u00e9ho soudu v Praze, den z\u00e1pisu: 7. \u010dervence 1992\u00a0\u00a0\u00a0\u00a0\u00a0\u00a0\u00a0\u00a0\u00a0\u00a0\u00a0\u00a0\u00a0\u00a0\u00a0\u00a0\u00a0\u00a0\u00a0\u00a0\u00a0\u00a0\u00a0\u00a0\u00a0\u00a0\u00a0\u00a0\u00a0\u00a0\u00a0\u00a0\u00a0\u00a0\u00a0\u00a0\u00a0\u00a0 (Held by Municipal Court in Prague, Section C, insert 53635)<\/p>\n<p>S\u00eddlo spole\u010dnosti: V\u011bze\u0148sk\u00e1 859\/9, Star\u00e9 M\u011bsto, 110 00\u00a0 Praha 1<\/p>\n<p>Koresponden\u010dn\u00ed adresa: N\u00e1dra\u017en\u00ed 203, 25054\u00a0 M\u011b\u0161ice u Prahy<\/p>\n<p>&nbsp;<\/p>\n<p><strong>PURE SOLVE \u010cesk\u00e1 republika, spol. s r.o.<\/strong><\/p>\n<p>I\u010c: 25133918<br \/>\n(Company Register Identification Number\/ Tax ID)<\/p>\n<p>DI\u010c: CZ25133918<br \/>\n(VAT Number)<\/p>\n<p>Spisov\u00e1 zna\u010dka: C 52512 veden\u00e1 u M\u011bstsk\u00e9ho soudu v Praze, den z\u00e1pisu: 2. \u010dervna 1997\u00a0\u00a0\u00a0\u00a0\u00a0\u00a0\u00a0\u00a0\u00a0\u00a0\u00a0\u00a0\u00a0\u00a0\u00a0\u00a0\u00a0\u00a0\u00a0\u00a0\u00a0\u00a0\u00a0\u00a0\u00a0\u00a0\u00a0\u00a0\u00a0\u00a0\u00a0\u00a0\u00a0\u00a0\u00a0\u00a0\u00a0\u00a0\u00a0\u00a0\u00a0 (Held by Municipal Court in Prague, Section C, insert 52512)<\/p>\n<p>S\u00eddlo spole\u010dnosti: V\u011bze\u0148sk\u00e1 859\/9, Star\u00e9 M\u011bsto, 110 00\u00a0 Praha 1<\/p>\n<p>Koresponden\u010dn\u00ed adresa: N\u00e1dra\u017en\u00ed 203, 25054\u00a0 M\u011b\u0161ice u Prahy<\/p>\n                <\/div>\n                                <\/div>\n                    <\/div>\n<\/div>\n\n\n<div id=\"anchor-enquiry-block\" class=\"enquiry-block relative box-content overflow-x-hidden bg-primaryOffWhite primaryBlue paddingTopLarge paddingBottomLarge has-anchor-link\">\n    <div class=\"container intro-text\">\n        <div class=\"flex flex-row flex-wrap justify-between items-center relative z-10 pb-[32px] lg:pb-[60px]\">\n            <h2 class=\"heading-2 basis-full text-primaryBlue\">Zadat popt\u00e1vku<\/h2>            <p class=\"text-darkBase lg:basis-8\/12 !mb-0\">Vypl\u0148te pros\u00edm kontaktn\u00ed formul\u00e1\u0159 a \u010dlen na\u0161eho t\u00fdmu se v\u00e1m ozve.<\/p>        <\/div>\n    <\/div>\n\n    <div class=\"container flex flex-col-reverse lg:flex-row flex-wrap justify-between items-start\">\n                    <div class=\"form-container lg:basis-7\/12\">\n                <script type=\"text\/javascript\" id=\"jsFastForms\" src=\"https:\/\/nch.my.salesforce-sites.com\/ChemsearchFE\/services\/apexrest\/VisualAntidote\/FFNEngine\/v1\/?d=M8MWk7IzQ%2Fm9M0P7rmLrsA%3D%3D\"><\/script>            <\/div>\n                \n                    <div class=\"contact-container lg:basis-4\/12 bg-primaryBlue px-10 pb-10 mt-[32px] mb-[32px] lg:mb-0 max-w-full\">\n                                    <img decoding=\"async\" class=\"translate-y-[-32px] max-h-[121px] max-w-[121px]\" src=\"https:\/\/www.ncheurope.com\/wp-content\/uploads\/2023\/05\/nch-logo-gradient.png\" alt=\"\" class=\"\">\n                                                    <h5 class=\"heading-5-light\">NCH Czechoslovakia <\/h5>\n                                                    <a href=\"tel:+420 283 981 567\" class=\"text-white text-[18px] hover:underline flex flex-row items-center mb-[22px]\"><i class=\"mr-3 fa-solid fa-phone text-white block w-5 h-5\"><\/i>+420 283 981 567<\/a>\n                                                                    <a href=\"mailto:Ceska.Republika@ncheurope.com \" class=\"text-white text-[18px] hover:underline flex flex-row items-center mb-[22px] flex-wrap\"><i class=\"mr-3 fa-solid fa-envelope-open text-white block w-5 h-5\"><\/i>Ceska.Republika@ncheurope.com <\/a>                                                    <div class=\"wysiwyg-container\"><p>NCH Czechoslovakia spol. s r.o.<br \/>\nN\u00e1dra\u017en\u00ed 203<br \/>\n25064 M\u011b\u0161ice u Prahy<\/p>\n<p>S\u00eddlo spole\u010dnosti<br \/>\nNCH Czechoslovakia spol. s r.o.<br \/>\nV\u011bze\u0148sk\u00e1 859\/9<br \/>\nStar\u00e9 M\u011bsto<br \/>\n110 00 Prague 1<br \/>\nCzech Republic<\/p>\n<p>Pure Solve Czechoslovakia spol. s r.o.<br \/>\nV\u011bze\u0148sk\u00e1 859\/9<br \/>\nStar\u00e9 M\u011bsto<br \/>\n110 00 Prague 1<br \/>\nCzech Republic<\/p>\n<\/div>\n                                            <\/div>\n            <\/div>\n<\/div>\n\n\n<div class=\"storepoint-block paddingTopLarge paddingBottomLarge\">\n    <div class=\"container\">\n        <!-- Start Text Section -->\n        <div class=\"flex flex-row flex-wrap justify-between items-center relative z-10 mb-[60px]\">\n            <h2 class=\"heading-2 basis-full text-primaryBlue\">Na\u0161e lokality<\/h2>            <p class=\"text-darkBase basis-full lg:basis-8\/12 mb-0\">S pobo\u010dkami po cel\u00e9 Evrop\u011b m\u00e1me dobrou pozici, abychom v\u00e1m pomohli p\u0159ekonat probl\u00e9my s \u00fadr\u017ebou. Pod\u00edvejte se pros\u00edm na podrobnosti na\u0161\u00ed kancel\u00e1\u0159e a kontaktn\u00ed informace.<\/p>        <\/div>\n        <!-- End Text Section -->\n        <div id=\"storepoint-container\" data-map-id=\"1649461eb27608\"><\/div><script>(function(){var a=document.createElement(\"script\");a.type=\"text\/javascript\";a.async=!0;a.src=\"https:\/\/cdn.storepoint.co\/api\/v1\/js\/1649461eb27608.js\";var b=document.getElementsByTagName(\"script\")[0];b.parentNode.insertBefore(a,b);}());<\/script>\n    <\/div>\n<\/div>","protected":false},"excerpt":{"rendered":"","protected":false},"author":1,"featured_media":0,"parent":0,"menu_order":0,"comment_status":"closed","ping_status":"closed","template":"","meta":{"_acf_changed":false,"footnotes":""},"class_list":["post-32575","page","type-page","status-publish","hentry"],"acf":[],"yoast_head":"<!-- This site is optimized with the Yoast SEO Premium plugin v21.7 (Yoast SEO v27.2) - https:\/\/yoast.com\/product\/yoast-seo-premium-wordpress\/ -->\n<title>Contact Us - NCH Europe<\/title>\n<meta name=\"robots\" content=\"index, follow, max-snippet:-1, max-image-preview:large, max-video-preview:-1\" \/>\n<link rel=\"canonical\" href=\"https:\/\/www.ncheurope.com\/cs\/kontaktujte-nas\/\" class=\"yoast-seo-meta-tag\" \/>\n<meta property=\"og:locale\" content=\"cs_CZ\" class=\"yoast-seo-meta-tag\" \/>\n<meta property=\"og:type\" content=\"article\" class=\"yoast-seo-meta-tag\" \/>\n<meta property=\"og:title\" content=\"Contact Us\" class=\"yoast-seo-meta-tag\" \/>\n<meta property=\"og:url\" content=\"https:\/\/www.ncheurope.com\/cs\/kontaktujte-nas\/\" class=\"yoast-seo-meta-tag\" \/>\n<meta property=\"og:site_name\" content=\"NCH Europe\" class=\"yoast-seo-meta-tag\" \/>\n<meta property=\"article:publisher\" content=\"https:\/\/www.facebook.com\/ncheurope\" class=\"yoast-seo-meta-tag\" \/>\n<meta property=\"article:modified_time\" content=\"2025-11-24T08:03:00+00:00\" class=\"yoast-seo-meta-tag\" \/>\n<meta name=\"twitter:card\" content=\"summary_large_image\" class=\"yoast-seo-meta-tag\" \/>\n<meta name=\"twitter:site\" content=\"@NCH_Europe\" class=\"yoast-seo-meta-tag\" \/>\n<script type=\"application\/ld+json\" class=\"yoast-schema-graph\">{\"@context\":\"https:\/\/schema.org\",\"@graph\":[{\"@type\":\"WebPage\",\"@id\":\"https:\/\/www.ncheurope.com\/cs\/kontaktujte-nas\/\",\"url\":\"https:\/\/www.ncheurope.com\/cs\/kontaktujte-nas\/\",\"name\":\"Contact Us - NCH Europe\",\"isPartOf\":{\"@id\":\"https:\/\/www.ncheurope.com\/en\/#website\"},\"datePublished\":\"2023-06-20T07:49:13+00:00\",\"dateModified\":\"2025-11-24T08:03:00+00:00\",\"breadcrumb\":{\"@id\":\"https:\/\/www.ncheurope.com\/cs\/kontaktujte-nas\/#breadcrumb\"},\"inLanguage\":\"cs\",\"potentialAction\":[{\"@type\":\"ReadAction\",\"target\":[\"https:\/\/www.ncheurope.com\/cs\/kontaktujte-nas\/\"]}]},{\"@type\":\"BreadcrumbList\",\"@id\":\"https:\/\/www.ncheurope.com\/cs\/kontaktujte-nas\/#breadcrumb\",\"itemListElement\":[{\"@type\":\"ListItem\",\"position\":1,\"name\":\"Domovsk\u00e1 str\u00e1nka\",\"item\":\"https:\/\/www.ncheurope.com\/cs\/\"},{\"@type\":\"ListItem\",\"position\":2,\"name\":\"Contact Us\"}]},{\"@type\":\"WebSite\",\"@id\":\"https:\/\/www.ncheurope.com\/en\/#website\",\"url\":\"https:\/\/www.ncheurope.com\/en\/\",\"name\":\"NCH Europe\",\"description\":\"\",\"publisher\":{\"@id\":\"https:\/\/www.ncheurope.com\/en\/#organization\"},\"potentialAction\":[{\"@type\":\"SearchAction\",\"target\":{\"@type\":\"EntryPoint\",\"urlTemplate\":\"https:\/\/www.ncheurope.com\/en\/?s={search_term_string}\"},\"query-input\":{\"@type\":\"PropertyValueSpecification\",\"valueRequired\":true,\"valueName\":\"search_term_string\"}}],\"inLanguage\":\"cs\"},{\"@type\":\"Organization\",\"@id\":\"https:\/\/www.ncheurope.com\/en\/#organization\",\"name\":\"NCH Europe\",\"url\":\"https:\/\/www.ncheurope.com\/en\/\",\"logo\":{\"@type\":\"ImageObject\",\"inLanguage\":\"cs\",\"@id\":\"https:\/\/www.ncheurope.com\/en\/#\/schema\/logo\/image\/\",\"url\":\"https:\/\/www.ncheurope.com\/wp-content\/uploads\/2023\/11\/nch-logo-gradient.webp\",\"contentUrl\":\"https:\/\/www.ncheurope.com\/wp-content\/uploads\/2023\/11\/nch-logo-gradient.webp\",\"width\":120,\"height\":120,\"caption\":\"NCH Europe\"},\"image\":{\"@id\":\"https:\/\/www.ncheurope.com\/en\/#\/schema\/logo\/image\/\"},\"sameAs\":[\"https:\/\/www.facebook.com\/ncheurope\",\"https:\/\/x.com\/NCH_Europe\"]}]}<\/script>\n<!-- \/ Yoast SEO Premium plugin. -->","yoast_head_json":{"title":"Contact Us - NCH Europe","robots":{"index":"index","follow":"follow","max-snippet":"max-snippet:-1","max-image-preview":"max-image-preview:large","max-video-preview":"max-video-preview:-1"},"canonical":"https:\/\/www.ncheurope.com\/cs\/kontaktujte-nas\/","og_locale":"cs_CZ","og_type":"article","og_title":"Contact Us","og_url":"https:\/\/www.ncheurope.com\/cs\/kontaktujte-nas\/","og_site_name":"NCH Europe","article_publisher":"https:\/\/www.facebook.com\/ncheurope","article_modified_time":"2025-11-24T08:03:00+00:00","twitter_card":"summary_large_image","twitter_site":"@NCH_Europe","schema":{"@context":"https:\/\/schema.org","@graph":[{"@type":"WebPage","@id":"https:\/\/www.ncheurope.com\/cs\/kontaktujte-nas\/","url":"https:\/\/www.ncheurope.com\/cs\/kontaktujte-nas\/","name":"Contact Us - NCH Europe","isPartOf":{"@id":"https:\/\/www.ncheurope.com\/en\/#website"},"datePublished":"2023-06-20T07:49:13+00:00","dateModified":"2025-11-24T08:03:00+00:00","breadcrumb":{"@id":"https:\/\/www.ncheurope.com\/cs\/kontaktujte-nas\/#breadcrumb"},"inLanguage":"cs","potentialAction":[{"@type":"ReadAction","target":["https:\/\/www.ncheurope.com\/cs\/kontaktujte-nas\/"]}]},{"@type":"BreadcrumbList","@id":"https:\/\/www.ncheurope.com\/cs\/kontaktujte-nas\/#breadcrumb","itemListElement":[{"@type":"ListItem","position":1,"name":"Domovsk\u00e1 str\u00e1nka","item":"https:\/\/www.ncheurope.com\/cs\/"},{"@type":"ListItem","position":2,"name":"Contact Us"}]},{"@type":"WebSite","@id":"https:\/\/www.ncheurope.com\/en\/#website","url":"https:\/\/www.ncheurope.com\/en\/","name":"NCH Europe","description":"","publisher":{"@id":"https:\/\/www.ncheurope.com\/en\/#organization"},"potentialAction":[{"@type":"SearchAction","target":{"@type":"EntryPoint","urlTemplate":"https:\/\/www.ncheurope.com\/en\/?s={search_term_string}"},"query-input":{"@type":"PropertyValueSpecification","valueRequired":true,"valueName":"search_term_string"}}],"inLanguage":"cs"},{"@type":"Organization","@id":"https:\/\/www.ncheurope.com\/en\/#organization","name":"NCH Europe","url":"https:\/\/www.ncheurope.com\/en\/","logo":{"@type":"ImageObject","inLanguage":"cs","@id":"https:\/\/www.ncheurope.com\/en\/#\/schema\/logo\/image\/","url":"https:\/\/www.ncheurope.com\/wp-content\/uploads\/2023\/11\/nch-logo-gradient.webp","contentUrl":"https:\/\/www.ncheurope.com\/wp-content\/uploads\/2023\/11\/nch-logo-gradient.webp","width":120,"height":120,"caption":"NCH Europe"},"image":{"@id":"https:\/\/www.ncheurope.com\/en\/#\/schema\/logo\/image\/"},"sameAs":["https:\/\/www.facebook.com\/ncheurope","https:\/\/x.com\/NCH_Europe"]}]}},"_links":{"self":[{"href":"https:\/\/www.ncheurope.com\/cs\/wp-json\/wp\/v2\/pages\/32575","targetHints":{"allow":["GET"]}}],"collection":[{"href":"https:\/\/www.ncheurope.com\/cs\/wp-json\/wp\/v2\/pages"}],"about":[{"href":"https:\/\/www.ncheurope.com\/cs\/wp-json\/wp\/v2\/types\/page"}],"author":[{"embeddable":true,"href":"https:\/\/www.ncheurope.com\/cs\/wp-json\/wp\/v2\/users\/1"}],"replies":[{"embeddable":true,"href":"https:\/\/www.ncheurope.com\/cs\/wp-json\/wp\/v2\/comments?post=32575"}],"version-history":[{"count":18,"href":"https:\/\/www.ncheurope.com\/cs\/wp-json\/wp\/v2\/pages\/32575\/revisions"}],"predecessor-version":[{"id":76727,"href":"https:\/\/www.ncheurope.com\/cs\/wp-json\/wp\/v2\/pages\/32575\/revisions\/76727"}],"wp:attachment":[{"href":"https:\/\/www.ncheurope.com\/cs\/wp-json\/wp\/v2\/media?parent=32575"}],"curies":[{"name":"wp","href":"https:\/\/api.w.org\/{rel}","templated":true}]}}